{"id":33703,"date":"2025-10-20T11:07:44","date_gmt":"2025-10-20T10:07:44","guid":{"rendered":"https:\/\/www.pravo.unizg.hr\/projects\/institucionalni-istrazivacki-projekti\/korpup\/"},"modified":"2026-03-23T09:53:32","modified_gmt":"2026-03-23T08:53:32","slug":"korpup","status":"publish","type":"page","link":"https:\/\/www.pravo.unizg.hr\/en\/korpup","title":{"rendered":"Regulatorni okvir i stvarnost korporativnog upravljanja u svjetlu pristupa Republike Hrvatske OECD-u &#8211; KORPUP"},"content":{"rendered":"<p><img loading=\"lazy\" decoding=\"async\" class=\"size-medium wp-image-28800 alignright\" src=\"https:\/\/www.pravo.unizg.hr\/wp-content\/uploads\/2025\/10\/next-generation-eu-300x72.png\" alt=\"\" width=\"300\" height=\"72\" srcset=\"https:\/\/www.pravo.unizg.hr\/wp-content\/uploads\/2025\/10\/next-generation-eu-300x72.png 300w, https:\/\/www.pravo.unizg.hr\/wp-content\/uploads\/2025\/10\/next-generation-eu-768x184.png 768w, https:\/\/www.pravo.unizg.hr\/wp-content\/uploads\/2025\/10\/next-generation-eu.png 1020w\" sizes=\"auto, (max-width: 300px) 100vw, 300px\" \/><\/p>\n<p>&nbsp;<\/p>\n<p><span style=\"color: #8b0b05;\"><span style=\"color: #000000;\">Naziv projekta<\/span><strong><br \/>\nRegulatorni okvir i stvarnost korporativnog upravljanja u svjetlu pristupa Republike Hrvatske OECD-u<br \/>\n<\/strong><\/span><\/p>\n<p style=\"padding-left: 40px;\">Akronim<br \/>\n<strong>KORPUP<\/strong><\/p>\n<p style=\"padding-left: 40px;\">Trajanje projekta<br \/>\n<strong>48 mjeseci<\/strong><\/p>\n<p style=\"padding-left: 40px;\">Voditelj projekta<br \/>\n<strong>izv. prof. dr. sc. Antun Bili\u0107<\/strong><\/p>\n<p style=\"padding-left: 40px;\">\u010clanice\/\u010dlanovi istra\u017eiva\u010dkog tima<br \/>\n<strong>izv. prof. dr. sc. Tomislav Jak\u0161i\u0107<\/strong>,<br \/>\nKatedra za trgova\u010dko pravo i pravo dru\u0161tava, Pravni fakultet Sveu\u010dili\u0161ta u Zagrebu<br \/>\n<strong>prof. dr. sc. Nina Tepe\u0161<\/strong>,<br \/>\nKatedra za trgova\u010dko pravo i pravo dru\u0161tava, Pravni fakultet Sveu\u010dili\u0161ta u Zagrebu<strong><br \/>\nprof. dr. sc. Sini\u0161a Petrovi\u0107<\/strong>,<strong><br \/>\n<\/strong>Katedra za trgova\u010dko pravo i pravo dru\u0161tava, Pravni fakultet Sveu\u010dili\u0161ta u Zagrebu<strong><br \/>\nprof. dr. sc. Petar Miladin<\/strong>,<br \/>\nKatedra za trgova\u010dko pravo i pravo dru\u0161tava, Pravni fakultet Sveu\u010dili\u0161ta u Zagrebu<br \/>\n<strong>prof. dr. sc. Hrvoje Markovinovi\u0107<\/strong>,<br \/>\nKatedra za trgova\u010dko pravo i pravo dru\u0161tava, Pravni fakultet Sveu\u010dili\u0161ta u Zagrebu<\/p>\n<p>&nbsp;<\/p>\n<p style=\"padding-left: 40px;\"><strong>Sa\u017eetak projekta<br \/>\n<\/strong><\/p>\n<p style=\"text-align: justify; padding-left: 40px;\" data-start=\"0\" data-end=\"2159\" data-is-last-node=\"\" data-is-only-node=\"\">Ovaj projekt analizirat \u0107e regulatorni okvir korporativnog upravljanja u dru\u0161tvima kapitala, s posebnim naglaskom na primjenu zakonodavnih normi u poslovnoj stvarnosti te na usporedbu s OECD-ovim na\u010delima i smjernicama. Istra\u017eit \u0107e se u kojoj mjeri zakonske odredbe kao i dobre prakse doista osiguravaju transparentno, odgovorno i u\u010dinkovito upravljanje u trgova\u010dkim dru\u0161tvima kapitala.<\/p>\n<p style=\"text-align: justify; padding-left: 40px;\" data-start=\"0\" data-end=\"2159\" data-is-last-node=\"\" data-is-only-node=\"\">Projekt uklju\u010duje komparativnu analizu va\u017ee\u0107ih propisa, osobito Zakona o trgova\u010dkim dru\u0161tvima, te analizu stvarnih slu\u010dajeva (sudskih odluka) i poslovnih praksi na nacionalnoj razini. Posebna pa\u017enja posve\u0107ena je odnosima izme\u0111u dioni\u010dara (\u010dlanova dru\u0161tva) te ulozi nadzornih i upravlja\u010dkih tijela. U obzir se uzimaju i izazovi poput sukoba interesa, \u010dlanske vlasni\u010dke strukture na dono\u0161enje odluka i (ne)efikasnosti nadzornih mehanizama. Projekt \u0107e uklju\u010diti i razli\u010dita iskustva pravnih prakti\u010dara (odvjetnika, pravnika u gospodarstvu).<\/p>\n<p style=\"text-align: justify; padding-left: 40px;\" data-start=\"0\" data-end=\"2159\" data-is-last-node=\"\" data-is-only-node=\"\">Projekt vodi ra\u010duna o me\u0111unarodnim standardima, osobito OECD-ovim Na\u010delima korporativnog upravljanja te Smjernicama za korporativno upravljanje u poduze\u0107ima u dr\u017eavnom vlasni\u0161tvu, koje predstavljaju klju\u010dni globalni okvir za procjenu u\u010dinkovitosti i odgovornosti korporativnih struktura. OECD-ove na\u010dela i smjernice osobito su aktualne s obzirom da se Republika Hrvatska sprema uskoro pristupiti toj organizaciji. Analizirat \u0107e se u kojoj su mjeri ta na\u010dela i smjernice implementirane u nacionalni pravni sustav, kao i njihova stvarna uloga u poslovnoj praksi. Osim toga, u obzir se uzimaju i brojna poredbenopravna rje\u0161enja, osobito ona njema\u010dkoga prava i tzv. germanskog pravnog kruga.<\/p>\n<p style=\"text-align: justify; padding-left: 40px;\" data-start=\"0\" data-end=\"2159\" data-is-last-node=\"\" data-is-only-node=\"\">Osnovna hipoteza je da, unato\u010d postojanju relativno razvijenog regulatornog okvira, praksa korporativnog upravljanja \u010desto odstupa od propisanih normi, \u0161to upu\u0107uje na potrebu za ja\u010danjem institucionalne podr\u0161ke, edukacijom korporativnih aktera te poticanjem kulture korporativne odgovornosti.<\/p>\n<p style=\"text-align: justify; padding-left: 40px;\" data-start=\"0\" data-end=\"2159\" data-is-last-node=\"\" data-is-only-node=\"\">Projekt namjerava ukazati na klju\u010dne nedostatke i predlo\u017eiti preporuke za unapre\u0111enje sustava korporativnog upravljanja radi uskla\u0111ivanja s OECD-ovim pravilima, postizanja ve\u0107e pravne sigurnosti, za\u0161tite investitora i dugoro\u010dne u\u010dinkovitosti poslovanja.<\/p>\n<p style=\"padding-left: 40px;\"><strong>\u00a0<\/strong><\/p>\n","protected":false},"excerpt":{"rendered":"<p>&nbsp; Naziv projekta Regulatorni okvir i stvarnost korporativnog upravljanja u&#8230;<\/p>\n","protected":false},"author":511,"featured_media":0,"parent":33665,"menu_order":0,"comment_status":"closed","ping_status":"closed","template":"","meta":{"footnotes":""},"class_list":["post-33703","page","type-page","status-publish","hentry"],"pp_force_visibility":null,"pp_subpost_visibility":null,"pp_inherited_force_visibility":null,"pp_inherited_subpost_visibility":null,"acf":[],"yoast_head":"<!-- This site is optimized with the Yoast SEO plugin v20.1 - https:\/\/yoast.com\/wordpress\/plugins\/seo\/ -->\n<title>Regulatorni okvir i stvarnost korporativnog upravljanja u svjetlu pristupa Republike Hrvatske OECD-u - KORPUP - Faculty of law<\/title>\n<meta name=\"robots\" content=\"index, follow, max-snippet:-1, max-image-preview:large, max-video-preview:-1\" \/>\n<link rel=\"canonical\" href=\"https:\/\/www.pravo.unizg.hr\/en\/korpup\/\" \/>\n<meta property=\"og:locale\" content=\"en_US\" \/>\n<meta property=\"og:type\" content=\"article\" \/>\n<meta property=\"og:title\" content=\"Regulatorni okvir i stvarnost korporativnog upravljanja u svjetlu pristupa Republike Hrvatske OECD-u - KORPUP - Faculty of law\" \/>\n<meta property=\"og:description\" content=\"&nbsp; Naziv projekta Regulatorni okvir i stvarnost korporativnog upravljanja u...\" \/>\n<meta property=\"og:url\" content=\"https:\/\/www.pravo.unizg.hr\/en\/korpup\/\" \/>\n<meta property=\"og:site_name\" content=\"Faculty of law\" \/>\n<meta property=\"article:modified_time\" content=\"2026-03-23T08:53:32+00:00\" \/>\n<meta property=\"og:image\" content=\"https:\/\/www.pravo.unizg.hr\/wp-content\/uploads\/2025\/10\/next-generation-eu-300x72.png\" \/>\n<meta name=\"twitter:card\" content=\"summary_large_image\" \/>\n<meta name=\"twitter:label1\" content=\"Est. reading time\" \/>\n\t<meta name=\"twitter:data1\" content=\"2 minutes\" \/>\n<script type=\"application\/ld+json\" class=\"yoast-schema-graph\">{\"@context\":\"https:\/\/schema.org\",\"@graph\":[{\"@type\":\"WebPage\",\"@id\":\"https:\/\/www.pravo.unizg.hr\/en\/korpup\/\",\"url\":\"https:\/\/www.pravo.unizg.hr\/en\/korpup\/\",\"name\":\"Regulatorni okvir i stvarnost korporativnog upravljanja u svjetlu pristupa Republike Hrvatske OECD-u - KORPUP - Faculty of law\",\"isPartOf\":{\"@id\":\"https:\/\/www.pravo.unizg.hr\/#website\"},\"datePublished\":\"2025-10-20T10:07:44+00:00\",\"dateModified\":\"2026-03-23T08:53:32+00:00\",\"breadcrumb\":{\"@id\":\"https:\/\/www.pravo.unizg.hr\/en\/korpup\/#breadcrumb\"},\"inLanguage\":\"en-US\",\"potentialAction\":[{\"@type\":\"ReadAction\",\"target\":[\"https:\/\/www.pravo.unizg.hr\/en\/korpup\/\"]}]},{\"@type\":\"BreadcrumbList\",\"@id\":\"https:\/\/www.pravo.unizg.hr\/en\/korpup\/#breadcrumb\",\"itemListElement\":[{\"@type\":\"ListItem\",\"position\":1,\"name\":\"Homepage\",\"item\":\"https:\/\/www.pravo.unizg.hr\/en\/\"},{\"@type\":\"ListItem\",\"position\":2,\"name\":\"Projects\",\"item\":\"https:\/\/www.pravo.unizg.hr\/en\/projects\/\"},{\"@type\":\"ListItem\",\"position\":3,\"name\":\"Institucionalni istra\u017eiva\u010dki projekti\",\"item\":\"https:\/\/www.pravo.unizg.hr\/en\/projects\/institucionalni-istrazivacki-projekti\/\"},{\"@type\":\"ListItem\",\"position\":4,\"name\":\"Regulatorni okvir i stvarnost korporativnog upravljanja u svjetlu pristupa Republike Hrvatske OECD-u &#8211; KORPUP\"}]},{\"@type\":\"WebSite\",\"@id\":\"https:\/\/www.pravo.unizg.hr\/#website\",\"url\":\"https:\/\/www.pravo.unizg.hr\/\",\"name\":\"Faculty of law\",\"description\":\"\",\"potentialAction\":[{\"@type\":\"SearchAction\",\"target\":{\"@type\":\"EntryPoint\",\"urlTemplate\":\"https:\/\/www.pravo.unizg.hr\/?s={search_term_string}\"},\"query-input\":\"required name=search_term_string\"}],\"inLanguage\":\"en-US\"}]}<\/script>\n<!-- \/ Yoast SEO plugin. -->","yoast_head_json":{"title":"Regulatorni okvir i stvarnost korporativnog upravljanja u svjetlu pristupa Republike Hrvatske OECD-u - KORPUP - Faculty of law","robots":{"index":"index","follow":"follow","max-snippet":"max-snippet:-1","max-image-preview":"max-image-preview:large","max-video-preview":"max-video-preview:-1"},"canonical":"https:\/\/www.pravo.unizg.hr\/en\/korpup\/","og_locale":"en_US","og_type":"article","og_title":"Regulatorni okvir i stvarnost korporativnog upravljanja u svjetlu pristupa Republike Hrvatske OECD-u - KORPUP - Faculty of law","og_description":"&nbsp; Naziv projekta Regulatorni okvir i stvarnost korporativnog upravljanja u...","og_url":"https:\/\/www.pravo.unizg.hr\/en\/korpup\/","og_site_name":"Faculty of law","article_modified_time":"2026-03-23T08:53:32+00:00","og_image":[{"url":"https:\/\/www.pravo.unizg.hr\/wp-content\/uploads\/2025\/10\/next-generation-eu-300x72.png"}],"twitter_card":"summary_large_image","twitter_misc":{"Est. reading time":"2 minutes"},"schema":{"@context":"https:\/\/schema.org","@graph":[{"@type":"WebPage","@id":"https:\/\/www.pravo.unizg.hr\/en\/korpup\/","url":"https:\/\/www.pravo.unizg.hr\/en\/korpup\/","name":"Regulatorni okvir i stvarnost korporativnog upravljanja u svjetlu pristupa Republike Hrvatske OECD-u - KORPUP - Faculty of law","isPartOf":{"@id":"https:\/\/www.pravo.unizg.hr\/#website"},"datePublished":"2025-10-20T10:07:44+00:00","dateModified":"2026-03-23T08:53:32+00:00","breadcrumb":{"@id":"https:\/\/www.pravo.unizg.hr\/en\/korpup\/#breadcrumb"},"inLanguage":"en-US","potentialAction":[{"@type":"ReadAction","target":["https:\/\/www.pravo.unizg.hr\/en\/korpup\/"]}]},{"@type":"BreadcrumbList","@id":"https:\/\/www.pravo.unizg.hr\/en\/korpup\/#breadcrumb","itemListElement":[{"@type":"ListItem","position":1,"name":"Homepage","item":"https:\/\/www.pravo.unizg.hr\/en\/"},{"@type":"ListItem","position":2,"name":"Projects","item":"https:\/\/www.pravo.unizg.hr\/en\/projects\/"},{"@type":"ListItem","position":3,"name":"Institucionalni istra\u017eiva\u010dki projekti","item":"https:\/\/www.pravo.unizg.hr\/en\/projects\/institucionalni-istrazivacki-projekti\/"},{"@type":"ListItem","position":4,"name":"Regulatorni okvir i stvarnost korporativnog upravljanja u svjetlu pristupa Republike Hrvatske OECD-u &#8211; KORPUP"}]},{"@type":"WebSite","@id":"https:\/\/www.pravo.unizg.hr\/#website","url":"https:\/\/www.pravo.unizg.hr\/","name":"Faculty of law","description":"","potentialAction":[{"@type":"SearchAction","target":{"@type":"EntryPoint","urlTemplate":"https:\/\/www.pravo.unizg.hr\/?s={search_term_string}"},"query-input":"required name=search_term_string"}],"inLanguage":"en-US"}]}},"_links":{"self":[{"href":"https:\/\/www.pravo.unizg.hr\/en\/wp-json\/wp\/v2\/pages\/33703","targetHints":{"allow":["GET"]}}],"collection":[{"href":"https:\/\/www.pravo.unizg.hr\/en\/wp-json\/wp\/v2\/pages"}],"about":[{"href":"https:\/\/www.pravo.unizg.hr\/en\/wp-json\/wp\/v2\/types\/page"}],"author":[{"embeddable":true,"href":"https:\/\/www.pravo.unizg.hr\/en\/wp-json\/wp\/v2\/users\/511"}],"replies":[{"embeddable":true,"href":"https:\/\/www.pravo.unizg.hr\/en\/wp-json\/wp\/v2\/comments?post=33703"}],"version-history":[{"count":1,"href":"https:\/\/www.pravo.unizg.hr\/en\/wp-json\/wp\/v2\/pages\/33703\/revisions"}],"predecessor-version":[{"id":33706,"href":"https:\/\/www.pravo.unizg.hr\/en\/wp-json\/wp\/v2\/pages\/33703\/revisions\/33706"}],"up":[{"embeddable":true,"href":"https:\/\/www.pravo.unizg.hr\/en\/wp-json\/wp\/v2\/pages\/33665"}],"wp:attachment":[{"href":"https:\/\/www.pravo.unizg.hr\/en\/wp-json\/wp\/v2\/media?parent=33703"}],"curies":[{"name":"wp","href":"https:\/\/api.w.org\/{rel}","templated":true}]}}