{"id":33699,"date":"2025-10-20T10:45:11","date_gmt":"2025-10-20T09:45:11","guid":{"rendered":"https:\/\/www.pravo.unizg.hr\/projects\/institucionalni-istrazivacki-projekti\/kibersig2\/"},"modified":"2026-03-23T09:52:39","modified_gmt":"2026-03-23T08:52:39","slug":"kibersig2","status":"publish","type":"page","link":"https:\/\/www.pravo.unizg.hr\/en\/kibersig2","title":{"rendered":"Kiberneti\u010dka sigurnost 2.0 Analiza regulatornih inovacija i njihove provedbe u Hrvatskoj &#8211; KIBERSIG2"},"content":{"rendered":"<p style=\"padding-left: 480px;\"><img loading=\"lazy\" decoding=\"async\" class=\"size-medium wp-image-28800 alignright\" src=\"https:\/\/www.pravo.unizg.hr\/wp-content\/uploads\/2025\/10\/next-generation-eu-300x72.png\" alt=\"\" width=\"300\" height=\"72\" srcset=\"https:\/\/www.pravo.unizg.hr\/wp-content\/uploads\/2025\/10\/next-generation-eu-300x72.png 300w, https:\/\/www.pravo.unizg.hr\/wp-content\/uploads\/2025\/10\/next-generation-eu-768x184.png 768w, https:\/\/www.pravo.unizg.hr\/wp-content\/uploads\/2025\/10\/next-generation-eu.png 1020w\" sizes=\"auto, (max-width: 300px) 100vw, 300px\" \/><\/p>\n<p>&nbsp;<\/p>\n<p><span style=\"color: #8b0b05;\"><span style=\"color: #000000;\">Naziv projekta<\/span><strong><br \/>\nKiberneti\u010dka sigurnost 2.0 Analiza regulatornih inovacija i njihove provedbe u Hrvatskoj<br \/>\n<\/strong><\/span><\/p>\n<p style=\"padding-left: 40px;\">Akronim<br \/>\n<strong>KIBERSIG2<\/strong><\/p>\n<p style=\"padding-left: 40px;\">Trajanje projekta<br \/>\n<strong>48 mjeseci<\/strong><\/p>\n<p style=\"padding-left: 40px;\">Voditelj projekta<br \/>\n<strong>izv. prof. dr. sc. Tihomir Katuli\u0107<\/strong><\/p>\n<p style=\"padding-left: 40px;\">\u010clanice\/\u010dlanovi istra\u017eiva\u010dkog tima<br \/>\n<strong>prof. dr. sc. Hrvoje Lisi\u010dar<\/strong>,<br \/>\nKatedra za <span style=\"font-weight: 400;\">pravo informacijskih tehnologija i informatiku<\/span>, Pravni fakultet Sveu\u010dili\u0161ta u Zagrebu<br \/>\n<strong>Marija Portner Marinkovi\u0107, dipl.iur.<br \/>\nMarijana Nin\u010devi\u0107 \u010cale, mag.iur.<\/strong><br \/>\n<strong>dr. sc. Miroslav Kota<\/strong><br \/>\n<strong>Svjetlana Mili\u0161i\u0107, dipl. iur.<\/strong><br \/>\n<strong>Ivana Jela\u010di\u0107<\/strong><\/p>\n<p>&nbsp;<\/p>\n<p style=\"padding-left: 40px;\"><strong>Sa\u017eetak projekta<\/strong><\/p>\n<p style=\"padding-left: 40px; text-align: justify;\">Projekt KIBERSIG2 \u2013 \u201eKiberneti\u010dka sigurnost 2.0 \u2013 Analiza regulatornih inovacija i njihova provedba u RH\u201c usmjeren je na sustavno prou\u010davanje i unaprje\u0111enje regulacije kiberneti\u010dke sigurnosti u okviru hrvatskog i europskog zakonodavstva. Recentni zakonodavni napori na razini Europske unije rezultirali su zapanjuju\u0107im brojem novih propisa, osobito u pogledu regulacije zajedni\u010dkog digitalnog tr\u017ei\u0161ta. Pred dr\u017eavama \u010dlanicama, njihovim institucijama, osobito nadzornim tijelima, ali i trgova\u010dkim dru\u0161tvima i drugim poduze\u0107ima velik je administrativni i pravni napor razumijevanja i uskla\u0111ivanja s novim pravnim okvirom.<\/p>\n<p style=\"padding-left: 40px; text-align: justify;\">Kroz analizu uredbi, direktiva, nacionalnih zakona i podzakonskih propisa, mi\u0161ljenja, smjernica i prakse nadzornih tijela ispitivat \u0107e se kako se europski propisi, osobito Direktiva NIS2 te propisi o digitalnoj otpornosti, ali drugi propisi iz podru\u010dja kiberneti\u010dke sigurnosti \u2013 prenose u nacionalni pravni okvir te kolike su sposobnosti javnog i privatnog sektora za njihovo razumijevanje i provedbu.<\/p>\n<p style=\"padding-left: 40px; text-align: justify;\">Projekt spaja komparativnu pravnu analizu s empirijskim istra\u017eivanjem kapaciteta organizacija. Mapiraju se potrebe, prepreke i tro\u0161kovi uskla\u0111ivanja, a rezultati se ugra\u0111uju u preporuke za praksu i nastavu. Istra\u017eivanje \u0107e okupiti stru\u010dnjake iz akademskog sektora i nadle\u017enih nadzornih tijela. Projekt ja\u010da suradnju me\u0111u dionicima i uklju\u010duje mlade i studente u diseminaciju rezultata kroz razvoj edukativnih i zagovara\u010dkih materijala.<\/p>\n<p style=\"padding-left: 40px; text-align: justify;\">Rezultati \u0107e se diseminirati kroz znanstvene radove, znanstvenu monografiju, konferencije i stru\u010dno usmjereno cjelo\u017eivotno obrazovanje, \u010dime se ja\u010da kapacitet znanstvene zajednice i omogu\u0107uje prijenos znanja u praksu. O\u010dekivani ishodi uklju\u010duju znanstvenu monografiju, A1 radove, otvorenu bazu podataka regulatornih kapaciteta te stalne sveu\u010dili\u0161ne i stru\u010dne programe. Time se ja\u010da otpornost digitalnih usluga, promi\u010de \u201esecurity-by-design\u201c i pridonosi ciljevima Digitalnog desetlje\u0107a 2030.<\/p>\n","protected":false},"excerpt":{"rendered":"<p>&nbsp; Naziv projekta Kiberneti\u010dka sigurnost 2.0 Analiza regulatornih inovacija i&#8230;<\/p>\n","protected":false},"author":511,"featured_media":0,"parent":33665,"menu_order":0,"comment_status":"closed","ping_status":"closed","template":"","meta":{"footnotes":""},"class_list":["post-33699","page","type-page","status-publish","hentry"],"pp_force_visibility":null,"pp_subpost_visibility":null,"pp_inherited_force_visibility":null,"pp_inherited_subpost_visibility":null,"acf":[],"yoast_head":"<!-- This site is optimized with the Yoast SEO plugin v20.1 - https:\/\/yoast.com\/wordpress\/plugins\/seo\/ -->\n<title>Kiberneti\u010dka sigurnost 2.0 Analiza regulatornih inovacija i njihove provedbe u Hrvatskoj - KIBERSIG2 - Faculty of law<\/title>\n<meta name=\"robots\" content=\"index, follow, max-snippet:-1, max-image-preview:large, max-video-preview:-1\" \/>\n<link rel=\"canonical\" href=\"https:\/\/www.pravo.unizg.hr\/en\/kibersig2\/\" \/>\n<meta property=\"og:locale\" content=\"en_US\" \/>\n<meta property=\"og:type\" content=\"article\" \/>\n<meta property=\"og:title\" content=\"Kiberneti\u010dka sigurnost 2.0 Analiza regulatornih inovacija i njihove provedbe u Hrvatskoj - KIBERSIG2 - Faculty of law\" \/>\n<meta property=\"og:description\" content=\"&nbsp; Naziv projekta Kiberneti\u010dka sigurnost 2.0 Analiza regulatornih inovacija i...\" \/>\n<meta property=\"og:url\" content=\"https:\/\/www.pravo.unizg.hr\/en\/kibersig2\/\" \/>\n<meta property=\"og:site_name\" content=\"Faculty of law\" \/>\n<meta property=\"article:modified_time\" content=\"2026-03-23T08:52:39+00:00\" \/>\n<meta property=\"og:image\" content=\"https:\/\/www.pravo.unizg.hr\/wp-content\/uploads\/2025\/10\/next-generation-eu-300x72.png\" \/>\n<meta name=\"twitter:card\" content=\"summary_large_image\" \/>\n<meta name=\"twitter:label1\" content=\"Est. reading time\" \/>\n\t<meta name=\"twitter:data1\" content=\"2 minutes\" \/>\n<script type=\"application\/ld+json\" class=\"yoast-schema-graph\">{\"@context\":\"https:\/\/schema.org\",\"@graph\":[{\"@type\":\"WebPage\",\"@id\":\"https:\/\/www.pravo.unizg.hr\/en\/kibersig2\/\",\"url\":\"https:\/\/www.pravo.unizg.hr\/en\/kibersig2\/\",\"name\":\"Kiberneti\u010dka sigurnost 2.0 Analiza regulatornih inovacija i njihove provedbe u Hrvatskoj - KIBERSIG2 - Faculty of law\",\"isPartOf\":{\"@id\":\"https:\/\/www.pravo.unizg.hr\/#website\"},\"datePublished\":\"2025-10-20T09:45:11+00:00\",\"dateModified\":\"2026-03-23T08:52:39+00:00\",\"breadcrumb\":{\"@id\":\"https:\/\/www.pravo.unizg.hr\/en\/kibersig2\/#breadcrumb\"},\"inLanguage\":\"en-US\",\"potentialAction\":[{\"@type\":\"ReadAction\",\"target\":[\"https:\/\/www.pravo.unizg.hr\/en\/kibersig2\/\"]}]},{\"@type\":\"BreadcrumbList\",\"@id\":\"https:\/\/www.pravo.unizg.hr\/en\/kibersig2\/#breadcrumb\",\"itemListElement\":[{\"@type\":\"ListItem\",\"position\":1,\"name\":\"Homepage\",\"item\":\"https:\/\/www.pravo.unizg.hr\/en\/\"},{\"@type\":\"ListItem\",\"position\":2,\"name\":\"Projects\",\"item\":\"https:\/\/www.pravo.unizg.hr\/en\/projects\/\"},{\"@type\":\"ListItem\",\"position\":3,\"name\":\"Institucionalni istra\u017eiva\u010dki projekti\",\"item\":\"https:\/\/www.pravo.unizg.hr\/en\/projects\/institucionalni-istrazivacki-projekti\/\"},{\"@type\":\"ListItem\",\"position\":4,\"name\":\"Kiberneti\u010dka sigurnost 2.0 Analiza regulatornih inovacija i njihove provedbe u Hrvatskoj &#8211; KIBERSIG2\"}]},{\"@type\":\"WebSite\",\"@id\":\"https:\/\/www.pravo.unizg.hr\/#website\",\"url\":\"https:\/\/www.pravo.unizg.hr\/\",\"name\":\"Faculty of law\",\"description\":\"\",\"potentialAction\":[{\"@type\":\"SearchAction\",\"target\":{\"@type\":\"EntryPoint\",\"urlTemplate\":\"https:\/\/www.pravo.unizg.hr\/?s={search_term_string}\"},\"query-input\":\"required name=search_term_string\"}],\"inLanguage\":\"en-US\"}]}<\/script>\n<!-- \/ Yoast SEO plugin. -->","yoast_head_json":{"title":"Kiberneti\u010dka sigurnost 2.0 Analiza regulatornih inovacija i njihove provedbe u Hrvatskoj - KIBERSIG2 - Faculty of law","robots":{"index":"index","follow":"follow","max-snippet":"max-snippet:-1","max-image-preview":"max-image-preview:large","max-video-preview":"max-video-preview:-1"},"canonical":"https:\/\/www.pravo.unizg.hr\/en\/kibersig2\/","og_locale":"en_US","og_type":"article","og_title":"Kiberneti\u010dka sigurnost 2.0 Analiza regulatornih inovacija i njihove provedbe u Hrvatskoj - KIBERSIG2 - Faculty of law","og_description":"&nbsp; Naziv projekta Kiberneti\u010dka sigurnost 2.0 Analiza regulatornih inovacija i...","og_url":"https:\/\/www.pravo.unizg.hr\/en\/kibersig2\/","og_site_name":"Faculty of law","article_modified_time":"2026-03-23T08:52:39+00:00","og_image":[{"url":"https:\/\/www.pravo.unizg.hr\/wp-content\/uploads\/2025\/10\/next-generation-eu-300x72.png"}],"twitter_card":"summary_large_image","twitter_misc":{"Est. reading time":"2 minutes"},"schema":{"@context":"https:\/\/schema.org","@graph":[{"@type":"WebPage","@id":"https:\/\/www.pravo.unizg.hr\/en\/kibersig2\/","url":"https:\/\/www.pravo.unizg.hr\/en\/kibersig2\/","name":"Kiberneti\u010dka sigurnost 2.0 Analiza regulatornih inovacija i njihove provedbe u Hrvatskoj - KIBERSIG2 - Faculty of law","isPartOf":{"@id":"https:\/\/www.pravo.unizg.hr\/#website"},"datePublished":"2025-10-20T09:45:11+00:00","dateModified":"2026-03-23T08:52:39+00:00","breadcrumb":{"@id":"https:\/\/www.pravo.unizg.hr\/en\/kibersig2\/#breadcrumb"},"inLanguage":"en-US","potentialAction":[{"@type":"ReadAction","target":["https:\/\/www.pravo.unizg.hr\/en\/kibersig2\/"]}]},{"@type":"BreadcrumbList","@id":"https:\/\/www.pravo.unizg.hr\/en\/kibersig2\/#breadcrumb","itemListElement":[{"@type":"ListItem","position":1,"name":"Homepage","item":"https:\/\/www.pravo.unizg.hr\/en\/"},{"@type":"ListItem","position":2,"name":"Projects","item":"https:\/\/www.pravo.unizg.hr\/en\/projects\/"},{"@type":"ListItem","position":3,"name":"Institucionalni istra\u017eiva\u010dki projekti","item":"https:\/\/www.pravo.unizg.hr\/en\/projects\/institucionalni-istrazivacki-projekti\/"},{"@type":"ListItem","position":4,"name":"Kiberneti\u010dka sigurnost 2.0 Analiza regulatornih inovacija i njihove provedbe u Hrvatskoj &#8211; KIBERSIG2"}]},{"@type":"WebSite","@id":"https:\/\/www.pravo.unizg.hr\/#website","url":"https:\/\/www.pravo.unizg.hr\/","name":"Faculty of law","description":"","potentialAction":[{"@type":"SearchAction","target":{"@type":"EntryPoint","urlTemplate":"https:\/\/www.pravo.unizg.hr\/?s={search_term_string}"},"query-input":"required name=search_term_string"}],"inLanguage":"en-US"}]}},"_links":{"self":[{"href":"https:\/\/www.pravo.unizg.hr\/en\/wp-json\/wp\/v2\/pages\/33699","targetHints":{"allow":["GET"]}}],"collection":[{"href":"https:\/\/www.pravo.unizg.hr\/en\/wp-json\/wp\/v2\/pages"}],"about":[{"href":"https:\/\/www.pravo.unizg.hr\/en\/wp-json\/wp\/v2\/types\/page"}],"author":[{"embeddable":true,"href":"https:\/\/www.pravo.unizg.hr\/en\/wp-json\/wp\/v2\/users\/511"}],"replies":[{"embeddable":true,"href":"https:\/\/www.pravo.unizg.hr\/en\/wp-json\/wp\/v2\/comments?post=33699"}],"version-history":[{"count":1,"href":"https:\/\/www.pravo.unizg.hr\/en\/wp-json\/wp\/v2\/pages\/33699\/revisions"}],"predecessor-version":[{"id":33700,"href":"https:\/\/www.pravo.unizg.hr\/en\/wp-json\/wp\/v2\/pages\/33699\/revisions\/33700"}],"up":[{"embeddable":true,"href":"https:\/\/www.pravo.unizg.hr\/en\/wp-json\/wp\/v2\/pages\/33665"}],"wp:attachment":[{"href":"https:\/\/www.pravo.unizg.hr\/en\/wp-json\/wp\/v2\/media?parent=33699"}],"curies":[{"name":"wp","href":"https:\/\/api.w.org\/{rel}","templated":true}]}}