{"id":33693,"date":"2025-10-20T10:32:39","date_gmt":"2025-10-20T09:32:39","guid":{"rendered":"https:\/\/www.pravo.unizg.hr\/projects\/institucionalni-istrazivacki-projekti\/eukrit\/"},"modified":"2026-03-23T09:51:58","modified_gmt":"2026-03-23T08:51:58","slug":"eukrit","status":"publish","type":"page","link":"https:\/\/www.pravo.unizg.hr\/en\/eukrit","title":{"rendered":"Kriti\u010dki pristup za\u0161titi temeljnih prava i ustavnih na\u010dela Europske unije &#8211; Eukrit"},"content":{"rendered":"<p style=\"padding-left: 480px;\"><img loading=\"lazy\" decoding=\"async\" class=\"size-medium wp-image-28800 alignright\" src=\"https:\/\/www.pravo.unizg.hr\/wp-content\/uploads\/2025\/10\/next-generation-eu-300x72.png\" alt=\"\" width=\"300\" height=\"72\" srcset=\"https:\/\/www.pravo.unizg.hr\/wp-content\/uploads\/2025\/10\/next-generation-eu-300x72.png 300w, https:\/\/www.pravo.unizg.hr\/wp-content\/uploads\/2025\/10\/next-generation-eu-768x184.png 768w, https:\/\/www.pravo.unizg.hr\/wp-content\/uploads\/2025\/10\/next-generation-eu.png 1020w\" sizes=\"auto, (max-width: 300px) 100vw, 300px\" \/><\/p>\n<p>&nbsp;<\/p>\n<p><span style=\"color: #8b0b05;\"><span style=\"color: #000000;\">Naziv projekta<\/span><strong><br \/>\nKriti\u010dki pristup za\u0161titi temeljnih prava i ustavnih na\u010dela Europske unije<br \/>\n<\/strong><\/span><\/p>\n<p style=\"padding-left: 40px;\">Akronim<br \/>\n<strong>Eukrit<\/strong><\/p>\n<p style=\"padding-left: 40px;\">Trajanje projekta<br \/>\n<strong>48 mjeseci<\/strong><\/p>\n<p style=\"padding-left: 40px;\">Voditeljica projekta<br \/>\n<strong>prof. dr. sc. Snje\u017eana Vasiljevi\u0107<\/strong><\/p>\n<p style=\"padding-left: 40px;\">\u010clanice\/\u010dlanovi istra\u017eiva\u010dkog tima<br \/>\n<strong>doc. dr. sc. Nika Ba\u010di\u0107 Selanec<\/strong>,<br \/>\nKatedra za europsko javno pravo, Pravni fakultet Sveu\u010dili\u0161ta u Zagrebu<br \/>\n<strong>dr. sc. Davor Petri\u0107<\/strong>,<br \/>\nKatedra za europsko javno pravo, Pravni fakultet Sveu\u010dili\u0161ta u Zagrebu<br \/>\n<strong>dr. sc. Antonija Ivan\u010dan<\/strong>,<br \/>\nKatedra za europsko javno pravo, Pravni fakultet Sveu\u010dili\u0161ta u Zagrebu<\/p>\n<p>&nbsp;<\/p>\n<p style=\"padding-left: 40px;\"><strong>Sa\u017eetak projekta<\/strong><\/p>\n<p style=\"padding-left: 40px; text-align: justify;\">Glavni je cilj ovog projekta analizirati utjecaj kriti\u010dke pravne teorije na istra\u017eivanje prava Europske unije u podru\u010dju temeljnih ljudskih prava i europskih ustavnih na\u010dela, te ispitati na koji na\u010din dodatna analiti\u010dka vrijednost kriti\u010dkog pristupa mijenja razumijevanje zadanih shva\u0107anja funkcioniranja pravnog poretka Europske unije. Za razliku od doktrinarnog pristupa koji prevladava u europskoj pravnoj znanosti, projekt \u0107e analizirati metodolo\u0161ku i analiti\u010dku dodanu vrijednost kriti\u010dkog pristupa u istra\u017eivanju navedenih tema.<\/p>\n<p style=\"padding-left: 40px; text-align: justify;\">Projekt ima nekoliko klju\u010dnih ciljeva: (1) definiranje teorijskih postavki kriti\u010dke pravne teorije primjenjive u kontekstu ustavnog prava EU-a, (2) izgradnju zajedni\u010dkog metodolo\u0161kog okvira za istra\u017eiva\u010dki tim, (3) provo\u0111enje analize prakse Suda EU-a i znanstvene literature, (4) poticanje me\u0111unarodne suradnje i mobilnosti, te (5) sintezu i diseminaciju rezultata kroz objavu znanstvenih radova i organizaciju javnih akademskih doga\u0111anja.<\/p>\n<p style=\"padding-left: 40px; text-align: justify;\">U provedbi projekta poseban naglasak se stavlja na uklju\u010divanje mladih istra\u017eiva\u010da i studenata te ugradnju rezultata u nastavu na Fakultetu i programe stru\u010dnog usavr\u0161avanja.<\/p>\n<p style=\"padding-left: 40px; text-align: justify;\">Projekt nastoji odgovoriti na sve izra\u017eenije zahtjeve za alternativnim metodolo\u0161kim pristupima u istra\u017eivanju prava EU-a, a posebno se uskla\u0111uje s recentnim trendovima u europskoj pravnoj znanosti. Njegova se odr\u017eivost o\u010dituje u objavljivanju \u010detiri stru\u010dna rada i pet znanstvenih radova, integraciji rezultata u nastavu i pravosudno obrazovanje, kao i u planiranim znanstvenim monografijama i budu\u0107im projektima temeljenim na istra\u017eiva\u010dkim rezultatima projekta i uspostavljenim me\u0111unarodnim suradnjama.<\/p>\n","protected":false},"excerpt":{"rendered":"<p>&nbsp; Naziv projekta Kriti\u010dki pristup za\u0161titi temeljnih prava i ustavnih&#8230;<\/p>\n","protected":false},"author":511,"featured_media":0,"parent":33665,"menu_order":0,"comment_status":"closed","ping_status":"closed","template":"","meta":{"footnotes":""},"class_list":["post-33693","page","type-page","status-publish","hentry"],"pp_force_visibility":null,"pp_subpost_visibility":null,"pp_inherited_force_visibility":null,"pp_inherited_subpost_visibility":null,"acf":[],"yoast_head":"<!-- This site is optimized with the Yoast SEO plugin v20.1 - https:\/\/yoast.com\/wordpress\/plugins\/seo\/ -->\n<title>Kriti\u010dki pristup za\u0161titi temeljnih prava i ustavnih na\u010dela Europske unije - Eukrit - Faculty of law<\/title>\n<meta name=\"robots\" content=\"index, follow, max-snippet:-1, max-image-preview:large, max-video-preview:-1\" \/>\n<link rel=\"canonical\" href=\"https:\/\/www.pravo.unizg.hr\/en\/eukrit\/\" \/>\n<meta property=\"og:locale\" content=\"en_US\" \/>\n<meta property=\"og:type\" content=\"article\" \/>\n<meta property=\"og:title\" content=\"Kriti\u010dki pristup za\u0161titi temeljnih prava i ustavnih na\u010dela Europske unije - Eukrit - Faculty of law\" \/>\n<meta property=\"og:description\" content=\"&nbsp; Naziv projekta Kriti\u010dki pristup za\u0161titi temeljnih prava i ustavnih...\" \/>\n<meta property=\"og:url\" content=\"https:\/\/www.pravo.unizg.hr\/en\/eukrit\/\" \/>\n<meta property=\"og:site_name\" content=\"Faculty of law\" \/>\n<meta property=\"article:modified_time\" content=\"2026-03-23T08:51:58+00:00\" \/>\n<meta property=\"og:image\" content=\"https:\/\/www.pravo.unizg.hr\/wp-content\/uploads\/2025\/10\/next-generation-eu-300x72.png\" \/>\n<meta name=\"twitter:card\" content=\"summary_large_image\" \/>\n<meta name=\"twitter:label1\" content=\"Est. reading time\" \/>\n\t<meta name=\"twitter:data1\" content=\"2 minutes\" \/>\n<script type=\"application\/ld+json\" class=\"yoast-schema-graph\">{\"@context\":\"https:\/\/schema.org\",\"@graph\":[{\"@type\":\"WebPage\",\"@id\":\"https:\/\/www.pravo.unizg.hr\/en\/eukrit\/\",\"url\":\"https:\/\/www.pravo.unizg.hr\/en\/eukrit\/\",\"name\":\"Kriti\u010dki pristup za\u0161titi temeljnih prava i ustavnih na\u010dela Europske unije - Eukrit - Faculty of law\",\"isPartOf\":{\"@id\":\"https:\/\/www.pravo.unizg.hr\/#website\"},\"datePublished\":\"2025-10-20T09:32:39+00:00\",\"dateModified\":\"2026-03-23T08:51:58+00:00\",\"breadcrumb\":{\"@id\":\"https:\/\/www.pravo.unizg.hr\/en\/eukrit\/#breadcrumb\"},\"inLanguage\":\"en-US\",\"potentialAction\":[{\"@type\":\"ReadAction\",\"target\":[\"https:\/\/www.pravo.unizg.hr\/en\/eukrit\/\"]}]},{\"@type\":\"BreadcrumbList\",\"@id\":\"https:\/\/www.pravo.unizg.hr\/en\/eukrit\/#breadcrumb\",\"itemListElement\":[{\"@type\":\"ListItem\",\"position\":1,\"name\":\"Homepage\",\"item\":\"https:\/\/www.pravo.unizg.hr\/en\/\"},{\"@type\":\"ListItem\",\"position\":2,\"name\":\"Projects\",\"item\":\"https:\/\/www.pravo.unizg.hr\/en\/projects\/\"},{\"@type\":\"ListItem\",\"position\":3,\"name\":\"Institucionalni istra\u017eiva\u010dki projekti\",\"item\":\"https:\/\/www.pravo.unizg.hr\/en\/projects\/institucionalni-istrazivacki-projekti\/\"},{\"@type\":\"ListItem\",\"position\":4,\"name\":\"Kriti\u010dki pristup za\u0161titi temeljnih prava i ustavnih na\u010dela Europske unije &#8211; Eukrit\"}]},{\"@type\":\"WebSite\",\"@id\":\"https:\/\/www.pravo.unizg.hr\/#website\",\"url\":\"https:\/\/www.pravo.unizg.hr\/\",\"name\":\"Faculty of law\",\"description\":\"\",\"potentialAction\":[{\"@type\":\"SearchAction\",\"target\":{\"@type\":\"EntryPoint\",\"urlTemplate\":\"https:\/\/www.pravo.unizg.hr\/?s={search_term_string}\"},\"query-input\":\"required name=search_term_string\"}],\"inLanguage\":\"en-US\"}]}<\/script>\n<!-- \/ Yoast SEO plugin. -->","yoast_head_json":{"title":"Kriti\u010dki pristup za\u0161titi temeljnih prava i ustavnih na\u010dela Europske unije - Eukrit - Faculty of law","robots":{"index":"index","follow":"follow","max-snippet":"max-snippet:-1","max-image-preview":"max-image-preview:large","max-video-preview":"max-video-preview:-1"},"canonical":"https:\/\/www.pravo.unizg.hr\/en\/eukrit\/","og_locale":"en_US","og_type":"article","og_title":"Kriti\u010dki pristup za\u0161titi temeljnih prava i ustavnih na\u010dela Europske unije - Eukrit - Faculty of law","og_description":"&nbsp; Naziv projekta Kriti\u010dki pristup za\u0161titi temeljnih prava i ustavnih...","og_url":"https:\/\/www.pravo.unizg.hr\/en\/eukrit\/","og_site_name":"Faculty of law","article_modified_time":"2026-03-23T08:51:58+00:00","og_image":[{"url":"https:\/\/www.pravo.unizg.hr\/wp-content\/uploads\/2025\/10\/next-generation-eu-300x72.png"}],"twitter_card":"summary_large_image","twitter_misc":{"Est. reading time":"2 minutes"},"schema":{"@context":"https:\/\/schema.org","@graph":[{"@type":"WebPage","@id":"https:\/\/www.pravo.unizg.hr\/en\/eukrit\/","url":"https:\/\/www.pravo.unizg.hr\/en\/eukrit\/","name":"Kriti\u010dki pristup za\u0161titi temeljnih prava i ustavnih na\u010dela Europske unije - Eukrit - Faculty of law","isPartOf":{"@id":"https:\/\/www.pravo.unizg.hr\/#website"},"datePublished":"2025-10-20T09:32:39+00:00","dateModified":"2026-03-23T08:51:58+00:00","breadcrumb":{"@id":"https:\/\/www.pravo.unizg.hr\/en\/eukrit\/#breadcrumb"},"inLanguage":"en-US","potentialAction":[{"@type":"ReadAction","target":["https:\/\/www.pravo.unizg.hr\/en\/eukrit\/"]}]},{"@type":"BreadcrumbList","@id":"https:\/\/www.pravo.unizg.hr\/en\/eukrit\/#breadcrumb","itemListElement":[{"@type":"ListItem","position":1,"name":"Homepage","item":"https:\/\/www.pravo.unizg.hr\/en\/"},{"@type":"ListItem","position":2,"name":"Projects","item":"https:\/\/www.pravo.unizg.hr\/en\/projects\/"},{"@type":"ListItem","position":3,"name":"Institucionalni istra\u017eiva\u010dki projekti","item":"https:\/\/www.pravo.unizg.hr\/en\/projects\/institucionalni-istrazivacki-projekti\/"},{"@type":"ListItem","position":4,"name":"Kriti\u010dki pristup za\u0161titi temeljnih prava i ustavnih na\u010dela Europske unije &#8211; Eukrit"}]},{"@type":"WebSite","@id":"https:\/\/www.pravo.unizg.hr\/#website","url":"https:\/\/www.pravo.unizg.hr\/","name":"Faculty of law","description":"","potentialAction":[{"@type":"SearchAction","target":{"@type":"EntryPoint","urlTemplate":"https:\/\/www.pravo.unizg.hr\/?s={search_term_string}"},"query-input":"required name=search_term_string"}],"inLanguage":"en-US"}]}},"_links":{"self":[{"href":"https:\/\/www.pravo.unizg.hr\/en\/wp-json\/wp\/v2\/pages\/33693","targetHints":{"allow":["GET"]}}],"collection":[{"href":"https:\/\/www.pravo.unizg.hr\/en\/wp-json\/wp\/v2\/pages"}],"about":[{"href":"https:\/\/www.pravo.unizg.hr\/en\/wp-json\/wp\/v2\/types\/page"}],"author":[{"embeddable":true,"href":"https:\/\/www.pravo.unizg.hr\/en\/wp-json\/wp\/v2\/users\/511"}],"replies":[{"embeddable":true,"href":"https:\/\/www.pravo.unizg.hr\/en\/wp-json\/wp\/v2\/comments?post=33693"}],"version-history":[{"count":1,"href":"https:\/\/www.pravo.unizg.hr\/en\/wp-json\/wp\/v2\/pages\/33693\/revisions"}],"predecessor-version":[{"id":33696,"href":"https:\/\/www.pravo.unizg.hr\/en\/wp-json\/wp\/v2\/pages\/33693\/revisions\/33696"}],"up":[{"embeddable":true,"href":"https:\/\/www.pravo.unizg.hr\/en\/wp-json\/wp\/v2\/pages\/33665"}],"wp:attachment":[{"href":"https:\/\/www.pravo.unizg.hr\/en\/wp-json\/wp\/v2\/media?parent=33693"}],"curies":[{"name":"wp","href":"https:\/\/api.w.org\/{rel}","templated":true}]}}