{"id":33691,"date":"2025-10-20T10:18:09","date_gmt":"2025-10-20T09:18:09","guid":{"rendered":"https:\/\/www.pravo.unizg.hr\/projects\/institucionalni-istrazivacki-projekti\/digigrap\/"},"modified":"2026-03-23T09:51:41","modified_gmt":"2026-03-23T08:51:41","slug":"digigrap","status":"publish","type":"page","link":"https:\/\/www.pravo.unizg.hr\/en\/digigrap","title":{"rendered":"Izazovi digitalne transformacije gra\u0111anskog pravosu\u0111a &#8211; DigiGraP"},"content":{"rendered":"<p style=\"padding-left: 480px;\"><img loading=\"lazy\" decoding=\"async\" class=\"size-medium wp-image-28800 alignright\" src=\"https:\/\/www.pravo.unizg.hr\/wp-content\/uploads\/2025\/10\/next-generation-eu-300x72.png\" alt=\"\" width=\"300\" height=\"72\" srcset=\"https:\/\/www.pravo.unizg.hr\/wp-content\/uploads\/2025\/10\/next-generation-eu-300x72.png 300w, https:\/\/www.pravo.unizg.hr\/wp-content\/uploads\/2025\/10\/next-generation-eu-768x184.png 768w, https:\/\/www.pravo.unizg.hr\/wp-content\/uploads\/2025\/10\/next-generation-eu.png 1020w\" sizes=\"auto, (max-width: 300px) 100vw, 300px\" \/><\/p>\n<p>&nbsp;<\/p>\n<p><span style=\"color: #8b0b05;\"><span style=\"color: #000000;\">Naziv projekta<\/span><strong><br \/>\nIzazovi digitalne transformacije gra\u0111anskog pravosu\u0111a<br \/>\n<\/strong><\/span><\/p>\n<p style=\"padding-left: 40px;\">Akronim<br \/>\n<strong>DigiGraP<\/strong><\/p>\n<p style=\"padding-left: 40px;\">Trajanje projekta<br \/>\n<strong>48 mjeseci<\/strong><\/p>\n<p style=\"padding-left: 40px;\">Voditelj projekta<br \/>\n<strong>prof. dr. sc. Alan Uzelac<\/strong><\/p>\n<p style=\"padding-left: 40px;\">\u010clanice\/\u010dlanovi istra\u017eiva\u010dkog tima<br \/>\n<strong>izv. prof. dr. sc. Marko Bratkovi\u0107<\/strong>,<br \/>\nKatedra za gra\u0111ansko procesno pravo, Pravni fakultet Sveu\u010dili\u0161ta u Zagrebu<br \/>\n<strong>dr. sc. Juraj Brozovi\u0107,<\/strong><br \/>\nKatedra za gra\u0111ansko procesno pravo, Pravni fakultet Sveu\u010dili\u0161ta u Zagrebu<br \/>\n<strong>Josip La\u017eeta<\/strong><\/p>\n<p>&nbsp;<\/p>\n<p style=\"padding-left: 40px;\"><strong>Sa\u017eetak projekta<\/strong><\/p>\n<p style=\"padding-left: 40px; text-align: justify;\">Digitalna tranzicija jedan je od klju\u010dnih strate\u0161kih ciljeva Europske unije, a njezin sastavni dio \u010dini digitalna transformacija pravosudnih sustava. U okviru Nacionalnog plana oporavka i otpornosti 2021.\u20132026. posebna se pozornost posve\u0107uje razvoju pravosu\u0111a spremnog za digitalno doba. Me\u0111u prioritetima su digitalizacija sudskih postupaka, optimizacija pravosudnih procesa, pobolj\u0161anje sustava planiranja i upravljanja kao i daljnje ulaganje u pravosudnu infrastrukturu. Izme\u0111u konkretno postavljenih ciljeva isti\u010du se \u0161irenje uporabe videokonferencija, sustava digitalne razmjene dokaza te povezivanje pravosudnih tijela s drugim relevantnim sustavima, registrima i platformama radi u\u010dinkovitijeg nadzora i upravljanja.<\/p>\n<p style=\"padding-left: 40px; text-align: justify;\">Unutar gra\u0111anskog pravosu\u0111a, koje \u010dini najve\u0107i segment hrvatskoga pravosudnog sustava, poduzeti su brojni reformski koraci usmjereni digitalnoj transformaciji. Me\u0111utim, u njihovoj provedbi pojavili su se brojni izazovi \u2013 pravni, organizacijski, tehni\u010dki i funkcionalni. Ovaj projekt ispitat \u0107e koliko su dosada\u0161nje reformske aktivnosti bile funkcionalno utemeljene i u\u010dinkovite, s naglaskom na tri klju\u010dna podru\u010dja digitalne tranzicije: (1) op\u0107u digitalizaciju sudskih postupaka, uklju\u010duju\u0107i uspostavu holisti\u010dkog digitalnog okru\u017eenja za njihovo vo\u0111enje; (2) transparentnost i pristup informacijama va\u017enima za izgradnju javnog povjerenja u pravosu\u0111e, uklju\u010duju\u0107i digitalni pristup podatcima iz gra\u0111anskih postupaka, online objavu sudskih odluka i pokazatelje u\u010dinkovitosti pravosudnog rada; te (3) uporabu digitalnih tehnologija u planiranju i vo\u0111enju pojedina\u010dnih predmeta, poput digitalne komunikacije sa strankama, elektroni\u010dkog vo\u0111enja zapisnika, tonskog snimanja rasprava i odr\u017eavanja rasprava na daljinu preko audiovizualnih sredstava.<\/p>\n<p style=\"padding-left: 40px; text-align: justify;\">Navedena tematska podru\u010dja bit \u0107e razra\u0111ena u radnim paketima, uz sustavnu analizu normativnih promjena u parni\u010dnom, ovr\u0161nom i organizacijskom sudskom pravu te njihova doprinosa ostvarenju ciljeva digitalne transformacije pravosu\u0111a.<\/p>\n","protected":false},"excerpt":{"rendered":"<p>&nbsp; Naziv projekta Izazovi digitalne transformacije gra\u0111anskog pravosu\u0111a Akronim DigiGraP&#8230;<\/p>\n","protected":false},"author":511,"featured_media":0,"parent":33665,"menu_order":0,"comment_status":"closed","ping_status":"closed","template":"","meta":{"footnotes":""},"class_list":["post-33691","page","type-page","status-publish","hentry"],"pp_force_visibility":null,"pp_subpost_visibility":null,"pp_inherited_force_visibility":null,"pp_inherited_subpost_visibility":null,"acf":[],"yoast_head":"<!-- This site is optimized with the Yoast SEO plugin v20.1 - https:\/\/yoast.com\/wordpress\/plugins\/seo\/ -->\n<title>Izazovi digitalne transformacije gra\u0111anskog pravosu\u0111a - DigiGraP - Faculty of law<\/title>\n<meta name=\"robots\" content=\"index, follow, max-snippet:-1, max-image-preview:large, max-video-preview:-1\" \/>\n<link rel=\"canonical\" href=\"https:\/\/www.pravo.unizg.hr\/en\/digigrap\/\" \/>\n<meta property=\"og:locale\" content=\"en_US\" \/>\n<meta property=\"og:type\" content=\"article\" \/>\n<meta property=\"og:title\" content=\"Izazovi digitalne transformacije gra\u0111anskog pravosu\u0111a - DigiGraP - Faculty of law\" \/>\n<meta property=\"og:description\" content=\"&nbsp; Naziv projekta Izazovi digitalne transformacije gra\u0111anskog pravosu\u0111a Akronim DigiGraP...\" \/>\n<meta property=\"og:url\" content=\"https:\/\/www.pravo.unizg.hr\/en\/digigrap\/\" \/>\n<meta property=\"og:site_name\" content=\"Faculty of law\" \/>\n<meta property=\"article:modified_time\" content=\"2026-03-23T08:51:41+00:00\" \/>\n<meta property=\"og:image\" content=\"https:\/\/www.pravo.unizg.hr\/wp-content\/uploads\/2025\/10\/next-generation-eu-300x72.png\" \/>\n<meta name=\"twitter:card\" content=\"summary_large_image\" \/>\n<meta name=\"twitter:label1\" content=\"Est. reading time\" \/>\n\t<meta name=\"twitter:data1\" content=\"2 minutes\" \/>\n<script type=\"application\/ld+json\" class=\"yoast-schema-graph\">{\"@context\":\"https:\/\/schema.org\",\"@graph\":[{\"@type\":\"WebPage\",\"@id\":\"https:\/\/www.pravo.unizg.hr\/en\/digigrap\/\",\"url\":\"https:\/\/www.pravo.unizg.hr\/en\/digigrap\/\",\"name\":\"Izazovi digitalne transformacije gra\u0111anskog pravosu\u0111a - DigiGraP - Faculty of law\",\"isPartOf\":{\"@id\":\"https:\/\/www.pravo.unizg.hr\/#website\"},\"datePublished\":\"2025-10-20T09:18:09+00:00\",\"dateModified\":\"2026-03-23T08:51:41+00:00\",\"breadcrumb\":{\"@id\":\"https:\/\/www.pravo.unizg.hr\/en\/digigrap\/#breadcrumb\"},\"inLanguage\":\"en-US\",\"potentialAction\":[{\"@type\":\"ReadAction\",\"target\":[\"https:\/\/www.pravo.unizg.hr\/en\/digigrap\/\"]}]},{\"@type\":\"BreadcrumbList\",\"@id\":\"https:\/\/www.pravo.unizg.hr\/en\/digigrap\/#breadcrumb\",\"itemListElement\":[{\"@type\":\"ListItem\",\"position\":1,\"name\":\"Homepage\",\"item\":\"https:\/\/www.pravo.unizg.hr\/en\/\"},{\"@type\":\"ListItem\",\"position\":2,\"name\":\"Projects\",\"item\":\"https:\/\/www.pravo.unizg.hr\/en\/projects\/\"},{\"@type\":\"ListItem\",\"position\":3,\"name\":\"Institucionalni istra\u017eiva\u010dki projekti\",\"item\":\"https:\/\/www.pravo.unizg.hr\/en\/projects\/institucionalni-istrazivacki-projekti\/\"},{\"@type\":\"ListItem\",\"position\":4,\"name\":\"Izazovi digitalne transformacije gra\u0111anskog pravosu\u0111a &#8211; DigiGraP\"}]},{\"@type\":\"WebSite\",\"@id\":\"https:\/\/www.pravo.unizg.hr\/#website\",\"url\":\"https:\/\/www.pravo.unizg.hr\/\",\"name\":\"Faculty of law\",\"description\":\"\",\"potentialAction\":[{\"@type\":\"SearchAction\",\"target\":{\"@type\":\"EntryPoint\",\"urlTemplate\":\"https:\/\/www.pravo.unizg.hr\/?s={search_term_string}\"},\"query-input\":\"required name=search_term_string\"}],\"inLanguage\":\"en-US\"}]}<\/script>\n<!-- \/ Yoast SEO plugin. -->","yoast_head_json":{"title":"Izazovi digitalne transformacije gra\u0111anskog pravosu\u0111a - DigiGraP - Faculty of law","robots":{"index":"index","follow":"follow","max-snippet":"max-snippet:-1","max-image-preview":"max-image-preview:large","max-video-preview":"max-video-preview:-1"},"canonical":"https:\/\/www.pravo.unizg.hr\/en\/digigrap\/","og_locale":"en_US","og_type":"article","og_title":"Izazovi digitalne transformacije gra\u0111anskog pravosu\u0111a - DigiGraP - Faculty of law","og_description":"&nbsp; Naziv projekta Izazovi digitalne transformacije gra\u0111anskog pravosu\u0111a Akronim DigiGraP...","og_url":"https:\/\/www.pravo.unizg.hr\/en\/digigrap\/","og_site_name":"Faculty of law","article_modified_time":"2026-03-23T08:51:41+00:00","og_image":[{"url":"https:\/\/www.pravo.unizg.hr\/wp-content\/uploads\/2025\/10\/next-generation-eu-300x72.png"}],"twitter_card":"summary_large_image","twitter_misc":{"Est. reading time":"2 minutes"},"schema":{"@context":"https:\/\/schema.org","@graph":[{"@type":"WebPage","@id":"https:\/\/www.pravo.unizg.hr\/en\/digigrap\/","url":"https:\/\/www.pravo.unizg.hr\/en\/digigrap\/","name":"Izazovi digitalne transformacije gra\u0111anskog pravosu\u0111a - DigiGraP - Faculty of law","isPartOf":{"@id":"https:\/\/www.pravo.unizg.hr\/#website"},"datePublished":"2025-10-20T09:18:09+00:00","dateModified":"2026-03-23T08:51:41+00:00","breadcrumb":{"@id":"https:\/\/www.pravo.unizg.hr\/en\/digigrap\/#breadcrumb"},"inLanguage":"en-US","potentialAction":[{"@type":"ReadAction","target":["https:\/\/www.pravo.unizg.hr\/en\/digigrap\/"]}]},{"@type":"BreadcrumbList","@id":"https:\/\/www.pravo.unizg.hr\/en\/digigrap\/#breadcrumb","itemListElement":[{"@type":"ListItem","position":1,"name":"Homepage","item":"https:\/\/www.pravo.unizg.hr\/en\/"},{"@type":"ListItem","position":2,"name":"Projects","item":"https:\/\/www.pravo.unizg.hr\/en\/projects\/"},{"@type":"ListItem","position":3,"name":"Institucionalni istra\u017eiva\u010dki projekti","item":"https:\/\/www.pravo.unizg.hr\/en\/projects\/institucionalni-istrazivacki-projekti\/"},{"@type":"ListItem","position":4,"name":"Izazovi digitalne transformacije gra\u0111anskog pravosu\u0111a &#8211; DigiGraP"}]},{"@type":"WebSite","@id":"https:\/\/www.pravo.unizg.hr\/#website","url":"https:\/\/www.pravo.unizg.hr\/","name":"Faculty of law","description":"","potentialAction":[{"@type":"SearchAction","target":{"@type":"EntryPoint","urlTemplate":"https:\/\/www.pravo.unizg.hr\/?s={search_term_string}"},"query-input":"required name=search_term_string"}],"inLanguage":"en-US"}]}},"_links":{"self":[{"href":"https:\/\/www.pravo.unizg.hr\/en\/wp-json\/wp\/v2\/pages\/33691","targetHints":{"allow":["GET"]}}],"collection":[{"href":"https:\/\/www.pravo.unizg.hr\/en\/wp-json\/wp\/v2\/pages"}],"about":[{"href":"https:\/\/www.pravo.unizg.hr\/en\/wp-json\/wp\/v2\/types\/page"}],"author":[{"embeddable":true,"href":"https:\/\/www.pravo.unizg.hr\/en\/wp-json\/wp\/v2\/users\/511"}],"replies":[{"embeddable":true,"href":"https:\/\/www.pravo.unizg.hr\/en\/wp-json\/wp\/v2\/comments?post=33691"}],"version-history":[{"count":1,"href":"https:\/\/www.pravo.unizg.hr\/en\/wp-json\/wp\/v2\/pages\/33691\/revisions"}],"predecessor-version":[{"id":33694,"href":"https:\/\/www.pravo.unizg.hr\/en\/wp-json\/wp\/v2\/pages\/33691\/revisions\/33694"}],"up":[{"embeddable":true,"href":"https:\/\/www.pravo.unizg.hr\/en\/wp-json\/wp\/v2\/pages\/33665"}],"wp:attachment":[{"href":"https:\/\/www.pravo.unizg.hr\/en\/wp-json\/wp\/v2\/media?parent=33691"}],"curies":[{"name":"wp","href":"https:\/\/api.w.org\/{rel}","templated":true}]}}