{"id":33687,"date":"2025-10-20T09:58:04","date_gmt":"2025-10-20T08:58:04","guid":{"rendered":"https:\/\/www.pravo.unizg.hr\/projects\/institucionalni-istrazivacki-projekti\/crofem\/"},"modified":"2026-03-23T09:50:35","modified_gmt":"2026-03-23T08:50:35","slug":"crofem","status":"publish","type":"page","link":"https:\/\/www.pravo.unizg.hr\/en\/crofem","title":{"rendered":"Femicid i rodno utemeljeno nasilje u Republici Hrvatskoj &#8211; sustavna analiza zakonskih rje\u0161enja i sudske prakse &#8211; CroFem"},"content":{"rendered":"<p style=\"padding-left: 480px;\"><img loading=\"lazy\" decoding=\"async\" class=\"size-medium wp-image-28800 alignright\" src=\"https:\/\/www.pravo.unizg.hr\/wp-content\/uploads\/2025\/10\/next-generation-eu-300x72.png\" alt=\"\" width=\"300\" height=\"72\" srcset=\"https:\/\/www.pravo.unizg.hr\/wp-content\/uploads\/2025\/10\/next-generation-eu-300x72.png 300w, https:\/\/www.pravo.unizg.hr\/wp-content\/uploads\/2025\/10\/next-generation-eu-768x184.png 768w, https:\/\/www.pravo.unizg.hr\/wp-content\/uploads\/2025\/10\/next-generation-eu.png 1020w\" sizes=\"auto, (max-width: 300px) 100vw, 300px\" \/><\/p>\n<p>&nbsp;<\/p>\n<p><span style=\"color: #8b0b05;\"><span style=\"color: #000000;\">Naziv projekta<\/span><strong><br \/>\nFemicid i rodno utemeljeno nasilje u Republici Hrvatskoj &#8211; sustavna analiza zakonskih rje\u0161enja i sudske prakse<br \/>\n<\/strong><\/span><\/p>\n<p style=\"padding-left: 40px;\">Akronim<br \/>\n<strong>CroFem<\/strong><\/p>\n<p style=\"padding-left: 40px;\">Trajanje projekta<br \/>\n<strong>48 mjeseci<\/strong><\/p>\n<p style=\"padding-left: 40px;\">Voditeljica projekta<br \/>\n<strong>prof. dr. sc. Maja Munivrana<\/strong><\/p>\n<p style=\"padding-left: 40px;\">\u010clanice\/\u010dlanovi istra\u017eiva\u010dkog tima<br \/>\n<strong>prof. dr. sc. Ksenija Turkovi\u0107<\/strong>,<br \/>\nKatedra za kazneno pravo, Pravni fakultet Sveu\u010dili\u0161ta u Zagrebu<br \/>\n<strong>izv. prof. dr. sc. Aleksandar Mar\u0161avelski<\/strong>,<br \/>\nKatedra za kazneno pravo, Pravni fakultet Sveu\u010dili\u0161ta u Zagrebu<br \/>\n<strong>izv. prof. dr. sc. Marta Dragi\u010devi\u0107 Prtenja\u010da<\/strong>,<br \/>\nKatedra za kazneno pravo, Pravni fakultet Sveu\u010dili\u0161ta u Zagrebu<br \/>\n<strong>izv. prof. dr. sc. Sun\u010dana Roksandi\u0107<\/strong>,<br \/>\nKatedra za kazneno pravo, Pravni fakultet Sveu\u010dili\u0161ta u Zagrebu<br \/>\n<strong>izv. prof. dr. sc. Zoran Buri\u0107<\/strong>,<br \/>\nKatedra za kazneno pravo, Pravni fakultet Sveu\u010dili\u0161ta u Zagrebu<br \/>\n<strong>Domagoj Grgurevi\u0107,<br \/>\n<\/strong>\u017dupanijski sud u Zagrebu<strong><br \/>\n<\/strong><\/p>\n<p>&nbsp;<\/p>\n<p style=\"padding-left: 40px;\"><strong>Sa\u017eetak projekta<\/strong><\/p>\n<p style=\"padding-left: 40px; text-align: justify;\">Nasilje nad \u017eenama prepoznato je kao ozbiljan dru\u0161tveni problem koji je \u010desto manifestacija strukturne diskriminacije \u017eena. Sloboda od rodno uvjetovanog nasilja jedan je od preduvjeta ravnopravnog sudjelovanja \u017eena u politi\u010dkom, javnom i ekonomskom \u017eivotu. Korijeni rodno uvjetovanog nasilja le\u017ee u dru\u0161tveno oblikovanim ulogama, pona\u0161anju, aktivnostima i zna\u010dajkama koje odre\u0111eno dru\u0161tvo smatra primjerenim za \u017eene i mu\u0161karce (<a href=\"https:\/\/ravnopravnost.gov.hr\/UserDocsImages\/arhiva\/images\/pdf\/Publikacija%20Konvencija%20Vije%C4%87a%20Europe%20o%20spre%C4%8Davanju%20i%20borbi%20protiv%20nasilja%20nad%20%C5%BEenama%20i%20nasilja%20u%20obitelji.pdf\" target=\"_blank\" rel=\"noopener\">Istanbulska konvencija<\/a>, <a href=\"https:\/\/eur-lex.europa.eu\/legal-content\/HR\/TXT\/HTML\/?uri=OJ:L_202401385\" target=\"_blank\" rel=\"noopener\">Direktiva EU<\/a>, <a href=\"https:\/\/www.ohchr.org\/en\/documents\/general-comments-and-recommendations\/general-recommendation-no-35-2017-gender-based\" target=\"_blank\" rel=\"noopener\">CEDAW<\/a>). Stoga je za u\u010dinkovito suzbijanje nasilja nad \u017eenama potreban sveobuhvatan pristup koji uklju\u010duje definiranje relevantnih kaznenih djela i kazni, za\u0161titu i potporu \u017ertvama, pobolj\u0161ano prikupljanje podataka, prevenciju, koordinaciju i suradnju, a koji uzima u obzir i rodno osjetljivu perspektivu.<\/p>\n<p style=\"padding-left: 40px; text-align: justify;\">Hrvatska je usvojila niz zakonskih izmjena s ciljem otklanjanja uo\u010denih problema i smanjenja stope nasilja prema \u017eenama i obiteljskog nasilja op\u0107enito. Posljednjim paketom izmjena (<a href=\"https:\/\/mpudt.gov.hr\/paket-zakonskih-izmjena-kao-snazan-zalog-u-borbi-protiv-nasilja-nad-zenama\/28010?lang=hr\" target=\"_blank\" rel=\"noopener\">2024<\/a>) me\u0111u prvima u regiji uvela je kazneno djelo te\u0161kog ubojstva \u017eenske osobe (\u010dl. 111.a. KZ) te op\u0107u definiciju rodno utemeljenog nasilja kao ex lege otegotne okolnosti (\u010dl. 87. st. 32. KZ), a do\u0161lo je i do niza drugih izmjena kako Kaznenog, tako i drugih relevantnih zakona. Uvo\u0111enje femicida i odredbe o rodno utemeljenom nasilju, me\u0111utim, nai\u0161lo je na sna\u017eno protivljenje u dijelu pravne struke koja tradicionalno promatra kazneno pravo kao rodno neutralno, a izmjene su ocijenjene kao ishitrene, te rezultat pravnog populizma. Cilj je ovog projekta kroz pristup utemeljen na dokazima i sustavnoj analizi sudske prakse pru\u017eiti podlogu za ocjenu hrvatske zakonske i sudske politike ka\u017enjavanja femicida i drugih oblika rodno utemeljenog nasilja, s posebnim fokusom na obiteljsko nasilje. Analizirat \u0107e se svi predmeti ubijenih \u017eena i na taj na\u010din napraviti prva znanstvena baza sudskih odluka o femicidu. Analizirat \u0107e se i uskla\u0111enost zakonodavstva i prakse s Direktivom EU, kako bi se pru\u017eila znanstvena podloga za njeno transponiranje.<\/p>\n","protected":false},"excerpt":{"rendered":"<p>&nbsp; Naziv projekta Femicid i rodno utemeljeno nasilje u Republici&#8230;<\/p>\n","protected":false},"author":511,"featured_media":0,"parent":33665,"menu_order":0,"comment_status":"closed","ping_status":"closed","template":"","meta":{"footnotes":""},"class_list":["post-33687","page","type-page","status-publish","hentry"],"pp_force_visibility":null,"pp_subpost_visibility":null,"pp_inherited_force_visibility":null,"pp_inherited_subpost_visibility":null,"acf":[],"yoast_head":"<!-- This site is optimized with the Yoast SEO plugin v20.1 - https:\/\/yoast.com\/wordpress\/plugins\/seo\/ -->\n<title>Femicid i rodno utemeljeno nasilje u Republici Hrvatskoj - sustavna analiza zakonskih rje\u0161enja i sudske prakse - CroFem - Faculty of law<\/title>\n<meta name=\"robots\" content=\"index, follow, max-snippet:-1, max-image-preview:large, max-video-preview:-1\" \/>\n<link rel=\"canonical\" href=\"https:\/\/www.pravo.unizg.hr\/en\/crofem\/\" \/>\n<meta property=\"og:locale\" content=\"en_US\" \/>\n<meta property=\"og:type\" content=\"article\" \/>\n<meta property=\"og:title\" content=\"Femicid i rodno utemeljeno nasilje u Republici Hrvatskoj - sustavna analiza zakonskih rje\u0161enja i sudske prakse - CroFem - Faculty of law\" \/>\n<meta property=\"og:description\" content=\"&nbsp; Naziv projekta Femicid i rodno utemeljeno nasilje u Republici...\" \/>\n<meta property=\"og:url\" content=\"https:\/\/www.pravo.unizg.hr\/en\/crofem\/\" \/>\n<meta property=\"og:site_name\" content=\"Faculty of law\" \/>\n<meta property=\"article:modified_time\" content=\"2026-03-23T08:50:35+00:00\" \/>\n<meta property=\"og:image\" content=\"https:\/\/www.pravo.unizg.hr\/wp-content\/uploads\/2025\/10\/next-generation-eu-300x72.png\" \/>\n<meta name=\"twitter:card\" content=\"summary_large_image\" \/>\n<meta name=\"twitter:label1\" content=\"Est. reading time\" \/>\n\t<meta name=\"twitter:data1\" content=\"2 minutes\" \/>\n<script type=\"application\/ld+json\" class=\"yoast-schema-graph\">{\"@context\":\"https:\/\/schema.org\",\"@graph\":[{\"@type\":\"WebPage\",\"@id\":\"https:\/\/www.pravo.unizg.hr\/en\/crofem\/\",\"url\":\"https:\/\/www.pravo.unizg.hr\/en\/crofem\/\",\"name\":\"Femicid i rodno utemeljeno nasilje u Republici Hrvatskoj - sustavna analiza zakonskih rje\u0161enja i sudske prakse - CroFem - Faculty of law\",\"isPartOf\":{\"@id\":\"https:\/\/www.pravo.unizg.hr\/#website\"},\"datePublished\":\"2025-10-20T08:58:04+00:00\",\"dateModified\":\"2026-03-23T08:50:35+00:00\",\"breadcrumb\":{\"@id\":\"https:\/\/www.pravo.unizg.hr\/en\/crofem\/#breadcrumb\"},\"inLanguage\":\"en-US\",\"potentialAction\":[{\"@type\":\"ReadAction\",\"target\":[\"https:\/\/www.pravo.unizg.hr\/en\/crofem\/\"]}]},{\"@type\":\"BreadcrumbList\",\"@id\":\"https:\/\/www.pravo.unizg.hr\/en\/crofem\/#breadcrumb\",\"itemListElement\":[{\"@type\":\"ListItem\",\"position\":1,\"name\":\"Homepage\",\"item\":\"https:\/\/www.pravo.unizg.hr\/en\/\"},{\"@type\":\"ListItem\",\"position\":2,\"name\":\"Projects\",\"item\":\"https:\/\/www.pravo.unizg.hr\/en\/projects\/\"},{\"@type\":\"ListItem\",\"position\":3,\"name\":\"Institucionalni istra\u017eiva\u010dki projekti\",\"item\":\"https:\/\/www.pravo.unizg.hr\/en\/projects\/institucionalni-istrazivacki-projekti\/\"},{\"@type\":\"ListItem\",\"position\":4,\"name\":\"Femicid i rodno utemeljeno nasilje u Republici Hrvatskoj &#8211; sustavna analiza zakonskih rje\u0161enja i sudske prakse &#8211; CroFem\"}]},{\"@type\":\"WebSite\",\"@id\":\"https:\/\/www.pravo.unizg.hr\/#website\",\"url\":\"https:\/\/www.pravo.unizg.hr\/\",\"name\":\"Faculty of law\",\"description\":\"\",\"potentialAction\":[{\"@type\":\"SearchAction\",\"target\":{\"@type\":\"EntryPoint\",\"urlTemplate\":\"https:\/\/www.pravo.unizg.hr\/?s={search_term_string}\"},\"query-input\":\"required name=search_term_string\"}],\"inLanguage\":\"en-US\"}]}<\/script>\n<!-- \/ Yoast SEO plugin. -->","yoast_head_json":{"title":"Femicid i rodno utemeljeno nasilje u Republici Hrvatskoj - sustavna analiza zakonskih rje\u0161enja i sudske prakse - CroFem - Faculty of law","robots":{"index":"index","follow":"follow","max-snippet":"max-snippet:-1","max-image-preview":"max-image-preview:large","max-video-preview":"max-video-preview:-1"},"canonical":"https:\/\/www.pravo.unizg.hr\/en\/crofem\/","og_locale":"en_US","og_type":"article","og_title":"Femicid i rodno utemeljeno nasilje u Republici Hrvatskoj - sustavna analiza zakonskih rje\u0161enja i sudske prakse - CroFem - Faculty of law","og_description":"&nbsp; Naziv projekta Femicid i rodno utemeljeno nasilje u Republici...","og_url":"https:\/\/www.pravo.unizg.hr\/en\/crofem\/","og_site_name":"Faculty of law","article_modified_time":"2026-03-23T08:50:35+00:00","og_image":[{"url":"https:\/\/www.pravo.unizg.hr\/wp-content\/uploads\/2025\/10\/next-generation-eu-300x72.png"}],"twitter_card":"summary_large_image","twitter_misc":{"Est. reading time":"2 minutes"},"schema":{"@context":"https:\/\/schema.org","@graph":[{"@type":"WebPage","@id":"https:\/\/www.pravo.unizg.hr\/en\/crofem\/","url":"https:\/\/www.pravo.unizg.hr\/en\/crofem\/","name":"Femicid i rodno utemeljeno nasilje u Republici Hrvatskoj - sustavna analiza zakonskih rje\u0161enja i sudske prakse - CroFem - Faculty of law","isPartOf":{"@id":"https:\/\/www.pravo.unizg.hr\/#website"},"datePublished":"2025-10-20T08:58:04+00:00","dateModified":"2026-03-23T08:50:35+00:00","breadcrumb":{"@id":"https:\/\/www.pravo.unizg.hr\/en\/crofem\/#breadcrumb"},"inLanguage":"en-US","potentialAction":[{"@type":"ReadAction","target":["https:\/\/www.pravo.unizg.hr\/en\/crofem\/"]}]},{"@type":"BreadcrumbList","@id":"https:\/\/www.pravo.unizg.hr\/en\/crofem\/#breadcrumb","itemListElement":[{"@type":"ListItem","position":1,"name":"Homepage","item":"https:\/\/www.pravo.unizg.hr\/en\/"},{"@type":"ListItem","position":2,"name":"Projects","item":"https:\/\/www.pravo.unizg.hr\/en\/projects\/"},{"@type":"ListItem","position":3,"name":"Institucionalni istra\u017eiva\u010dki projekti","item":"https:\/\/www.pravo.unizg.hr\/en\/projects\/institucionalni-istrazivacki-projekti\/"},{"@type":"ListItem","position":4,"name":"Femicid i rodno utemeljeno nasilje u Republici Hrvatskoj &#8211; sustavna analiza zakonskih rje\u0161enja i sudske prakse &#8211; CroFem"}]},{"@type":"WebSite","@id":"https:\/\/www.pravo.unizg.hr\/#website","url":"https:\/\/www.pravo.unizg.hr\/","name":"Faculty of law","description":"","potentialAction":[{"@type":"SearchAction","target":{"@type":"EntryPoint","urlTemplate":"https:\/\/www.pravo.unizg.hr\/?s={search_term_string}"},"query-input":"required name=search_term_string"}],"inLanguage":"en-US"}]}},"_links":{"self":[{"href":"https:\/\/www.pravo.unizg.hr\/en\/wp-json\/wp\/v2\/pages\/33687","targetHints":{"allow":["GET"]}}],"collection":[{"href":"https:\/\/www.pravo.unizg.hr\/en\/wp-json\/wp\/v2\/pages"}],"about":[{"href":"https:\/\/www.pravo.unizg.hr\/en\/wp-json\/wp\/v2\/types\/page"}],"author":[{"embeddable":true,"href":"https:\/\/www.pravo.unizg.hr\/en\/wp-json\/wp\/v2\/users\/511"}],"replies":[{"embeddable":true,"href":"https:\/\/www.pravo.unizg.hr\/en\/wp-json\/wp\/v2\/comments?post=33687"}],"version-history":[{"count":1,"href":"https:\/\/www.pravo.unizg.hr\/en\/wp-json\/wp\/v2\/pages\/33687\/revisions"}],"predecessor-version":[{"id":33688,"href":"https:\/\/www.pravo.unizg.hr\/en\/wp-json\/wp\/v2\/pages\/33687\/revisions\/33688"}],"up":[{"embeddable":true,"href":"https:\/\/www.pravo.unizg.hr\/en\/wp-json\/wp\/v2\/pages\/33665"}],"wp:attachment":[{"href":"https:\/\/www.pravo.unizg.hr\/en\/wp-json\/wp\/v2\/media?parent=33687"}],"curies":[{"name":"wp","href":"https:\/\/api.w.org\/{rel}","templated":true}]}}