{"id":33685,"date":"2025-10-20T09:48:56","date_gmt":"2025-10-20T08:48:56","guid":{"rendered":"https:\/\/www.pravo.unizg.hr\/projects\/institucionalni-istrazivacki-projekti\/copyrightai-balans\/"},"modified":"2026-03-23T09:50:23","modified_gmt":"2026-03-23T08:50:23","slug":"copyrightai-balans","status":"publish","type":"page","link":"https:\/\/www.pravo.unizg.hr\/en\/copyrightai-balans","title":{"rendered":"Umjetna inteligencija i autorsko pravo &#8211; odr\u017eivi kompromis &#8211; CopyrightAI-balans"},"content":{"rendered":"<p style=\"padding-left: 480px;\"><img loading=\"lazy\" decoding=\"async\" class=\"size-medium wp-image-28800 alignright\" src=\"https:\/\/www.pravo.unizg.hr\/wp-content\/uploads\/2025\/10\/next-generation-eu-300x72.png\" alt=\"\" width=\"300\" height=\"72\" srcset=\"https:\/\/www.pravo.unizg.hr\/wp-content\/uploads\/2025\/10\/next-generation-eu-300x72.png 300w, https:\/\/www.pravo.unizg.hr\/wp-content\/uploads\/2025\/10\/next-generation-eu-768x184.png 768w, https:\/\/www.pravo.unizg.hr\/wp-content\/uploads\/2025\/10\/next-generation-eu.png 1020w\" sizes=\"auto, (max-width: 300px) 100vw, 300px\" \/><\/p>\n<p>&nbsp;<\/p>\n<p><span style=\"color: #8b0b05;\"><span style=\"color: #000000;\">Naziv projekta<\/span><strong><br \/>\nUmjetna inteligencija i autorsko pravo &#8211; odr\u017eivi kompromis<br \/>\n<\/strong><\/span><\/p>\n<p style=\"padding-left: 40px;\">Akronim<br \/>\n<strong>CopyrightAI-balans<\/strong><\/p>\n<p style=\"padding-left: 40px;\">Trajanje projekta<br \/>\n<strong>48 mjeseci<\/strong><\/p>\n<p style=\"padding-left: 40px;\">Voditeljica projekta<br \/>\n<strong>prof. dr. sc. Romana Matanovac Vu\u010dkovi\u0107<\/strong><\/p>\n<p style=\"padding-left: 40px;\">\u010clanice\/\u010dlanovi istra\u017eiva\u010dkog tima<br \/>\n<strong>prof. dr. sc. <b>Igor Gliha<\/b><\/strong>,<br \/>\nKatedra za gra\u0111ansko pravo, Pravni fakultet Sveu\u010dili\u0161ta u Zagrebu<br \/>\n<strong>izv. prof. dr. sc. <b>Ivana Kanceljak<\/b><\/strong>,<br \/>\nKatedra za gra\u0111ansko pravo, Pravni fakultet Sveu\u010dili\u0161ta u Zagrebu<br \/>\n<strong>dr. sc. Marko Stilinovi\u0107<\/strong>,<br \/>\nKatedra za gra\u0111ansko pravo, Pravni fakultet Sveu\u010dili\u0161ta u Zagrebu<br \/>\n<strong>Dino Gliha<br \/>\nAco Mom\u010dinovi\u0107<br \/>\n<\/strong><\/p>\n<p>&nbsp;<\/p>\n<p style=\"padding-left: 40px;\"><strong>Sa\u017eetak projekta<\/strong><\/p>\n<p style=\"padding-left: 40px; text-align: justify;\">Projekt se bavi pravnim izazovima koji proizlaze iz interakcije autorskog prava i generativne umjetne inteligencije (AI). Svrha je istra\u017eiti i razviti odr\u017eiv model pravi\u010dne naknade za kori\u0161tenje rezultata generativne AI, koji ne\u0107e ograni\u010davati razvoj AI alata, ali \u0107e osigurati kompenzaciju nositeljima autorskih prava \u010dija se djela zamjenjuju ili opona\u0161aju takvim tehnologijama.<\/p>\n<p style=\"padding-left: 40px; text-align: justify;\">Istra\u017eivanje se primarno fokusira na europsko pravo, osobito na Direktivu (EU) 2019\/790 (DSM Direktiva) i njezine odredbe o \u201crudarenju\u201d teksta i podataka, uz komparativnu analizu pravnih pristupa u SAD-u, Kanadi, Australiji i Japanu. Projekt kombinira teorijsko pravno istra\u017eivanje s empirijskom analizom: pravni dio obuhvatit \u0107e pregled i ocjenu postoje\u0107ih i predlo\u017eenih pravnih rje\u0161enja za generativnu AI u podru\u010dju autorskog prava, dok \u0107e empirijski dio ispitati kako generativni AI modeli u tekstualnom, glazbenom i audiovizualnom sektoru koriste za\u0161ti\u0107ene sadr\u017eaje i postoje li pritom modeli naknade. O\u010dekivani rezultati uklju\u010duju detaljnu komparativnu analizu sada\u0161njih pravnih okvira i praksi te konkretan prijedlog modela pravi\u010dne naknade provediv u europskom kontekstu i uskla\u0111en s globalnim trendovima, uz preporuke koje mogu poslu\u017eiti zakonodavcima i kreativnim industrijama.<\/p>\n<p style=\"padding-left: 40px; text-align: justify;\">Provedbom projekta \u017eeli se pru\u017eiti odr\u017eivo pravno rje\u0161enje prema kojem \u0107e se (1) osigurati pravi\u010dna naknada nositeljima autorskog prava te (2) omogu\u0107iti neometan razvoj alata umjetne inteligencije. Iznosi naknada ne bi trebali biti vi\u0161i od postoje\u0107ih ve\u0107 bi se trebali preraspodijeliti u skladu s predlo\u017eenim modelom tako da se model isklju\u010divih prava pretvori u model prava na naknadu koje bi bilo neodrecivo i neotu\u0111ivo. Predlo\u017eeno rje\u0161enje nije u primjeni nigdje u svijetu niti u dostupnoj literaturi i stoga je u cijelosti inovativno. S obzirom na ubrzan razvoj generativnih modela umjetne inteligencije potrebno je raditi brzo pa se projekt mora provesti kroz 24 mjeseca kako bi se \u010dim prije krenulo s primjenom.<\/p>\n","protected":false},"excerpt":{"rendered":"<p>&nbsp; Naziv projekta Umjetna inteligencija i autorsko pravo &#8211; odr\u017eivi&#8230;<\/p>\n","protected":false},"author":511,"featured_media":0,"parent":33665,"menu_order":0,"comment_status":"closed","ping_status":"closed","template":"","meta":{"footnotes":""},"class_list":["post-33685","page","type-page","status-publish","hentry"],"pp_force_visibility":null,"pp_subpost_visibility":null,"pp_inherited_force_visibility":null,"pp_inherited_subpost_visibility":null,"acf":[],"yoast_head":"<!-- This site is optimized with the Yoast SEO plugin v20.1 - https:\/\/yoast.com\/wordpress\/plugins\/seo\/ -->\n<title>Umjetna inteligencija i autorsko pravo - odr\u017eivi kompromis - CopyrightAI-balans - Faculty of law<\/title>\n<meta name=\"robots\" content=\"index, follow, max-snippet:-1, max-image-preview:large, max-video-preview:-1\" \/>\n<link rel=\"canonical\" href=\"https:\/\/www.pravo.unizg.hr\/en\/copyrightai-balans\/\" \/>\n<meta property=\"og:locale\" content=\"en_US\" \/>\n<meta property=\"og:type\" content=\"article\" \/>\n<meta property=\"og:title\" content=\"Umjetna inteligencija i autorsko pravo - odr\u017eivi kompromis - CopyrightAI-balans - Faculty of law\" \/>\n<meta property=\"og:description\" content=\"&nbsp; Naziv projekta Umjetna inteligencija i autorsko pravo &#8211; odr\u017eivi...\" \/>\n<meta property=\"og:url\" content=\"https:\/\/www.pravo.unizg.hr\/en\/copyrightai-balans\/\" \/>\n<meta property=\"og:site_name\" content=\"Faculty of law\" \/>\n<meta property=\"article:modified_time\" content=\"2026-03-23T08:50:23+00:00\" \/>\n<meta property=\"og:image\" content=\"https:\/\/www.pravo.unizg.hr\/wp-content\/uploads\/2025\/10\/next-generation-eu-300x72.png\" \/>\n<meta name=\"twitter:card\" content=\"summary_large_image\" \/>\n<meta name=\"twitter:label1\" content=\"Est. reading time\" \/>\n\t<meta name=\"twitter:data1\" content=\"2 minutes\" \/>\n<script type=\"application\/ld+json\" class=\"yoast-schema-graph\">{\"@context\":\"https:\/\/schema.org\",\"@graph\":[{\"@type\":\"WebPage\",\"@id\":\"https:\/\/www.pravo.unizg.hr\/en\/copyrightai-balans\/\",\"url\":\"https:\/\/www.pravo.unizg.hr\/en\/copyrightai-balans\/\",\"name\":\"Umjetna inteligencija i autorsko pravo - odr\u017eivi kompromis - CopyrightAI-balans - Faculty of law\",\"isPartOf\":{\"@id\":\"https:\/\/www.pravo.unizg.hr\/#website\"},\"datePublished\":\"2025-10-20T08:48:56+00:00\",\"dateModified\":\"2026-03-23T08:50:23+00:00\",\"breadcrumb\":{\"@id\":\"https:\/\/www.pravo.unizg.hr\/en\/copyrightai-balans\/#breadcrumb\"},\"inLanguage\":\"en-US\",\"potentialAction\":[{\"@type\":\"ReadAction\",\"target\":[\"https:\/\/www.pravo.unizg.hr\/en\/copyrightai-balans\/\"]}]},{\"@type\":\"BreadcrumbList\",\"@id\":\"https:\/\/www.pravo.unizg.hr\/en\/copyrightai-balans\/#breadcrumb\",\"itemListElement\":[{\"@type\":\"ListItem\",\"position\":1,\"name\":\"Homepage\",\"item\":\"https:\/\/www.pravo.unizg.hr\/en\/\"},{\"@type\":\"ListItem\",\"position\":2,\"name\":\"Projects\",\"item\":\"https:\/\/www.pravo.unizg.hr\/en\/projects\/\"},{\"@type\":\"ListItem\",\"position\":3,\"name\":\"Institucionalni istra\u017eiva\u010dki projekti\",\"item\":\"https:\/\/www.pravo.unizg.hr\/en\/projects\/institucionalni-istrazivacki-projekti\/\"},{\"@type\":\"ListItem\",\"position\":4,\"name\":\"Umjetna inteligencija i autorsko pravo &#8211; odr\u017eivi kompromis &#8211; CopyrightAI-balans\"}]},{\"@type\":\"WebSite\",\"@id\":\"https:\/\/www.pravo.unizg.hr\/#website\",\"url\":\"https:\/\/www.pravo.unizg.hr\/\",\"name\":\"Faculty of law\",\"description\":\"\",\"potentialAction\":[{\"@type\":\"SearchAction\",\"target\":{\"@type\":\"EntryPoint\",\"urlTemplate\":\"https:\/\/www.pravo.unizg.hr\/?s={search_term_string}\"},\"query-input\":\"required name=search_term_string\"}],\"inLanguage\":\"en-US\"}]}<\/script>\n<!-- \/ Yoast SEO plugin. -->","yoast_head_json":{"title":"Umjetna inteligencija i autorsko pravo - odr\u017eivi kompromis - CopyrightAI-balans - Faculty of law","robots":{"index":"index","follow":"follow","max-snippet":"max-snippet:-1","max-image-preview":"max-image-preview:large","max-video-preview":"max-video-preview:-1"},"canonical":"https:\/\/www.pravo.unizg.hr\/en\/copyrightai-balans\/","og_locale":"en_US","og_type":"article","og_title":"Umjetna inteligencija i autorsko pravo - odr\u017eivi kompromis - CopyrightAI-balans - Faculty of law","og_description":"&nbsp; Naziv projekta Umjetna inteligencija i autorsko pravo &#8211; odr\u017eivi...","og_url":"https:\/\/www.pravo.unizg.hr\/en\/copyrightai-balans\/","og_site_name":"Faculty of law","article_modified_time":"2026-03-23T08:50:23+00:00","og_image":[{"url":"https:\/\/www.pravo.unizg.hr\/wp-content\/uploads\/2025\/10\/next-generation-eu-300x72.png"}],"twitter_card":"summary_large_image","twitter_misc":{"Est. reading time":"2 minutes"},"schema":{"@context":"https:\/\/schema.org","@graph":[{"@type":"WebPage","@id":"https:\/\/www.pravo.unizg.hr\/en\/copyrightai-balans\/","url":"https:\/\/www.pravo.unizg.hr\/en\/copyrightai-balans\/","name":"Umjetna inteligencija i autorsko pravo - odr\u017eivi kompromis - CopyrightAI-balans - Faculty of law","isPartOf":{"@id":"https:\/\/www.pravo.unizg.hr\/#website"},"datePublished":"2025-10-20T08:48:56+00:00","dateModified":"2026-03-23T08:50:23+00:00","breadcrumb":{"@id":"https:\/\/www.pravo.unizg.hr\/en\/copyrightai-balans\/#breadcrumb"},"inLanguage":"en-US","potentialAction":[{"@type":"ReadAction","target":["https:\/\/www.pravo.unizg.hr\/en\/copyrightai-balans\/"]}]},{"@type":"BreadcrumbList","@id":"https:\/\/www.pravo.unizg.hr\/en\/copyrightai-balans\/#breadcrumb","itemListElement":[{"@type":"ListItem","position":1,"name":"Homepage","item":"https:\/\/www.pravo.unizg.hr\/en\/"},{"@type":"ListItem","position":2,"name":"Projects","item":"https:\/\/www.pravo.unizg.hr\/en\/projects\/"},{"@type":"ListItem","position":3,"name":"Institucionalni istra\u017eiva\u010dki projekti","item":"https:\/\/www.pravo.unizg.hr\/en\/projects\/institucionalni-istrazivacki-projekti\/"},{"@type":"ListItem","position":4,"name":"Umjetna inteligencija i autorsko pravo &#8211; odr\u017eivi kompromis &#8211; CopyrightAI-balans"}]},{"@type":"WebSite","@id":"https:\/\/www.pravo.unizg.hr\/#website","url":"https:\/\/www.pravo.unizg.hr\/","name":"Faculty of law","description":"","potentialAction":[{"@type":"SearchAction","target":{"@type":"EntryPoint","urlTemplate":"https:\/\/www.pravo.unizg.hr\/?s={search_term_string}"},"query-input":"required name=search_term_string"}],"inLanguage":"en-US"}]}},"_links":{"self":[{"href":"https:\/\/www.pravo.unizg.hr\/en\/wp-json\/wp\/v2\/pages\/33685","targetHints":{"allow":["GET"]}}],"collection":[{"href":"https:\/\/www.pravo.unizg.hr\/en\/wp-json\/wp\/v2\/pages"}],"about":[{"href":"https:\/\/www.pravo.unizg.hr\/en\/wp-json\/wp\/v2\/types\/page"}],"author":[{"embeddable":true,"href":"https:\/\/www.pravo.unizg.hr\/en\/wp-json\/wp\/v2\/users\/511"}],"replies":[{"embeddable":true,"href":"https:\/\/www.pravo.unizg.hr\/en\/wp-json\/wp\/v2\/comments?post=33685"}],"version-history":[{"count":1,"href":"https:\/\/www.pravo.unizg.hr\/en\/wp-json\/wp\/v2\/pages\/33685\/revisions"}],"predecessor-version":[{"id":33686,"href":"https:\/\/www.pravo.unizg.hr\/en\/wp-json\/wp\/v2\/pages\/33685\/revisions\/33686"}],"up":[{"embeddable":true,"href":"https:\/\/www.pravo.unizg.hr\/en\/wp-json\/wp\/v2\/pages\/33665"}],"wp:attachment":[{"href":"https:\/\/www.pravo.unizg.hr\/en\/wp-json\/wp\/v2\/media?parent=33685"}],"curies":[{"name":"wp","href":"https:\/\/api.w.org\/{rel}","templated":true}]}}