{"id":33683,"date":"2025-10-20T09:42:38","date_gmt":"2025-10-20T08:42:38","guid":{"rendered":"https:\/\/www.pravo.unizg.hr\/projects\/institucionalni-istrazivacki-projekti\/autorazinfo\/"},"modified":"2026-03-23T09:49:53","modified_gmt":"2026-03-23T08:49:53","slug":"autorazinfo","status":"publish","type":"page","link":"https:\/\/www.pravo.unizg.hr\/en\/autorazinfo","title":{"rendered":"Automatska razmjena informacija: sredstvo suzbijanja porezne evazije i prikupljanja poreznih prihoda &#8211; AUTORAZINFO"},"content":{"rendered":"<p style=\"padding-left: 480px;\"><img loading=\"lazy\" decoding=\"async\" class=\"size-medium wp-image-28800 alignright\" src=\"https:\/\/www.pravo.unizg.hr\/wp-content\/uploads\/2025\/10\/next-generation-eu-300x72.png\" alt=\"\" width=\"300\" height=\"72\" srcset=\"https:\/\/www.pravo.unizg.hr\/wp-content\/uploads\/2025\/10\/next-generation-eu-300x72.png 300w, https:\/\/www.pravo.unizg.hr\/wp-content\/uploads\/2025\/10\/next-generation-eu-768x184.png 768w, https:\/\/www.pravo.unizg.hr\/wp-content\/uploads\/2025\/10\/next-generation-eu.png 1020w\" sizes=\"auto, (max-width: 300px) 100vw, 300px\" \/><\/p>\n<p>&nbsp;<\/p>\n<p><span style=\"color: #8b0b05;\"><span style=\"color: #000000;\">Naziv projekta<\/span><strong><br \/>\nAutomatska razmjena informacija: sredstvo suzbijanja porezne evazije i prikupljanja<br \/>\nporeznih prihoda<br \/>\n<\/strong><\/span><\/p>\n<p style=\"padding-left: 40px;\">Akronim<br \/>\n<strong>AUTORAZINFO<\/strong><\/p>\n<p style=\"padding-left: 40px;\">Trajanje projekta<br \/>\n<strong>48 mjeseci<\/strong><\/p>\n<p style=\"padding-left: 40px;\">Voditeljica projekta<br \/>\n<strong>dr. sc. Irena Klemen\u010di\u0107<\/strong><\/p>\n<p style=\"padding-left: 40px;\">\u010clanice\/\u010dlanovi istra\u017eiva\u010dkog tima<br \/>\n<strong>prof. dr. sc. Hrvoje Arbutina<\/strong>,<br \/>\nKatedra za financijsko pravo i financijsku znanost, Pravni fakultet Sveu\u010dili\u0161ta u Zagrebu<br \/>\n<strong>izv. prof. dr. sc. Jasna Bogovac<\/strong>,<br \/>\nKatedra za financijsko pravo i financijsku znanost, Pravni fakultet Sveu\u010dili\u0161ta u Zagrebu<br \/>\n<strong>izv. prof. dr. sc. Stjepan Gad\u017eo<\/strong>,<br \/>\nPravni fakultet Sveu\u010dili\u0161ta u Rijeci<br \/>\n<strong>prof. dr. sc. Marco Greggi<\/strong>,<br \/>\nSveu\u010dili\u0161te u Ferrari, Italija<\/p>\n<p>&nbsp;<\/p>\n<p style=\"padding-left: 40px;\"><strong>Sa\u017eetak projekta<\/strong><\/p>\n<p style=\"padding-left: 40px; text-align: justify;\">Automatska razmjena informacija zadnjih je dvadeset godina postala klju\u010dni instrument u sprje\u010davanju porezne evazije. Uslijed globalizacije i digitalizacije poslovanja, uz olak\u0161anu mobilnost poreznih obveznika, dohodak i imovina ostvaruju se i nalaze diljem svijeta. Radi se o postupku koji omogu\u0107uje dr\u017eavi rezidentnosti potpuni uvid u svjetski dohodak njenih poreznih rezidenata. Primjenom tog instrumenta ostvaruju se na\u010dela porezne transparentnosti te posti\u017ee pravednije oporezivanje. Automatska razmjena informacija jedan je od oblika administrativne suradnje u podru\u010dju oporezivanja i nalazimo je u pravnim izvorima, na me\u0111unarodnoj, europskoj i nacionalnoj razini. Spoznaja o razmjerima propu\u0161tenih poreznih prihoda, kao i zvu\u010dni financijski skandali bitan su katalizator evolucije instrumenta. Osim pitanja dr\u017eavne suverenosti, primjena instrumenta otvara i pitanja za\u0161tite prava poreznih obveznika i za\u0161tite osobnih podataka. U\u010dinkovita bi primjena instrumenta trebala dovesti do pove\u0107anja poreznih prihoda, ali i postizanja ve\u0107e pravednosti i jednakosti u oporezivanju. Suvremeni na\u010din poslovanja utje\u010de na uvo\u0111enje novih izvje\u0161tajnih kategorija koje porezni obveznici podnose poreznim administracijama. Brojna unaprje\u0111enja instrumenta, kao i \u0161irenje njegove primjene na nove oblike imovine i dohotka predstavljaju izazov za porezne administracije diljem svijeta, ali i porezne obveznike, financijske institucije i druge obveznike izvje\u0161\u0107ivanja. Uzimaju\u0107i u obzir aktualnost i va\u017enost teme, predlo\u017eeno istra\u017eivanje pru\u017ea sveobuhvatni prikaz automatske razmjene informacija, njezinu evoluciju i modalitete. Temeljit \u0107e se na analizi dostupne znanstvene i stru\u010dne literature, zakonskih propisa, policy dokumenata, provedenog komparativnog istra\u017eivanja i identifikacije najboljih praksi. Kvalitetan istra\u017eiva\u010dki tim provest \u0107e predvi\u0111ena istra\u017eivanja i stvoriti pretpostavke za nastavak istra\u017eivanja. Putem znanstvenih radova, okruglih stolova i konferencije, zaklju\u010dci i preporuke postat \u0107e dostupne zainteresiranoj javnosti.<\/p>\n","protected":false},"excerpt":{"rendered":"<p>&nbsp; Naziv projekta Automatska razmjena informacija: sredstvo suzbijanja porezne evazije&#8230;<\/p>\n","protected":false},"author":511,"featured_media":0,"parent":33665,"menu_order":0,"comment_status":"closed","ping_status":"closed","template":"","meta":{"footnotes":""},"class_list":["post-33683","page","type-page","status-publish","hentry"],"pp_force_visibility":null,"pp_subpost_visibility":null,"pp_inherited_force_visibility":null,"pp_inherited_subpost_visibility":null,"acf":[],"yoast_head":"<!-- This site is optimized with the Yoast SEO plugin v20.1 - https:\/\/yoast.com\/wordpress\/plugins\/seo\/ -->\n<title>Automatska razmjena informacija: sredstvo suzbijanja porezne evazije i prikupljanja poreznih prihoda - AUTORAZINFO - Faculty of law<\/title>\n<meta name=\"robots\" content=\"index, follow, max-snippet:-1, max-image-preview:large, max-video-preview:-1\" \/>\n<link rel=\"canonical\" href=\"https:\/\/www.pravo.unizg.hr\/en\/autorazinfo\/\" \/>\n<meta property=\"og:locale\" content=\"en_US\" \/>\n<meta property=\"og:type\" content=\"article\" \/>\n<meta property=\"og:title\" content=\"Automatska razmjena informacija: sredstvo suzbijanja porezne evazije i prikupljanja poreznih prihoda - AUTORAZINFO - Faculty of law\" \/>\n<meta property=\"og:description\" content=\"&nbsp; Naziv projekta Automatska razmjena informacija: sredstvo suzbijanja porezne evazije...\" \/>\n<meta property=\"og:url\" content=\"https:\/\/www.pravo.unizg.hr\/en\/autorazinfo\/\" \/>\n<meta property=\"og:site_name\" content=\"Faculty of law\" \/>\n<meta property=\"article:modified_time\" content=\"2026-03-23T08:49:53+00:00\" \/>\n<meta property=\"og:image\" content=\"https:\/\/www.pravo.unizg.hr\/wp-content\/uploads\/2025\/10\/next-generation-eu-300x72.png\" \/>\n<meta name=\"twitter:card\" content=\"summary_large_image\" \/>\n<meta name=\"twitter:label1\" content=\"Est. reading time\" \/>\n\t<meta name=\"twitter:data1\" content=\"2 minutes\" \/>\n<script type=\"application\/ld+json\" class=\"yoast-schema-graph\">{\"@context\":\"https:\/\/schema.org\",\"@graph\":[{\"@type\":\"WebPage\",\"@id\":\"https:\/\/www.pravo.unizg.hr\/en\/autorazinfo\/\",\"url\":\"https:\/\/www.pravo.unizg.hr\/en\/autorazinfo\/\",\"name\":\"Automatska razmjena informacija: sredstvo suzbijanja porezne evazije i prikupljanja poreznih prihoda - AUTORAZINFO - Faculty of law\",\"isPartOf\":{\"@id\":\"https:\/\/www.pravo.unizg.hr\/#website\"},\"datePublished\":\"2025-10-20T08:42:38+00:00\",\"dateModified\":\"2026-03-23T08:49:53+00:00\",\"breadcrumb\":{\"@id\":\"https:\/\/www.pravo.unizg.hr\/en\/autorazinfo\/#breadcrumb\"},\"inLanguage\":\"en-US\",\"potentialAction\":[{\"@type\":\"ReadAction\",\"target\":[\"https:\/\/www.pravo.unizg.hr\/en\/autorazinfo\/\"]}]},{\"@type\":\"BreadcrumbList\",\"@id\":\"https:\/\/www.pravo.unizg.hr\/en\/autorazinfo\/#breadcrumb\",\"itemListElement\":[{\"@type\":\"ListItem\",\"position\":1,\"name\":\"Homepage\",\"item\":\"https:\/\/www.pravo.unizg.hr\/en\/\"},{\"@type\":\"ListItem\",\"position\":2,\"name\":\"Projects\",\"item\":\"https:\/\/www.pravo.unizg.hr\/en\/projects\/\"},{\"@type\":\"ListItem\",\"position\":3,\"name\":\"Institucionalni istra\u017eiva\u010dki projekti\",\"item\":\"https:\/\/www.pravo.unizg.hr\/en\/projects\/institucionalni-istrazivacki-projekti\/\"},{\"@type\":\"ListItem\",\"position\":4,\"name\":\"Automatska razmjena informacija: sredstvo suzbijanja porezne evazije i prikupljanja poreznih prihoda &#8211; AUTORAZINFO\"}]},{\"@type\":\"WebSite\",\"@id\":\"https:\/\/www.pravo.unizg.hr\/#website\",\"url\":\"https:\/\/www.pravo.unizg.hr\/\",\"name\":\"Faculty of law\",\"description\":\"\",\"potentialAction\":[{\"@type\":\"SearchAction\",\"target\":{\"@type\":\"EntryPoint\",\"urlTemplate\":\"https:\/\/www.pravo.unizg.hr\/?s={search_term_string}\"},\"query-input\":\"required name=search_term_string\"}],\"inLanguage\":\"en-US\"}]}<\/script>\n<!-- \/ Yoast SEO plugin. -->","yoast_head_json":{"title":"Automatska razmjena informacija: sredstvo suzbijanja porezne evazije i prikupljanja poreznih prihoda - AUTORAZINFO - Faculty of law","robots":{"index":"index","follow":"follow","max-snippet":"max-snippet:-1","max-image-preview":"max-image-preview:large","max-video-preview":"max-video-preview:-1"},"canonical":"https:\/\/www.pravo.unizg.hr\/en\/autorazinfo\/","og_locale":"en_US","og_type":"article","og_title":"Automatska razmjena informacija: sredstvo suzbijanja porezne evazije i prikupljanja poreznih prihoda - AUTORAZINFO - Faculty of law","og_description":"&nbsp; Naziv projekta Automatska razmjena informacija: sredstvo suzbijanja porezne evazije...","og_url":"https:\/\/www.pravo.unizg.hr\/en\/autorazinfo\/","og_site_name":"Faculty of law","article_modified_time":"2026-03-23T08:49:53+00:00","og_image":[{"url":"https:\/\/www.pravo.unizg.hr\/wp-content\/uploads\/2025\/10\/next-generation-eu-300x72.png"}],"twitter_card":"summary_large_image","twitter_misc":{"Est. reading time":"2 minutes"},"schema":{"@context":"https:\/\/schema.org","@graph":[{"@type":"WebPage","@id":"https:\/\/www.pravo.unizg.hr\/en\/autorazinfo\/","url":"https:\/\/www.pravo.unizg.hr\/en\/autorazinfo\/","name":"Automatska razmjena informacija: sredstvo suzbijanja porezne evazije i prikupljanja poreznih prihoda - AUTORAZINFO - Faculty of law","isPartOf":{"@id":"https:\/\/www.pravo.unizg.hr\/#website"},"datePublished":"2025-10-20T08:42:38+00:00","dateModified":"2026-03-23T08:49:53+00:00","breadcrumb":{"@id":"https:\/\/www.pravo.unizg.hr\/en\/autorazinfo\/#breadcrumb"},"inLanguage":"en-US","potentialAction":[{"@type":"ReadAction","target":["https:\/\/www.pravo.unizg.hr\/en\/autorazinfo\/"]}]},{"@type":"BreadcrumbList","@id":"https:\/\/www.pravo.unizg.hr\/en\/autorazinfo\/#breadcrumb","itemListElement":[{"@type":"ListItem","position":1,"name":"Homepage","item":"https:\/\/www.pravo.unizg.hr\/en\/"},{"@type":"ListItem","position":2,"name":"Projects","item":"https:\/\/www.pravo.unizg.hr\/en\/projects\/"},{"@type":"ListItem","position":3,"name":"Institucionalni istra\u017eiva\u010dki projekti","item":"https:\/\/www.pravo.unizg.hr\/en\/projects\/institucionalni-istrazivacki-projekti\/"},{"@type":"ListItem","position":4,"name":"Automatska razmjena informacija: sredstvo suzbijanja porezne evazije i prikupljanja poreznih prihoda &#8211; AUTORAZINFO"}]},{"@type":"WebSite","@id":"https:\/\/www.pravo.unizg.hr\/#website","url":"https:\/\/www.pravo.unizg.hr\/","name":"Faculty of law","description":"","potentialAction":[{"@type":"SearchAction","target":{"@type":"EntryPoint","urlTemplate":"https:\/\/www.pravo.unizg.hr\/?s={search_term_string}"},"query-input":"required name=search_term_string"}],"inLanguage":"en-US"}]}},"_links":{"self":[{"href":"https:\/\/www.pravo.unizg.hr\/en\/wp-json\/wp\/v2\/pages\/33683","targetHints":{"allow":["GET"]}}],"collection":[{"href":"https:\/\/www.pravo.unizg.hr\/en\/wp-json\/wp\/v2\/pages"}],"about":[{"href":"https:\/\/www.pravo.unizg.hr\/en\/wp-json\/wp\/v2\/types\/page"}],"author":[{"embeddable":true,"href":"https:\/\/www.pravo.unizg.hr\/en\/wp-json\/wp\/v2\/users\/511"}],"replies":[{"embeddable":true,"href":"https:\/\/www.pravo.unizg.hr\/en\/wp-json\/wp\/v2\/comments?post=33683"}],"version-history":[{"count":1,"href":"https:\/\/www.pravo.unizg.hr\/en\/wp-json\/wp\/v2\/pages\/33683\/revisions"}],"predecessor-version":[{"id":33684,"href":"https:\/\/www.pravo.unizg.hr\/en\/wp-json\/wp\/v2\/pages\/33683\/revisions\/33684"}],"up":[{"embeddable":true,"href":"https:\/\/www.pravo.unizg.hr\/en\/wp-json\/wp\/v2\/pages\/33665"}],"wp:attachment":[{"href":"https:\/\/www.pravo.unizg.hr\/en\/wp-json\/wp\/v2\/media?parent=33683"}],"curies":[{"name":"wp","href":"https:\/\/api.w.org\/{rel}","templated":true}]}}