{"id":33681,"date":"2025-10-20T09:28:01","date_gmt":"2025-10-20T08:28:01","guid":{"rendered":"https:\/\/www.pravo.unizg.hr\/projects\/institucionalni-istrazivacki-projekti\/afreedomrh\/"},"modified":"2026-03-23T09:49:41","modified_gmt":"2026-03-23T08:49:41","slug":"afreedomrh","status":"publish","type":"page","link":"https:\/\/www.pravo.unizg.hr\/en\/afreedomrh","title":{"rendered":"Akademske slobode u Republici Hrvatskoj: u\u010dinkovitost i funkcionalnost podsustava osiguravanja kvalitete i podsustava kvalifikacijskog okvira u primjeni akademskih sloboda &#8211; AFreedomRH"},"content":{"rendered":"<p style=\"padding-left: 480px;\"><img loading=\"lazy\" decoding=\"async\" class=\"size-medium wp-image-28800 alignright\" src=\"https:\/\/www.pravo.unizg.hr\/wp-content\/uploads\/2025\/10\/next-generation-eu-300x72.png\" alt=\"\" width=\"300\" height=\"72\" srcset=\"https:\/\/www.pravo.unizg.hr\/wp-content\/uploads\/2025\/10\/next-generation-eu-300x72.png 300w, https:\/\/www.pravo.unizg.hr\/wp-content\/uploads\/2025\/10\/next-generation-eu-768x184.png 768w, https:\/\/www.pravo.unizg.hr\/wp-content\/uploads\/2025\/10\/next-generation-eu.png 1020w\" sizes=\"auto, (max-width: 300px) 100vw, 300px\" \/><\/p>\n<p>&nbsp;<\/p>\n<p><span style=\"color: #8b0b05;\"><span style=\"color: #000000;\">Naziv projekta<\/span><strong><br \/>\nAkademske slobode u Republici Hrvatskoj: u\u010dinkovitost i funkcionalnost podsustava<br \/>\nosiguravanja kvalitete i podsustava kvalifikacijskog okvira u primjeni akademskih sloboda<\/strong><\/span><\/p>\n<p style=\"padding-left: 40px;\">Akronim<br \/>\n<span style=\"color: #000000;\"><strong>AFreedomRH<\/strong><\/span><\/p>\n<p style=\"padding-left: 40px;\">Trajanje projekta<br \/>\n<strong>48 mjeseci<\/strong><\/p>\n<p style=\"padding-left: 40px;\">Voditeljica projekta<br \/>\n<strong>prof. dr. sc. Ksenija Grubi\u0161i\u0107<\/strong><\/p>\n<p style=\"padding-left: 40px;\">\u010clanice\/\u010dlanovi istra\u017eiva\u010dkog tima<br \/>\n<strong>dr. sc. Mateja \u010cehuli\u0107<\/strong>,<br \/>\nKatedra za sociologiju, Pravni fakultet Sveu\u010dili\u0161ta u Zagrebu<br \/>\n<strong>doc. dr. sc. Stjepka Popovi\u0107<\/strong>,<br \/>\nKatedra za sociologiju, Pravni fakultet Sveu\u010dili\u0161ta u Zagrebu<br \/>\n<strong>prof. dr. sc. Sini\u0161a Zrin\u0161\u010dak<\/strong>,<br \/>\nKatedra za sociologiju, Pravni fakultet Sveu\u010dili\u0161ta u Zagrebu<br \/>\n<strong>dr. sc. Tomislav Bracanovi\u0107<\/strong>,<br \/>\nInstitut za filozofiju<br \/>\n<strong>professor Emerita Melita Kova\u010devi\u0107<\/strong><\/p>\n<p>&nbsp;<\/p>\n<p style=\"padding-left: 40px;\"><strong>Sa\u017eetak projekta<\/strong><\/p>\n<p style=\"padding-left: 40px; text-align: justify;\">Uspostava Europskog prostora visokog obrazovanja (dalje u tekstu: EPVO), koja je zapo\u010dela prije vi\u0161e od dva i pol desetlje\u0107a, podrazumijevala je prvenstveno ja\u010danje integrativnih procesa me\u0111u nacionalnim sustavima visokog obrazovanja i znanosti u pogledu nastavne i znanstvene djelatnosti. Kako bi se, pritom, osigurali \u017eeljeni ciljevi unaprje\u0111enja tih djelatnosti, ubrzo su se po\u010deli donositi zajedni\u010dki standardi kvalitete koji svi sustavi i pripadaju\u0107a sveu\u010dili\u0161ta trebaju zadovoljiti. Me\u0111utim, recentna europska istra\u017eivanja pokazuju kako u tim integrativnim procesima dolazi do naru\u0161avanja razli\u010ditih oblika akademskih sloboda odnosno razli\u010ditih dimenzija autonomije sveu\u010dili\u0161ta. To vrijedi i za Republiku Hrvatsku. Ujedno se u tim istra\u017eivanjima kao naj\u010de\u0161\u0107e pote\u0161ko\u0107e po\u0161tivanja akademskih sloboda isti\u010du odre\u0111ivanje njihova op\u0107eprihva\u0107enog sadr\u017eaja, pa s tim povezano i problem jednozna\u010dnog odre\u0111ivanja pokazatelja (ne)po\u0161tivanja akademskih sloboda. Slijedom navedenog, glavni cilj ovog projekta je interdisciplinarno i komparativno &#8211; primjenom filozofskih metoda konceptualne analize i hermenuti\u010dke metode, normativnom i dogmatskom pravnom metodom, sociolo\u0161kom funkcionalisti\u010dkom i odabranim empirijskim metodama (anketama i fokus grupama) \u2013 istra\u017eiti kriterije u\u010dinkovitosti i funkcionalnosti podsustava osiguravanja kvalitete i podsustava kvalifikacijskog okvira u odnosu na pokazatelje (ne)po\u0161tivanja akademskih sloboda odre\u0111ene na europskoj razini. Fokus istra\u017eivanja je na po\u0161tivanju akademskih sloboda u nastavnom procesu i ostvarivanju institucionalne autonomije. Temeljem dobivenih rezultate planiranih istra\u017eivanja odredit \u0107e se funkcije te metodologija pra\u0107enja unaprje\u0111enja u\u010dinkovitosti oba istaknuta podsustava sustava visokog obrazovanja u Republici Hrvatskoj, kao i kriteriji po\u0161tivanja akademskih sloboda u odnosu na tako odre\u0111ene funkcije i u\u010dinke.<\/p>\n","protected":false},"excerpt":{"rendered":"<p>&nbsp; Naziv projekta Akademske slobode u Republici Hrvatskoj: u\u010dinkovitost i&#8230;<\/p>\n","protected":false},"author":511,"featured_media":0,"parent":33665,"menu_order":0,"comment_status":"closed","ping_status":"closed","template":"","meta":{"footnotes":""},"class_list":["post-33681","page","type-page","status-publish","hentry"],"pp_force_visibility":null,"pp_subpost_visibility":null,"pp_inherited_force_visibility":null,"pp_inherited_subpost_visibility":null,"acf":[],"yoast_head":"<!-- This site is optimized with the Yoast SEO plugin v20.1 - https:\/\/yoast.com\/wordpress\/plugins\/seo\/ -->\n<title>Akademske slobode u Republici Hrvatskoj: u\u010dinkovitost i funkcionalnost podsustava osiguravanja kvalitete i podsustava kvalifikacijskog okvira u primjeni akademskih sloboda - AFreedomRH - Faculty of law<\/title>\n<meta name=\"robots\" content=\"index, follow, max-snippet:-1, max-image-preview:large, max-video-preview:-1\" \/>\n<link rel=\"canonical\" href=\"https:\/\/www.pravo.unizg.hr\/en\/afreedomrh\/\" \/>\n<meta property=\"og:locale\" content=\"en_US\" \/>\n<meta property=\"og:type\" content=\"article\" \/>\n<meta property=\"og:title\" content=\"Akademske slobode u Republici Hrvatskoj: u\u010dinkovitost i funkcionalnost podsustava osiguravanja kvalitete i podsustava kvalifikacijskog okvira u primjeni akademskih sloboda - AFreedomRH - Faculty of law\" \/>\n<meta property=\"og:description\" content=\"&nbsp; Naziv projekta Akademske slobode u Republici Hrvatskoj: u\u010dinkovitost i...\" \/>\n<meta property=\"og:url\" content=\"https:\/\/www.pravo.unizg.hr\/en\/afreedomrh\/\" \/>\n<meta property=\"og:site_name\" content=\"Faculty of law\" \/>\n<meta property=\"article:modified_time\" content=\"2026-03-23T08:49:41+00:00\" \/>\n<meta property=\"og:image\" content=\"https:\/\/www.pravo.unizg.hr\/wp-content\/uploads\/2025\/10\/next-generation-eu-300x72.png\" \/>\n<meta name=\"twitter:card\" content=\"summary_large_image\" \/>\n<meta name=\"twitter:label1\" content=\"Est. reading time\" \/>\n\t<meta name=\"twitter:data1\" content=\"2 minutes\" \/>\n<script type=\"application\/ld+json\" class=\"yoast-schema-graph\">{\"@context\":\"https:\/\/schema.org\",\"@graph\":[{\"@type\":\"WebPage\",\"@id\":\"https:\/\/www.pravo.unizg.hr\/en\/afreedomrh\/\",\"url\":\"https:\/\/www.pravo.unizg.hr\/en\/afreedomrh\/\",\"name\":\"Akademske slobode u Republici Hrvatskoj: u\u010dinkovitost i funkcionalnost podsustava osiguravanja kvalitete i podsustava kvalifikacijskog okvira u primjeni akademskih sloboda - AFreedomRH - Faculty of law\",\"isPartOf\":{\"@id\":\"https:\/\/www.pravo.unizg.hr\/#website\"},\"datePublished\":\"2025-10-20T08:28:01+00:00\",\"dateModified\":\"2026-03-23T08:49:41+00:00\",\"breadcrumb\":{\"@id\":\"https:\/\/www.pravo.unizg.hr\/en\/afreedomrh\/#breadcrumb\"},\"inLanguage\":\"en-US\",\"potentialAction\":[{\"@type\":\"ReadAction\",\"target\":[\"https:\/\/www.pravo.unizg.hr\/en\/afreedomrh\/\"]}]},{\"@type\":\"BreadcrumbList\",\"@id\":\"https:\/\/www.pravo.unizg.hr\/en\/afreedomrh\/#breadcrumb\",\"itemListElement\":[{\"@type\":\"ListItem\",\"position\":1,\"name\":\"Homepage\",\"item\":\"https:\/\/www.pravo.unizg.hr\/en\/\"},{\"@type\":\"ListItem\",\"position\":2,\"name\":\"Projects\",\"item\":\"https:\/\/www.pravo.unizg.hr\/en\/projects\/\"},{\"@type\":\"ListItem\",\"position\":3,\"name\":\"Institucionalni istra\u017eiva\u010dki projekti\",\"item\":\"https:\/\/www.pravo.unizg.hr\/en\/projects\/institucionalni-istrazivacki-projekti\/\"},{\"@type\":\"ListItem\",\"position\":4,\"name\":\"Akademske slobode u Republici Hrvatskoj: u\u010dinkovitost i funkcionalnost podsustava osiguravanja kvalitete i podsustava kvalifikacijskog okvira u primjeni akademskih sloboda &#8211; AFreedomRH\"}]},{\"@type\":\"WebSite\",\"@id\":\"https:\/\/www.pravo.unizg.hr\/#website\",\"url\":\"https:\/\/www.pravo.unizg.hr\/\",\"name\":\"Faculty of law\",\"description\":\"\",\"potentialAction\":[{\"@type\":\"SearchAction\",\"target\":{\"@type\":\"EntryPoint\",\"urlTemplate\":\"https:\/\/www.pravo.unizg.hr\/?s={search_term_string}\"},\"query-input\":\"required name=search_term_string\"}],\"inLanguage\":\"en-US\"}]}<\/script>\n<!-- \/ Yoast SEO plugin. -->","yoast_head_json":{"title":"Akademske slobode u Republici Hrvatskoj: u\u010dinkovitost i funkcionalnost podsustava osiguravanja kvalitete i podsustava kvalifikacijskog okvira u primjeni akademskih sloboda - AFreedomRH - Faculty of law","robots":{"index":"index","follow":"follow","max-snippet":"max-snippet:-1","max-image-preview":"max-image-preview:large","max-video-preview":"max-video-preview:-1"},"canonical":"https:\/\/www.pravo.unizg.hr\/en\/afreedomrh\/","og_locale":"en_US","og_type":"article","og_title":"Akademske slobode u Republici Hrvatskoj: u\u010dinkovitost i funkcionalnost podsustava osiguravanja kvalitete i podsustava kvalifikacijskog okvira u primjeni akademskih sloboda - AFreedomRH - Faculty of law","og_description":"&nbsp; Naziv projekta Akademske slobode u Republici Hrvatskoj: u\u010dinkovitost i...","og_url":"https:\/\/www.pravo.unizg.hr\/en\/afreedomrh\/","og_site_name":"Faculty of law","article_modified_time":"2026-03-23T08:49:41+00:00","og_image":[{"url":"https:\/\/www.pravo.unizg.hr\/wp-content\/uploads\/2025\/10\/next-generation-eu-300x72.png"}],"twitter_card":"summary_large_image","twitter_misc":{"Est. reading time":"2 minutes"},"schema":{"@context":"https:\/\/schema.org","@graph":[{"@type":"WebPage","@id":"https:\/\/www.pravo.unizg.hr\/en\/afreedomrh\/","url":"https:\/\/www.pravo.unizg.hr\/en\/afreedomrh\/","name":"Akademske slobode u Republici Hrvatskoj: u\u010dinkovitost i funkcionalnost podsustava osiguravanja kvalitete i podsustava kvalifikacijskog okvira u primjeni akademskih sloboda - AFreedomRH - Faculty of law","isPartOf":{"@id":"https:\/\/www.pravo.unizg.hr\/#website"},"datePublished":"2025-10-20T08:28:01+00:00","dateModified":"2026-03-23T08:49:41+00:00","breadcrumb":{"@id":"https:\/\/www.pravo.unizg.hr\/en\/afreedomrh\/#breadcrumb"},"inLanguage":"en-US","potentialAction":[{"@type":"ReadAction","target":["https:\/\/www.pravo.unizg.hr\/en\/afreedomrh\/"]}]},{"@type":"BreadcrumbList","@id":"https:\/\/www.pravo.unizg.hr\/en\/afreedomrh\/#breadcrumb","itemListElement":[{"@type":"ListItem","position":1,"name":"Homepage","item":"https:\/\/www.pravo.unizg.hr\/en\/"},{"@type":"ListItem","position":2,"name":"Projects","item":"https:\/\/www.pravo.unizg.hr\/en\/projects\/"},{"@type":"ListItem","position":3,"name":"Institucionalni istra\u017eiva\u010dki projekti","item":"https:\/\/www.pravo.unizg.hr\/en\/projects\/institucionalni-istrazivacki-projekti\/"},{"@type":"ListItem","position":4,"name":"Akademske slobode u Republici Hrvatskoj: u\u010dinkovitost i funkcionalnost podsustava osiguravanja kvalitete i podsustava kvalifikacijskog okvira u primjeni akademskih sloboda &#8211; AFreedomRH"}]},{"@type":"WebSite","@id":"https:\/\/www.pravo.unizg.hr\/#website","url":"https:\/\/www.pravo.unizg.hr\/","name":"Faculty of law","description":"","potentialAction":[{"@type":"SearchAction","target":{"@type":"EntryPoint","urlTemplate":"https:\/\/www.pravo.unizg.hr\/?s={search_term_string}"},"query-input":"required name=search_term_string"}],"inLanguage":"en-US"}]}},"_links":{"self":[{"href":"https:\/\/www.pravo.unizg.hr\/en\/wp-json\/wp\/v2\/pages\/33681","targetHints":{"allow":["GET"]}}],"collection":[{"href":"https:\/\/www.pravo.unizg.hr\/en\/wp-json\/wp\/v2\/pages"}],"about":[{"href":"https:\/\/www.pravo.unizg.hr\/en\/wp-json\/wp\/v2\/types\/page"}],"author":[{"embeddable":true,"href":"https:\/\/www.pravo.unizg.hr\/en\/wp-json\/wp\/v2\/users\/511"}],"replies":[{"embeddable":true,"href":"https:\/\/www.pravo.unizg.hr\/en\/wp-json\/wp\/v2\/comments?post=33681"}],"version-history":[{"count":1,"href":"https:\/\/www.pravo.unizg.hr\/en\/wp-json\/wp\/v2\/pages\/33681\/revisions"}],"predecessor-version":[{"id":33682,"href":"https:\/\/www.pravo.unizg.hr\/en\/wp-json\/wp\/v2\/pages\/33681\/revisions\/33682"}],"up":[{"embeddable":true,"href":"https:\/\/www.pravo.unizg.hr\/en\/wp-json\/wp\/v2\/pages\/33665"}],"wp:attachment":[{"href":"https:\/\/www.pravo.unizg.hr\/en\/wp-json\/wp\/v2\/media?parent=33681"}],"curies":[{"name":"wp","href":"https:\/\/api.w.org\/{rel}","templated":true}]}}