{"id":33665,"date":"2025-10-15T09:38:14","date_gmt":"2025-10-15T08:38:14","guid":{"rendered":"https:\/\/www.pravo.unizg.hr\/projects\/institucionalni-istrazivacki-projekti\/"},"modified":"2026-03-23T10:01:32","modified_gmt":"2026-03-23T09:01:32","slug":"institucionalni-istrazivacki-projekti","status":"publish","type":"page","link":"https:\/\/www.pravo.unizg.hr\/en\/projects\/institucionalni-istrazivacki-projekti\/","title":{"rendered":"Institucionalni istra\u017eiva\u010dki projekti"},"content":{"rendered":"<p>&nbsp;<\/p>\n<p><strong>Akademske slobode u Republici Hrvatskoj: u\u010dinkovitost i funkcionalnost podsustava osiguravanja kvalitete i podsustava kvalifikacijskog okvira u primjerni akademskih sloboda &#8211; AFreedomRH<\/strong><\/p>\n<ul>\n<li><a href=\"https:\/\/www.pravo.unizg.hr\/en\/afreedomrh\">Stranice projekta AFreedomRH<\/a><\/li>\n<\/ul>\n<p>&nbsp;<\/p>\n<p><strong>Automatska razmjena informacija: sredstvo suzbijanja porezne evazije i prikupljanja poreznih prihoda &#8211; AUTORAZINFO<\/strong><\/p>\n<ul>\n<li><a href=\"https:\/\/www.pravo.unizg.hr\/en\/autorazinfo\">Stranica projekta AUTORAZINFO<\/a><\/li>\n<\/ul>\n<p>&nbsp;<\/p>\n<p><strong>Umjetna inteligencija i autorsko pravo &#8211; odr\u017eivi kompromis &#8211; CopyrightAI-balans<\/strong><\/p>\n<ul>\n<li><a href=\"https:\/\/www.pravo.unizg.hr\/en\/copyrightai-balans\">Stranica projekta CopyrightAI-balans<\/a><\/li>\n<\/ul>\n<p>&nbsp;<\/p>\n<p><strong>Femicid i rodno utemeljeno nasilje u Republici Hrvatskoj &#8211; sustavna analiza zakonskih rje\u0161enja i sudske prakse &#8211; CroFem<\/strong><\/p>\n<ul>\n<li><a href=\"https:\/\/www.pravo.unizg.hr\/en\/crofem\">Stranica projekta CroFem<\/a><\/li>\n<\/ul>\n<p>&nbsp;<\/p>\n<p><strong>Djeca i mladi, maloljetni po\u010dinitelji nasilnih i \u0161tetnih interakcija u digitalnom prostoru &#8211; karakteristike, pra\u0107enje i intervencije &#8211; CYBER_CHILD<\/strong><\/p>\n<ul>\n<li><a href=\"https:\/\/www.pravo.unizg.hr\/en\/cyber_child\">Stranica projekta CYBER_CHILD<\/a><\/li>\n<\/ul>\n<p>&nbsp;<\/p>\n<p><strong>Izazovi digitalne transformacije gra\u0111anskog pravosu\u0111a &#8211; DigiGraP<\/strong><\/p>\n<ul>\n<li><a href=\"https:\/\/www.pravo.unizg.hr\/en\/digigrap\">Stranica projekta DigiGraP<\/a><\/li>\n<\/ul>\n<p>&nbsp;<\/p>\n<p><strong>Dru\u0161tveno odgovorna javna nabava &#8211; ja\u010danje institucionalnih kapaciteta primjene u praksi &#8211; DOJN<\/strong><\/p>\n<ul>\n<li><a href=\"https:\/\/www.pravo.unizg.hr\/en\/dojn\">Stranica projekta DOJN<\/a><\/li>\n<\/ul>\n<p>&nbsp;<\/p>\n<p><strong>Kriti\u010dki pristup za\u0161titi temeljnih prava i ustavnih na\u010dela Europske unije &#8211; Eukrit<\/strong><\/p>\n<ul>\n<li><a href=\"https:\/\/www.pravo.unizg.hr\/en\/eukrit\">Stranica projekta Eukrit<\/a><\/li>\n<\/ul>\n<p>&nbsp;<\/p>\n<p><strong>Imovinski odnosi (izvan)bra\u010dnih drugova na sjeci\u0161tu obiteljskog, gra\u0111anskog i trgova\u010dkog prava &#8211; IOIBD<\/strong><\/p>\n<ul>\n<li><a href=\"https:\/\/www.pravo.unizg.hr\/en\/ioibd\">Stranica projekta IOIBD<\/a><\/li>\n<\/ul>\n<p>&nbsp;<\/p>\n<p><strong>Kiberneti\u010dka sigurnost 2.0 Analiza regulatornih inovacija i njihove provedbe u Hrvatskoj &#8211; KIBERSIG2<\/strong><\/p>\n<ul>\n<li><a href=\"https:\/\/www.pravo.unizg.hr\/en\/kibersig2\">Stranica projekta KIBERSIG2<\/a><\/li>\n<\/ul>\n<p>&nbsp;<\/p>\n<p><strong>Komunikacijska kompetencija pravnih stru\u010dnjaka u vi\u0161ejezi\u010dnom okru\u017eenju &#8211; KOMPRAS<\/strong><\/p>\n<ul>\n<li><a href=\"https:\/\/www.pravo.unizg.hr\/en\/kompras\">Stranica projekta KOMPRAS<\/a><\/li>\n<\/ul>\n<p>&nbsp;<\/p>\n<p><strong>Kontinuitet i promjena pravnog poretka &#8211; Hrvatska i Europa &#8211; KONPROM-HR-EU<\/strong><\/p>\n<ul>\n<li><a href=\"https:\/\/www.pravo.unizg.hr\/en\/konprom-hr-eu\">Stranica projekta KONPROM-HR-EU<\/a><\/li>\n<\/ul>\n<p>&nbsp;<\/p>\n<p><strong>Regulatorni okvir i stvarnost korporativnog upravljanja u svjetlu pristupa Republike Hrvatske OECD-u &#8211; KORPUP<\/strong><\/p>\n<ul>\n<li><a href=\"https:\/\/www.pravo.unizg.hr\/en\/korpup\">Stranica projekta KORPUP<\/a><\/li>\n<\/ul>\n<p>&nbsp;<\/p>\n<p><strong>Kombinirana socijalna politika: uloga poslodavca i tre\u0107eg sektora u programima socijalne politike i razvoju socijalnih inovacija u Hrvatskoj &#8211; KSP-RH<\/strong><\/p>\n<ul>\n<li><a href=\"https:\/\/www.pravo.unizg.hr\/en\/ksp-rh\">Stranica projekta KSP-RH<\/a><\/li>\n<\/ul>\n<p>&nbsp;<\/p>\n<p><strong>Pravo na zdrav okoli\u0161 u doba klimatskih promjena: unaprje\u0111enje mehanizama pravne za\u0161tite na nacionalnoj, europskoj i me\u0111unarodnoj razini &#8211; LAW4CLIMATE \u2013 PRAVO ZA KLIMU<\/strong><\/p>\n<ul>\n<li><a href=\"https:\/\/www.pravo.unizg.hr\/en\/law4climate\">Stranica projekta LAW4CLIMATE \u2013 PRAVO ZA KLIMU<\/a><\/li>\n<\/ul>\n<p>&nbsp;<\/p>\n<p><strong>Metode tuma\u010denja u praksi Ustavnog suda Republike Hrvatske &#8211; METUS<\/strong><\/p>\n<ul>\n<li><a href=\"https:\/\/www.pravo.unizg.hr\/en\/metus\">Stranica projekta METUS<\/a><\/li>\n<\/ul>\n<p>&nbsp;<\/p>\n<p><strong>Pra\u0107enje provedbe Akta o digitalnim uslugama i njegova utjecaja na medije u Republici Hrvatskoj &#8211; Mon-ADU<\/strong><\/p>\n<ul>\n<li><a href=\"https:\/\/www.pravo.unizg.hr\/en\/mon-adu\">Stranica projekta Mon-ADU<\/a><\/li>\n<\/ul>\n<p>&nbsp;<\/p>\n<p><strong>Mentalno zdravlje i oporavak osoba s psihosocijalnim te\u0161ko\u0107ama u Republici Hrvatskoj &#8211; MOOPS<\/strong><\/p>\n<ul>\n<li><a href=\"https:\/\/www.pravo.unizg.hr\/en\/moops\">Stranica projekta MOOPS<\/a><\/li>\n<\/ul>\n<p>&nbsp;<\/p>\n<p><strong>Modernizacija \u017ealbenog postupka u kaznenim stvarima u Hrvatskoj: prijedlog reforme utemeljen na komparativno-pravnom i empirijskom istra\u017eivanju &#8211; MoZaK<\/strong><\/p>\n<ul>\n<li><a href=\"https:\/\/www.pravo.unizg.hr\/en\/mozak\">Stranica projekta MoZaK<\/a><\/li>\n<\/ul>\n<p>&nbsp;<\/p>\n<p><strong>Norme, institucije, nacionalni i me\u0111unarodni okviri za\u0161tite prava \u017eena &#8211; NINA<\/strong><\/p>\n<ul>\n<li><a href=\"https:\/\/www.pravo.unizg.hr\/en\/nina\">Stranica projekta NINA<\/a><\/li>\n<\/ul>\n<p>&nbsp;<\/p>\n<p><strong>Inovacije za otpornu javnu upravu: istra\u017eivanje i ja\u010danje kapaciteta za javno upravljanje u vi\u0161estrukim krizama &#8211; OTPOR<\/strong><\/p>\n<ul>\n<li><a href=\"https:\/\/www.pravo.unizg.hr\/en\/otpor\">Stranica projekta OTPOR<\/a><\/li>\n<\/ul>\n<p>&nbsp;<\/p>\n<p><strong>Utjecaj pravne kulture na pozitivno pravne i ekonomske fenomene &#8211; PKPEF<\/strong><\/p>\n<ul>\n<li><a href=\"https:\/\/www.pravo.unizg.hr\/en\/pkpef\">Stranica projekta PKPEF<\/a><\/li>\n<\/ul>\n<p>&nbsp;<\/p>\n<p><strong>Pravo na obitelj? Izazovi spajanja obitelji i pristupa socijalnim pravima migrantskih radnika iz Azije u Hrvatskoj &#8211; PRAVOBI<\/strong><\/p>\n<ul>\n<li><a href=\"https:\/\/www.pravo.unizg.hr\/en\/pravobi\">Stranica projekta PRAVOBI<\/a><\/li>\n<\/ul>\n<p>&nbsp;<\/p>\n<p><strong>Prilika za promjenu: novi pristup analizi provedbe mjera za\u0161tite djece u visokom riziku &#8211; PZPPROJEKT<\/strong><\/p>\n<ul>\n<li><a href=\"https:\/\/www.pravo.unizg.hr\/en\/pzpprojekt\">Stranica projekta PZPPROJEKT<\/a><\/li>\n<\/ul>\n<p>&nbsp;<\/p>\n<p><strong>Razdvojeno roditeljstvo &#8211; uloga sustava socijalne skrbi &#8211; RaroSS<\/strong><\/p>\n<ul>\n<li><a href=\"https:\/\/www.pravo.unizg.hr\/en\/raross\">Stranica projekta RaroSS<\/a><\/li>\n<\/ul>\n<p>&nbsp;<\/p>\n<p><strong>Rimsko pravo i razvoj hrvatske privatnopravne terminologije u predmodernom razdoblju &#8211; RATIO<\/strong><\/p>\n<ul>\n<li><a href=\"https:\/\/www.pravo.unizg.hr\/en\/ratio\">Stranica projekta RATIO<\/a><\/li>\n<\/ul>\n<p>&nbsp;<\/p>\n<p><strong>Radna i socijalna prava zaposlenih roditelja &#8211; RAZAR<\/strong><\/p>\n<ul>\n<li><a href=\"https:\/\/www.pravo.unizg.hr\/en\/razar\">Stranica projekta RAZAR<\/a><\/li>\n<\/ul>\n<p>&nbsp;<\/p>\n<p><strong>Sukobi izme\u0111u normi i tradicionalni kriteriji njihova rje\u0161avanja u modrenim pravnim poretcima &#8211; SINTraK<\/strong><\/p>\n<ul>\n<li><a href=\"https:\/\/www.pravo.unizg.hr\/en\/sintrak\">Stranica projekta SINTraK<\/a><\/li>\n<\/ul>\n<p>&nbsp;<\/p>\n<p><strong>Modeliranje univerzalne dostupnosti socijalnih usluga u Hrvatskoj pristupom sistemske dinamike &#8211; SOC-DYN<\/strong><\/p>\n<ul>\n<li><a href=\"https:\/\/www.pravo.unizg.hr\/en\/soc-dyn\">Stranica projekta SOC-DYN<\/a><\/li>\n<\/ul>\n<p>&nbsp;<\/p>\n<p><strong>Socijalne odrednice mentalnog zdravlja djece u ranoj adolescenciji &#8211; SOMED<\/strong><\/p>\n<ul>\n<li><a href=\"https:\/\/www.pravo.unizg.hr\/en\/somed\">Stranica projekta SOMED<\/a><\/li>\n<\/ul>\n<p>&nbsp;<\/p>\n<p><strong>Reforme i inovacije u hrvatskom stambenom pravu: stambeni odnosi izme\u0111u vlasni\u0161tva i najma &#8211; SOS-STAN<\/strong><\/p>\n<ul>\n<li><a href=\"https:\/\/www.pravo.unizg.hr\/en\/sos-stan\">Stranica projekta SOS-STAN<\/a><\/li>\n<\/ul>\n<p>&nbsp;<\/p>\n<p><strong>Unapre\u0111enje statusa i za\u0161tite neovisnosti sudaca i dr\u017eavnih odvjetnika u Hrvatskoj &#8211; STATUS4JUSTICE<\/strong><\/p>\n<ul>\n<li><a href=\"https:\/\/www.pravo.unizg.hr\/en\/status4justice\">Stranica projekta STATUS4JUSTICE<\/a><\/li>\n<\/ul>\n<p>&nbsp;<\/p>\n<p><strong>Seksualno zlostavljanje djece: znanje, stavovi i spremnost na reagiranje stru\u010dnjaka, studenata i javnosti &#8211; SZD_REAGIRAJ<\/strong><\/p>\n<ul>\n<li><a href=\"https:\/\/www.pravo.unizg.hr\/en\/szd_reagiraj\">Stranica projekta SZD_REAGIRAJ<\/a><\/li>\n<\/ul>\n<p>&nbsp;<\/p>\n<p><strong>Transformacija lokalne i regionalne samouprave: decentralizacija, teritorijalni razvoj, urbana regeneracija i dru\u0161tvene promjene &#8211; TRANSFORM<\/strong><\/p>\n<ul>\n<li><a href=\"https:\/\/www.pravo.unizg.hr\/en\/transform\">Stranica projekta TRANSFORM<\/a><\/li>\n<\/ul>\n<p>&nbsp;<\/p>\n<p><strong>U\u010dinci transformacije europskih prioriteta na pravo Unije &#8211; TransformEU<\/strong><\/p>\n<ul>\n<li><a href=\"https:\/\/www.pravo.unizg.hr\/en\/transformeu\">Stranica projekta TransformEU<\/a><\/li>\n<\/ul>\n<p>&nbsp;<\/p>\n<p><strong>Tehnolo\u0161ka i policy transformacija hrvatskog prometnog prava &#8211; TRANSPROM<\/strong><\/p>\n<ul>\n<li><a href=\"https:\/\/www.pravo.unizg.hr\/en\/transprom\">Stranica projekta TRANSPROM<\/a><\/li>\n<\/ul>\n<p>&nbsp;<\/p>\n","protected":false},"excerpt":{"rendered":"<p>&nbsp; Akademske slobode u Republici Hrvatskoj: u\u010dinkovitost i funkcionalnost podsustava&#8230;<\/p>\n","protected":false},"author":511,"featured_media":0,"parent":8735,"menu_order":0,"comment_status":"closed","ping_status":"closed","template":"","meta":{"footnotes":""},"class_list":["post-33665","page","type-page","status-publish","hentry"],"pp_force_visibility":null,"pp_subpost_visibility":null,"pp_inherited_force_visibility":null,"pp_inherited_subpost_visibility":null,"acf":[],"yoast_head":"<!-- This site is optimized with the Yoast SEO plugin v20.1 - https:\/\/yoast.com\/wordpress\/plugins\/seo\/ -->\n<title>Institucionalni istra\u017eiva\u010dki projekti - Faculty of law<\/title>\n<meta name=\"robots\" content=\"index, follow, max-snippet:-1, max-image-preview:large, max-video-preview:-1\" \/>\n<link rel=\"canonical\" href=\"https:\/\/www.pravo.unizg.hr\/en\/projects\/institucionalni-istrazivacki-projekti\/\" \/>\n<meta property=\"og:locale\" content=\"en_US\" \/>\n<meta property=\"og:type\" content=\"article\" \/>\n<meta property=\"og:title\" content=\"Institucionalni istra\u017eiva\u010dki projekti - Faculty of law\" \/>\n<meta property=\"og:description\" content=\"&nbsp; Akademske slobode u Republici Hrvatskoj: u\u010dinkovitost i funkcionalnost podsustava...\" \/>\n<meta property=\"og:url\" content=\"https:\/\/www.pravo.unizg.hr\/en\/projects\/institucionalni-istrazivacki-projekti\/\" \/>\n<meta property=\"og:site_name\" content=\"Faculty of law\" \/>\n<meta property=\"article:modified_time\" content=\"2026-03-23T09:01:32+00:00\" \/>\n<meta name=\"twitter:card\" content=\"summary_large_image\" \/>\n<meta name=\"twitter:label1\" content=\"Est. reading time\" \/>\n\t<meta name=\"twitter:data1\" content=\"3 minutes\" \/>\n<script type=\"application\/ld+json\" class=\"yoast-schema-graph\">{\"@context\":\"https:\/\/schema.org\",\"@graph\":[{\"@type\":\"WebPage\",\"@id\":\"https:\/\/www.pravo.unizg.hr\/en\/projects\/institucionalni-istrazivacki-projekti\/\",\"url\":\"https:\/\/www.pravo.unizg.hr\/en\/projects\/institucionalni-istrazivacki-projekti\/\",\"name\":\"Institucionalni istra\u017eiva\u010dki projekti - Faculty of law\",\"isPartOf\":{\"@id\":\"https:\/\/www.pravo.unizg.hr\/#website\"},\"datePublished\":\"2025-10-15T08:38:14+00:00\",\"dateModified\":\"2026-03-23T09:01:32+00:00\",\"breadcrumb\":{\"@id\":\"https:\/\/www.pravo.unizg.hr\/en\/projects\/institucionalni-istrazivacki-projekti\/#breadcrumb\"},\"inLanguage\":\"en-US\",\"potentialAction\":[{\"@type\":\"ReadAction\",\"target\":[\"https:\/\/www.pravo.unizg.hr\/en\/projects\/institucionalni-istrazivacki-projekti\/\"]}]},{\"@type\":\"BreadcrumbList\",\"@id\":\"https:\/\/www.pravo.unizg.hr\/en\/projects\/institucionalni-istrazivacki-projekti\/#breadcrumb\",\"itemListElement\":[{\"@type\":\"ListItem\",\"position\":1,\"name\":\"Homepage\",\"item\":\"https:\/\/www.pravo.unizg.hr\/en\/\"},{\"@type\":\"ListItem\",\"position\":2,\"name\":\"Projects\",\"item\":\"https:\/\/www.pravo.unizg.hr\/en\/projects\/\"},{\"@type\":\"ListItem\",\"position\":3,\"name\":\"Institucionalni istra\u017eiva\u010dki projekti\"}]},{\"@type\":\"WebSite\",\"@id\":\"https:\/\/www.pravo.unizg.hr\/#website\",\"url\":\"https:\/\/www.pravo.unizg.hr\/\",\"name\":\"Faculty of law\",\"description\":\"\",\"potentialAction\":[{\"@type\":\"SearchAction\",\"target\":{\"@type\":\"EntryPoint\",\"urlTemplate\":\"https:\/\/www.pravo.unizg.hr\/?s={search_term_string}\"},\"query-input\":\"required name=search_term_string\"}],\"inLanguage\":\"en-US\"}]}<\/script>\n<!-- \/ Yoast SEO plugin. -->","yoast_head_json":{"title":"Institucionalni istra\u017eiva\u010dki projekti - Faculty of law","robots":{"index":"index","follow":"follow","max-snippet":"max-snippet:-1","max-image-preview":"max-image-preview:large","max-video-preview":"max-video-preview:-1"},"canonical":"https:\/\/www.pravo.unizg.hr\/en\/projects\/institucionalni-istrazivacki-projekti\/","og_locale":"en_US","og_type":"article","og_title":"Institucionalni istra\u017eiva\u010dki projekti - Faculty of law","og_description":"&nbsp; Akademske slobode u Republici Hrvatskoj: u\u010dinkovitost i funkcionalnost podsustava...","og_url":"https:\/\/www.pravo.unizg.hr\/en\/projects\/institucionalni-istrazivacki-projekti\/","og_site_name":"Faculty of law","article_modified_time":"2026-03-23T09:01:32+00:00","twitter_card":"summary_large_image","twitter_misc":{"Est. reading time":"3 minutes"},"schema":{"@context":"https:\/\/schema.org","@graph":[{"@type":"WebPage","@id":"https:\/\/www.pravo.unizg.hr\/en\/projects\/institucionalni-istrazivacki-projekti\/","url":"https:\/\/www.pravo.unizg.hr\/en\/projects\/institucionalni-istrazivacki-projekti\/","name":"Institucionalni istra\u017eiva\u010dki projekti - Faculty of law","isPartOf":{"@id":"https:\/\/www.pravo.unizg.hr\/#website"},"datePublished":"2025-10-15T08:38:14+00:00","dateModified":"2026-03-23T09:01:32+00:00","breadcrumb":{"@id":"https:\/\/www.pravo.unizg.hr\/en\/projects\/institucionalni-istrazivacki-projekti\/#breadcrumb"},"inLanguage":"en-US","potentialAction":[{"@type":"ReadAction","target":["https:\/\/www.pravo.unizg.hr\/en\/projects\/institucionalni-istrazivacki-projekti\/"]}]},{"@type":"BreadcrumbList","@id":"https:\/\/www.pravo.unizg.hr\/en\/projects\/institucionalni-istrazivacki-projekti\/#breadcrumb","itemListElement":[{"@type":"ListItem","position":1,"name":"Homepage","item":"https:\/\/www.pravo.unizg.hr\/en\/"},{"@type":"ListItem","position":2,"name":"Projects","item":"https:\/\/www.pravo.unizg.hr\/en\/projects\/"},{"@type":"ListItem","position":3,"name":"Institucionalni istra\u017eiva\u010dki projekti"}]},{"@type":"WebSite","@id":"https:\/\/www.pravo.unizg.hr\/#website","url":"https:\/\/www.pravo.unizg.hr\/","name":"Faculty of law","description":"","potentialAction":[{"@type":"SearchAction","target":{"@type":"EntryPoint","urlTemplate":"https:\/\/www.pravo.unizg.hr\/?s={search_term_string}"},"query-input":"required name=search_term_string"}],"inLanguage":"en-US"}]}},"_links":{"self":[{"href":"https:\/\/www.pravo.unizg.hr\/en\/wp-json\/wp\/v2\/pages\/33665","targetHints":{"allow":["GET"]}}],"collection":[{"href":"https:\/\/www.pravo.unizg.hr\/en\/wp-json\/wp\/v2\/pages"}],"about":[{"href":"https:\/\/www.pravo.unizg.hr\/en\/wp-json\/wp\/v2\/types\/page"}],"author":[{"embeddable":true,"href":"https:\/\/www.pravo.unizg.hr\/en\/wp-json\/wp\/v2\/users\/511"}],"replies":[{"embeddable":true,"href":"https:\/\/www.pravo.unizg.hr\/en\/wp-json\/wp\/v2\/comments?post=33665"}],"version-history":[{"count":1,"href":"https:\/\/www.pravo.unizg.hr\/en\/wp-json\/wp\/v2\/pages\/33665\/revisions"}],"predecessor-version":[{"id":33751,"href":"https:\/\/www.pravo.unizg.hr\/en\/wp-json\/wp\/v2\/pages\/33665\/revisions\/33751"}],"up":[{"embeddable":true,"href":"https:\/\/www.pravo.unizg.hr\/en\/wp-json\/wp\/v2\/pages\/8735"}],"wp:attachment":[{"href":"https:\/\/www.pravo.unizg.hr\/en\/wp-json\/wp\/v2\/media?parent=33665"}],"curies":[{"name":"wp","href":"https:\/\/api.w.org\/{rel}","templated":true}]}}