{"id":33072,"date":"2024-01-24T10:21:56","date_gmt":"2024-01-24T09:21:56","guid":{"rendered":"https:\/\/www.pravo.unizg.hr\/projects\/active-projects\/preprahr\/radovi\/"},"modified":"2026-02-16T17:46:33","modified_gmt":"2026-02-16T16:46:33","slug":"radovi","status":"publish","type":"page","link":"https:\/\/www.pravo.unizg.hr\/en\/projects\/active-projects\/preprahr\/radovi\/","title":{"rendered":"Papers"},"content":{"rendered":"<p><strong>O2. Istra\u017eiti na\u010din transponiranja procesnih direktiva EU u hrvatski prekr\u0161ajni postupak u zakonodavstvu i praksi putem teorijske, normativne i poredbenopravne analize kao i empirijskim istra\u017eivanjem: provo\u0111enjem polustrukturiranih intervjua i fokus grupa. <\/strong><\/p>\n<ul>\n<li><a href=\"https:\/\/hrcak.srce.hr\/321200\">Novokmet, Ante, Pravo na obavijest u prekr\u0161ajnom postupku \u2013 teorijski i normativni aspekt, Zbornik radova Pravnog fakulteta u Splitu, Vol. 61 No. 3, 2024, str. 337-366.<\/a><\/li>\n<\/ul>\n<p><strong>O3. Istra\u017eiti odabrane op\u0107e institute prekr\u0161ajnog prava i prava tr\u017ei\u0161nog natjecanja u zakonodavstvu i praksi te njihov povijesni razvoj putem teorijske, normativne i komparativnopravne analize kao i empirijskog istra\u017eivanja prakse<\/strong><\/p>\n<ul>\n<li><a href=\"https:\/\/hrcak.srce.hr\/328679\">Radi\u0107, Ivana, Application of EU Legal Standards in Misdemeanour Proceedings Towards Juveniles in Croatia, Policija i Sigurnost, vol. 34, br. 1, 2025, str. 1\u201314.<\/a><\/li>\n<li><a href=\"https:\/\/hrcak.srce.hr\/320622\">Miloti\u0107, Dunja, Prekr\u0161ajno pravo u Hrvatskoj i Slavoniji od sredine 19. Stolje\u0107a do 1918. godine, Zbornik Pravnog Fakulteta Sveu\u010dili\u0161ta u Rijeci, vol. 45, br. 2, 2024,\u00a0 str. 313\u2013333.<\/a><\/li>\n<li><a href=\"https:\/\/hrcak.srce.hr\/ojs\/index.php\/eclic\/article\/view\/32270\">Novokmet, Ante, Some Aspects Of Plea Agreement in Croatian Misdemeanour Proceedings in Domestic Violence Cases, EU and Comparative Law Issues and Challenges Series (ECLIC), vol. 8, 2024, str. 32\u201353.<\/a><\/li>\n<li><a href=\"https:\/\/hrcak.srce.hr\/ojs\/index.php\/eclic\/article\/view\/32272\">\u0110uzel, Marija, Deprivation of Liberty in Croatian Misdemeanour Proceedings &#8211; Application Of European Detention and Penitentiary Standards, EU and Comparative Law Issues and Challenges Series (ECLIC), vol. 8, 2024, str. 85\u2013112.<\/a><\/li>\n<li><a href=\"https:\/\/hrcak.srce.hr\/ojs\/index.php\/eclic\/article\/view\/32271\">Erent Sunko, Zrinka; Dragi\u010devi\u0107 Prtenja\u010da, Marta, The Interconnection of the Rule Of Law, European Convention on Human Rights Principle of Legality, and Article 7 of the ECHR, EU and Comparative Law Issues and Challenges Series (ECLIC), vol. 8, str. 54\u201384.<\/a><\/li>\n<li><a href=\"https:\/\/hrcak.srce.hr\/clanak\/452260\">Filipovi\u0107, Hrvoje; Juras, Damir; Posilovi\u0107, Davor,\u00a0Uloga i polo\u017eaj policije kao tu\u017eitelja u prekr\u0161ajnom postupku, Hrvatski ljetopis za kaznene znanosti i praksu, vol. 30, br. 2, 2023, str. 605-636.\u00a0<\/a><\/li>\n<li><a href=\"https:\/\/hrcak.srce.hr\/clanak\/452139\">Vojvoda, Nik\u0161a, Jezgra i periferija kaznenog prava u praksu Europskog suda za ljudska prava, Hrvatski ljetopis za kaznene znanosti i praksu, vol. 30, br. 1, 2023, str. 73-95.<\/a><\/li>\n<li><a href=\"https:\/\/hrcak.srce.hr\/288480\">Bona\u010di\u0107, Marin; Filipovi\u0107, Hrvoje, Istra\u017eivanje o dvostrukim uhi\u0107enjima kod prekr\u0161aja nasilja u obitelji, Hrvatski ljetopis za kaznene znanosti i praksu, vol. 29, br. 2, 2022, str. 247. &#8211; 285.<\/a><\/li>\n<li><a href=\"https:\/\/euinv.uni-miskolc.hu\/files\/20573\/Hercule_tanulmanykotet_fedel_beliv_1_502old.pdf\">Buri\u0107, Zoran, The Rights of the Individual and of the Collective Offender in Criminal Tax Proceedings under the Rule of Law &#8211; the Croatian Perspective u: External, Internal and Criminal Investigations of Criminal Offences Affecting the Financial Interests of the European Union, 2022, Wolters Kluwer Hungary, Budimpe\u0161ta<\/a><\/li>\n<li><a href=\"https:\/\/hrcak.srce.hr\/clanak\/408644\">Herceg Pak\u0161i\u0107, Barbara, Pogled u prekr\u0161ajno pravo kroz prizmu instituta krivnje: Novi koncept na pomolu?, Zbornik Pravnog fakulteta u Zagrebu, vol. 72, br. 4, 2022, str. 1075. &#8211; 1100.<\/a><\/li>\n<li>\n<div>Herceg Pak\u0161i\u0107, Barbara, Roads ans Crossroads of Croatian Criminal Law during the COVID-19 Pandemic Times \/\/ Prawo karne i post\u0119powanie karne w dobie epidemii COVID-19. Do\u015bwiadczenia polskie i wybranych pa\u0144stw europejskich, Kowalski, Sebastian; Ma\u0142olepszy, Maciej (ur.), Var\u0161ava, C.H. Beck, 2022, str. 209-228.<\/div>\n<\/li>\n<li><a href=\"https:\/\/hrcak.srce.hr\/clanak\/398792\">Hrvoje Filipovi\u0107, Primjena oportuniteta od strane policije kao ovla\u0161tenog tu\u017eitelja te pregovaranje i sporazumijevanje prije pokretanja prekr\u0161ajnog progona,\u00a0Hrvatski ljetopis za kaznene znanosti i praksu,\u00a0Vol. 28 No. 2, 2021, str.\u00a0629-658<\/a><\/li>\n<\/ul>\n<p>&nbsp;<\/p>\n<p><strong>O4. Istra\u017eiti odabrane prekr\u0161aje i upravno-kaznene mjere u zakonodavstvu i praksi, s naglaskom na prekr\u0161ajno-pravnu za\u0161titu posebnih skupina putem teorijske, normativne i komparativnopravne analize kao i empirijske istra\u017eivanja prakse\u00a0<\/strong><\/p>\n<ul>\n<li>Turkovi\u0107, Ksenija; Roksandi\u0107, Sun\u010dana, Demokracija danas: praksa Europskog suda za ljudska prava kao zrcalo razumijevanja LGBT politika i prava u Republici Hrvatskoj, Sloboda i dru\u0161tvo u 21. stolje\u0107u: Liber amicorum Slaven Ravli\u0107, Zagreb, 2025, str. 421-451.<\/li>\n<li><a href=\"https:\/\/hrcak.srce.hr\/323544\">Bona\u010di\u0107, Marin; Vojvoda, Nik\u0161a, Kazneno i prekr\u0161ajnoprocesni imunitet propisan hrvatskim pravom: obilje\u017eja i prijepori, Zbornik Pravnog fakulteta Sveu\u010dili\u0161ta u Rijeci, Vol. 45 No. 3, 2024, str. 561-586.<\/a><\/li>\n<li><a href=\"https:\/\/hrcak.srce.hr\/322527\">Herceg Pak\u0161i\u0107, Barbara; Re\u0161etar, Ira, Odabrani aspekti prostitucije: osobitosti, strategije i stavovi u Republici Hrvatskoj, Policija i sigurnost, vol. 33, br. 4, 2024, str. 380-393.<\/a><\/li>\n<li><a href=\"https:\/\/hrcak.srce.hr\/316724\">Vuku\u0161i\u0107, Ivana; Kanceljak, Ivana, Odre\u0111eni aspekti prekr\u0161ajnopravne za\u0161tite potro\u0161a\u010da, Pravni vjesnik : \u010dasopis za pravne i dru\u0161tvene znanosti Pravnog fakulteta Sveu\u010dili\u0161ta J.J. Strossmayera u Osijeku, Vol. 40 No. 1, 2024, str. 55\u201376.<\/a><\/li>\n<li><a href=\"https:\/\/www.esd-conference.com\/upload\/book_of_proceedings\/Book_of_Proceedings_esdZagreb2023_Online.pdf\">Ivana Kanceljak,\u00a0Private remedies and public sanctions against traders in cases of unfair contract terms and unfair commercial practices in consumer contracts under Croatian law u: Kova\u010d, Ivana; Mi\u0161evi\u0107, Petar; Zahariev, Andrey, Economic and Social Development 105th International Scientific Conference on Economic and Social Development \u2013 &#8220;Building Resilient Society&#8221; Book of Proceedings, Zagreb, 2023, str. 249-262.<\/a><\/li>\n<li><a href=\"https:\/\/hrcak.srce.hr\/ojs\/index.php\/eclic\/article\/view\/27460\">Vuku\u0161i\u0107, Ivan, Comparative and dogmatic issues of hate speech-traditional and modern acts of commission, EU and comparative law issues and challenges (ECLIC), vol. 7, 2023, str. 502 &#8211; 524.<\/a><\/li>\n<li><a href=\"https:\/\/hrcak.srce.hr\/ojs\/index.php\/eclic\/article\/view\/22431\" target=\"_blank\" rel=\"noopener\" data-saferedirecturl=\"https:\/\/www.google.com\/url?q=https:\/\/hrcak.srce.hr\/ojs\/index.php\/eclic\/article\/view\/22431&amp;source=gmail&amp;ust=1657699939057000&amp;usg=AOvVaw0I8xdH21-62cBe9fvxAKZg\">Herceg Pak\u0161i\u0107, Barbara; Habrat, Dorota, Comparative Views on a Permanent Challenge &#8211; Hate Speech Sanctioning in Poland and Croatia, EU and Comparative Law Issues and Challenges Series, vol. 6, 2022, str. 289. &#8211; 314.<\/a><\/li>\n<\/ul>\n<p>&nbsp;<\/p>\n<p><strong>Reviews<\/strong><\/p>\n<ul>\n<li><a href=\"https:\/\/hrcak.srce.hr\/clanak\/417706\">Vojvoda, Nik\u0161a, Prikaz konferencije &#8220;Tendencije i perspektive prekr\u0161ajnog prava&#8221;, Hrvatski ljetopis za kaznene znanosti i praksu, vol. 29, br. 1, 2022, str. 167-174.<\/a><\/li>\n<li><a href=\"https:\/\/hrcak.srce.hr\/clanak\/452189\">Vojvoda, Nik\u0161a, Prikaz konferencije &#8220;Procesna prava okrivljenika u prekr\u0161ajnom postupku&#8221;, Hrvatski ljetopis za kaznene znanosti i praksu, vol. 30, br. 1, 2023, str. 217-224.<\/a><\/li>\n<\/ul>\n","protected":false},"excerpt":{"rendered":"<p>O2. Istra\u017eiti na\u010din transponiranja procesnih direktiva EU u hrvatski prekr\u0161ajni&#8230;<\/p>\n","protected":false},"author":511,"featured_media":0,"parent":25758,"menu_order":4,"comment_status":"closed","ping_status":"closed","template":"","meta":{"footnotes":""},"class_list":["post-33072","page","type-page","status-publish","hentry"],"pp_force_visibility":null,"pp_subpost_visibility":null,"pp_inherited_force_visibility":null,"pp_inherited_subpost_visibility":null,"acf":[],"yoast_head":"<!-- This site is optimized with the Yoast SEO plugin v20.1 - https:\/\/yoast.com\/wordpress\/plugins\/seo\/ -->\n<title>Papers - Faculty of law<\/title>\n<meta name=\"robots\" content=\"index, follow, max-snippet:-1, max-image-preview:large, max-video-preview:-1\" \/>\n<link rel=\"canonical\" href=\"https:\/\/www.pravo.unizg.hr\/en\/projects\/active-projects\/preprahr\/radovi\/\" \/>\n<meta property=\"og:locale\" content=\"en_US\" \/>\n<meta property=\"og:type\" content=\"article\" \/>\n<meta property=\"og:title\" content=\"Papers - Faculty of law\" \/>\n<meta property=\"og:description\" content=\"O2. Istra\u017eiti na\u010din transponiranja procesnih direktiva EU u hrvatski prekr\u0161ajni...\" \/>\n<meta property=\"og:url\" content=\"https:\/\/www.pravo.unizg.hr\/en\/projects\/active-projects\/preprahr\/radovi\/\" \/>\n<meta property=\"og:site_name\" content=\"Faculty of law\" \/>\n<meta property=\"article:modified_time\" content=\"2026-02-16T16:46:33+00:00\" \/>\n<meta name=\"twitter:card\" content=\"summary_large_image\" \/>\n<meta name=\"twitter:label1\" content=\"Est. reading time\" \/>\n\t<meta name=\"twitter:data1\" content=\"4 minutes\" \/>\n<script type=\"application\/ld+json\" class=\"yoast-schema-graph\">{\"@context\":\"https:\/\/schema.org\",\"@graph\":[{\"@type\":\"WebPage\",\"@id\":\"https:\/\/www.pravo.unizg.hr\/en\/projects\/active-projects\/preprahr\/radovi\/\",\"url\":\"https:\/\/www.pravo.unizg.hr\/en\/projects\/active-projects\/preprahr\/radovi\/\",\"name\":\"Papers - Faculty of law\",\"isPartOf\":{\"@id\":\"https:\/\/www.pravo.unizg.hr\/#website\"},\"datePublished\":\"2024-01-24T09:21:56+00:00\",\"dateModified\":\"2026-02-16T16:46:33+00:00\",\"breadcrumb\":{\"@id\":\"https:\/\/www.pravo.unizg.hr\/en\/projects\/active-projects\/preprahr\/radovi\/#breadcrumb\"},\"inLanguage\":\"en-US\",\"potentialAction\":[{\"@type\":\"ReadAction\",\"target\":[\"https:\/\/www.pravo.unizg.hr\/en\/projects\/active-projects\/preprahr\/radovi\/\"]}]},{\"@type\":\"BreadcrumbList\",\"@id\":\"https:\/\/www.pravo.unizg.hr\/en\/projects\/active-projects\/preprahr\/radovi\/#breadcrumb\",\"itemListElement\":[{\"@type\":\"ListItem\",\"position\":1,\"name\":\"Homepage\",\"item\":\"https:\/\/www.pravo.unizg.hr\/en\/\"},{\"@type\":\"ListItem\",\"position\":2,\"name\":\"Projects\",\"item\":\"https:\/\/www.pravo.unizg.hr\/en\/projects\/\"},{\"@type\":\"ListItem\",\"position\":3,\"name\":\"Active projects\",\"item\":\"https:\/\/www.pravo.unizg.hr\/en\/projects\/active-projects\/\"},{\"@type\":\"ListItem\",\"position\":4,\"name\":\"Croatian Misdemeanour Law in the European Context \u2013 Challenges and Perspectives\",\"item\":\"https:\/\/www.pravo.unizg.hr\/en\/preprahr\/\"},{\"@type\":\"ListItem\",\"position\":5,\"name\":\"Papers\"}]},{\"@type\":\"WebSite\",\"@id\":\"https:\/\/www.pravo.unizg.hr\/#website\",\"url\":\"https:\/\/www.pravo.unizg.hr\/\",\"name\":\"Faculty of law\",\"description\":\"\",\"potentialAction\":[{\"@type\":\"SearchAction\",\"target\":{\"@type\":\"EntryPoint\",\"urlTemplate\":\"https:\/\/www.pravo.unizg.hr\/?s={search_term_string}\"},\"query-input\":\"required name=search_term_string\"}],\"inLanguage\":\"en-US\"}]}<\/script>\n<!-- \/ Yoast SEO plugin. -->","yoast_head_json":{"title":"Papers - Faculty of law","robots":{"index":"index","follow":"follow","max-snippet":"max-snippet:-1","max-image-preview":"max-image-preview:large","max-video-preview":"max-video-preview:-1"},"canonical":"https:\/\/www.pravo.unizg.hr\/en\/projects\/active-projects\/preprahr\/radovi\/","og_locale":"en_US","og_type":"article","og_title":"Papers - Faculty of law","og_description":"O2. Istra\u017eiti na\u010din transponiranja procesnih direktiva EU u hrvatski prekr\u0161ajni...","og_url":"https:\/\/www.pravo.unizg.hr\/en\/projects\/active-projects\/preprahr\/radovi\/","og_site_name":"Faculty of law","article_modified_time":"2026-02-16T16:46:33+00:00","twitter_card":"summary_large_image","twitter_misc":{"Est. reading time":"4 minutes"},"schema":{"@context":"https:\/\/schema.org","@graph":[{"@type":"WebPage","@id":"https:\/\/www.pravo.unizg.hr\/en\/projects\/active-projects\/preprahr\/radovi\/","url":"https:\/\/www.pravo.unizg.hr\/en\/projects\/active-projects\/preprahr\/radovi\/","name":"Papers - Faculty of law","isPartOf":{"@id":"https:\/\/www.pravo.unizg.hr\/#website"},"datePublished":"2024-01-24T09:21:56+00:00","dateModified":"2026-02-16T16:46:33+00:00","breadcrumb":{"@id":"https:\/\/www.pravo.unizg.hr\/en\/projects\/active-projects\/preprahr\/radovi\/#breadcrumb"},"inLanguage":"en-US","potentialAction":[{"@type":"ReadAction","target":["https:\/\/www.pravo.unizg.hr\/en\/projects\/active-projects\/preprahr\/radovi\/"]}]},{"@type":"BreadcrumbList","@id":"https:\/\/www.pravo.unizg.hr\/en\/projects\/active-projects\/preprahr\/radovi\/#breadcrumb","itemListElement":[{"@type":"ListItem","position":1,"name":"Homepage","item":"https:\/\/www.pravo.unizg.hr\/en\/"},{"@type":"ListItem","position":2,"name":"Projects","item":"https:\/\/www.pravo.unizg.hr\/en\/projects\/"},{"@type":"ListItem","position":3,"name":"Active projects","item":"https:\/\/www.pravo.unizg.hr\/en\/projects\/active-projects\/"},{"@type":"ListItem","position":4,"name":"Croatian Misdemeanour Law in the European Context \u2013 Challenges and Perspectives","item":"https:\/\/www.pravo.unizg.hr\/en\/preprahr\/"},{"@type":"ListItem","position":5,"name":"Papers"}]},{"@type":"WebSite","@id":"https:\/\/www.pravo.unizg.hr\/#website","url":"https:\/\/www.pravo.unizg.hr\/","name":"Faculty of law","description":"","potentialAction":[{"@type":"SearchAction","target":{"@type":"EntryPoint","urlTemplate":"https:\/\/www.pravo.unizg.hr\/?s={search_term_string}"},"query-input":"required name=search_term_string"}],"inLanguage":"en-US"}]}},"_links":{"self":[{"href":"https:\/\/www.pravo.unizg.hr\/en\/wp-json\/wp\/v2\/pages\/33072","targetHints":{"allow":["GET"]}}],"collection":[{"href":"https:\/\/www.pravo.unizg.hr\/en\/wp-json\/wp\/v2\/pages"}],"about":[{"href":"https:\/\/www.pravo.unizg.hr\/en\/wp-json\/wp\/v2\/types\/page"}],"author":[{"embeddable":true,"href":"https:\/\/www.pravo.unizg.hr\/en\/wp-json\/wp\/v2\/users\/511"}],"replies":[{"embeddable":true,"href":"https:\/\/www.pravo.unizg.hr\/en\/wp-json\/wp\/v2\/comments?post=33072"}],"version-history":[{"count":1,"href":"https:\/\/www.pravo.unizg.hr\/en\/wp-json\/wp\/v2\/pages\/33072\/revisions"}],"predecessor-version":[{"id":33073,"href":"https:\/\/www.pravo.unizg.hr\/en\/wp-json\/wp\/v2\/pages\/33072\/revisions\/33073"}],"up":[{"embeddable":true,"href":"https:\/\/www.pravo.unizg.hr\/en\/wp-json\/wp\/v2\/pages\/25758"}],"wp:attachment":[{"href":"https:\/\/www.pravo.unizg.hr\/en\/wp-json\/wp\/v2\/media?parent=33072"}],"curies":[{"name":"wp","href":"https:\/\/api.w.org\/{rel}","templated":true}]}}