{"id":32472,"date":"2026-01-26T10:17:44","date_gmt":"2026-01-26T09:17:44","guid":{"rendered":"https:\/\/www.pravo.unizg.hr\/?page_id=32472"},"modified":"2026-01-26T10:17:44","modified_gmt":"2026-01-26T09:17:44","slug":"krizne-intervencije-u-sustavu-odgoja-i-obrazovanja","status":"publish","type":"page","link":"https:\/\/www.pravo.unizg.hr\/en\/studenti\/podrska-studentima\/krizne-intervencije-u-sustavu-odgoja-i-obrazovanja\/","title":{"rendered":"Krizne intervencije u sustavu odgoja i obrazovanja"},"content":{"rendered":"<p>Ministar znanosti, obrazovanja i mladih, prof. dr. sc. Radovan Fuchs, donio je Odluku o imenovanju \u010dlanova Tima za krizne intervencije kojom je imenovao \u010dlanove Tima za krizne intervencije u svojstvu regionalnih voditelja, zamjene regionalnih voditelja, \u017eupanijskih voditelja i zamjene \u017eupanijskih voditelja (u daljnjem tekstu: Tim). Zada\u0107e Tima su, izme\u0111u ostaloga, koordiniranje i provo\u0111enje kriznih intervencija u slu\u010daju kriznih doga\u0111aja u pred\u0161kolskim, osnovno\u0161kolskim, srednjo\u0161kolskim i visokoobrazovnim ustanovama sa svrhom ubla\u017eavanja posljedica kriznog doga\u0111aja, ubrzavanja procesa oporavka sudionika \u0161to uklju\u010duje kontinuirano odr\u017eavanje odgojno-obrazovnog procesa te spre\u010davanje dugotrajnih psiholo\u0161ko-socijalnih posljedica traumatskog doga\u0111aja.<\/p>\n<p>Krizni doga\u0111aj u odgojno-obrazovnim ustanovama je svaki iznenadan i\/ili rijedak doga\u0111aj koji djeluje izrazito uznemiruju\u0107e ili stresno na ve\u0107inu ljudi, a uklju\u010duje mogu\u0107i ili stvarni gubitak osoba, stvari ili vrijednosti va\u017enih za pojedinca, odnosno skupinu. Krizni doga\u0111aji u odgojno-obrazovnim ustanovama ili vezani za odgojno-obrazovnu ustanovu mogu biti povezani uz sigurnosne incidente (fizi\u010dki napad na u\u010denika ili djelatnika, prijetnje oru\u017ejem ili bombom, vandalizam ve\u0107ih razmjera i sl.), zdravstvene i psiholo\u0161ke doga\u0111aje (iznenadna smrt u\u010denika ili djelatnika, te\u0161ke ozljede u \u0161koli, poku\u0161aj ili izvr\u0161enje samoubojstva, ozbiljni psihi\u010dki slom\/pani\u010dni napad ve\u0107eg intenziteta i sl.), prirodne i tehni\u010dke nesre\u0107e (po\u017ear u \u0161kolskoj zgradi, potres za vrijeme nastave, poplava ili druga nepogoda, istjecanje plina ili opasnih tvari, prekid elektri\u010dne energije ili grijanja s ugrozom sigurnosti i sl.) te ostale situacije.<\/p>\n<p><a href=\"https:\/\/mzom.gov.hr\/vijesti\/krizne-intervencije-u-sustavu-odgoja-i-obrazovanja\/7544\" target=\"_blank\" rel=\"noopener\">https:\/\/mzom.gov.hr\/vijesti\/krizne-intervencije-u-sustavu-odgoja-i-obrazovanja\/7544<\/a><\/p>\n","protected":false},"excerpt":{"rendered":"<p>Ministar znanosti, obrazovanja i mladih, prof. dr. sc. Radovan Fuchs,&#8230;<\/p>\n","protected":false},"author":511,"featured_media":0,"parent":69,"menu_order":0,"comment_status":"closed","ping_status":"closed","template":"","meta":{"footnotes":""},"class_list":["post-32472","page","type-page","status-publish","hentry"],"pp_force_visibility":null,"pp_subpost_visibility":null,"pp_inherited_force_visibility":null,"pp_inherited_subpost_visibility":null,"acf":[],"yoast_head":"<!-- This site is optimized with the Yoast SEO plugin v20.1 - https:\/\/yoast.com\/wordpress\/plugins\/seo\/ -->\n<title>Krizne intervencije u sustavu odgoja i obrazovanja - Faculty of law<\/title>\n<meta name=\"robots\" content=\"index, follow, max-snippet:-1, max-image-preview:large, max-video-preview:-1\" \/>\n<link rel=\"canonical\" href=\"https:\/\/www.pravo.unizg.hr\/studenti\/podrska-studentima\/krizne-intervencije-u-sustavu-odgoja-i-obrazovanja\/\" \/>\n<meta property=\"og:locale\" content=\"en_US\" \/>\n<meta property=\"og:type\" content=\"article\" \/>\n<meta property=\"og:title\" content=\"Krizne intervencije u sustavu odgoja i obrazovanja - Faculty of law\" \/>\n<meta property=\"og:description\" content=\"Ministar znanosti, obrazovanja i mladih, prof. dr. sc. Radovan Fuchs,...\" \/>\n<meta property=\"og:url\" content=\"https:\/\/www.pravo.unizg.hr\/studenti\/podrska-studentima\/krizne-intervencije-u-sustavu-odgoja-i-obrazovanja\/\" \/>\n<meta property=\"og:site_name\" content=\"Faculty of law\" \/>\n<meta name=\"twitter:card\" content=\"summary_large_image\" \/>\n<meta name=\"twitter:label1\" content=\"Est. reading time\" \/>\n\t<meta name=\"twitter:data1\" content=\"1 minute\" \/>\n<script type=\"application\/ld+json\" class=\"yoast-schema-graph\">{\"@context\":\"https:\/\/schema.org\",\"@graph\":[{\"@type\":\"WebPage\",\"@id\":\"https:\/\/www.pravo.unizg.hr\/studenti\/podrska-studentima\/krizne-intervencije-u-sustavu-odgoja-i-obrazovanja\/\",\"url\":\"https:\/\/www.pravo.unizg.hr\/studenti\/podrska-studentima\/krizne-intervencije-u-sustavu-odgoja-i-obrazovanja\/\",\"name\":\"Krizne intervencije u sustavu odgoja i obrazovanja - Faculty of law\",\"isPartOf\":{\"@id\":\"https:\/\/www.pravo.unizg.hr\/#website\"},\"datePublished\":\"2026-01-26T09:17:44+00:00\",\"dateModified\":\"2026-01-26T09:17:44+00:00\",\"breadcrumb\":{\"@id\":\"https:\/\/www.pravo.unizg.hr\/studenti\/podrska-studentima\/krizne-intervencije-u-sustavu-odgoja-i-obrazovanja\/#breadcrumb\"},\"inLanguage\":\"en-US\",\"potentialAction\":[{\"@type\":\"ReadAction\",\"target\":[\"https:\/\/www.pravo.unizg.hr\/studenti\/podrska-studentima\/krizne-intervencije-u-sustavu-odgoja-i-obrazovanja\/\"]}]},{\"@type\":\"BreadcrumbList\",\"@id\":\"https:\/\/www.pravo.unizg.hr\/studenti\/podrska-studentima\/krizne-intervencije-u-sustavu-odgoja-i-obrazovanja\/#breadcrumb\",\"itemListElement\":[{\"@type\":\"ListItem\",\"position\":1,\"name\":\"Homepage\",\"item\":\"https:\/\/www.pravo.unizg.hr\/en\/\"},{\"@type\":\"ListItem\",\"position\":2,\"name\":\"Studenti\",\"item\":\"https:\/\/www.pravo.unizg.hr\/studenti\/\"},{\"@type\":\"ListItem\",\"position\":3,\"name\":\"Podr\u0161ka studentima\",\"item\":\"https:\/\/www.pravo.unizg.hr\/studenti\/podrska-studentima\/\"},{\"@type\":\"ListItem\",\"position\":4,\"name\":\"Krizne intervencije u sustavu odgoja i obrazovanja\"}]},{\"@type\":\"WebSite\",\"@id\":\"https:\/\/www.pravo.unizg.hr\/#website\",\"url\":\"https:\/\/www.pravo.unizg.hr\/\",\"name\":\"Faculty of law\",\"description\":\"\",\"potentialAction\":[{\"@type\":\"SearchAction\",\"target\":{\"@type\":\"EntryPoint\",\"urlTemplate\":\"https:\/\/www.pravo.unizg.hr\/?s={search_term_string}\"},\"query-input\":\"required name=search_term_string\"}],\"inLanguage\":\"en-US\"}]}<\/script>\n<!-- \/ Yoast SEO plugin. -->","yoast_head_json":{"title":"Krizne intervencije u sustavu odgoja i obrazovanja - Faculty of law","robots":{"index":"index","follow":"follow","max-snippet":"max-snippet:-1","max-image-preview":"max-image-preview:large","max-video-preview":"max-video-preview:-1"},"canonical":"https:\/\/www.pravo.unizg.hr\/studenti\/podrska-studentima\/krizne-intervencije-u-sustavu-odgoja-i-obrazovanja\/","og_locale":"en_US","og_type":"article","og_title":"Krizne intervencije u sustavu odgoja i obrazovanja - Faculty of law","og_description":"Ministar znanosti, obrazovanja i mladih, prof. dr. sc. Radovan Fuchs,...","og_url":"https:\/\/www.pravo.unizg.hr\/studenti\/podrska-studentima\/krizne-intervencije-u-sustavu-odgoja-i-obrazovanja\/","og_site_name":"Faculty of law","twitter_card":"summary_large_image","twitter_misc":{"Est. reading time":"1 minute"},"schema":{"@context":"https:\/\/schema.org","@graph":[{"@type":"WebPage","@id":"https:\/\/www.pravo.unizg.hr\/studenti\/podrska-studentima\/krizne-intervencije-u-sustavu-odgoja-i-obrazovanja\/","url":"https:\/\/www.pravo.unizg.hr\/studenti\/podrska-studentima\/krizne-intervencije-u-sustavu-odgoja-i-obrazovanja\/","name":"Krizne intervencije u sustavu odgoja i obrazovanja - Faculty of law","isPartOf":{"@id":"https:\/\/www.pravo.unizg.hr\/#website"},"datePublished":"2026-01-26T09:17:44+00:00","dateModified":"2026-01-26T09:17:44+00:00","breadcrumb":{"@id":"https:\/\/www.pravo.unizg.hr\/studenti\/podrska-studentima\/krizne-intervencije-u-sustavu-odgoja-i-obrazovanja\/#breadcrumb"},"inLanguage":"en-US","potentialAction":[{"@type":"ReadAction","target":["https:\/\/www.pravo.unizg.hr\/studenti\/podrska-studentima\/krizne-intervencije-u-sustavu-odgoja-i-obrazovanja\/"]}]},{"@type":"BreadcrumbList","@id":"https:\/\/www.pravo.unizg.hr\/studenti\/podrska-studentima\/krizne-intervencije-u-sustavu-odgoja-i-obrazovanja\/#breadcrumb","itemListElement":[{"@type":"ListItem","position":1,"name":"Homepage","item":"https:\/\/www.pravo.unizg.hr\/en\/"},{"@type":"ListItem","position":2,"name":"Studenti","item":"https:\/\/www.pravo.unizg.hr\/studenti\/"},{"@type":"ListItem","position":3,"name":"Podr\u0161ka studentima","item":"https:\/\/www.pravo.unizg.hr\/studenti\/podrska-studentima\/"},{"@type":"ListItem","position":4,"name":"Krizne intervencije u sustavu odgoja i obrazovanja"}]},{"@type":"WebSite","@id":"https:\/\/www.pravo.unizg.hr\/#website","url":"https:\/\/www.pravo.unizg.hr\/","name":"Faculty of law","description":"","potentialAction":[{"@type":"SearchAction","target":{"@type":"EntryPoint","urlTemplate":"https:\/\/www.pravo.unizg.hr\/?s={search_term_string}"},"query-input":"required name=search_term_string"}],"inLanguage":"en-US"}]}},"_links":{"self":[{"href":"https:\/\/www.pravo.unizg.hr\/en\/wp-json\/wp\/v2\/pages\/32472","targetHints":{"allow":["GET"]}}],"collection":[{"href":"https:\/\/www.pravo.unizg.hr\/en\/wp-json\/wp\/v2\/pages"}],"about":[{"href":"https:\/\/www.pravo.unizg.hr\/en\/wp-json\/wp\/v2\/types\/page"}],"author":[{"embeddable":true,"href":"https:\/\/www.pravo.unizg.hr\/en\/wp-json\/wp\/v2\/users\/511"}],"replies":[{"embeddable":true,"href":"https:\/\/www.pravo.unizg.hr\/en\/wp-json\/wp\/v2\/comments?post=32472"}],"version-history":[{"count":1,"href":"https:\/\/www.pravo.unizg.hr\/en\/wp-json\/wp\/v2\/pages\/32472\/revisions"}],"predecessor-version":[{"id":32473,"href":"https:\/\/www.pravo.unizg.hr\/en\/wp-json\/wp\/v2\/pages\/32472\/revisions\/32473"}],"up":[{"embeddable":true,"href":"https:\/\/www.pravo.unizg.hr\/en\/wp-json\/wp\/v2\/pages\/69"}],"wp:attachment":[{"href":"https:\/\/www.pravo.unizg.hr\/en\/wp-json\/wp\/v2\/media?parent=32472"}],"curies":[{"name":"wp","href":"https:\/\/api.w.org\/{rel}","templated":true}]}}