{"id":3209,"date":"2023-02-24T10:12:26","date_gmt":"2023-02-24T09:12:26","guid":{"rendered":"https:\/\/www.pravo.unizg.hr\/?page_id=3209"},"modified":"2023-03-10T15:38:22","modified_gmt":"2023-03-10T14:38:22","slug":"izrada-i-hijerarhija-pravnih-propisa-i-akata","status":"publish","type":"page","link":"https:\/\/www.pravo.unizg.hr\/en\/studiji\/cjelozivotno-obrazovanje\/izrada-i-hijerarhija-pravnih-propisa-i-akata\/","title":{"rendered":"Izrada i hijerarhija pravnih propisa i akata"},"content":{"rendered":"<p>Pravni fakultet Sveu\u010dili\u0161ta u Zagrebu zapo\u010deo je s izvo\u0111enjem programa cjelo\u017eivotnog u\u010denja\/radionice\u00a0<em><strong>Izrada i hijerarhija pravnih propisa i akata (op\u0107ih i pojedina\u010dnih) znanstvenih organizacija, radni odnosi, javna nabava, sukob interesa, \u00a0za\u0161tita intelektualnog vlasni\u0161tva, nomotehnika \u2013 primjeri dobre i lo\u0161e prakse<\/strong><\/em><\/p>\n<p>Program \u0107e se izvoditi od 14. do 18. lipnja 2021. putem Google Meet-a:<\/p>\n<p>&#8211;\u00a0<a href=\"https:\/\/www.pravo.unizg.hr\/wp-content\/uploads\/2023\/02\/LLL-ONLINE-PROGRAM-PROPISI-U-VISOKOM-OBRAZOVANJU-I-ZNANOSTI.pdf\">Raspored programa<\/a><\/p>\n<p>&#8211;\u00a0<a href=\"https:\/\/www.pravo.unizg.hr\/wp-content\/uploads\/2023\/02\/LLL-ONLINE-OBRAZAC-PROPISI-U-VISOKOM-OBRAZOVANJU-I-ZNANOSTI.doc\">Obrazac za prijavu<\/a><\/p>\n<p>&nbsp;<\/p>\n<p>Program je namijenjen svim znanstvenim organizacijama (svim visokim u\u010dili\u0161tima i institutima u RH) te drugim ustanovama koje su dio sustava znanosti i visokog obrazovanja. Tako\u0111er, program je otvoren za sve zainteresirane zaposlenike u sustavu, i nastavno i nenastavno osoblje. U okviru programa bit \u0107e, me\u0111u ostalim, predstavljene i raspravljane teme vezane za postupke javne nabave, za\u0161titu intelektualnog vlasni\u0161tva, spre\u010davanje sukoba interesa, zatim aktualne teme vezane za normiranje radnih odnosa, nomotehniku, hijerarhiju propisa te analizu temeljnih op\u0107ih akata ustanova u sustavu visokog obrazovanja i znanosti (znanstvenih organizacija), itd.<\/p>\n<p>Ukoliko ste zainteresirani sudjelovati u programu, molimo vas da ispunite\u00a0<a href=\"https:\/\/www.pravo.unizg.hr\/wp-content\/uploads\/2023\/02\/LLL-ONLINE-OBRAZAC-PROPISI-U-VISOKOM-OBRAZOVANJU-I-ZNANOSTI.doc\" target=\"_blank\" rel=\"noopener\"><strong>obrazac za prijavu<\/strong><\/a>\u00a0i po\u0161aljete na mail gosp. Jasminu Mujinovi\u0107u &#8211;\u00a0<a>jasmin.mujinovic@pravo.hr<\/a>\u00a0do petka,\u00a0<strong>11. lipnja 2021.<\/strong><\/p>\n<p>Program \u0107e se izvoditi od 14. do 18. lipnja 2021. online, putem Google Meet-a.<\/p>\n<p>Za sva dodatna pitanja molim vas obratite se na mail\u00a0<a>ksenija.grubisic@pravo.hr<\/a>\u00a0ili\u00a0<a>marko.sikic@pravo.hr<\/a>.<\/p>\n<p>&nbsp;<\/p>\n<p><a href=\"https:\/\/www.pravo.unizg.hr\/wp-content\/uploads\/2023\/02\/LLL-ONLINE-PROGRAM-PROPISI-U-VISOKOM-OBRAZOVANJU-I-ZNANOSTI.pdf\">Raspored programa<\/a><\/p>\n<p><a href=\"https:\/\/www.pravo.unizg.hr\/wp-content\/uploads\/2023\/02\/LLL-ONLINE-OBRAZAC-PROPISI-U-VISOKOM-OBRAZOVANJU-I-ZNANOSTI.doc\">Obrazac za prijavu<\/a><\/p>\n","protected":false},"excerpt":{"rendered":"<p>Pravni fakultet Sveu\u010dili\u0161ta u Zagrebu zapo\u010deo je s izvo\u0111enjem programa&#8230;<\/p>\n","protected":false},"author":511,"featured_media":0,"parent":60,"menu_order":0,"comment_status":"closed","ping_status":"closed","template":"","meta":{"footnotes":""},"class_list":["post-3209","page","type-page","status-publish","hentry"],"pp_force_visibility":null,"pp_subpost_visibility":null,"pp_inherited_force_visibility":null,"pp_inherited_subpost_visibility":null,"acf":[],"yoast_head":"<!-- This site is optimized with the Yoast SEO plugin v20.1 - https:\/\/yoast.com\/wordpress\/plugins\/seo\/ -->\n<title>Izrada i hijerarhija pravnih propisa i akata - Faculty of law<\/title>\n<meta name=\"robots\" content=\"index, follow, max-snippet:-1, max-image-preview:large, max-video-preview:-1\" \/>\n<link rel=\"canonical\" href=\"https:\/\/www.pravo.unizg.hr\/studiji\/cjelozivotno-obrazovanje\/izrada-i-hijerarhija-pravnih-propisa-i-akata\/\" \/>\n<meta property=\"og:locale\" content=\"en_US\" \/>\n<meta property=\"og:type\" content=\"article\" \/>\n<meta property=\"og:title\" content=\"Izrada i hijerarhija pravnih propisa i akata - Faculty of law\" \/>\n<meta property=\"og:description\" content=\"Pravni fakultet Sveu\u010dili\u0161ta u Zagrebu zapo\u010deo je s izvo\u0111enjem programa...\" \/>\n<meta property=\"og:url\" content=\"https:\/\/www.pravo.unizg.hr\/studiji\/cjelozivotno-obrazovanje\/izrada-i-hijerarhija-pravnih-propisa-i-akata\/\" \/>\n<meta property=\"og:site_name\" content=\"Faculty of law\" \/>\n<meta property=\"article:modified_time\" content=\"2023-03-10T14:38:22+00:00\" \/>\n<meta name=\"twitter:card\" content=\"summary_large_image\" \/>\n<meta name=\"twitter:label1\" content=\"Est. reading time\" \/>\n\t<meta name=\"twitter:data1\" content=\"2 minutes\" \/>\n<script type=\"application\/ld+json\" class=\"yoast-schema-graph\">{\"@context\":\"https:\/\/schema.org\",\"@graph\":[{\"@type\":\"WebPage\",\"@id\":\"https:\/\/www.pravo.unizg.hr\/studiji\/cjelozivotno-obrazovanje\/izrada-i-hijerarhija-pravnih-propisa-i-akata\/\",\"url\":\"https:\/\/www.pravo.unizg.hr\/studiji\/cjelozivotno-obrazovanje\/izrada-i-hijerarhija-pravnih-propisa-i-akata\/\",\"name\":\"Izrada i hijerarhija pravnih propisa i akata - Faculty of law\",\"isPartOf\":{\"@id\":\"https:\/\/www.pravo.unizg.hr\/#website\"},\"datePublished\":\"2023-02-24T09:12:26+00:00\",\"dateModified\":\"2023-03-10T14:38:22+00:00\",\"breadcrumb\":{\"@id\":\"https:\/\/www.pravo.unizg.hr\/studiji\/cjelozivotno-obrazovanje\/izrada-i-hijerarhija-pravnih-propisa-i-akata\/#breadcrumb\"},\"inLanguage\":\"en-US\",\"potentialAction\":[{\"@type\":\"ReadAction\",\"target\":[\"https:\/\/www.pravo.unizg.hr\/studiji\/cjelozivotno-obrazovanje\/izrada-i-hijerarhija-pravnih-propisa-i-akata\/\"]}]},{\"@type\":\"BreadcrumbList\",\"@id\":\"https:\/\/www.pravo.unizg.hr\/studiji\/cjelozivotno-obrazovanje\/izrada-i-hijerarhija-pravnih-propisa-i-akata\/#breadcrumb\",\"itemListElement\":[{\"@type\":\"ListItem\",\"position\":1,\"name\":\"Homepage\",\"item\":\"https:\/\/www.pravo.unizg.hr\/en\/\"},{\"@type\":\"ListItem\",\"position\":2,\"name\":\"Studiji\",\"item\":\"https:\/\/www.pravo.unizg.hr\/studiji\/\"},{\"@type\":\"ListItem\",\"position\":3,\"name\":\"Cjelo\u017eivotno obrazovanje\",\"item\":\"https:\/\/www.pravo.unizg.hr\/studiji\/cjelozivotno-obrazovanje\/\"},{\"@type\":\"ListItem\",\"position\":4,\"name\":\"Izrada i hijerarhija pravnih propisa i akata\"}]},{\"@type\":\"WebSite\",\"@id\":\"https:\/\/www.pravo.unizg.hr\/#website\",\"url\":\"https:\/\/www.pravo.unizg.hr\/\",\"name\":\"Faculty of law\",\"description\":\"\",\"potentialAction\":[{\"@type\":\"SearchAction\",\"target\":{\"@type\":\"EntryPoint\",\"urlTemplate\":\"https:\/\/www.pravo.unizg.hr\/?s={search_term_string}\"},\"query-input\":\"required name=search_term_string\"}],\"inLanguage\":\"en-US\"}]}<\/script>\n<!-- \/ Yoast SEO plugin. -->","yoast_head_json":{"title":"Izrada i hijerarhija pravnih propisa i akata - Faculty of law","robots":{"index":"index","follow":"follow","max-snippet":"max-snippet:-1","max-image-preview":"max-image-preview:large","max-video-preview":"max-video-preview:-1"},"canonical":"https:\/\/www.pravo.unizg.hr\/studiji\/cjelozivotno-obrazovanje\/izrada-i-hijerarhija-pravnih-propisa-i-akata\/","og_locale":"en_US","og_type":"article","og_title":"Izrada i hijerarhija pravnih propisa i akata - Faculty of law","og_description":"Pravni fakultet Sveu\u010dili\u0161ta u Zagrebu zapo\u010deo je s izvo\u0111enjem programa...","og_url":"https:\/\/www.pravo.unizg.hr\/studiji\/cjelozivotno-obrazovanje\/izrada-i-hijerarhija-pravnih-propisa-i-akata\/","og_site_name":"Faculty of law","article_modified_time":"2023-03-10T14:38:22+00:00","twitter_card":"summary_large_image","twitter_misc":{"Est. reading time":"2 minutes"},"schema":{"@context":"https:\/\/schema.org","@graph":[{"@type":"WebPage","@id":"https:\/\/www.pravo.unizg.hr\/studiji\/cjelozivotno-obrazovanje\/izrada-i-hijerarhija-pravnih-propisa-i-akata\/","url":"https:\/\/www.pravo.unizg.hr\/studiji\/cjelozivotno-obrazovanje\/izrada-i-hijerarhija-pravnih-propisa-i-akata\/","name":"Izrada i hijerarhija pravnih propisa i akata - Faculty of law","isPartOf":{"@id":"https:\/\/www.pravo.unizg.hr\/#website"},"datePublished":"2023-02-24T09:12:26+00:00","dateModified":"2023-03-10T14:38:22+00:00","breadcrumb":{"@id":"https:\/\/www.pravo.unizg.hr\/studiji\/cjelozivotno-obrazovanje\/izrada-i-hijerarhija-pravnih-propisa-i-akata\/#breadcrumb"},"inLanguage":"en-US","potentialAction":[{"@type":"ReadAction","target":["https:\/\/www.pravo.unizg.hr\/studiji\/cjelozivotno-obrazovanje\/izrada-i-hijerarhija-pravnih-propisa-i-akata\/"]}]},{"@type":"BreadcrumbList","@id":"https:\/\/www.pravo.unizg.hr\/studiji\/cjelozivotno-obrazovanje\/izrada-i-hijerarhija-pravnih-propisa-i-akata\/#breadcrumb","itemListElement":[{"@type":"ListItem","position":1,"name":"Homepage","item":"https:\/\/www.pravo.unizg.hr\/en\/"},{"@type":"ListItem","position":2,"name":"Studiji","item":"https:\/\/www.pravo.unizg.hr\/studiji\/"},{"@type":"ListItem","position":3,"name":"Cjelo\u017eivotno obrazovanje","item":"https:\/\/www.pravo.unizg.hr\/studiji\/cjelozivotno-obrazovanje\/"},{"@type":"ListItem","position":4,"name":"Izrada i hijerarhija pravnih propisa i akata"}]},{"@type":"WebSite","@id":"https:\/\/www.pravo.unizg.hr\/#website","url":"https:\/\/www.pravo.unizg.hr\/","name":"Faculty of law","description":"","potentialAction":[{"@type":"SearchAction","target":{"@type":"EntryPoint","urlTemplate":"https:\/\/www.pravo.unizg.hr\/?s={search_term_string}"},"query-input":"required name=search_term_string"}],"inLanguage":"en-US"}]}},"_links":{"self":[{"href":"https:\/\/www.pravo.unizg.hr\/en\/wp-json\/wp\/v2\/pages\/3209","targetHints":{"allow":["GET"]}}],"collection":[{"href":"https:\/\/www.pravo.unizg.hr\/en\/wp-json\/wp\/v2\/pages"}],"about":[{"href":"https:\/\/www.pravo.unizg.hr\/en\/wp-json\/wp\/v2\/types\/page"}],"author":[{"embeddable":true,"href":"https:\/\/www.pravo.unizg.hr\/en\/wp-json\/wp\/v2\/users\/511"}],"replies":[{"embeddable":true,"href":"https:\/\/www.pravo.unizg.hr\/en\/wp-json\/wp\/v2\/comments?post=3209"}],"version-history":[{"count":4,"href":"https:\/\/www.pravo.unizg.hr\/en\/wp-json\/wp\/v2\/pages\/3209\/revisions"}],"predecessor-version":[{"id":3217,"href":"https:\/\/www.pravo.unizg.hr\/en\/wp-json\/wp\/v2\/pages\/3209\/revisions\/3217"}],"up":[{"embeddable":true,"href":"https:\/\/www.pravo.unizg.hr\/en\/wp-json\/wp\/v2\/pages\/60"}],"wp:attachment":[{"href":"https:\/\/www.pravo.unizg.hr\/en\/wp-json\/wp\/v2\/media?parent=3209"}],"curies":[{"name":"wp","href":"https:\/\/api.w.org\/{rel}","templated":true}]}}