{"id":3201,"date":"2023-02-24T10:11:24","date_gmt":"2023-02-24T09:11:24","guid":{"rendered":"https:\/\/www.pravo.unizg.hr\/?page_id=3201"},"modified":"2023-03-10T15:38:38","modified_gmt":"2023-03-10T14:38:38","slug":"program-cjelozivotnog-ucenja-u-podrucju-visokog-obrazovanja-i-znanosti","status":"publish","type":"page","link":"https:\/\/www.pravo.unizg.hr\/en\/studiji\/cjelozivotno-obrazovanje\/program-cjelozivotnog-ucenja-u-podrucju-visokog-obrazovanja-i-znanosti\/","title":{"rendered":"Program cjelo\u017eivotnog u\u010denja u podru\u010dju visokog obrazovanja i znanosti"},"content":{"rendered":"<ul>\n<li><strong>Primjena kolektivnog ugovora za znanost i visoko obrazovanje<\/strong><\/li>\n<li><strong>Novi europski okvir za autorsko pravo u znanosti i visokom obrazovanju<\/strong><\/li>\n<li><strong>Izrada standarda zanimanja za tajnike na visokim u\u010dili\u0161tima i institutima<\/strong><\/li>\n<li><strong>Ishodi u\u010denja<\/strong><\/li>\n<li><strong>Pravna na\u010dela<\/strong><\/li>\n<li><strong>Izrada pravnih propisa i akata (op\u0107ih i pojedina\u010dnih) znanstvenih organizacija \u2013 primjeri dobre i lo\u0161e prakse<\/strong><\/li>\n<\/ul>\n<p>Ve\u0107 \u010detvrtu godinu za redom Pravni fakultet Sveu\u010dili\u0161ta u Zagrebu uspje\u0161no organizira program cjelo\u017eivotnog u\u010denja u podru\u010dju visokog obrazovanja i znanosti. U okviru dosada\u0161njih programa tematizirani su zakoni, gotovo svi propisi doneseni na razini znanstvenih organizacija, propisi doneseni na nacionalnoj razini (ministarstava, agencija, nacionalnih tijela, i sl.), kao i na\u010dini normativnog ure\u0111enja razli\u010ditih podru\u010dja djelovanja znanstvenih organizacija. Neke od tema koja su do sada bile dio programa cjelo\u017eivotnog u\u010denja su: izrada op\u0107ih akata o napredovanju nastavnika i znanstvenika, reguliranje osnovnih i pro\u0161irenih djelatnosti, op\u0107i i pojedina\u010dni akti o osiguravanju kvalitete, ustrojstvo radnih mjesta, javna nabava, pravo na pristup informacija, za\u0161tita intelektualnog vlasni\u0161tva, itd.)<\/p>\n<p>Stoga je Pravni fakultet Sveu\u010dili\u0161ta u Zagrebu odlu\u010dio u okviru cjelo\u017eivotnog obrazovanja, a unutar nastave za stru\u010dno usavr\u0161avanje koju Fakultet pru\u017ea u skladu sa svojim Statutom, pru\u017eiti stru\u010dno usavr\u0161avanje u pogledu tuma\u010denja i primjene zakona i drugih propisa iz podru\u010dja znanosti i visokog obrazovanja u temama koje do sada nisu bile predstavljene. Program je namijenjen za sve zainteresirane zaposlenike (nastavne, znanstvene, stru\u010dne i nenastavne) na visokim u\u010dili\u0161tima i institutima koji \u017eele ste\u0107i znanja i prakti\u010dne vje\u0161tine u izradi i u dono\u0161enju akata na svojim znanstvenim organizacijama.<\/p>\n<p>Nove teme koje su dio predstoje\u0107eg programa obuhva\u0107aju\u00a0<strong>analizu i prijepore vezane za dosada\u0161nju primjenu Kolektivnog ugovora za znanost i visoko obrazovanje, novi europski okvir za autorsko pravo u znanosti i visokom obrazovanju, izri\u010dita i neizri\u010dita pravna na\u010dela, ishode u\u010denja prema novoj Metodologiji HKO-a, izradu standarda zanimanja za tajnike u znanstvenim organizacijama.<\/strong><\/p>\n<p>Jedan dio programa bit \u0107e posve\u0107en i\u00a0<u>analizi svih op\u0107ih akata znanstvenih organizacija polaznika programa<\/u>. U skladu s tim, svi zainteresirani polaznici obvezni su nakon prijave dostaviti popis akata na kojima bi \u017eeljeli raditi u okviru programa\u00a0<strong>a koji se ne nalaze na slu\u017ebenim mre\u017enim stranicama<\/strong>. Podaci se dostavljaju na mail adresu\u00a0<a>ksenija.grubisic@pravo.hr<\/a>.<\/p>\n<p>Program \u0107e se odr\u017eavati od\u00a0<strong>27. do 31. sije\u010dnja 2020.<\/strong>\u00a0U odr\u017eavanju programa sudjelovat \u0107e Katedra za sociologiju, Katedra za upravno pravo, \u00a0Katedra za gra\u0111ansko pravo, Katedra za radno pravo Pravnog fakulteta Sveu\u010dili\u0161ta u Zagrebu, Katedra za upravno pravo Pravnog fakulteta Sveu\u010dili\u0161ta u Rijeci, Institut za razvoj obrazovanja, odnosno stru\u010dnjaci iz teorije i prakse s namjerom da sastav predava\u010da osigurava sintezu teorije i prakse koja \u0107e nedvojbeno ispuniti o\u010dekivanja polaznika, ali i predlagatelja Programa.<\/p>\n<p>Svi polaznici koji bi uredno ispunili svoje nastavne obveze o tome \u0107e dobiti potvrdu (\u010dl. 53. st. 1. Statuta Fakulteta). Polaznicima koji to \u017eele omogu\u0107it \u0107e se usmeno polaganje ispita. Tako\u0111er, polaznici \u0107e ispit mo\u0107i polo\u017eiti i pisanjem eseja, u skladu s pravilima pisanja znanstvenog rada. Takvi bi radovi morali biti pozitivno ocijenjeni te usmeno obranjeni. Polaznicima koji \u0107e uz izvr\u0161enje nastavnih obveze s uspjehom polo\u017eili i ispit izdat \u0107e se svjedod\u017eba o poha\u0111anju nastave te uspjehu na ispitu (\u010dl. 53. st. 2. Statuta Fakulteta).<\/p>\n<p>Nastava \u0107e se odr\u017eavati u prostorijama Pravnog fakulteta Sveu\u010dili\u0161ta u Zagrebu. Nastavna grupa ne\u0107e brojati vi\u0161e od 50 kandidata. Nastava \u0107e se odr\u017eavati u poslijepodnevnim satima, od 17-21 sati. Predvi\u0111eno trajanje nastave je pet radnih dana, u trajanju od 5 nastavnih sati po danu.<\/p>\n<p>Cijena te\u010daja po polazniku iznosi 150,00 kuna po satu, dakle ukupni iznos upisnine iznosi 3.750,00 kuna po polazniku. Upisnina pokriva sve tro\u0161kove te\u010daja, \u0161to uklju\u010duje nastavne materijale (PP prezentacije i sl.), te izdavanje potvrde o poha\u0111anom programu.<\/p>\n<p>Prijave se zaprimaju do 20. sije\u010dnja 2020. na mail adresu\u00a0<a>jasmin.mujinovic@pravo.hr<\/a>. Kona\u010dan raspored programa ovisi o va\u0161im prijedlozima te \u0107e biti objavljen i dostavljen svim polaznicima nakon proteka roka za prijavu.<\/p>\n<p><a href=\"https:\/\/www.pravo.unizg.hr\/wp-content\/uploads\/2023\/02\/czo-visoko-obrazovanje-i-znanost-prijava.doc\">Prijava<\/a><\/p>\n<p><a href=\"https:\/\/www.pravo.unizg.hr\/wp-content\/uploads\/2023\/02\/czo-visoko-obrazovanje-i-znanost-prijava-Raspored-programa-1.pdf\">Privremeni raspored programa<\/a><\/p>\n","protected":false},"excerpt":{"rendered":"<p>Primjena kolektivnog ugovora za znanost i visoko obrazovanje Novi europski&#8230;<\/p>\n","protected":false},"author":511,"featured_media":0,"parent":60,"menu_order":0,"comment_status":"closed","ping_status":"closed","template":"","meta":{"footnotes":""},"class_list":["post-3201","page","type-page","status-publish","hentry"],"pp_force_visibility":null,"pp_subpost_visibility":null,"pp_inherited_force_visibility":null,"pp_inherited_subpost_visibility":null,"acf":[],"yoast_head":"<!-- This site is optimized with the Yoast SEO plugin v20.1 - https:\/\/yoast.com\/wordpress\/plugins\/seo\/ -->\n<title>Program cjelo\u017eivotnog u\u010denja u podru\u010dju visokog obrazovanja i znanosti - Faculty of law<\/title>\n<meta name=\"robots\" content=\"index, follow, max-snippet:-1, max-image-preview:large, max-video-preview:-1\" \/>\n<link rel=\"canonical\" href=\"https:\/\/www.pravo.unizg.hr\/studiji\/cjelozivotno-obrazovanje\/program-cjelozivotnog-ucenja-u-podrucju-visokog-obrazovanja-i-znanosti\/\" \/>\n<meta property=\"og:locale\" content=\"en_US\" \/>\n<meta property=\"og:type\" content=\"article\" \/>\n<meta property=\"og:title\" content=\"Program cjelo\u017eivotnog u\u010denja u podru\u010dju visokog obrazovanja i znanosti - Faculty of law\" \/>\n<meta property=\"og:description\" content=\"Primjena kolektivnog ugovora za znanost i visoko obrazovanje Novi europski...\" \/>\n<meta property=\"og:url\" content=\"https:\/\/www.pravo.unizg.hr\/studiji\/cjelozivotno-obrazovanje\/program-cjelozivotnog-ucenja-u-podrucju-visokog-obrazovanja-i-znanosti\/\" \/>\n<meta property=\"og:site_name\" content=\"Faculty of law\" \/>\n<meta property=\"article:modified_time\" content=\"2023-03-10T14:38:38+00:00\" \/>\n<meta name=\"twitter:card\" content=\"summary_large_image\" \/>\n<meta name=\"twitter:label1\" content=\"Est. reading time\" \/>\n\t<meta name=\"twitter:data1\" content=\"4 minutes\" \/>\n<script type=\"application\/ld+json\" class=\"yoast-schema-graph\">{\"@context\":\"https:\/\/schema.org\",\"@graph\":[{\"@type\":\"WebPage\",\"@id\":\"https:\/\/www.pravo.unizg.hr\/studiji\/cjelozivotno-obrazovanje\/program-cjelozivotnog-ucenja-u-podrucju-visokog-obrazovanja-i-znanosti\/\",\"url\":\"https:\/\/www.pravo.unizg.hr\/studiji\/cjelozivotno-obrazovanje\/program-cjelozivotnog-ucenja-u-podrucju-visokog-obrazovanja-i-znanosti\/\",\"name\":\"Program cjelo\u017eivotnog u\u010denja u podru\u010dju visokog obrazovanja i znanosti - Faculty of law\",\"isPartOf\":{\"@id\":\"https:\/\/www.pravo.unizg.hr\/#website\"},\"datePublished\":\"2023-02-24T09:11:24+00:00\",\"dateModified\":\"2023-03-10T14:38:38+00:00\",\"breadcrumb\":{\"@id\":\"https:\/\/www.pravo.unizg.hr\/studiji\/cjelozivotno-obrazovanje\/program-cjelozivotnog-ucenja-u-podrucju-visokog-obrazovanja-i-znanosti\/#breadcrumb\"},\"inLanguage\":\"en-US\",\"potentialAction\":[{\"@type\":\"ReadAction\",\"target\":[\"https:\/\/www.pravo.unizg.hr\/studiji\/cjelozivotno-obrazovanje\/program-cjelozivotnog-ucenja-u-podrucju-visokog-obrazovanja-i-znanosti\/\"]}]},{\"@type\":\"BreadcrumbList\",\"@id\":\"https:\/\/www.pravo.unizg.hr\/studiji\/cjelozivotno-obrazovanje\/program-cjelozivotnog-ucenja-u-podrucju-visokog-obrazovanja-i-znanosti\/#breadcrumb\",\"itemListElement\":[{\"@type\":\"ListItem\",\"position\":1,\"name\":\"Homepage\",\"item\":\"https:\/\/www.pravo.unizg.hr\/en\/\"},{\"@type\":\"ListItem\",\"position\":2,\"name\":\"Studiji\",\"item\":\"https:\/\/www.pravo.unizg.hr\/studiji\/\"},{\"@type\":\"ListItem\",\"position\":3,\"name\":\"Cjelo\u017eivotno obrazovanje\",\"item\":\"https:\/\/www.pravo.unizg.hr\/studiji\/cjelozivotno-obrazovanje\/\"},{\"@type\":\"ListItem\",\"position\":4,\"name\":\"Program cjelo\u017eivotnog u\u010denja u podru\u010dju visokog obrazovanja i znanosti\"}]},{\"@type\":\"WebSite\",\"@id\":\"https:\/\/www.pravo.unizg.hr\/#website\",\"url\":\"https:\/\/www.pravo.unizg.hr\/\",\"name\":\"Faculty of law\",\"description\":\"\",\"potentialAction\":[{\"@type\":\"SearchAction\",\"target\":{\"@type\":\"EntryPoint\",\"urlTemplate\":\"https:\/\/www.pravo.unizg.hr\/?s={search_term_string}\"},\"query-input\":\"required name=search_term_string\"}],\"inLanguage\":\"en-US\"}]}<\/script>\n<!-- \/ Yoast SEO plugin. -->","yoast_head_json":{"title":"Program cjelo\u017eivotnog u\u010denja u podru\u010dju visokog obrazovanja i znanosti - Faculty of law","robots":{"index":"index","follow":"follow","max-snippet":"max-snippet:-1","max-image-preview":"max-image-preview:large","max-video-preview":"max-video-preview:-1"},"canonical":"https:\/\/www.pravo.unizg.hr\/studiji\/cjelozivotno-obrazovanje\/program-cjelozivotnog-ucenja-u-podrucju-visokog-obrazovanja-i-znanosti\/","og_locale":"en_US","og_type":"article","og_title":"Program cjelo\u017eivotnog u\u010denja u podru\u010dju visokog obrazovanja i znanosti - Faculty of law","og_description":"Primjena kolektivnog ugovora za znanost i visoko obrazovanje Novi europski...","og_url":"https:\/\/www.pravo.unizg.hr\/studiji\/cjelozivotno-obrazovanje\/program-cjelozivotnog-ucenja-u-podrucju-visokog-obrazovanja-i-znanosti\/","og_site_name":"Faculty of law","article_modified_time":"2023-03-10T14:38:38+00:00","twitter_card":"summary_large_image","twitter_misc":{"Est. reading time":"4 minutes"},"schema":{"@context":"https:\/\/schema.org","@graph":[{"@type":"WebPage","@id":"https:\/\/www.pravo.unizg.hr\/studiji\/cjelozivotno-obrazovanje\/program-cjelozivotnog-ucenja-u-podrucju-visokog-obrazovanja-i-znanosti\/","url":"https:\/\/www.pravo.unizg.hr\/studiji\/cjelozivotno-obrazovanje\/program-cjelozivotnog-ucenja-u-podrucju-visokog-obrazovanja-i-znanosti\/","name":"Program cjelo\u017eivotnog u\u010denja u podru\u010dju visokog obrazovanja i znanosti - Faculty of law","isPartOf":{"@id":"https:\/\/www.pravo.unizg.hr\/#website"},"datePublished":"2023-02-24T09:11:24+00:00","dateModified":"2023-03-10T14:38:38+00:00","breadcrumb":{"@id":"https:\/\/www.pravo.unizg.hr\/studiji\/cjelozivotno-obrazovanje\/program-cjelozivotnog-ucenja-u-podrucju-visokog-obrazovanja-i-znanosti\/#breadcrumb"},"inLanguage":"en-US","potentialAction":[{"@type":"ReadAction","target":["https:\/\/www.pravo.unizg.hr\/studiji\/cjelozivotno-obrazovanje\/program-cjelozivotnog-ucenja-u-podrucju-visokog-obrazovanja-i-znanosti\/"]}]},{"@type":"BreadcrumbList","@id":"https:\/\/www.pravo.unizg.hr\/studiji\/cjelozivotno-obrazovanje\/program-cjelozivotnog-ucenja-u-podrucju-visokog-obrazovanja-i-znanosti\/#breadcrumb","itemListElement":[{"@type":"ListItem","position":1,"name":"Homepage","item":"https:\/\/www.pravo.unizg.hr\/en\/"},{"@type":"ListItem","position":2,"name":"Studiji","item":"https:\/\/www.pravo.unizg.hr\/studiji\/"},{"@type":"ListItem","position":3,"name":"Cjelo\u017eivotno obrazovanje","item":"https:\/\/www.pravo.unizg.hr\/studiji\/cjelozivotno-obrazovanje\/"},{"@type":"ListItem","position":4,"name":"Program cjelo\u017eivotnog u\u010denja u podru\u010dju visokog obrazovanja i znanosti"}]},{"@type":"WebSite","@id":"https:\/\/www.pravo.unizg.hr\/#website","url":"https:\/\/www.pravo.unizg.hr\/","name":"Faculty of law","description":"","potentialAction":[{"@type":"SearchAction","target":{"@type":"EntryPoint","urlTemplate":"https:\/\/www.pravo.unizg.hr\/?s={search_term_string}"},"query-input":"required name=search_term_string"}],"inLanguage":"en-US"}]}},"_links":{"self":[{"href":"https:\/\/www.pravo.unizg.hr\/en\/wp-json\/wp\/v2\/pages\/3201","targetHints":{"allow":["GET"]}}],"collection":[{"href":"https:\/\/www.pravo.unizg.hr\/en\/wp-json\/wp\/v2\/pages"}],"about":[{"href":"https:\/\/www.pravo.unizg.hr\/en\/wp-json\/wp\/v2\/types\/page"}],"author":[{"embeddable":true,"href":"https:\/\/www.pravo.unizg.hr\/en\/wp-json\/wp\/v2\/users\/511"}],"replies":[{"embeddable":true,"href":"https:\/\/www.pravo.unizg.hr\/en\/wp-json\/wp\/v2\/comments?post=3201"}],"version-history":[{"count":1,"href":"https:\/\/www.pravo.unizg.hr\/en\/wp-json\/wp\/v2\/pages\/3201\/revisions"}],"predecessor-version":[{"id":3208,"href":"https:\/\/www.pravo.unizg.hr\/en\/wp-json\/wp\/v2\/pages\/3201\/revisions\/3208"}],"up":[{"embeddable":true,"href":"https:\/\/www.pravo.unizg.hr\/en\/wp-json\/wp\/v2\/pages\/60"}],"wp:attachment":[{"href":"https:\/\/www.pravo.unizg.hr\/en\/wp-json\/wp\/v2\/media?parent=3201"}],"curies":[{"name":"wp","href":"https:\/\/api.w.org\/{rel}","templated":true}]}}