{"id":3197,"date":"2023-02-24T10:06:59","date_gmt":"2023-02-24T09:06:59","guid":{"rendered":"https:\/\/www.pravo.unizg.hr\/?page_id=3197"},"modified":"2023-03-10T15:38:48","modified_gmt":"2023-03-10T14:38:48","slug":"restrukturiranje-duznika-u-stecajnom-postupku","status":"publish","type":"page","link":"https:\/\/www.pravo.unizg.hr\/en\/studiji\/cjelozivotno-obrazovanje\/restrukturiranje-duznika-u-stecajnom-postupku\/","title":{"rendered":"Restrukturiranje du\u017enika u ste\u010dajnom postupku"},"content":{"rendered":"<p>Pravni fakultet Sveu\u010dili\u0161ta u Zagrebu zapo\u010dinje s izvo\u0111enjem programa cjelo\u017eivotnog obrazovanja pod naslovom\u00a0<strong><em>Restrukturiranje du\u017enika u ste\u010dajnom postupku<\/em><\/strong>.<\/p>\n<p>Cilj \u00a0ovog programa u vidu radionice jest podijeliti iskustva i znanja koja su potrebna za uspje\u0161nu izradu ste\u010dajnog plana i ostvarivanje ciljeva restrukturiranja du\u017enika, kako bi ste\u010dajni du\u017enik trgova\u010dko dru\u0161tvo odnosno du\u017enik pojedinac (primjerice obrtnik) uspje\u0161no opstao u gospodarskom \u017eivotu, kako bi se sa\u010duvala radna mjesta i kako bi se ste\u010dajni vjerovnici du\u017enika u ve\u0107oj mjeri namirili. Ovim programom \u017eeli se doprinijeti osna\u017eenju koncepta ste\u010dajnog plana u otvorenom ste\u010dajnom postupku i pove\u0107ati broj uspje\u0161nih restrukturiranja i poslovnog ozdravljenja gospodarskih subjekata nad kojima je otvoren ste\u010dajni postupak u Hrvatskoj, s posebnim naglaskom na pravovremenost otvaranja takvog postupka.<\/p>\n<p>Navedeni program edukacije namijenjen je ste\u010dajnim upraviteljima, sucima, odvjetnicima, revizorima, poreznim savjetnicima, dr\u017eavnim odvjetnicima kako bi osna\u017eili svoje znanje o restrukturiranju ste\u010dajnog du\u017enika i tako uspje\u0161nije obavljali svoje profesionalne djelatnosti, ali i svim gospodarstvenicima, uklju\u010duju\u0107i banke i kreditne institucije, odnosno svim pravnim i fizi\u010dkim osobama koji \u017eele vi\u0161e nau\u010diti o restrukturiranju ste\u010dajnog du\u017enika, kako bi \u0161to bolje, bilo kao du\u017enici bilo kao vjerovnici, za\u0161titili svoje interese u ste\u010dajnom postupku.<\/p>\n<p>Voditeljica programa jest prof. dr. sc. Jasnica Gara\u0161i\u0107, a pored nje \u0107e u izvo\u0111enju programa sudjelovati istaknuti profesori trgova\u010dkog, gra\u0111anskog i gra\u0111anskog procesnog prava Pravnog fakulteta u Zagrebu, suci Trgova\u010dkog suda u Zagrebu, Visokog trgova\u010dkog suda te Vrhovnog suda Republike Hrvaske, kao i porezni savjetnici.<\/p>\n<p><strong>Program \u0107e se izvoditi od 11.-15. studenog 2019. u popodnevnim terminima od 17.00 &#8211; 21.00h na Pravnom fakultetu Sveu\u010dili\u0161ta u Zagrebu, Trg Republike Hrvatske 3, dvorana V, 3. kat.<\/strong><\/p>\n<p>Upisnina iznosi 3.250.00 kuna po polazniku.<\/p>\n<p>U prilogu se nalazi sadr\u017eaj programa sa svim potrebnim obja\u0161njenjima i dodatnim informacijama, a isto tako i obrazac za prijavu.<\/p>\n<p>Zainteresirani mogu ispunjeni obrazac za prijavu elektronski poslati gospodinu Jasminu Mujinovi\u0107u \u2013\u00a0<a>jasmin.mujinovic@pravo.hr<\/a>\u00a0najkasnije\u00a0<strong>do 6. studenog 2019.\u00a0<\/strong>Predvi\u0111eno je 40 mjesta za polaznike. U slu\u010daju ve\u0107eg broja zainteresiranih, pravo na sudjelovanje u programu odredit \u0107e se prema vremenskom redoslijedu zaprimanja elektronske prijave. Za sve potrebne informacije mo\u017eete se obratiti gospodinu Jasminu Mujinovi\u0107u ili prof. dr. sc. Jasnici Gara\u0161i\u0107 \u2013\u00a0<a>jgarasic@pravo.hr<\/a>.<\/p>\n<p><a href=\"https:\/\/www.pravo.unizg.hr\/wp-content\/uploads\/2023\/02\/Program-Restrukturiranje-duznika-u-stecajnom-postupku.pdf\">PROGRAM CJELO\u017dIVOTNOG OBRAZOVANJA \u201cRESTRUKTURIRANJE DU\u017dNIKA U STE\u010cAJNOM POSTUPKU\u201d<\/a><\/p>\n","protected":false},"excerpt":{"rendered":"<p>Pravni fakultet Sveu\u010dili\u0161ta u Zagrebu zapo\u010dinje s izvo\u0111enjem programa cjelo\u017eivotnog&#8230;<\/p>\n","protected":false},"author":511,"featured_media":0,"parent":60,"menu_order":0,"comment_status":"closed","ping_status":"closed","template":"","meta":{"footnotes":""},"class_list":["post-3197","page","type-page","status-publish","hentry"],"pp_force_visibility":null,"pp_subpost_visibility":null,"pp_inherited_force_visibility":null,"pp_inherited_subpost_visibility":null,"acf":[],"yoast_head":"<!-- This site is optimized with the Yoast SEO plugin v20.1 - https:\/\/yoast.com\/wordpress\/plugins\/seo\/ -->\n<title>Restrukturiranje du\u017enika u ste\u010dajnom postupku - Faculty of law<\/title>\n<meta name=\"robots\" content=\"index, follow, max-snippet:-1, max-image-preview:large, max-video-preview:-1\" \/>\n<link rel=\"canonical\" href=\"https:\/\/www.pravo.unizg.hr\/studiji\/cjelozivotno-obrazovanje\/restrukturiranje-duznika-u-stecajnom-postupku\/\" \/>\n<meta property=\"og:locale\" content=\"en_US\" \/>\n<meta property=\"og:type\" content=\"article\" \/>\n<meta property=\"og:title\" content=\"Restrukturiranje du\u017enika u ste\u010dajnom postupku - Faculty of law\" \/>\n<meta property=\"og:description\" content=\"Pravni fakultet Sveu\u010dili\u0161ta u Zagrebu zapo\u010dinje s izvo\u0111enjem programa cjelo\u017eivotnog...\" \/>\n<meta property=\"og:url\" content=\"https:\/\/www.pravo.unizg.hr\/studiji\/cjelozivotno-obrazovanje\/restrukturiranje-duznika-u-stecajnom-postupku\/\" \/>\n<meta property=\"og:site_name\" content=\"Faculty of law\" \/>\n<meta property=\"article:modified_time\" content=\"2023-03-10T14:38:48+00:00\" \/>\n<meta name=\"twitter:card\" content=\"summary_large_image\" \/>\n<meta name=\"twitter:label1\" content=\"Est. reading time\" \/>\n\t<meta name=\"twitter:data1\" content=\"2 minutes\" \/>\n<script type=\"application\/ld+json\" class=\"yoast-schema-graph\">{\"@context\":\"https:\/\/schema.org\",\"@graph\":[{\"@type\":\"WebPage\",\"@id\":\"https:\/\/www.pravo.unizg.hr\/studiji\/cjelozivotno-obrazovanje\/restrukturiranje-duznika-u-stecajnom-postupku\/\",\"url\":\"https:\/\/www.pravo.unizg.hr\/studiji\/cjelozivotno-obrazovanje\/restrukturiranje-duznika-u-stecajnom-postupku\/\",\"name\":\"Restrukturiranje du\u017enika u ste\u010dajnom postupku - Faculty of law\",\"isPartOf\":{\"@id\":\"https:\/\/www.pravo.unizg.hr\/#website\"},\"datePublished\":\"2023-02-24T09:06:59+00:00\",\"dateModified\":\"2023-03-10T14:38:48+00:00\",\"breadcrumb\":{\"@id\":\"https:\/\/www.pravo.unizg.hr\/studiji\/cjelozivotno-obrazovanje\/restrukturiranje-duznika-u-stecajnom-postupku\/#breadcrumb\"},\"inLanguage\":\"en-US\",\"potentialAction\":[{\"@type\":\"ReadAction\",\"target\":[\"https:\/\/www.pravo.unizg.hr\/studiji\/cjelozivotno-obrazovanje\/restrukturiranje-duznika-u-stecajnom-postupku\/\"]}]},{\"@type\":\"BreadcrumbList\",\"@id\":\"https:\/\/www.pravo.unizg.hr\/studiji\/cjelozivotno-obrazovanje\/restrukturiranje-duznika-u-stecajnom-postupku\/#breadcrumb\",\"itemListElement\":[{\"@type\":\"ListItem\",\"position\":1,\"name\":\"Homepage\",\"item\":\"https:\/\/www.pravo.unizg.hr\/en\/\"},{\"@type\":\"ListItem\",\"position\":2,\"name\":\"Studiji\",\"item\":\"https:\/\/www.pravo.unizg.hr\/studiji\/\"},{\"@type\":\"ListItem\",\"position\":3,\"name\":\"Cjelo\u017eivotno obrazovanje\",\"item\":\"https:\/\/www.pravo.unizg.hr\/studiji\/cjelozivotno-obrazovanje\/\"},{\"@type\":\"ListItem\",\"position\":4,\"name\":\"Restrukturiranje du\u017enika u ste\u010dajnom postupku\"}]},{\"@type\":\"WebSite\",\"@id\":\"https:\/\/www.pravo.unizg.hr\/#website\",\"url\":\"https:\/\/www.pravo.unizg.hr\/\",\"name\":\"Faculty of law\",\"description\":\"\",\"potentialAction\":[{\"@type\":\"SearchAction\",\"target\":{\"@type\":\"EntryPoint\",\"urlTemplate\":\"https:\/\/www.pravo.unizg.hr\/?s={search_term_string}\"},\"query-input\":\"required name=search_term_string\"}],\"inLanguage\":\"en-US\"}]}<\/script>\n<!-- \/ Yoast SEO plugin. -->","yoast_head_json":{"title":"Restrukturiranje du\u017enika u ste\u010dajnom postupku - Faculty of law","robots":{"index":"index","follow":"follow","max-snippet":"max-snippet:-1","max-image-preview":"max-image-preview:large","max-video-preview":"max-video-preview:-1"},"canonical":"https:\/\/www.pravo.unizg.hr\/studiji\/cjelozivotno-obrazovanje\/restrukturiranje-duznika-u-stecajnom-postupku\/","og_locale":"en_US","og_type":"article","og_title":"Restrukturiranje du\u017enika u ste\u010dajnom postupku - Faculty of law","og_description":"Pravni fakultet Sveu\u010dili\u0161ta u Zagrebu zapo\u010dinje s izvo\u0111enjem programa cjelo\u017eivotnog...","og_url":"https:\/\/www.pravo.unizg.hr\/studiji\/cjelozivotno-obrazovanje\/restrukturiranje-duznika-u-stecajnom-postupku\/","og_site_name":"Faculty of law","article_modified_time":"2023-03-10T14:38:48+00:00","twitter_card":"summary_large_image","twitter_misc":{"Est. reading time":"2 minutes"},"schema":{"@context":"https:\/\/schema.org","@graph":[{"@type":"WebPage","@id":"https:\/\/www.pravo.unizg.hr\/studiji\/cjelozivotno-obrazovanje\/restrukturiranje-duznika-u-stecajnom-postupku\/","url":"https:\/\/www.pravo.unizg.hr\/studiji\/cjelozivotno-obrazovanje\/restrukturiranje-duznika-u-stecajnom-postupku\/","name":"Restrukturiranje du\u017enika u ste\u010dajnom postupku - Faculty of law","isPartOf":{"@id":"https:\/\/www.pravo.unizg.hr\/#website"},"datePublished":"2023-02-24T09:06:59+00:00","dateModified":"2023-03-10T14:38:48+00:00","breadcrumb":{"@id":"https:\/\/www.pravo.unizg.hr\/studiji\/cjelozivotno-obrazovanje\/restrukturiranje-duznika-u-stecajnom-postupku\/#breadcrumb"},"inLanguage":"en-US","potentialAction":[{"@type":"ReadAction","target":["https:\/\/www.pravo.unizg.hr\/studiji\/cjelozivotno-obrazovanje\/restrukturiranje-duznika-u-stecajnom-postupku\/"]}]},{"@type":"BreadcrumbList","@id":"https:\/\/www.pravo.unizg.hr\/studiji\/cjelozivotno-obrazovanje\/restrukturiranje-duznika-u-stecajnom-postupku\/#breadcrumb","itemListElement":[{"@type":"ListItem","position":1,"name":"Homepage","item":"https:\/\/www.pravo.unizg.hr\/en\/"},{"@type":"ListItem","position":2,"name":"Studiji","item":"https:\/\/www.pravo.unizg.hr\/studiji\/"},{"@type":"ListItem","position":3,"name":"Cjelo\u017eivotno obrazovanje","item":"https:\/\/www.pravo.unizg.hr\/studiji\/cjelozivotno-obrazovanje\/"},{"@type":"ListItem","position":4,"name":"Restrukturiranje du\u017enika u ste\u010dajnom postupku"}]},{"@type":"WebSite","@id":"https:\/\/www.pravo.unizg.hr\/#website","url":"https:\/\/www.pravo.unizg.hr\/","name":"Faculty of law","description":"","potentialAction":[{"@type":"SearchAction","target":{"@type":"EntryPoint","urlTemplate":"https:\/\/www.pravo.unizg.hr\/?s={search_term_string}"},"query-input":"required name=search_term_string"}],"inLanguage":"en-US"}]}},"_links":{"self":[{"href":"https:\/\/www.pravo.unizg.hr\/en\/wp-json\/wp\/v2\/pages\/3197","targetHints":{"allow":["GET"]}}],"collection":[{"href":"https:\/\/www.pravo.unizg.hr\/en\/wp-json\/wp\/v2\/pages"}],"about":[{"href":"https:\/\/www.pravo.unizg.hr\/en\/wp-json\/wp\/v2\/types\/page"}],"author":[{"embeddable":true,"href":"https:\/\/www.pravo.unizg.hr\/en\/wp-json\/wp\/v2\/users\/511"}],"replies":[{"embeddable":true,"href":"https:\/\/www.pravo.unizg.hr\/en\/wp-json\/wp\/v2\/comments?post=3197"}],"version-history":[{"count":1,"href":"https:\/\/www.pravo.unizg.hr\/en\/wp-json\/wp\/v2\/pages\/3197\/revisions"}],"predecessor-version":[{"id":3200,"href":"https:\/\/www.pravo.unizg.hr\/en\/wp-json\/wp\/v2\/pages\/3197\/revisions\/3200"}],"up":[{"embeddable":true,"href":"https:\/\/www.pravo.unizg.hr\/en\/wp-json\/wp\/v2\/pages\/60"}],"wp:attachment":[{"href":"https:\/\/www.pravo.unizg.hr\/en\/wp-json\/wp\/v2\/media?parent=3197"}],"curies":[{"name":"wp","href":"https:\/\/api.w.org\/{rel}","templated":true}]}}