{"id":3185,"date":"2023-02-24T09:57:27","date_gmt":"2023-02-24T08:57:27","guid":{"rendered":"https:\/\/www.pravo.unizg.hr\/?page_id=3185"},"modified":"2025-10-21T17:36:33","modified_gmt":"2025-10-21T16:36:33","slug":"izmjene-ugovora-o-javnoj-nabavi","status":"publish","type":"page","link":"https:\/\/www.pravo.unizg.hr\/en\/studiji\/cjelozivotno-obrazovanje\/izmjene-ugovora-o-javnoj-nabavi\/","title":{"rendered":"Izmjene ugovora o javnoj nabavi"},"content":{"rendered":"<p>Sklapanjem ugovora o javnoj nabavi naru\u010ditelj i odabrani ponuditelj ugovorno uobli\u010duju\u00a0\u00a0prava i obveze iz odluke o odabiru, te nakon potpisa navedene obveze po\u010dinju i izvr\u0161avati. Ipak, ugovor o javnoj nabavi mogu\u0107e je i izmijeniti tijekom njegova trajanja. Va\u017eno je napomenuti kako naru\u010ditelj i gospodarski subjekt nisu potpuno slobodni u razlozima i na\u010dinima izmjena ugovora, ve\u0107 ograni\u010deni to\u010dno utvr\u0111enim uvjetima iz Zakona o javnoj nabavi, te Direktive 2014\/24\/EU. U praksi se pokazalo kako ba\u0161 kod tuma\u010denja i primjene izmjene ugovora o javnoj nabavi postoje odre\u0111ene nedoumice.<\/p>\n<p>Katedra za Upravno pravo Pravnog fakulteta Sveu\u010dili\u0161ta u Zagrebu ima dugogodi\u0161nje iskustvo organiziranja edukacija iz fakultetskog\u00a0programa cjelo\u017eivotnog obrazovanja, u sklopu kojeg\u00a0organizira i ovu edukaciju iz izmjena ugovora o javnoj nabavi. Posebno nam je drago da ovu, ali i \u010ditav niz budu\u0107ih\u00a0edukacija\u00a0organiziramo u suradnji sa Dr\u017eavnom komisijom za kontrolu postupaka javne nabave (DKOM).<\/p>\n<p>Predava\u010di su \u010dlanovi Katedre za Upravno pravo i DKOM-a sa \u0161irokim kompetencijama u javnoj nabavi. Ovakav spoj znanstvenog i prakti\u010dnog pristupa osigurava sagledavanje klju\u010dnih pitanja izmjene ugovora o javnoj nabavi iz vi\u0161e razli\u010ditih gledi\u0161ta.<\/p>\n<p>Ovo nije jo\u0161\u00a0jedna od edukacija koje\u00a0se obavljaju po programu Ministarstva gospodarstva i\u00a0odr\u017eivog razvoja\u00a0radi stjecanja certifikata iz podru\u010dja javne nabave. Poha\u0111anjem ove edukacije (te polaganjem ispita ili pisanjem rada) polaznik stje\u010de potvrdu Pravnog fakulteta Sveu\u010dili\u0161ta u Zagrebu te dva ECTS boda, koji \u0107e se mo\u0107i priznati kao ispunjenje odgovaraju\u0107ih studijskih obveza na poslijediplomskim specijalisti\u010dkim studijima Pravnog fakulteta Sveu\u010dili\u0161ta u Zagrebu.<\/p>\n<p>&nbsp;<\/p>\n<p>Edukacija \u0107e se odr\u017eati 2. 12. i 3.12. 2021. od 16\u00a0do 20h (ukupno 10 \u0161kolskih sati). Cijena edukacije je 1.750,00 kn.<\/p>\n<p>Detaljne informacije o satnici, nastavnim cjelinama, predava\u010dima i na\u010dinu prijave mo\u017eete vidjeti u zasebnim rubrikama.<\/p>\n<p>&nbsp;<\/p>\n<p>Za sve ostale\u00a0informacije mo\u017eete se obratiti gospodinu Jasminu Mujinovi\u0107u:\u00a0<a>jasmin.mujinovi\u0107@pravo.hr<\/a><\/p>\n","protected":false},"excerpt":{"rendered":"<p>Sklapanjem ugovora o javnoj nabavi naru\u010ditelj i odabrani ponuditelj ugovorno&#8230;<\/p>\n","protected":false},"author":511,"featured_media":0,"parent":60,"menu_order":0,"comment_status":"closed","ping_status":"closed","template":"","meta":{"footnotes":""},"class_list":["post-3185","page","type-page","status-publish","hentry"],"pp_force_visibility":null,"pp_subpost_visibility":null,"pp_inherited_force_visibility":null,"pp_inherited_subpost_visibility":null,"acf":[],"yoast_head":"<!-- This site is optimized with the Yoast SEO plugin v20.1 - https:\/\/yoast.com\/wordpress\/plugins\/seo\/ -->\n<title>Izmjene ugovora o javnoj nabavi - Faculty of law<\/title>\n<meta name=\"robots\" content=\"index, follow, max-snippet:-1, max-image-preview:large, max-video-preview:-1\" \/>\n<link rel=\"canonical\" href=\"https:\/\/www.pravo.unizg.hr\/studiji\/cjelozivotno-obrazovanje\/izmjene-ugovora-o-javnoj-nabavi\/\" \/>\n<meta property=\"og:locale\" content=\"en_US\" \/>\n<meta property=\"og:type\" content=\"article\" \/>\n<meta property=\"og:title\" content=\"Izmjene ugovora o javnoj nabavi - Faculty of law\" \/>\n<meta property=\"og:description\" content=\"Sklapanjem ugovora o javnoj nabavi naru\u010ditelj i odabrani ponuditelj ugovorno...\" \/>\n<meta property=\"og:url\" content=\"https:\/\/www.pravo.unizg.hr\/studiji\/cjelozivotno-obrazovanje\/izmjene-ugovora-o-javnoj-nabavi\/\" \/>\n<meta property=\"og:site_name\" content=\"Faculty of law\" \/>\n<meta property=\"article:modified_time\" content=\"2025-10-21T16:36:33+00:00\" \/>\n<meta name=\"twitter:card\" content=\"summary_large_image\" \/>\n<meta name=\"twitter:label1\" content=\"Est. reading time\" \/>\n\t<meta name=\"twitter:data1\" content=\"2 minutes\" \/>\n<script type=\"application\/ld+json\" class=\"yoast-schema-graph\">{\"@context\":\"https:\/\/schema.org\",\"@graph\":[{\"@type\":\"WebPage\",\"@id\":\"https:\/\/www.pravo.unizg.hr\/studiji\/cjelozivotno-obrazovanje\/izmjene-ugovora-o-javnoj-nabavi\/\",\"url\":\"https:\/\/www.pravo.unizg.hr\/studiji\/cjelozivotno-obrazovanje\/izmjene-ugovora-o-javnoj-nabavi\/\",\"name\":\"Izmjene ugovora o javnoj nabavi - Faculty of law\",\"isPartOf\":{\"@id\":\"https:\/\/www.pravo.unizg.hr\/#website\"},\"datePublished\":\"2023-02-24T08:57:27+00:00\",\"dateModified\":\"2025-10-21T16:36:33+00:00\",\"breadcrumb\":{\"@id\":\"https:\/\/www.pravo.unizg.hr\/studiji\/cjelozivotno-obrazovanje\/izmjene-ugovora-o-javnoj-nabavi\/#breadcrumb\"},\"inLanguage\":\"en-US\",\"potentialAction\":[{\"@type\":\"ReadAction\",\"target\":[\"https:\/\/www.pravo.unizg.hr\/studiji\/cjelozivotno-obrazovanje\/izmjene-ugovora-o-javnoj-nabavi\/\"]}]},{\"@type\":\"BreadcrumbList\",\"@id\":\"https:\/\/www.pravo.unizg.hr\/studiji\/cjelozivotno-obrazovanje\/izmjene-ugovora-o-javnoj-nabavi\/#breadcrumb\",\"itemListElement\":[{\"@type\":\"ListItem\",\"position\":1,\"name\":\"Homepage\",\"item\":\"https:\/\/www.pravo.unizg.hr\/en\/\"},{\"@type\":\"ListItem\",\"position\":2,\"name\":\"Studiji\",\"item\":\"https:\/\/www.pravo.unizg.hr\/studiji\/\"},{\"@type\":\"ListItem\",\"position\":3,\"name\":\"Cjelo\u017eivotno obrazovanje\",\"item\":\"https:\/\/www.pravo.unizg.hr\/studiji\/cjelozivotno-obrazovanje\/\"},{\"@type\":\"ListItem\",\"position\":4,\"name\":\"Izmjene ugovora o javnoj nabavi\"}]},{\"@type\":\"WebSite\",\"@id\":\"https:\/\/www.pravo.unizg.hr\/#website\",\"url\":\"https:\/\/www.pravo.unizg.hr\/\",\"name\":\"Faculty of law\",\"description\":\"\",\"potentialAction\":[{\"@type\":\"SearchAction\",\"target\":{\"@type\":\"EntryPoint\",\"urlTemplate\":\"https:\/\/www.pravo.unizg.hr\/?s={search_term_string}\"},\"query-input\":\"required name=search_term_string\"}],\"inLanguage\":\"en-US\"}]}<\/script>\n<!-- \/ Yoast SEO plugin. -->","yoast_head_json":{"title":"Izmjene ugovora o javnoj nabavi - Faculty of law","robots":{"index":"index","follow":"follow","max-snippet":"max-snippet:-1","max-image-preview":"max-image-preview:large","max-video-preview":"max-video-preview:-1"},"canonical":"https:\/\/www.pravo.unizg.hr\/studiji\/cjelozivotno-obrazovanje\/izmjene-ugovora-o-javnoj-nabavi\/","og_locale":"en_US","og_type":"article","og_title":"Izmjene ugovora o javnoj nabavi - Faculty of law","og_description":"Sklapanjem ugovora o javnoj nabavi naru\u010ditelj i odabrani ponuditelj ugovorno...","og_url":"https:\/\/www.pravo.unizg.hr\/studiji\/cjelozivotno-obrazovanje\/izmjene-ugovora-o-javnoj-nabavi\/","og_site_name":"Faculty of law","article_modified_time":"2025-10-21T16:36:33+00:00","twitter_card":"summary_large_image","twitter_misc":{"Est. reading time":"2 minutes"},"schema":{"@context":"https:\/\/schema.org","@graph":[{"@type":"WebPage","@id":"https:\/\/www.pravo.unizg.hr\/studiji\/cjelozivotno-obrazovanje\/izmjene-ugovora-o-javnoj-nabavi\/","url":"https:\/\/www.pravo.unizg.hr\/studiji\/cjelozivotno-obrazovanje\/izmjene-ugovora-o-javnoj-nabavi\/","name":"Izmjene ugovora o javnoj nabavi - Faculty of law","isPartOf":{"@id":"https:\/\/www.pravo.unizg.hr\/#website"},"datePublished":"2023-02-24T08:57:27+00:00","dateModified":"2025-10-21T16:36:33+00:00","breadcrumb":{"@id":"https:\/\/www.pravo.unizg.hr\/studiji\/cjelozivotno-obrazovanje\/izmjene-ugovora-o-javnoj-nabavi\/#breadcrumb"},"inLanguage":"en-US","potentialAction":[{"@type":"ReadAction","target":["https:\/\/www.pravo.unizg.hr\/studiji\/cjelozivotno-obrazovanje\/izmjene-ugovora-o-javnoj-nabavi\/"]}]},{"@type":"BreadcrumbList","@id":"https:\/\/www.pravo.unizg.hr\/studiji\/cjelozivotno-obrazovanje\/izmjene-ugovora-o-javnoj-nabavi\/#breadcrumb","itemListElement":[{"@type":"ListItem","position":1,"name":"Homepage","item":"https:\/\/www.pravo.unizg.hr\/en\/"},{"@type":"ListItem","position":2,"name":"Studiji","item":"https:\/\/www.pravo.unizg.hr\/studiji\/"},{"@type":"ListItem","position":3,"name":"Cjelo\u017eivotno obrazovanje","item":"https:\/\/www.pravo.unizg.hr\/studiji\/cjelozivotno-obrazovanje\/"},{"@type":"ListItem","position":4,"name":"Izmjene ugovora o javnoj nabavi"}]},{"@type":"WebSite","@id":"https:\/\/www.pravo.unizg.hr\/#website","url":"https:\/\/www.pravo.unizg.hr\/","name":"Faculty of law","description":"","potentialAction":[{"@type":"SearchAction","target":{"@type":"EntryPoint","urlTemplate":"https:\/\/www.pravo.unizg.hr\/?s={search_term_string}"},"query-input":"required name=search_term_string"}],"inLanguage":"en-US"}]}},"_links":{"self":[{"href":"https:\/\/www.pravo.unizg.hr\/en\/wp-json\/wp\/v2\/pages\/3185","targetHints":{"allow":["GET"]}}],"collection":[{"href":"https:\/\/www.pravo.unizg.hr\/en\/wp-json\/wp\/v2\/pages"}],"about":[{"href":"https:\/\/www.pravo.unizg.hr\/en\/wp-json\/wp\/v2\/types\/page"}],"author":[{"embeddable":true,"href":"https:\/\/www.pravo.unizg.hr\/en\/wp-json\/wp\/v2\/users\/511"}],"replies":[{"embeddable":true,"href":"https:\/\/www.pravo.unizg.hr\/en\/wp-json\/wp\/v2\/comments?post=3185"}],"version-history":[{"count":2,"href":"https:\/\/www.pravo.unizg.hr\/en\/wp-json\/wp\/v2\/pages\/3185\/revisions"}],"predecessor-version":[{"id":29093,"href":"https:\/\/www.pravo.unizg.hr\/en\/wp-json\/wp\/v2\/pages\/3185\/revisions\/29093"}],"up":[{"embeddable":true,"href":"https:\/\/www.pravo.unizg.hr\/en\/wp-json\/wp\/v2\/pages\/60"}],"wp:attachment":[{"href":"https:\/\/www.pravo.unizg.hr\/en\/wp-json\/wp\/v2\/media?parent=3185"}],"curies":[{"name":"wp","href":"https:\/\/api.w.org\/{rel}","templated":true}]}}