{"id":3178,"date":"2023-02-24T09:52:00","date_gmt":"2023-02-24T08:52:00","guid":{"rendered":"https:\/\/www.pravo.unizg.hr\/?page_id=3178"},"modified":"2025-10-21T17:46:26","modified_gmt":"2025-10-21T16:46:26","slug":"primjena-nacela-u-postupcima-javne-nabave","status":"publish","type":"page","link":"https:\/\/www.pravo.unizg.hr\/en\/studiji\/cjelozivotno-obrazovanje\/primjena-nacela-u-postupcima-javne-nabave\/","title":{"rendered":"Primjena na\u010dela u postupcima javne nabave"},"content":{"rendered":"<p>Temeljna na\u010dela su iznimno va\u017ean dio svakog (materijalnog i postupovnog) zakona. Tuma\u010denjem i primjenom na\u010dela lak\u0161e se odre\u0111uje cilj i svrha svake pojedine odredbe kako ju je zamislio zakonodavac, ali se i mogu popuniti neizbje\u017ene pravne praznine koje su prisutne u svakom zakonu. Na\u017ealost, unato\u010d njihovoj va\u017enosti, u praksi se na\u010dela \u010desto do\u017eivljavaju samo kao op\u0107enite proklamacije bez pretjerane prakti\u010dne va\u017enosti.<\/p>\n<p>Zakonom o javnoj nabavi propisana su temeljna na\u010dela primjenjiva u postupcima javne nabave, ali i u \u017ealbenim postupcima pred DKOM-om i upravnim sporovima pred Visokim upravnim sudom. Tako\u0111er, u postupcima javne nabave i \u017ealbenom postupku pred DKOM-om od iznimne va\u017enosti su i na\u010dela Zakona o op\u0107em upravnom postupku. U ovoj edukaciji \u017eelimo ukazati na prakti\u010dnu va\u017enost predmetnih na\u010dela u svim etapama javnonabavnog postupka, te pokazati kako je prostor za njihovu prakti\u010dnu primjenu zaista velik.<\/p>\n<p>Katedra za Upravno pravo Pravnog fakulteta Sveu\u010dili\u0161ta u Zagrebu ima dugogodi\u0161nje iskustvo organiziranja edukacija iz fakultetskog\u00a0programa cjelo\u017eivotnog obrazovanja, u sklopu kojeg\u00a0organizira i ovu edukaciju. Posebno nam je drago da ovu, ali i \u010ditav niz budu\u0107ih\u00a0edukacija\u00a0organiziramo u suradnji sa Dr\u017eavnom komisijom za kontrolu postupaka javne nabave (DKOM).<\/p>\n<p>Predava\u010di su \u010dlanovi Katedre za Upravno pravo i DKOM-a sa \u0161irokim kompetencijama u javnoj nabavi. Ovakav spoj znanstvenog i prakti\u010dnog pristupa osigurava sagledavanje klju\u010dnih pitanja izmjene ugovora o javnoj nabavi iz vi\u0161e razli\u010ditih gledi\u0161ta.<\/p>\n<p>Ovo nije jedna od edukacija koje\u00a0se obavljaju po programu Ministarstva gospodarstva i\u00a0odr\u017eivog razvoja\u00a0radi stjecanja certifikata iz podru\u010dja javne nabave, ve\u0107i naglasak stavljamo na znanstveni pristup analiziranju teme edukacije te na na\u010dine kako su te spoznaje primjenjive u konkretnim postupcima javne nabave.<\/p>\n<p>&nbsp;<\/p>\n<p>Edukacija \u0107e se odr\u017eati 3. i 4. listopada. 2022. od 15\u00a0do 19h\u00a0\u00a0(ukupno 10 \u0161kolskih sati) u dvorani V, \u0106irilometodska 4. Cijena edukacije je 1.750,00 kuna ili 232,26 eura po fiksnom te\u010daju konverzije 7,53450.<\/p>\n<p>Detaljne informacije o satnici, nastavnim cjelinama, predava\u010dima i na\u010dinu prijave mo\u017eete vidjeti u zasebnim rubrikama.<\/p>\n<p>&nbsp;<\/p>\n<p>Za sve ostale\u00a0informacije mo\u017eete se obratiti na sljede\u0107i mail:\u00a0<span style=\"color: #8b0b05;\">cjelozivotno@pravo.hr<\/span><\/p>\n<p>&nbsp;<\/p>\n<p>&nbsp;<\/p>\n","protected":false},"excerpt":{"rendered":"<p>Temeljna na\u010dela su iznimno va\u017ean dio svakog (materijalnog i postupovnog)&#8230;<\/p>\n","protected":false},"author":511,"featured_media":0,"parent":60,"menu_order":0,"comment_status":"closed","ping_status":"closed","template":"","meta":{"footnotes":""},"class_list":["post-3178","page","type-page","status-publish","hentry"],"pp_force_visibility":null,"pp_subpost_visibility":null,"pp_inherited_force_visibility":null,"pp_inherited_subpost_visibility":null,"acf":[],"yoast_head":"<!-- This site is optimized with the Yoast SEO plugin v20.1 - https:\/\/yoast.com\/wordpress\/plugins\/seo\/ -->\n<title>Primjena na\u010dela u postupcima javne nabave - Faculty of law<\/title>\n<meta name=\"robots\" content=\"index, follow, max-snippet:-1, max-image-preview:large, max-video-preview:-1\" \/>\n<link rel=\"canonical\" href=\"https:\/\/www.pravo.unizg.hr\/studiji\/cjelozivotno-obrazovanje\/primjena-nacela-u-postupcima-javne-nabave\/\" \/>\n<meta property=\"og:locale\" content=\"en_US\" \/>\n<meta property=\"og:type\" content=\"article\" \/>\n<meta property=\"og:title\" content=\"Primjena na\u010dela u postupcima javne nabave - Faculty of law\" \/>\n<meta property=\"og:description\" content=\"Temeljna na\u010dela su iznimno va\u017ean dio svakog (materijalnog i postupovnog)...\" \/>\n<meta property=\"og:url\" content=\"https:\/\/www.pravo.unizg.hr\/studiji\/cjelozivotno-obrazovanje\/primjena-nacela-u-postupcima-javne-nabave\/\" \/>\n<meta property=\"og:site_name\" content=\"Faculty of law\" \/>\n<meta property=\"article:modified_time\" content=\"2025-10-21T16:46:26+00:00\" \/>\n<meta name=\"twitter:card\" content=\"summary_large_image\" \/>\n<meta name=\"twitter:label1\" content=\"Est. reading time\" \/>\n\t<meta name=\"twitter:data1\" content=\"2 minutes\" \/>\n<script type=\"application\/ld+json\" class=\"yoast-schema-graph\">{\"@context\":\"https:\/\/schema.org\",\"@graph\":[{\"@type\":\"WebPage\",\"@id\":\"https:\/\/www.pravo.unizg.hr\/studiji\/cjelozivotno-obrazovanje\/primjena-nacela-u-postupcima-javne-nabave\/\",\"url\":\"https:\/\/www.pravo.unizg.hr\/studiji\/cjelozivotno-obrazovanje\/primjena-nacela-u-postupcima-javne-nabave\/\",\"name\":\"Primjena na\u010dela u postupcima javne nabave - Faculty of law\",\"isPartOf\":{\"@id\":\"https:\/\/www.pravo.unizg.hr\/#website\"},\"datePublished\":\"2023-02-24T08:52:00+00:00\",\"dateModified\":\"2025-10-21T16:46:26+00:00\",\"breadcrumb\":{\"@id\":\"https:\/\/www.pravo.unizg.hr\/studiji\/cjelozivotno-obrazovanje\/primjena-nacela-u-postupcima-javne-nabave\/#breadcrumb\"},\"inLanguage\":\"en-US\",\"potentialAction\":[{\"@type\":\"ReadAction\",\"target\":[\"https:\/\/www.pravo.unizg.hr\/studiji\/cjelozivotno-obrazovanje\/primjena-nacela-u-postupcima-javne-nabave\/\"]}]},{\"@type\":\"BreadcrumbList\",\"@id\":\"https:\/\/www.pravo.unizg.hr\/studiji\/cjelozivotno-obrazovanje\/primjena-nacela-u-postupcima-javne-nabave\/#breadcrumb\",\"itemListElement\":[{\"@type\":\"ListItem\",\"position\":1,\"name\":\"Homepage\",\"item\":\"https:\/\/www.pravo.unizg.hr\/en\/\"},{\"@type\":\"ListItem\",\"position\":2,\"name\":\"Studiji\",\"item\":\"https:\/\/www.pravo.unizg.hr\/studiji\/\"},{\"@type\":\"ListItem\",\"position\":3,\"name\":\"Cjelo\u017eivotno obrazovanje\",\"item\":\"https:\/\/www.pravo.unizg.hr\/studiji\/cjelozivotno-obrazovanje\/\"},{\"@type\":\"ListItem\",\"position\":4,\"name\":\"Primjena na\u010dela u postupcima javne nabave\"}]},{\"@type\":\"WebSite\",\"@id\":\"https:\/\/www.pravo.unizg.hr\/#website\",\"url\":\"https:\/\/www.pravo.unizg.hr\/\",\"name\":\"Faculty of law\",\"description\":\"\",\"potentialAction\":[{\"@type\":\"SearchAction\",\"target\":{\"@type\":\"EntryPoint\",\"urlTemplate\":\"https:\/\/www.pravo.unizg.hr\/?s={search_term_string}\"},\"query-input\":\"required name=search_term_string\"}],\"inLanguage\":\"en-US\"}]}<\/script>\n<!-- \/ Yoast SEO plugin. -->","yoast_head_json":{"title":"Primjena na\u010dela u postupcima javne nabave - Faculty of law","robots":{"index":"index","follow":"follow","max-snippet":"max-snippet:-1","max-image-preview":"max-image-preview:large","max-video-preview":"max-video-preview:-1"},"canonical":"https:\/\/www.pravo.unizg.hr\/studiji\/cjelozivotno-obrazovanje\/primjena-nacela-u-postupcima-javne-nabave\/","og_locale":"en_US","og_type":"article","og_title":"Primjena na\u010dela u postupcima javne nabave - Faculty of law","og_description":"Temeljna na\u010dela su iznimno va\u017ean dio svakog (materijalnog i postupovnog)...","og_url":"https:\/\/www.pravo.unizg.hr\/studiji\/cjelozivotno-obrazovanje\/primjena-nacela-u-postupcima-javne-nabave\/","og_site_name":"Faculty of law","article_modified_time":"2025-10-21T16:46:26+00:00","twitter_card":"summary_large_image","twitter_misc":{"Est. reading time":"2 minutes"},"schema":{"@context":"https:\/\/schema.org","@graph":[{"@type":"WebPage","@id":"https:\/\/www.pravo.unizg.hr\/studiji\/cjelozivotno-obrazovanje\/primjena-nacela-u-postupcima-javne-nabave\/","url":"https:\/\/www.pravo.unizg.hr\/studiji\/cjelozivotno-obrazovanje\/primjena-nacela-u-postupcima-javne-nabave\/","name":"Primjena na\u010dela u postupcima javne nabave - Faculty of law","isPartOf":{"@id":"https:\/\/www.pravo.unizg.hr\/#website"},"datePublished":"2023-02-24T08:52:00+00:00","dateModified":"2025-10-21T16:46:26+00:00","breadcrumb":{"@id":"https:\/\/www.pravo.unizg.hr\/studiji\/cjelozivotno-obrazovanje\/primjena-nacela-u-postupcima-javne-nabave\/#breadcrumb"},"inLanguage":"en-US","potentialAction":[{"@type":"ReadAction","target":["https:\/\/www.pravo.unizg.hr\/studiji\/cjelozivotno-obrazovanje\/primjena-nacela-u-postupcima-javne-nabave\/"]}]},{"@type":"BreadcrumbList","@id":"https:\/\/www.pravo.unizg.hr\/studiji\/cjelozivotno-obrazovanje\/primjena-nacela-u-postupcima-javne-nabave\/#breadcrumb","itemListElement":[{"@type":"ListItem","position":1,"name":"Homepage","item":"https:\/\/www.pravo.unizg.hr\/en\/"},{"@type":"ListItem","position":2,"name":"Studiji","item":"https:\/\/www.pravo.unizg.hr\/studiji\/"},{"@type":"ListItem","position":3,"name":"Cjelo\u017eivotno obrazovanje","item":"https:\/\/www.pravo.unizg.hr\/studiji\/cjelozivotno-obrazovanje\/"},{"@type":"ListItem","position":4,"name":"Primjena na\u010dela u postupcima javne nabave"}]},{"@type":"WebSite","@id":"https:\/\/www.pravo.unizg.hr\/#website","url":"https:\/\/www.pravo.unizg.hr\/","name":"Faculty of law","description":"","potentialAction":[{"@type":"SearchAction","target":{"@type":"EntryPoint","urlTemplate":"https:\/\/www.pravo.unizg.hr\/?s={search_term_string}"},"query-input":"required name=search_term_string"}],"inLanguage":"en-US"}]}},"_links":{"self":[{"href":"https:\/\/www.pravo.unizg.hr\/en\/wp-json\/wp\/v2\/pages\/3178","targetHints":{"allow":["GET"]}}],"collection":[{"href":"https:\/\/www.pravo.unizg.hr\/en\/wp-json\/wp\/v2\/pages"}],"about":[{"href":"https:\/\/www.pravo.unizg.hr\/en\/wp-json\/wp\/v2\/types\/page"}],"author":[{"embeddable":true,"href":"https:\/\/www.pravo.unizg.hr\/en\/wp-json\/wp\/v2\/users\/511"}],"replies":[{"embeddable":true,"href":"https:\/\/www.pravo.unizg.hr\/en\/wp-json\/wp\/v2\/comments?post=3178"}],"version-history":[{"count":4,"href":"https:\/\/www.pravo.unizg.hr\/en\/wp-json\/wp\/v2\/pages\/3178\/revisions"}],"predecessor-version":[{"id":29099,"href":"https:\/\/www.pravo.unizg.hr\/en\/wp-json\/wp\/v2\/pages\/3178\/revisions\/29099"}],"up":[{"embeddable":true,"href":"https:\/\/www.pravo.unizg.hr\/en\/wp-json\/wp\/v2\/pages\/60"}],"wp:attachment":[{"href":"https:\/\/www.pravo.unizg.hr\/en\/wp-json\/wp\/v2\/media?parent=3178"}],"curies":[{"name":"wp","href":"https:\/\/api.w.org\/{rel}","templated":true}]}}