{"id":3173,"date":"2023-02-24T09:31:39","date_gmt":"2023-02-24T08:31:39","guid":{"rendered":"https:\/\/www.pravo.unizg.hr\/?page_id=3173"},"modified":"2026-02-04T19:58:27","modified_gmt":"2026-02-04T18:58:27","slug":"prakticna-primjena-opce-uredbe-o-zastiti-podataka","status":"publish","type":"page","link":"https:\/\/www.pravo.unizg.hr\/en\/studiji\/cjelozivotno-obrazovanje\/prakticna-primjena-opce-uredbe-o-zastiti-podataka\/","title":{"rendered":"Prakti\u010dna primjena Op\u0107e uredbe o za\u0161titi podataka"},"content":{"rendered":"<h2 class=\"cms_module_title\">Prakti\u010dna primjena Op\u0107e uredbe o za\u0161titi podataka<\/h2>\n<div class=\"cms_module_html\">\n<div class=\"text\">\n<p>Pravni fakultet Sveu\u010dili\u0161ta u Zagrebu organizira program cjelo\u017eivotnog obrazovanja u podru\u010dju Op\u0107e uredbe o za\u0161titi podataka (\u201cOp\u0107a uredba\u201d). Program se izvodi u trajanju od 20 sati, a polaznici stje\u010du 4 ECTS boda.<\/p>\n<p><strong>Slobodni termini<\/strong><\/p>\n<p><strong>&#8211;\u00a0<\/strong>Od 23. 02. do 27.02. 2026, svaki dan od 17 do 21 sat, U\u017dIVO i ONLINE putem ZOOM platforme, u prostorima Pravnog fakulteta Sveu\u010dili\u0161ta u Zagrebu<\/p>\n<p>CIJENA EDUKACIJE JE 500 EUR<\/p>\n<p><strong><a href=\"https:\/\/docs.google.com\/forms\/d\/e\/1FAIpQLSefK53RMCXllS6jCkSSyWs04LTuNcUgM63SGN_B36tu39SWCw\/viewform?usp=sf_link\" target=\"_blank\" rel=\"noopener\">Prijava za edukaciju &#8211; link<\/a><\/strong><\/p>\n<p><strong>Kome je namijenjen program?<\/strong><br \/>\nNa\u0161 program razlikuje se od drugih zbog sna\u017enog fokusa na najslo\u017eenija prakti\u010dno relevantna pitanja pravne regulacije za\u0161tite osobnih podataka. O mnogim pitanjima primjene Op\u0107e uredbe postoji pouzdana i ujedna\u010dena praksa Suda EU, nacionalnih sudova i regulatornih tijela, na koju upu\u0107ujemo. Isto tako, me\u0111utim, polazimo i od \u00a0\u010dinjenice da se praksa regulatornih tijela i sudova temeljem Op\u0107e uredbe o za\u0161titi podataka jo\u0161 uvijek izgra\u0111uje, i da u mnogim aspektima primjene Op\u0107e uredbe postoji zna\u010dajna pravna nesigurnost. U takvim okolnostima \u017eelimo na\u0161e polaznike osna\u017eiti za samostalnu kriti\u010dku analizu problema i samostalnu izradu rje\u0161enja koja se temelje na ispravnim metodama tuma\u010denja i primjene prava za\u0161tite osobnih podataka.<\/p>\n<p><strong>Dosada\u0161nji polaznici na\u0161eg programa su:<\/strong><\/p>\n<ul>\n<li>Odvjetnici i odvjetni\u010dki vje\u017ebenici<\/li>\n<li>Pravnici u gospodarstvu, osobito u podru\u010djima bankarstva, financija i osiguranja<\/li>\n<li>Javni bilje\u017enici<\/li>\n<li>Slu\u017ebenici za za\u0161titu podataka u trgova\u010dkim dru\u0161tvima i javnopravnim tijelima<\/li>\n<li>Stru\u010dnjaci iz podru\u010dja informatike i informacijske sigurnosti<\/li>\n<\/ul>\n<p><strong>Fokus na raspravu o prakti\u010dnim pitanjima<\/strong><\/p>\n<p>Kako bismo omogu\u0107ili kvalitetnu raspravu i razmjenu iskustava, u svakoj pojedinoj radionici mogu\u0107e je sudjelovanje do najvi\u0161e 25 polaznika. Polaznici se tako\u0111er poti\u010du da prije radionice dostave do tri pitanja ili problema o kojima posebno \u017eele raspravljati. Ovime omogu\u0107avamo polaznicima da kroz profesionalnu raspravu s predava\u010dima i drugim polaznicima dobiju odgovore na pojedina pitanja iz primjene Op\u0107e uredbe s kojima se susre\u0107u u praksi. Iskustva s do sada odr\u017eanih radionica pokazuju nam da ovaj format omogu\u0107ava na\u0161im polaznicima rje\u0161avanje prakti\u010dnih problema s kojima se susre\u0107u u svakodnevnom radu, ali i da svi ostali polaznici imaju korist od rasprave o pitanjima s kojima se susre\u0107u druge kolegice i kolege.<\/p>\n<p><strong>Pisani materijali<\/strong><\/p>\n<p>Svi polaznici programa dobivaju paket materijala u elektroni\u010dkom obliku, koji se sastoji od:<\/p>\n<ul>\n<li>Prezentacija kori\u0161tenih tijekom programa<\/li>\n<li>Relevantne prakse Suda EU, sistematizirane po relevantnim temama<\/li>\n<li>Odabranih smjernica, preporuka i mi\u0161ljenja Europskog odbora za za\u0161titu podataka, sistematiziranih po relevantnim temama<\/li>\n<li>Odabrane prakse Agencije za za\u0161titu osobnih podataka<\/li>\n<li>Preporu\u010dene znanstvene i stru\u010dne literature<\/li>\n<li>Drugih korisnih izvora u elektroni\u010dkom obliku<\/li>\n<\/ul>\n<p><strong>Suradnja i nakon zavr\u0161enog programa<\/strong><br \/>\n\u017delja nam je i nakon zavr\u0161enog programa ostati u kontaktu s na\u0161im polaznicima, me\u0111usobno razmjenjivati informacije i komentirati novosti u podru\u010dju prava za\u0161tite osobnih podataka. Polaznici koji su za to zainteresirani mogu se prijaviti na na\u0161u mailing listu i Linkedin grupu, putem kojih obavje\u0161tavamo o novostima u podru\u010dju za\u0161tite osobnih podataka, komentiramo i razmjenjujemo mi\u0161ljenja.<\/p>\n<p><strong>Prvi dan programa (4 sata)<\/strong><\/p>\n<ul>\n<li>Materijalno i teritorijalno polje primjene Op\u0107e uredbe; Izuze\u0107a od primjene Op\u0107e uredbe; Odnos Op\u0107e uredbe prema sektorskim propisima (u podru\u010dju elektroni\u010dkih komunikacija, zdravstva, pristupa informacijama, \u2026)<\/li>\n<li>Metode za tuma\u010denje i primjenu Op\u0107e uredbe<\/li>\n<li>Osnovni koncepti: osobni podatak, obrada, ispitanik, voditelj i izvr\u0161itelj obrade, primatelj, tre\u0107a strana, povreda osobnih podataka<\/li>\n<li>Na\u010dela obrade osobnih podataka<\/li>\n<li>Pravni temelji za obradu osobnih podataka<\/li>\n<li>Posebne kategorije osobnih podataka te povezane odredbe provedbenog i sektorskih propisa<\/li>\n<\/ul>\n<p><strong>Drugi dan programa (4 sata)<\/strong><\/p>\n<ul>\n<li>Prava ispitanika i njihova ograni\u010denja<\/li>\n<li>Profiliranje ispitanika<\/li>\n<li>Provo\u0111enje pseudonimizacije i anonimizacije podataka u svrhu boljeg uskla\u0111ivanja<\/li>\n<li>Organizacijske pretpostavke u praksi<\/li>\n<li>Na\u010delo odgovornosti voditelja i izvr\u0161itelja obrade<\/li>\n<\/ul>\n<p><strong>Tre\u0107i dan programa (4 sata)<\/strong><\/p>\n<ul>\n<li>Op\u0107e organizacijske obveze koje je potrebno provesti<\/li>\n<li>Tehni\u010dke mjere koje se koriste za uskla\u0111ivanje s Op\u0107om uredbom<\/li>\n<li>Izrada evidencije aktivnosti obrade<\/li>\n<li>Povreda osobnih podataka &#8211; obavje\u0161tavanje nadle\u017enog tijela<\/li>\n<li>Provo\u0111enje procjene u\u010dinka na za\u0161titu podataka (DPIA)<\/li>\n<\/ul>\n<p><strong>\u010cetvrti dan programa (4 sata)<\/strong><\/p>\n<ul>\n<li>Slu\u017ebenik za za\u0161titu podataka<\/li>\n<li>Suradnja s nadzornim tijelom<\/li>\n<li>Mjere i kazne nadzornog tijela<\/li>\n<li>Dokazivanje uskla\u0111enosti<\/li>\n<li>Odobreni kodeksi pona\u0161anja i certificiranje<\/li>\n<\/ul>\n<p><strong>Peti dan programa (4 sata)<\/strong><\/p>\n<ul>\n<li>Odgovornost prema Op\u0107oj uredbi<\/li>\n<li>Pravo na naknadu \u0161tete<\/li>\n<li>Kolektivna za\u0161tita prava<\/li>\n<li>Odgovorne strane<\/li>\n<li>Zavr\u0161na rasprava sa svim sudionicima<\/li>\n<\/ul>\n<\/div>\n<\/div>\n<p>&nbsp;<\/p>\n<p>&nbsp;<\/p>\n","protected":false},"excerpt":{"rendered":"<p>Prakti\u010dna primjena Op\u0107e uredbe o za\u0161titi podataka Pravni fakultet Sveu\u010dili\u0161ta&#8230;<\/p>\n","protected":false},"author":511,"featured_media":0,"parent":60,"menu_order":0,"comment_status":"closed","ping_status":"closed","template":"","meta":{"footnotes":""},"class_list":["post-3173","page","type-page","status-publish","hentry"],"pp_force_visibility":null,"pp_subpost_visibility":null,"pp_inherited_force_visibility":null,"pp_inherited_subpost_visibility":null,"acf":[],"yoast_head":"<!-- This site is optimized with the Yoast SEO plugin v20.1 - https:\/\/yoast.com\/wordpress\/plugins\/seo\/ -->\n<title>Prakti\u010dna primjena Op\u0107e uredbe o za\u0161titi podataka - Faculty of law<\/title>\n<meta name=\"robots\" content=\"index, follow, max-snippet:-1, max-image-preview:large, max-video-preview:-1\" \/>\n<link rel=\"canonical\" href=\"https:\/\/www.pravo.unizg.hr\/studiji\/cjelozivotno-obrazovanje\/prakticna-primjena-opce-uredbe-o-zastiti-podataka\/\" \/>\n<meta property=\"og:locale\" content=\"en_US\" \/>\n<meta property=\"og:type\" content=\"article\" \/>\n<meta property=\"og:title\" content=\"Prakti\u010dna primjena Op\u0107e uredbe o za\u0161titi podataka - Faculty of law\" \/>\n<meta property=\"og:description\" content=\"Prakti\u010dna primjena Op\u0107e uredbe o za\u0161titi podataka Pravni fakultet Sveu\u010dili\u0161ta...\" \/>\n<meta property=\"og:url\" content=\"https:\/\/www.pravo.unizg.hr\/studiji\/cjelozivotno-obrazovanje\/prakticna-primjena-opce-uredbe-o-zastiti-podataka\/\" \/>\n<meta property=\"og:site_name\" content=\"Faculty of law\" \/>\n<meta property=\"article:modified_time\" content=\"2026-02-04T18:58:27+00:00\" \/>\n<meta name=\"twitter:card\" content=\"summary_large_image\" \/>\n<meta name=\"twitter:label1\" content=\"Est. reading time\" \/>\n\t<meta name=\"twitter:data1\" content=\"4 minutes\" \/>\n<script type=\"application\/ld+json\" class=\"yoast-schema-graph\">{\"@context\":\"https:\/\/schema.org\",\"@graph\":[{\"@type\":\"WebPage\",\"@id\":\"https:\/\/www.pravo.unizg.hr\/studiji\/cjelozivotno-obrazovanje\/prakticna-primjena-opce-uredbe-o-zastiti-podataka\/\",\"url\":\"https:\/\/www.pravo.unizg.hr\/studiji\/cjelozivotno-obrazovanje\/prakticna-primjena-opce-uredbe-o-zastiti-podataka\/\",\"name\":\"Prakti\u010dna primjena Op\u0107e uredbe o za\u0161titi podataka - Faculty of law\",\"isPartOf\":{\"@id\":\"https:\/\/www.pravo.unizg.hr\/#website\"},\"datePublished\":\"2023-02-24T08:31:39+00:00\",\"dateModified\":\"2026-02-04T18:58:27+00:00\",\"breadcrumb\":{\"@id\":\"https:\/\/www.pravo.unizg.hr\/studiji\/cjelozivotno-obrazovanje\/prakticna-primjena-opce-uredbe-o-zastiti-podataka\/#breadcrumb\"},\"inLanguage\":\"en-US\",\"potentialAction\":[{\"@type\":\"ReadAction\",\"target\":[\"https:\/\/www.pravo.unizg.hr\/studiji\/cjelozivotno-obrazovanje\/prakticna-primjena-opce-uredbe-o-zastiti-podataka\/\"]}]},{\"@type\":\"BreadcrumbList\",\"@id\":\"https:\/\/www.pravo.unizg.hr\/studiji\/cjelozivotno-obrazovanje\/prakticna-primjena-opce-uredbe-o-zastiti-podataka\/#breadcrumb\",\"itemListElement\":[{\"@type\":\"ListItem\",\"position\":1,\"name\":\"Homepage\",\"item\":\"https:\/\/www.pravo.unizg.hr\/en\/\"},{\"@type\":\"ListItem\",\"position\":2,\"name\":\"Studiji\",\"item\":\"https:\/\/www.pravo.unizg.hr\/studiji\/\"},{\"@type\":\"ListItem\",\"position\":3,\"name\":\"Cjelo\u017eivotno obrazovanje\",\"item\":\"https:\/\/www.pravo.unizg.hr\/studiji\/cjelozivotno-obrazovanje\/\"},{\"@type\":\"ListItem\",\"position\":4,\"name\":\"Prakti\u010dna primjena Op\u0107e uredbe o za\u0161titi podataka\"}]},{\"@type\":\"WebSite\",\"@id\":\"https:\/\/www.pravo.unizg.hr\/#website\",\"url\":\"https:\/\/www.pravo.unizg.hr\/\",\"name\":\"Faculty of law\",\"description\":\"\",\"potentialAction\":[{\"@type\":\"SearchAction\",\"target\":{\"@type\":\"EntryPoint\",\"urlTemplate\":\"https:\/\/www.pravo.unizg.hr\/?s={search_term_string}\"},\"query-input\":\"required name=search_term_string\"}],\"inLanguage\":\"en-US\"}]}<\/script>\n<!-- \/ Yoast SEO plugin. -->","yoast_head_json":{"title":"Prakti\u010dna primjena Op\u0107e uredbe o za\u0161titi podataka - Faculty of law","robots":{"index":"index","follow":"follow","max-snippet":"max-snippet:-1","max-image-preview":"max-image-preview:large","max-video-preview":"max-video-preview:-1"},"canonical":"https:\/\/www.pravo.unizg.hr\/studiji\/cjelozivotno-obrazovanje\/prakticna-primjena-opce-uredbe-o-zastiti-podataka\/","og_locale":"en_US","og_type":"article","og_title":"Prakti\u010dna primjena Op\u0107e uredbe o za\u0161titi podataka - Faculty of law","og_description":"Prakti\u010dna primjena Op\u0107e uredbe o za\u0161titi podataka Pravni fakultet Sveu\u010dili\u0161ta...","og_url":"https:\/\/www.pravo.unizg.hr\/studiji\/cjelozivotno-obrazovanje\/prakticna-primjena-opce-uredbe-o-zastiti-podataka\/","og_site_name":"Faculty of law","article_modified_time":"2026-02-04T18:58:27+00:00","twitter_card":"summary_large_image","twitter_misc":{"Est. reading time":"4 minutes"},"schema":{"@context":"https:\/\/schema.org","@graph":[{"@type":"WebPage","@id":"https:\/\/www.pravo.unizg.hr\/studiji\/cjelozivotno-obrazovanje\/prakticna-primjena-opce-uredbe-o-zastiti-podataka\/","url":"https:\/\/www.pravo.unizg.hr\/studiji\/cjelozivotno-obrazovanje\/prakticna-primjena-opce-uredbe-o-zastiti-podataka\/","name":"Prakti\u010dna primjena Op\u0107e uredbe o za\u0161titi podataka - Faculty of law","isPartOf":{"@id":"https:\/\/www.pravo.unizg.hr\/#website"},"datePublished":"2023-02-24T08:31:39+00:00","dateModified":"2026-02-04T18:58:27+00:00","breadcrumb":{"@id":"https:\/\/www.pravo.unizg.hr\/studiji\/cjelozivotno-obrazovanje\/prakticna-primjena-opce-uredbe-o-zastiti-podataka\/#breadcrumb"},"inLanguage":"en-US","potentialAction":[{"@type":"ReadAction","target":["https:\/\/www.pravo.unizg.hr\/studiji\/cjelozivotno-obrazovanje\/prakticna-primjena-opce-uredbe-o-zastiti-podataka\/"]}]},{"@type":"BreadcrumbList","@id":"https:\/\/www.pravo.unizg.hr\/studiji\/cjelozivotno-obrazovanje\/prakticna-primjena-opce-uredbe-o-zastiti-podataka\/#breadcrumb","itemListElement":[{"@type":"ListItem","position":1,"name":"Homepage","item":"https:\/\/www.pravo.unizg.hr\/en\/"},{"@type":"ListItem","position":2,"name":"Studiji","item":"https:\/\/www.pravo.unizg.hr\/studiji\/"},{"@type":"ListItem","position":3,"name":"Cjelo\u017eivotno obrazovanje","item":"https:\/\/www.pravo.unizg.hr\/studiji\/cjelozivotno-obrazovanje\/"},{"@type":"ListItem","position":4,"name":"Prakti\u010dna primjena Op\u0107e uredbe o za\u0161titi podataka"}]},{"@type":"WebSite","@id":"https:\/\/www.pravo.unizg.hr\/#website","url":"https:\/\/www.pravo.unizg.hr\/","name":"Faculty of law","description":"","potentialAction":[{"@type":"SearchAction","target":{"@type":"EntryPoint","urlTemplate":"https:\/\/www.pravo.unizg.hr\/?s={search_term_string}"},"query-input":"required name=search_term_string"}],"inLanguage":"en-US"}]}},"_links":{"self":[{"href":"https:\/\/www.pravo.unizg.hr\/en\/wp-json\/wp\/v2\/pages\/3173","targetHints":{"allow":["GET"]}}],"collection":[{"href":"https:\/\/www.pravo.unizg.hr\/en\/wp-json\/wp\/v2\/pages"}],"about":[{"href":"https:\/\/www.pravo.unizg.hr\/en\/wp-json\/wp\/v2\/types\/page"}],"author":[{"embeddable":true,"href":"https:\/\/www.pravo.unizg.hr\/en\/wp-json\/wp\/v2\/users\/511"}],"replies":[{"embeddable":true,"href":"https:\/\/www.pravo.unizg.hr\/en\/wp-json\/wp\/v2\/comments?post=3173"}],"version-history":[{"count":16,"href":"https:\/\/www.pravo.unizg.hr\/en\/wp-json\/wp\/v2\/pages\/3173\/revisions"}],"predecessor-version":[{"id":32789,"href":"https:\/\/www.pravo.unizg.hr\/en\/wp-json\/wp\/v2\/pages\/3173\/revisions\/32789"}],"up":[{"embeddable":true,"href":"https:\/\/www.pravo.unizg.hr\/en\/wp-json\/wp\/v2\/pages\/60"}],"wp:attachment":[{"href":"https:\/\/www.pravo.unizg.hr\/en\/wp-json\/wp\/v2\/media?parent=3173"}],"curies":[{"name":"wp","href":"https:\/\/api.w.org\/{rel}","templated":true}]}}