{"id":3168,"date":"2023-02-24T09:26:36","date_gmt":"2023-02-24T08:26:36","guid":{"rendered":"https:\/\/www.pravo.unizg.hr\/?page_id=3168"},"modified":"2025-10-21T17:42:26","modified_gmt":"2025-10-21T16:42:26","slug":"koristi-i-rizici-modernih-tehnologija","status":"publish","type":"page","link":"https:\/\/www.pravo.unizg.hr\/en\/studiji\/cjelozivotno-obrazovanje\/koristi-i-rizici-modernih-tehnologija\/","title":{"rendered":"Koristi i rizici modernih tehnologija"},"content":{"rendered":"<p><img loading=\"lazy\" decoding=\"async\" class=\"alignnone size-full wp-image-3169\" src=\"https:\/\/www.pravo.unizg.hr\/wp-content\/uploads\/2023\/02\/csi_hr.jpg\" alt=\"\" width=\"1560\" height=\"687\" srcset=\"https:\/\/www.pravo.unizg.hr\/wp-content\/uploads\/2023\/02\/csi_hr.jpg 1560w, https:\/\/www.pravo.unizg.hr\/wp-content\/uploads\/2023\/02\/csi_hr-300x132.jpg 300w, https:\/\/www.pravo.unizg.hr\/wp-content\/uploads\/2023\/02\/csi_hr-1024x451.jpg 1024w, https:\/\/www.pravo.unizg.hr\/wp-content\/uploads\/2023\/02\/csi_hr-768x338.jpg 768w, https:\/\/www.pravo.unizg.hr\/wp-content\/uploads\/2023\/02\/csi_hr-1536x676.jpg 1536w\" sizes=\"auto, (max-width: 1560px) 100vw, 1560px\" \/><\/p>\n<p><strong><em>Program usmjeren na senzibiliziranje stru\u010dnjaka koji rade\u00a0sa specifi\u010dnim skupinama korisnika o koristima i rizicima modernih tehnologija te pro\u0161irivanje znanja o odgovornom i sigurnom kori\u0161tenju modernih tehnologija i digitalnog okru\u017eenja u radu sa specifi\u010dnim skupinama korisnika.<\/em><\/strong><\/p>\n<p>&nbsp;<\/p>\n<p>Program cjelo\u017eivotnog obrazovanja\u00a0<em><strong>Koristi i rizici modernih tehnologija<\/strong><\/em>\u00a0organizira i provodi Pravni fakultet Sveu\u010dili\u0161ta u Zagrebu u suradnji s Centrom za sigurniji Internet (\u201eSafer Internet Centre Croatia: Making internet a good and safe place\u201c,\u00a0<a href=\"https:\/\/csi.hr\/\">csi.hr<\/a>\u00a0) u skladu sa misijom koja uklju\u010duje aktivnosti na podru\u010dju edukacije stru\u010dnjaka. Program cjelo\u017eivotnog obrazovanja mo\u017ee biti ponu\u0111en u cijelosti i na engleskom jeziku.<\/p>\n<p><strong>Voditelji<\/strong><\/p>\n<p>Izv. prof. dr. sc. Lucija Vejmelka<br \/>\nIzv. prof. dr. sc. Marko Juri\u0107<br \/>\nIzv. prof. dr. sc. Tihomir Katuli\u0107<\/p>\n<p><strong>Trajanje<\/strong><\/p>\n<p>Program cjelo\u017eivotnog obrazovanja u trajanju od 25 sati.<br \/>\nProgram je osmi\u0161ljen kao visoko informatizirani proces u kojem \u0107e polaznici imati priliku koristiti razli\u010dite oblike e-u\u010denja.<br \/>\nProgram cjelo\u017eivotnog obrazovanja mo\u017ee biti ponu\u0111en u cijelosti i na engleskom jeziku.<\/p>\n<p><strong>ECTS Bodovi<\/strong><\/p>\n<p>4 ECTS-a<br \/>\nSvi polaznici nakon zavr\u0161enog programa i uredno ispunjenih obveza dobiti \u0107e potvrdu o zavr\u0161enom programu cjelo\u017eivotnog obrazovanja.<\/p>\n<p><strong>Cijena<\/strong><\/p>\n<div>Cijena programa u 2024 godini iznosi 550 eura<\/div>\n<p>Za prijavu vi\u0161e sudionika iz iste ustanove, kao i za fizi\u010dke osobe koje same financiraju sudjelovanje na programu, mogu\u0107e je ostvariti popuste.<br \/>\nU cijenu je uklju\u010deno sudjelovanje u nastavi i materijali\u00a0 (prezentacije, tekstovi), a u slu\u010daju nastave u\u017eivo i topli napitak u pauzi.<\/p>\n<p>&nbsp;<\/p>\n","protected":false},"excerpt":{"rendered":"<p>Program usmjeren na senzibiliziranje stru\u010dnjaka koji rade\u00a0sa specifi\u010dnim skupinama korisnika&#8230;<\/p>\n","protected":false},"author":511,"featured_media":0,"parent":60,"menu_order":0,"comment_status":"closed","ping_status":"closed","template":"","meta":{"footnotes":""},"class_list":["post-3168","page","type-page","status-publish","hentry"],"pp_force_visibility":null,"pp_subpost_visibility":null,"pp_inherited_force_visibility":null,"pp_inherited_subpost_visibility":null,"acf":[],"yoast_head":"<!-- This site is optimized with the Yoast SEO plugin v20.1 - https:\/\/yoast.com\/wordpress\/plugins\/seo\/ -->\n<title>Koristi i rizici modernih tehnologija - Faculty of law<\/title>\n<meta name=\"robots\" content=\"index, follow, max-snippet:-1, max-image-preview:large, max-video-preview:-1\" \/>\n<link rel=\"canonical\" href=\"https:\/\/www.pravo.unizg.hr\/studiji\/cjelozivotno-obrazovanje\/koristi-i-rizici-modernih-tehnologija\/\" \/>\n<meta property=\"og:locale\" content=\"en_US\" \/>\n<meta property=\"og:type\" content=\"article\" \/>\n<meta property=\"og:title\" content=\"Koristi i rizici modernih tehnologija - Faculty of law\" \/>\n<meta property=\"og:description\" content=\"Program usmjeren na senzibiliziranje stru\u010dnjaka koji rade\u00a0sa specifi\u010dnim skupinama korisnika...\" \/>\n<meta property=\"og:url\" content=\"https:\/\/www.pravo.unizg.hr\/studiji\/cjelozivotno-obrazovanje\/koristi-i-rizici-modernih-tehnologija\/\" \/>\n<meta property=\"og:site_name\" content=\"Faculty of law\" \/>\n<meta property=\"article:modified_time\" content=\"2025-10-21T16:42:26+00:00\" \/>\n<meta property=\"og:image\" content=\"https:\/\/www.pravo.unizg.hr\/wp-content\/uploads\/2023\/02\/csi_hr.jpg\" \/>\n<meta name=\"twitter:card\" content=\"summary_large_image\" \/>\n<meta name=\"twitter:label1\" content=\"Est. reading time\" \/>\n\t<meta name=\"twitter:data1\" content=\"2 minutes\" \/>\n<script type=\"application\/ld+json\" class=\"yoast-schema-graph\">{\"@context\":\"https:\/\/schema.org\",\"@graph\":[{\"@type\":\"WebPage\",\"@id\":\"https:\/\/www.pravo.unizg.hr\/studiji\/cjelozivotno-obrazovanje\/koristi-i-rizici-modernih-tehnologija\/\",\"url\":\"https:\/\/www.pravo.unizg.hr\/studiji\/cjelozivotno-obrazovanje\/koristi-i-rizici-modernih-tehnologija\/\",\"name\":\"Koristi i rizici modernih tehnologija - Faculty of law\",\"isPartOf\":{\"@id\":\"https:\/\/www.pravo.unizg.hr\/#website\"},\"datePublished\":\"2023-02-24T08:26:36+00:00\",\"dateModified\":\"2025-10-21T16:42:26+00:00\",\"breadcrumb\":{\"@id\":\"https:\/\/www.pravo.unizg.hr\/studiji\/cjelozivotno-obrazovanje\/koristi-i-rizici-modernih-tehnologija\/#breadcrumb\"},\"inLanguage\":\"en-US\",\"potentialAction\":[{\"@type\":\"ReadAction\",\"target\":[\"https:\/\/www.pravo.unizg.hr\/studiji\/cjelozivotno-obrazovanje\/koristi-i-rizici-modernih-tehnologija\/\"]}]},{\"@type\":\"BreadcrumbList\",\"@id\":\"https:\/\/www.pravo.unizg.hr\/studiji\/cjelozivotno-obrazovanje\/koristi-i-rizici-modernih-tehnologija\/#breadcrumb\",\"itemListElement\":[{\"@type\":\"ListItem\",\"position\":1,\"name\":\"Homepage\",\"item\":\"https:\/\/www.pravo.unizg.hr\/en\/\"},{\"@type\":\"ListItem\",\"position\":2,\"name\":\"Studiji\",\"item\":\"https:\/\/www.pravo.unizg.hr\/studiji\/\"},{\"@type\":\"ListItem\",\"position\":3,\"name\":\"Cjelo\u017eivotno obrazovanje\",\"item\":\"https:\/\/www.pravo.unizg.hr\/studiji\/cjelozivotno-obrazovanje\/\"},{\"@type\":\"ListItem\",\"position\":4,\"name\":\"Koristi i rizici modernih tehnologija\"}]},{\"@type\":\"WebSite\",\"@id\":\"https:\/\/www.pravo.unizg.hr\/#website\",\"url\":\"https:\/\/www.pravo.unizg.hr\/\",\"name\":\"Faculty of law\",\"description\":\"\",\"potentialAction\":[{\"@type\":\"SearchAction\",\"target\":{\"@type\":\"EntryPoint\",\"urlTemplate\":\"https:\/\/www.pravo.unizg.hr\/?s={search_term_string}\"},\"query-input\":\"required name=search_term_string\"}],\"inLanguage\":\"en-US\"}]}<\/script>\n<!-- \/ Yoast SEO plugin. -->","yoast_head_json":{"title":"Koristi i rizici modernih tehnologija - Faculty of law","robots":{"index":"index","follow":"follow","max-snippet":"max-snippet:-1","max-image-preview":"max-image-preview:large","max-video-preview":"max-video-preview:-1"},"canonical":"https:\/\/www.pravo.unizg.hr\/studiji\/cjelozivotno-obrazovanje\/koristi-i-rizici-modernih-tehnologija\/","og_locale":"en_US","og_type":"article","og_title":"Koristi i rizici modernih tehnologija - Faculty of law","og_description":"Program usmjeren na senzibiliziranje stru\u010dnjaka koji rade\u00a0sa specifi\u010dnim skupinama korisnika...","og_url":"https:\/\/www.pravo.unizg.hr\/studiji\/cjelozivotno-obrazovanje\/koristi-i-rizici-modernih-tehnologija\/","og_site_name":"Faculty of law","article_modified_time":"2025-10-21T16:42:26+00:00","og_image":[{"url":"https:\/\/www.pravo.unizg.hr\/wp-content\/uploads\/2023\/02\/csi_hr.jpg"}],"twitter_card":"summary_large_image","twitter_misc":{"Est. reading time":"2 minutes"},"schema":{"@context":"https:\/\/schema.org","@graph":[{"@type":"WebPage","@id":"https:\/\/www.pravo.unizg.hr\/studiji\/cjelozivotno-obrazovanje\/koristi-i-rizici-modernih-tehnologija\/","url":"https:\/\/www.pravo.unizg.hr\/studiji\/cjelozivotno-obrazovanje\/koristi-i-rizici-modernih-tehnologija\/","name":"Koristi i rizici modernih tehnologija - Faculty of law","isPartOf":{"@id":"https:\/\/www.pravo.unizg.hr\/#website"},"datePublished":"2023-02-24T08:26:36+00:00","dateModified":"2025-10-21T16:42:26+00:00","breadcrumb":{"@id":"https:\/\/www.pravo.unizg.hr\/studiji\/cjelozivotno-obrazovanje\/koristi-i-rizici-modernih-tehnologija\/#breadcrumb"},"inLanguage":"en-US","potentialAction":[{"@type":"ReadAction","target":["https:\/\/www.pravo.unizg.hr\/studiji\/cjelozivotno-obrazovanje\/koristi-i-rizici-modernih-tehnologija\/"]}]},{"@type":"BreadcrumbList","@id":"https:\/\/www.pravo.unizg.hr\/studiji\/cjelozivotno-obrazovanje\/koristi-i-rizici-modernih-tehnologija\/#breadcrumb","itemListElement":[{"@type":"ListItem","position":1,"name":"Homepage","item":"https:\/\/www.pravo.unizg.hr\/en\/"},{"@type":"ListItem","position":2,"name":"Studiji","item":"https:\/\/www.pravo.unizg.hr\/studiji\/"},{"@type":"ListItem","position":3,"name":"Cjelo\u017eivotno obrazovanje","item":"https:\/\/www.pravo.unizg.hr\/studiji\/cjelozivotno-obrazovanje\/"},{"@type":"ListItem","position":4,"name":"Koristi i rizici modernih tehnologija"}]},{"@type":"WebSite","@id":"https:\/\/www.pravo.unizg.hr\/#website","url":"https:\/\/www.pravo.unizg.hr\/","name":"Faculty of law","description":"","potentialAction":[{"@type":"SearchAction","target":{"@type":"EntryPoint","urlTemplate":"https:\/\/www.pravo.unizg.hr\/?s={search_term_string}"},"query-input":"required name=search_term_string"}],"inLanguage":"en-US"}]}},"_links":{"self":[{"href":"https:\/\/www.pravo.unizg.hr\/en\/wp-json\/wp\/v2\/pages\/3168","targetHints":{"allow":["GET"]}}],"collection":[{"href":"https:\/\/www.pravo.unizg.hr\/en\/wp-json\/wp\/v2\/pages"}],"about":[{"href":"https:\/\/www.pravo.unizg.hr\/en\/wp-json\/wp\/v2\/types\/page"}],"author":[{"embeddable":true,"href":"https:\/\/www.pravo.unizg.hr\/en\/wp-json\/wp\/v2\/users\/511"}],"replies":[{"embeddable":true,"href":"https:\/\/www.pravo.unizg.hr\/en\/wp-json\/wp\/v2\/comments?post=3168"}],"version-history":[{"count":10,"href":"https:\/\/www.pravo.unizg.hr\/en\/wp-json\/wp\/v2\/pages\/3168\/revisions"}],"predecessor-version":[{"id":29095,"href":"https:\/\/www.pravo.unizg.hr\/en\/wp-json\/wp\/v2\/pages\/3168\/revisions\/29095"}],"up":[{"embeddable":true,"href":"https:\/\/www.pravo.unizg.hr\/en\/wp-json\/wp\/v2\/pages\/60"}],"wp:attachment":[{"href":"https:\/\/www.pravo.unizg.hr\/en\/wp-json\/wp\/v2\/media?parent=3168"}],"curies":[{"name":"wp","href":"https:\/\/api.w.org\/{rel}","templated":true}]}}