{"id":3164,"date":"2023-02-24T09:20:52","date_gmt":"2023-02-24T08:20:52","guid":{"rendered":"https:\/\/www.pravo.unizg.hr\/?page_id=3164"},"modified":"2026-02-20T08:40:26","modified_gmt":"2026-02-20T07:40:26","slug":"sustav-znanosti-i-visokog-obrazovanja","status":"publish","type":"page","link":"https:\/\/www.pravo.unizg.hr\/en\/studiji\/cjelozivotno-obrazovanje\/sustav-znanosti-i-visokog-obrazovanja\/","title":{"rendered":"Sustav znanosti i visokog obrazovanja"},"content":{"rendered":"<p style=\"text-align: center;\">PROGRAM STRU\u010cNOG USAVR\u0160AVANJA<br \/>\nKAO OBLIKA TE\u010cAJA CJELO\u017dIVOTNOG OBRAZOVANJA<\/p>\n<p style=\"text-align: center;\">&#8220;SUSTAV ZNANOSTI I VISOKOG OBRAZOVANJA&#8221;<\/p>\n<p style=\"text-align: center;\"><strong>Tema: Izazovi u provedbi programskog financiranja visokih u\u010dili\u0161ta i instituta<\/strong><\/p>\n<p>&nbsp;<\/p>\n<p>Povodom stupanja na snagu novih zakona u sustavu znanosti i visokog obrazovanja, posebno Zakona o visokom obrazovanju i znanstvenoj djelatnosti (NN, 119\/22), te<strong> potpisivanjem programskih ugovora gotovo svih ustanova u sustavu znanosti i visokog obrazovanja<\/strong>, zapo\u010deo je novi sustav financiranja pra\u0107en postoje\u0107im, ali i nekim novim pokazateljima. Drugim rije\u010dima, programsko financiranje donijelo je neka nova prava i obveze, mogu\u0107nosti i izazove.<\/p>\n<p>Stoga je Pravni fakultet Sveu\u010dili\u0161ta u Zagrebu odlu\u010dio u okviru cjelo\u017eivotnog obrazovanja, a unutar nastave za stru\u010dno usavr\u0161avanje koju pru\u017ea u skladu sa Statutom i zakonom, pru\u017eiti stru\u010dno usavr\u0161avanje u pogledu tuma\u010denja i primjene zakona i drugih propisa iz sustava znanosti i visokog obrazovanja u temama koje se odnose na <strong>provedbu programskih ugovora odnosno pojedinih strate\u0161kih ciljeva iz Kataloga ciljeva i pokazatelja nadle\u017enog ministarstva<\/strong>. Program je namijenjen za sve zainteresirane zaposlenike (nastavne, znanstvene, stru\u010dne i nenastavne) na visokim u\u010dili\u0161tima i institutima te drugim ustanovama koji \u017eele ste\u0107i znanja i prakti\u010dne vje\u0161tine u izradi i u dono\u0161enju akata.<\/p>\n<p>Ve\u0107 osmu godinu Pravni fakultet Sveu\u010dili\u0161ta u Zagrebu uspje\u0161no organizira program cjelo\u017eivotnog u\u010denja u podru\u010dju visokog obrazovanja i znanosti. U okviru dosada\u0161njih programa tematizirani su zakoni, gotovo svi propisi doneseni na nacionalnoj razini (ministarstava, agencija, nacionalnih tijela, i sl.) i na razini znanstvenih organizacija. Neke od tema koja su do sada bile dio programa cjelo\u017eivotnog u\u010denja su: hijerarhija propisa, tuma\u010denje pravnih na\u010dela, izrada op\u0107ih akata o napredovanju nastavnika i znanstvenika, reguliranje osnovnih i pro\u0161irenih djelatnosti, op\u0107i i pojedina\u010dni akti o osiguravanju kvalitete, ustrojstvo radnih mjesta, javna nabava, pravo na pristup informacija, za\u0161tita intelektualnog vlasni\u0161tva, financiranje, itd.<\/p>\n<p>Program \u0107e se odr\u017eavati <strong>od<\/strong><strong> 16. do 20. o\u017eujka 2026<\/strong>. U odr\u017eavanju programa sudjelovat \u0107e Katedra za sociologiju, Katedra za pravo informacijskih tehnologija i informatiku, Katedra za radno i socijalno pravo te Katedra za upravno pravo Pravnog fakulteta Sveu\u010dili\u0161ta u Zagrebu.<\/p>\n<p>Svi polaznici koji uredno ispune svoje nastavne obveze o tome \u0107e dobiti potvrdu (\u010dl. 57. st.1. Statuta Fakulteta). Polaznicima koji to \u017eele omogu\u0107it \u0107e se usmeno polaganje ispita. Tako\u0111er, polaznici mogu ispit polagati i pisanjem eseja, u skladu s pravilima pisanja znanstvenog rada. Polaznicima koji \u0107e uz izvr\u0161enje nastavnih obveze s uspjehom polo\u017eili i ispit izdat \u0107e se pored potvrde i svjedod\u017eba o poha\u0111anju nastave te uspjehu na ispitu (\u010dl. 57. st. 2. Statuta Fakulteta).<\/p>\n<p>Nastava \u0107e se odr\u017eavati <strong>u dvorani V Pravnog fakulteta<\/strong> <strong>(Trg Republike Hrvatske 3)<\/strong> i <strong>putem Google Meet-a<\/strong>, ovisno o \u017eeljama polaznika, u poslijepodnevnim satima od 16 do 20 sati. Predvi\u0111eno trajanje nastave je pet radnih dana (od ponedjeljka do petka), u trajanju od 5 nastavnih sati po danu. Prema tome, ukupna satnica iznosi 25 nastavnih sati (5&#215;5).<\/p>\n<p>Cijena Programa po polazniku iznosi 16 eura po satu, dakle ukupni iznos upisnine iznosi 400 eura po polazniku. Upisnina pokriva sve tro\u0161kove te\u010daja, \u0161to uklju\u010duje nastavne materijale (PP prezentacije i sl.), te izdavanje <strong>potvrde i\/ili svjedod\u017ebe o zavr\u0161enom programu cjelo\u017eivotnog u\u010denja Pravnog fakulteta Sveu\u010dili\u0161ta u Zagrebu<\/strong>.<\/p>\n<p><strong>Polaznici se mogu prijaviti do petka 13. o\u017eujka 2026. putem online obrasca: <a href=\"https:\/\/forms.gle\/ZXEyaWe8N6W2R5HJ6\" target=\"_blank\" rel=\"noopener\">https:\/\/forms.gle\/ZXEyaWe8N6W2R5HJ6<\/a><\/strong><\/p>\n<p>Za sva dodatna pitanja molim vas obratite se na mail <a>cjelozivotno@pravo.hr ili <\/a><a>ksenija.grubisic@pravo.hr<\/a><\/p>\n","protected":false},"excerpt":{"rendered":"<p>PROGRAM STRU\u010cNOG USAVR\u0160AVANJA KAO OBLIKA TE\u010cAJA CJELO\u017dIVOTNOG OBRAZOVANJA &#8220;SUSTAV ZNANOSTI&#8230;<\/p>\n","protected":false},"author":511,"featured_media":0,"parent":60,"menu_order":0,"comment_status":"closed","ping_status":"closed","template":"","meta":{"footnotes":""},"class_list":["post-3164","page","type-page","status-publish","hentry"],"pp_force_visibility":null,"pp_subpost_visibility":null,"pp_inherited_force_visibility":null,"pp_inherited_subpost_visibility":null,"acf":[],"yoast_head":"<!-- This site is optimized with the Yoast SEO plugin v20.1 - https:\/\/yoast.com\/wordpress\/plugins\/seo\/ -->\n<title>Sustav znanosti i visokog obrazovanja - Faculty of law<\/title>\n<meta name=\"robots\" content=\"index, follow, max-snippet:-1, max-image-preview:large, max-video-preview:-1\" \/>\n<link rel=\"canonical\" href=\"https:\/\/www.pravo.unizg.hr\/studiji\/cjelozivotno-obrazovanje\/sustav-znanosti-i-visokog-obrazovanja\/\" \/>\n<meta property=\"og:locale\" content=\"en_US\" \/>\n<meta property=\"og:type\" content=\"article\" \/>\n<meta property=\"og:title\" content=\"Sustav znanosti i visokog obrazovanja - Faculty of law\" \/>\n<meta property=\"og:description\" content=\"PROGRAM STRU\u010cNOG USAVR\u0160AVANJA KAO OBLIKA TE\u010cAJA CJELO\u017dIVOTNOG OBRAZOVANJA &#8220;SUSTAV ZNANOSTI...\" \/>\n<meta property=\"og:url\" content=\"https:\/\/www.pravo.unizg.hr\/studiji\/cjelozivotno-obrazovanje\/sustav-znanosti-i-visokog-obrazovanja\/\" \/>\n<meta property=\"og:site_name\" content=\"Faculty of law\" \/>\n<meta property=\"article:modified_time\" content=\"2026-02-20T07:40:26+00:00\" \/>\n<meta name=\"twitter:card\" content=\"summary_large_image\" \/>\n<meta name=\"twitter:label1\" content=\"Est. reading time\" \/>\n\t<meta name=\"twitter:data1\" content=\"3 minutes\" \/>\n<script type=\"application\/ld+json\" class=\"yoast-schema-graph\">{\"@context\":\"https:\/\/schema.org\",\"@graph\":[{\"@type\":\"WebPage\",\"@id\":\"https:\/\/www.pravo.unizg.hr\/studiji\/cjelozivotno-obrazovanje\/sustav-znanosti-i-visokog-obrazovanja\/\",\"url\":\"https:\/\/www.pravo.unizg.hr\/studiji\/cjelozivotno-obrazovanje\/sustav-znanosti-i-visokog-obrazovanja\/\",\"name\":\"Sustav znanosti i visokog obrazovanja - Faculty of law\",\"isPartOf\":{\"@id\":\"https:\/\/www.pravo.unizg.hr\/#website\"},\"datePublished\":\"2023-02-24T08:20:52+00:00\",\"dateModified\":\"2026-02-20T07:40:26+00:00\",\"breadcrumb\":{\"@id\":\"https:\/\/www.pravo.unizg.hr\/studiji\/cjelozivotno-obrazovanje\/sustav-znanosti-i-visokog-obrazovanja\/#breadcrumb\"},\"inLanguage\":\"en-US\",\"potentialAction\":[{\"@type\":\"ReadAction\",\"target\":[\"https:\/\/www.pravo.unizg.hr\/studiji\/cjelozivotno-obrazovanje\/sustav-znanosti-i-visokog-obrazovanja\/\"]}]},{\"@type\":\"BreadcrumbList\",\"@id\":\"https:\/\/www.pravo.unizg.hr\/studiji\/cjelozivotno-obrazovanje\/sustav-znanosti-i-visokog-obrazovanja\/#breadcrumb\",\"itemListElement\":[{\"@type\":\"ListItem\",\"position\":1,\"name\":\"Homepage\",\"item\":\"https:\/\/www.pravo.unizg.hr\/en\/\"},{\"@type\":\"ListItem\",\"position\":2,\"name\":\"Studiji\",\"item\":\"https:\/\/www.pravo.unizg.hr\/studiji\/\"},{\"@type\":\"ListItem\",\"position\":3,\"name\":\"Cjelo\u017eivotno obrazovanje\",\"item\":\"https:\/\/www.pravo.unizg.hr\/studiji\/cjelozivotno-obrazovanje\/\"},{\"@type\":\"ListItem\",\"position\":4,\"name\":\"Sustav znanosti i visokog obrazovanja\"}]},{\"@type\":\"WebSite\",\"@id\":\"https:\/\/www.pravo.unizg.hr\/#website\",\"url\":\"https:\/\/www.pravo.unizg.hr\/\",\"name\":\"Faculty of law\",\"description\":\"\",\"potentialAction\":[{\"@type\":\"SearchAction\",\"target\":{\"@type\":\"EntryPoint\",\"urlTemplate\":\"https:\/\/www.pravo.unizg.hr\/?s={search_term_string}\"},\"query-input\":\"required name=search_term_string\"}],\"inLanguage\":\"en-US\"}]}<\/script>\n<!-- \/ Yoast SEO plugin. -->","yoast_head_json":{"title":"Sustav znanosti i visokog obrazovanja - Faculty of law","robots":{"index":"index","follow":"follow","max-snippet":"max-snippet:-1","max-image-preview":"max-image-preview:large","max-video-preview":"max-video-preview:-1"},"canonical":"https:\/\/www.pravo.unizg.hr\/studiji\/cjelozivotno-obrazovanje\/sustav-znanosti-i-visokog-obrazovanja\/","og_locale":"en_US","og_type":"article","og_title":"Sustav znanosti i visokog obrazovanja - Faculty of law","og_description":"PROGRAM STRU\u010cNOG USAVR\u0160AVANJA KAO OBLIKA TE\u010cAJA CJELO\u017dIVOTNOG OBRAZOVANJA &#8220;SUSTAV ZNANOSTI...","og_url":"https:\/\/www.pravo.unizg.hr\/studiji\/cjelozivotno-obrazovanje\/sustav-znanosti-i-visokog-obrazovanja\/","og_site_name":"Faculty of law","article_modified_time":"2026-02-20T07:40:26+00:00","twitter_card":"summary_large_image","twitter_misc":{"Est. reading time":"3 minutes"},"schema":{"@context":"https:\/\/schema.org","@graph":[{"@type":"WebPage","@id":"https:\/\/www.pravo.unizg.hr\/studiji\/cjelozivotno-obrazovanje\/sustav-znanosti-i-visokog-obrazovanja\/","url":"https:\/\/www.pravo.unizg.hr\/studiji\/cjelozivotno-obrazovanje\/sustav-znanosti-i-visokog-obrazovanja\/","name":"Sustav znanosti i visokog obrazovanja - Faculty of law","isPartOf":{"@id":"https:\/\/www.pravo.unizg.hr\/#website"},"datePublished":"2023-02-24T08:20:52+00:00","dateModified":"2026-02-20T07:40:26+00:00","breadcrumb":{"@id":"https:\/\/www.pravo.unizg.hr\/studiji\/cjelozivotno-obrazovanje\/sustav-znanosti-i-visokog-obrazovanja\/#breadcrumb"},"inLanguage":"en-US","potentialAction":[{"@type":"ReadAction","target":["https:\/\/www.pravo.unizg.hr\/studiji\/cjelozivotno-obrazovanje\/sustav-znanosti-i-visokog-obrazovanja\/"]}]},{"@type":"BreadcrumbList","@id":"https:\/\/www.pravo.unizg.hr\/studiji\/cjelozivotno-obrazovanje\/sustav-znanosti-i-visokog-obrazovanja\/#breadcrumb","itemListElement":[{"@type":"ListItem","position":1,"name":"Homepage","item":"https:\/\/www.pravo.unizg.hr\/en\/"},{"@type":"ListItem","position":2,"name":"Studiji","item":"https:\/\/www.pravo.unizg.hr\/studiji\/"},{"@type":"ListItem","position":3,"name":"Cjelo\u017eivotno obrazovanje","item":"https:\/\/www.pravo.unizg.hr\/studiji\/cjelozivotno-obrazovanje\/"},{"@type":"ListItem","position":4,"name":"Sustav znanosti i visokog obrazovanja"}]},{"@type":"WebSite","@id":"https:\/\/www.pravo.unizg.hr\/#website","url":"https:\/\/www.pravo.unizg.hr\/","name":"Faculty of law","description":"","potentialAction":[{"@type":"SearchAction","target":{"@type":"EntryPoint","urlTemplate":"https:\/\/www.pravo.unizg.hr\/?s={search_term_string}"},"query-input":"required name=search_term_string"}],"inLanguage":"en-US"}]}},"_links":{"self":[{"href":"https:\/\/www.pravo.unizg.hr\/en\/wp-json\/wp\/v2\/pages\/3164","targetHints":{"allow":["GET"]}}],"collection":[{"href":"https:\/\/www.pravo.unizg.hr\/en\/wp-json\/wp\/v2\/pages"}],"about":[{"href":"https:\/\/www.pravo.unizg.hr\/en\/wp-json\/wp\/v2\/types\/page"}],"author":[{"embeddable":true,"href":"https:\/\/www.pravo.unizg.hr\/en\/wp-json\/wp\/v2\/users\/511"}],"replies":[{"embeddable":true,"href":"https:\/\/www.pravo.unizg.hr\/en\/wp-json\/wp\/v2\/comments?post=3164"}],"version-history":[{"count":29,"href":"https:\/\/www.pravo.unizg.hr\/en\/wp-json\/wp\/v2\/pages\/3164\/revisions"}],"predecessor-version":[{"id":33121,"href":"https:\/\/www.pravo.unizg.hr\/en\/wp-json\/wp\/v2\/pages\/3164\/revisions\/33121"}],"up":[{"embeddable":true,"href":"https:\/\/www.pravo.unizg.hr\/en\/wp-json\/wp\/v2\/pages\/60"}],"wp:attachment":[{"href":"https:\/\/www.pravo.unizg.hr\/en\/wp-json\/wp\/v2\/media?parent=3164"}],"curies":[{"name":"wp","href":"https:\/\/api.w.org\/{rel}","templated":true}]}}