{"id":3156,"date":"2023-02-24T09:11:45","date_gmt":"2023-02-24T08:11:45","guid":{"rendered":"https:\/\/www.pravo.unizg.hr\/?page_id=3156"},"modified":"2026-02-13T14:53:11","modified_gmt":"2026-02-13T13:53:11","slug":"cjelozivotno-obrazovanje-u-podrucju-stranih-jezika","status":"publish","type":"page","link":"https:\/\/www.pravo.unizg.hr\/en\/studiji\/cjelozivotno-obrazovanje\/cjelozivotno-obrazovanje-u-podrucju-stranih-jezika\/","title":{"rendered":"Cjelo\u017eivotno obrazovanje u podru\u010dju stranih jezika"},"content":{"rendered":"<p>&nbsp;<\/p>\n<p style=\"text-align: center;\"><strong>ON-LINE TE\u010cAJEVI STRANIH JEZIKA ZA PRAVNIKE<\/strong><\/p>\n<p>U ljetnom semestru ak. godine 2025.\/26. Katedra za strane jezike Pravnog fakulteta u Zagrebu u okviru programa cjelo\u017eivotnog obrazovanja odr\u017eava specijalizirane on-line te\u010dajeve stranih jezika za pravnike. Te\u010dajevima se mogu se pridru\u017eiti i djelatnici iz sustava javne uprave te drugi zainteresirani polaznici. Po\u017eeljna razina predznanja je B2.<\/p>\n<p>&nbsp;<\/p>\n<ul>\n<li><strong>Te\u010dajevi u ponudi:<\/strong><\/li>\n<\/ul>\n<p><strong>Engleski jezik za pravnike<\/strong><\/p>\n<p><strong>\u00a0<\/strong><\/p>\n<ul>\n<li><strong>Vi\u0161e o te\u010dajevima:<\/strong><\/li>\n<\/ul>\n<p>&nbsp;<\/p>\n<p><span style=\"text-decoration: underline;\"><strong>Engleski jezik za pravnike<\/strong><\/span><\/p>\n<p><strong><em>International Legal English (taught by Eamonn Shanahan)<\/em><\/strong><\/p>\n<p>This is an online legal English course which is designed to enable course participants to speak about legal matters in English. The course covers many aspects of law, including business organisations and commercial law, contracts and licenses, intellectual property, employment\/labour law, data law, insolvency and bankruptcy, professional negligence, EU law, environmental law, human rights law.<\/p>\n<p>Winter Semester: the practice of law; companies and business organisations (types, formation, management, capitalisation, insolvency); contracts (types, formations, remedies, third party rights); intellectual property law (copyright, patents, trade marks).<\/p>\n<p>Summer Semester: employment law (EU legislation, workplace discrimination, labour law, employment tribunals); environmental law (main principles, EU law, liability); competition law (anti-competitive practices, anti-trust measures, EU law); human rights law (free speech, the right to protest, abortion rights, asylum and citizenship).<\/p>\n<p>Class activities are aimed at activating and expanding legal vocabulary, identifying problematical grammar structures, and giving participants an opportunity to speak in English in a safe environment. To this end, breakout rooms are used regularly, and course participants are encouraged to interrupt, ask questions and speak as much as possible.<\/p>\n<p>Class materials are drawn from many sources, including legal English coursebooks, e-materials, various media platforms, and legal podcasts.<\/p>\n<p><strong>Eamonn Shanahan<\/strong> is a former lawyer and university law lecturer. He lives between UK and Croatia, and has been teaching at Pravni Fakultet for 17 years.<\/p>\n<p>&nbsp;<\/p>\n<ul>\n<li><strong>Informacije o terminu odr\u017eavanja te\u010dajeva\u00a0<\/strong><\/li>\n<\/ul>\n<p>Te\u010dajevi se odr\u017eavaju jednom tjedno on-line u trajanju od 90 minuta (2 nastavna sata), radnim danom u poslijepodnevnim satima.<\/p>\n<p>&nbsp;<\/p>\n<ul>\n<li><strong>Planiran po\u010detak nastave u tjednu od 16. o\u017eujka 2026.\u00a0<\/strong><\/li>\n<\/ul>\n<p>Kona\u010dni raspored te\u010dajeva bit \u0107e poznat nakon zavr\u0161etka prijava.<\/p>\n<p><strong>\u00a0<\/strong><\/p>\n<ul>\n<li><strong>Cijena i pla\u0107anje te\u010daja\u00a0<\/strong><\/li>\n<\/ul>\n<p>Cijena jednog semestra za grupu od 8-10 polaznika (28 nastavnih sati u trajanju od 45 minuta) je 250,00 EUR. \u0160kolarinu je mogu\u0107e platiti u dvije rate (150,00 EUR + 100,00 EUR). Prvu ratu potrebno je uplatiti nakon potvrde rasporeda koju \u0107ete dobiti mailom u tjednu nakon isteka roka za prijavu. Drugu ratu treba uplatiti mjesec dana nakon po\u010detka te\u010daja. Upisom te\u010daja, obvezujete se na pla\u0107anje obje rate.<\/p>\n<p>&nbsp;<\/p>\n<ul>\n<li><strong>Potvrde<\/strong><\/li>\n<\/ul>\n<p>Prema \u010dlanku 53. Statuta Pravnog fakulteta Sveu\u010dili\u0161ta u Zagrebu, polaznici \u0107e po zavr\u0161enom programu stru\u010dnog usavr\u0161avanja dobiti potvrde.<\/p>\n<p>&nbsp;<\/p>\n<ul>\n<li><strong>Prijava na te\u010daj<\/strong><\/li>\n<\/ul>\n<p>Prijavite se za te\u010daj on-line na sljede\u0107em linku: <a href=\"https:\/\/forms.gle\/Bj5CcKqrq1FqC93Z7\" target=\"_blank\" rel=\"noopener\">https:\/\/forms.gle\/Bj5CcKqrq1FqC93Z7<\/a><\/p>\n<p>Po prijavi, dobit \u0107ete mail potvrde i informacije o daljnjem postupanju.<\/p>\n<p>&nbsp;<\/p>\n<p><strong>Rok za prijavu je 6. o\u017eujka 2026.<\/strong><\/p>\n<p><strong>\u00a0<\/strong><\/p>\n<ul>\n<li><strong>Za vi\u0161e informacija, pi\u0161ite nam na <\/strong><a href=\"mailto:strani-jezici@pravo.hr\">strani-jezici@pravo.hr<\/a><\/li>\n<\/ul>\n<p>Rado \u0107emo razmotriti sve va\u0161e individualne upite i potrebe za znanjem stranog jezika pravne struke.<\/p>\n<p>Katedra za strane jezike<br \/>\nPravni fakultet<\/p>\n<p>&nbsp;<\/p>\n","protected":false},"excerpt":{"rendered":"<p>&nbsp; ON-LINE TE\u010cAJEVI STRANIH JEZIKA ZA PRAVNIKE U ljetnom semestru&#8230;<\/p>\n","protected":false},"author":511,"featured_media":0,"parent":60,"menu_order":0,"comment_status":"closed","ping_status":"closed","template":"","meta":{"footnotes":""},"class_list":["post-3156","page","type-page","status-publish","hentry"],"pp_force_visibility":null,"pp_subpost_visibility":null,"pp_inherited_force_visibility":null,"pp_inherited_subpost_visibility":null,"acf":[],"yoast_head":"<!-- This site is optimized with the Yoast SEO plugin v20.1 - https:\/\/yoast.com\/wordpress\/plugins\/seo\/ -->\n<title>Cjelo\u017eivotno obrazovanje u podru\u010dju stranih jezika - Faculty of law<\/title>\n<meta name=\"robots\" content=\"index, follow, max-snippet:-1, max-image-preview:large, max-video-preview:-1\" \/>\n<link rel=\"canonical\" href=\"https:\/\/www.pravo.unizg.hr\/studiji\/cjelozivotno-obrazovanje\/cjelozivotno-obrazovanje-u-podrucju-stranih-jezika\/\" \/>\n<meta property=\"og:locale\" content=\"en_US\" \/>\n<meta property=\"og:type\" content=\"article\" \/>\n<meta property=\"og:title\" content=\"Cjelo\u017eivotno obrazovanje u podru\u010dju stranih jezika - Faculty of law\" \/>\n<meta property=\"og:description\" content=\"&nbsp; ON-LINE TE\u010cAJEVI STRANIH JEZIKA ZA PRAVNIKE U ljetnom semestru...\" \/>\n<meta property=\"og:url\" content=\"https:\/\/www.pravo.unizg.hr\/studiji\/cjelozivotno-obrazovanje\/cjelozivotno-obrazovanje-u-podrucju-stranih-jezika\/\" \/>\n<meta property=\"og:site_name\" content=\"Faculty of law\" \/>\n<meta property=\"article:modified_time\" content=\"2026-02-13T13:53:11+00:00\" \/>\n<meta name=\"twitter:card\" content=\"summary_large_image\" \/>\n<meta name=\"twitter:label1\" content=\"Est. reading time\" \/>\n\t<meta name=\"twitter:data1\" content=\"2 minutes\" \/>\n<script type=\"application\/ld+json\" class=\"yoast-schema-graph\">{\"@context\":\"https:\/\/schema.org\",\"@graph\":[{\"@type\":\"WebPage\",\"@id\":\"https:\/\/www.pravo.unizg.hr\/studiji\/cjelozivotno-obrazovanje\/cjelozivotno-obrazovanje-u-podrucju-stranih-jezika\/\",\"url\":\"https:\/\/www.pravo.unizg.hr\/studiji\/cjelozivotno-obrazovanje\/cjelozivotno-obrazovanje-u-podrucju-stranih-jezika\/\",\"name\":\"Cjelo\u017eivotno obrazovanje u podru\u010dju stranih jezika - Faculty of law\",\"isPartOf\":{\"@id\":\"https:\/\/www.pravo.unizg.hr\/#website\"},\"datePublished\":\"2023-02-24T08:11:45+00:00\",\"dateModified\":\"2026-02-13T13:53:11+00:00\",\"breadcrumb\":{\"@id\":\"https:\/\/www.pravo.unizg.hr\/studiji\/cjelozivotno-obrazovanje\/cjelozivotno-obrazovanje-u-podrucju-stranih-jezika\/#breadcrumb\"},\"inLanguage\":\"en-US\",\"potentialAction\":[{\"@type\":\"ReadAction\",\"target\":[\"https:\/\/www.pravo.unizg.hr\/studiji\/cjelozivotno-obrazovanje\/cjelozivotno-obrazovanje-u-podrucju-stranih-jezika\/\"]}]},{\"@type\":\"BreadcrumbList\",\"@id\":\"https:\/\/www.pravo.unizg.hr\/studiji\/cjelozivotno-obrazovanje\/cjelozivotno-obrazovanje-u-podrucju-stranih-jezika\/#breadcrumb\",\"itemListElement\":[{\"@type\":\"ListItem\",\"position\":1,\"name\":\"Homepage\",\"item\":\"https:\/\/www.pravo.unizg.hr\/en\/\"},{\"@type\":\"ListItem\",\"position\":2,\"name\":\"Studiji\",\"item\":\"https:\/\/www.pravo.unizg.hr\/studiji\/\"},{\"@type\":\"ListItem\",\"position\":3,\"name\":\"Cjelo\u017eivotno obrazovanje\",\"item\":\"https:\/\/www.pravo.unizg.hr\/studiji\/cjelozivotno-obrazovanje\/\"},{\"@type\":\"ListItem\",\"position\":4,\"name\":\"Cjelo\u017eivotno obrazovanje u podru\u010dju stranih jezika\"}]},{\"@type\":\"WebSite\",\"@id\":\"https:\/\/www.pravo.unizg.hr\/#website\",\"url\":\"https:\/\/www.pravo.unizg.hr\/\",\"name\":\"Faculty of law\",\"description\":\"\",\"potentialAction\":[{\"@type\":\"SearchAction\",\"target\":{\"@type\":\"EntryPoint\",\"urlTemplate\":\"https:\/\/www.pravo.unizg.hr\/?s={search_term_string}\"},\"query-input\":\"required name=search_term_string\"}],\"inLanguage\":\"en-US\"}]}<\/script>\n<!-- \/ Yoast SEO plugin. -->","yoast_head_json":{"title":"Cjelo\u017eivotno obrazovanje u podru\u010dju stranih jezika - Faculty of law","robots":{"index":"index","follow":"follow","max-snippet":"max-snippet:-1","max-image-preview":"max-image-preview:large","max-video-preview":"max-video-preview:-1"},"canonical":"https:\/\/www.pravo.unizg.hr\/studiji\/cjelozivotno-obrazovanje\/cjelozivotno-obrazovanje-u-podrucju-stranih-jezika\/","og_locale":"en_US","og_type":"article","og_title":"Cjelo\u017eivotno obrazovanje u podru\u010dju stranih jezika - Faculty of law","og_description":"&nbsp; ON-LINE TE\u010cAJEVI STRANIH JEZIKA ZA PRAVNIKE U ljetnom semestru...","og_url":"https:\/\/www.pravo.unizg.hr\/studiji\/cjelozivotno-obrazovanje\/cjelozivotno-obrazovanje-u-podrucju-stranih-jezika\/","og_site_name":"Faculty of law","article_modified_time":"2026-02-13T13:53:11+00:00","twitter_card":"summary_large_image","twitter_misc":{"Est. reading time":"2 minutes"},"schema":{"@context":"https:\/\/schema.org","@graph":[{"@type":"WebPage","@id":"https:\/\/www.pravo.unizg.hr\/studiji\/cjelozivotno-obrazovanje\/cjelozivotno-obrazovanje-u-podrucju-stranih-jezika\/","url":"https:\/\/www.pravo.unizg.hr\/studiji\/cjelozivotno-obrazovanje\/cjelozivotno-obrazovanje-u-podrucju-stranih-jezika\/","name":"Cjelo\u017eivotno obrazovanje u podru\u010dju stranih jezika - Faculty of law","isPartOf":{"@id":"https:\/\/www.pravo.unizg.hr\/#website"},"datePublished":"2023-02-24T08:11:45+00:00","dateModified":"2026-02-13T13:53:11+00:00","breadcrumb":{"@id":"https:\/\/www.pravo.unizg.hr\/studiji\/cjelozivotno-obrazovanje\/cjelozivotno-obrazovanje-u-podrucju-stranih-jezika\/#breadcrumb"},"inLanguage":"en-US","potentialAction":[{"@type":"ReadAction","target":["https:\/\/www.pravo.unizg.hr\/studiji\/cjelozivotno-obrazovanje\/cjelozivotno-obrazovanje-u-podrucju-stranih-jezika\/"]}]},{"@type":"BreadcrumbList","@id":"https:\/\/www.pravo.unizg.hr\/studiji\/cjelozivotno-obrazovanje\/cjelozivotno-obrazovanje-u-podrucju-stranih-jezika\/#breadcrumb","itemListElement":[{"@type":"ListItem","position":1,"name":"Homepage","item":"https:\/\/www.pravo.unizg.hr\/en\/"},{"@type":"ListItem","position":2,"name":"Studiji","item":"https:\/\/www.pravo.unizg.hr\/studiji\/"},{"@type":"ListItem","position":3,"name":"Cjelo\u017eivotno obrazovanje","item":"https:\/\/www.pravo.unizg.hr\/studiji\/cjelozivotno-obrazovanje\/"},{"@type":"ListItem","position":4,"name":"Cjelo\u017eivotno obrazovanje u podru\u010dju stranih jezika"}]},{"@type":"WebSite","@id":"https:\/\/www.pravo.unizg.hr\/#website","url":"https:\/\/www.pravo.unizg.hr\/","name":"Faculty of law","description":"","potentialAction":[{"@type":"SearchAction","target":{"@type":"EntryPoint","urlTemplate":"https:\/\/www.pravo.unizg.hr\/?s={search_term_string}"},"query-input":"required name=search_term_string"}],"inLanguage":"en-US"}]}},"_links":{"self":[{"href":"https:\/\/www.pravo.unizg.hr\/en\/wp-json\/wp\/v2\/pages\/3156","targetHints":{"allow":["GET"]}}],"collection":[{"href":"https:\/\/www.pravo.unizg.hr\/en\/wp-json\/wp\/v2\/pages"}],"about":[{"href":"https:\/\/www.pravo.unizg.hr\/en\/wp-json\/wp\/v2\/types\/page"}],"author":[{"embeddable":true,"href":"https:\/\/www.pravo.unizg.hr\/en\/wp-json\/wp\/v2\/users\/511"}],"replies":[{"embeddable":true,"href":"https:\/\/www.pravo.unizg.hr\/en\/wp-json\/wp\/v2\/comments?post=3156"}],"version-history":[{"count":61,"href":"https:\/\/www.pravo.unizg.hr\/en\/wp-json\/wp\/v2\/pages\/3156\/revisions"}],"predecessor-version":[{"id":33022,"href":"https:\/\/www.pravo.unizg.hr\/en\/wp-json\/wp\/v2\/pages\/3156\/revisions\/33022"}],"up":[{"embeddable":true,"href":"https:\/\/www.pravo.unizg.hr\/en\/wp-json\/wp\/v2\/pages\/60"}],"wp:attachment":[{"href":"https:\/\/www.pravo.unizg.hr\/en\/wp-json\/wp\/v2\/media?parent=3156"}],"curies":[{"name":"wp","href":"https:\/\/api.w.org\/{rel}","templated":true}]}}