{"id":3004,"date":"2023-02-23T10:05:49","date_gmt":"2023-02-23T09:05:49","guid":{"rendered":"https:\/\/www.pravo.unizg.hr\/?page_id=3004"},"modified":"2026-03-24T11:38:12","modified_gmt":"2026-03-24T10:38:12","slug":"javno-pravo-i-javna-uprava","status":"publish","type":"page","link":"https:\/\/www.pravo.unizg.hr\/en\/studiji\/sveucilisni-specijalisticki-studiji\/sveucilisni-specijalisticki-pravni-studiji\/javno-pravo-i-javna-uprava\/","title":{"rendered":"Javno pravo i javna uprava"},"content":{"rendered":"","protected":false},"excerpt":{"rendered":"","protected":false},"author":511,"featured_media":0,"parent":658,"menu_order":0,"comment_status":"closed","ping_status":"closed","template":"","meta":{"footnotes":""},"class_list":["post-3004","page","type-page","status-publish","hentry"],"pp_force_visibility":null,"pp_subpost_visibility":null,"pp_inherited_force_visibility":null,"pp_inherited_subpost_visibility":null,"acf":[],"yoast_head":"<!-- This site is optimized with the Yoast SEO plugin v20.1 - https:\/\/yoast.com\/wordpress\/plugins\/seo\/ -->\n<title>Javno pravo i javna uprava - Faculty of law<\/title>\n<meta name=\"robots\" content=\"index, follow, max-snippet:-1, max-image-preview:large, max-video-preview:-1\" \/>\n<link rel=\"canonical\" href=\"https:\/\/www.pravo.unizg.hr\/studiji\/sveucilisni-specijalisticki-studiji\/sveucilisni-specijalisticki-pravni-studiji\/javno-pravo-i-javna-uprava\/\" \/>\n<meta property=\"og:locale\" content=\"en_US\" \/>\n<meta property=\"og:type\" content=\"article\" \/>\n<meta property=\"og:title\" content=\"Javno pravo i javna uprava - Faculty of law\" \/>\n<meta property=\"og:url\" content=\"https:\/\/www.pravo.unizg.hr\/studiji\/sveucilisni-specijalisticki-studiji\/sveucilisni-specijalisticki-pravni-studiji\/javno-pravo-i-javna-uprava\/\" \/>\n<meta property=\"og:site_name\" content=\"Faculty of law\" \/>\n<meta property=\"article:modified_time\" content=\"2026-03-24T10:38:12+00:00\" \/>\n<meta name=\"twitter:card\" content=\"summary_large_image\" \/>\n<meta name=\"twitter:label1\" content=\"Est. reading time\" \/>\n\t<meta name=\"twitter:data1\" content=\"2 minutes\" \/>\n<script type=\"application\/ld+json\" class=\"yoast-schema-graph\">{\"@context\":\"https:\/\/schema.org\",\"@graph\":[{\"@type\":\"WebPage\",\"@id\":\"https:\/\/www.pravo.unizg.hr\/studiji\/sveucilisni-specijalisticki-studiji\/sveucilisni-specijalisticki-pravni-studiji\/javno-pravo-i-javna-uprava\/\",\"url\":\"https:\/\/www.pravo.unizg.hr\/studiji\/sveucilisni-specijalisticki-studiji\/sveucilisni-specijalisticki-pravni-studiji\/javno-pravo-i-javna-uprava\/\",\"name\":\"Javno pravo i javna uprava - Faculty of law\",\"isPartOf\":{\"@id\":\"https:\/\/www.pravo.unizg.hr\/#website\"},\"datePublished\":\"2023-02-23T09:05:49+00:00\",\"dateModified\":\"2026-03-24T10:38:12+00:00\",\"breadcrumb\":{\"@id\":\"https:\/\/www.pravo.unizg.hr\/studiji\/sveucilisni-specijalisticki-studiji\/sveucilisni-specijalisticki-pravni-studiji\/javno-pravo-i-javna-uprava\/#breadcrumb\"},\"inLanguage\":\"en-US\",\"potentialAction\":[{\"@type\":\"ReadAction\",\"target\":[\"https:\/\/www.pravo.unizg.hr\/studiji\/sveucilisni-specijalisticki-studiji\/sveucilisni-specijalisticki-pravni-studiji\/javno-pravo-i-javna-uprava\/\"]}]},{\"@type\":\"BreadcrumbList\",\"@id\":\"https:\/\/www.pravo.unizg.hr\/studiji\/sveucilisni-specijalisticki-studiji\/sveucilisni-specijalisticki-pravni-studiji\/javno-pravo-i-javna-uprava\/#breadcrumb\",\"itemListElement\":[{\"@type\":\"ListItem\",\"position\":1,\"name\":\"Homepage\",\"item\":\"https:\/\/www.pravo.unizg.hr\/en\/\"},{\"@type\":\"ListItem\",\"position\":2,\"name\":\"Studiji\",\"item\":\"https:\/\/www.pravo.unizg.hr\/studiji\/\"},{\"@type\":\"ListItem\",\"position\":3,\"name\":\"Sveu\u010dili\u0161ni specijalisti\u010dki studiji\",\"item\":\"https:\/\/www.pravo.unizg.hr\/studiji\/sveucilisni-specijalisticki-studiji\/\"},{\"@type\":\"ListItem\",\"position\":4,\"name\":\"Sveu\u010dili\u0161ni specijalisti\u010dki pravni studiji\",\"item\":\"https:\/\/www.pravo.unizg.hr\/studiji\/sveucilisni-specijalisticki-studiji\/sveucilisni-specijalisticki-pravni-studiji\/\"},{\"@type\":\"ListItem\",\"position\":5,\"name\":\"Javno pravo i javna uprava\"}]},{\"@type\":\"WebSite\",\"@id\":\"https:\/\/www.pravo.unizg.hr\/#website\",\"url\":\"https:\/\/www.pravo.unizg.hr\/\",\"name\":\"Faculty of law\",\"description\":\"\",\"potentialAction\":[{\"@type\":\"SearchAction\",\"target\":{\"@type\":\"EntryPoint\",\"urlTemplate\":\"https:\/\/www.pravo.unizg.hr\/?s={search_term_string}\"},\"query-input\":\"required name=search_term_string\"}],\"inLanguage\":\"en-US\"}]}<\/script>\n<!-- \/ Yoast SEO plugin. -->","yoast_head_json":{"title":"Javno pravo i javna uprava - Faculty of law","robots":{"index":"index","follow":"follow","max-snippet":"max-snippet:-1","max-image-preview":"max-image-preview:large","max-video-preview":"max-video-preview:-1"},"canonical":"https:\/\/www.pravo.unizg.hr\/studiji\/sveucilisni-specijalisticki-studiji\/sveucilisni-specijalisticki-pravni-studiji\/javno-pravo-i-javna-uprava\/","og_locale":"en_US","og_type":"article","og_title":"Javno pravo i javna uprava - Faculty of law","og_url":"https:\/\/www.pravo.unizg.hr\/studiji\/sveucilisni-specijalisticki-studiji\/sveucilisni-specijalisticki-pravni-studiji\/javno-pravo-i-javna-uprava\/","og_site_name":"Faculty of law","article_modified_time":"2026-03-24T10:38:12+00:00","twitter_card":"summary_large_image","twitter_misc":{"Est. reading time":"2 minutes"},"schema":{"@context":"https:\/\/schema.org","@graph":[{"@type":"WebPage","@id":"https:\/\/www.pravo.unizg.hr\/studiji\/sveucilisni-specijalisticki-studiji\/sveucilisni-specijalisticki-pravni-studiji\/javno-pravo-i-javna-uprava\/","url":"https:\/\/www.pravo.unizg.hr\/studiji\/sveucilisni-specijalisticki-studiji\/sveucilisni-specijalisticki-pravni-studiji\/javno-pravo-i-javna-uprava\/","name":"Javno pravo i javna uprava - Faculty of law","isPartOf":{"@id":"https:\/\/www.pravo.unizg.hr\/#website"},"datePublished":"2023-02-23T09:05:49+00:00","dateModified":"2026-03-24T10:38:12+00:00","breadcrumb":{"@id":"https:\/\/www.pravo.unizg.hr\/studiji\/sveucilisni-specijalisticki-studiji\/sveucilisni-specijalisticki-pravni-studiji\/javno-pravo-i-javna-uprava\/#breadcrumb"},"inLanguage":"en-US","potentialAction":[{"@type":"ReadAction","target":["https:\/\/www.pravo.unizg.hr\/studiji\/sveucilisni-specijalisticki-studiji\/sveucilisni-specijalisticki-pravni-studiji\/javno-pravo-i-javna-uprava\/"]}]},{"@type":"BreadcrumbList","@id":"https:\/\/www.pravo.unizg.hr\/studiji\/sveucilisni-specijalisticki-studiji\/sveucilisni-specijalisticki-pravni-studiji\/javno-pravo-i-javna-uprava\/#breadcrumb","itemListElement":[{"@type":"ListItem","position":1,"name":"Homepage","item":"https:\/\/www.pravo.unizg.hr\/en\/"},{"@type":"ListItem","position":2,"name":"Studiji","item":"https:\/\/www.pravo.unizg.hr\/studiji\/"},{"@type":"ListItem","position":3,"name":"Sveu\u010dili\u0161ni specijalisti\u010dki studiji","item":"https:\/\/www.pravo.unizg.hr\/studiji\/sveucilisni-specijalisticki-studiji\/"},{"@type":"ListItem","position":4,"name":"Sveu\u010dili\u0161ni specijalisti\u010dki pravni studiji","item":"https:\/\/www.pravo.unizg.hr\/studiji\/sveucilisni-specijalisticki-studiji\/sveucilisni-specijalisticki-pravni-studiji\/"},{"@type":"ListItem","position":5,"name":"Javno pravo i javna uprava"}]},{"@type":"WebSite","@id":"https:\/\/www.pravo.unizg.hr\/#website","url":"https:\/\/www.pravo.unizg.hr\/","name":"Faculty of law","description":"","potentialAction":[{"@type":"SearchAction","target":{"@type":"EntryPoint","urlTemplate":"https:\/\/www.pravo.unizg.hr\/?s={search_term_string}"},"query-input":"required name=search_term_string"}],"inLanguage":"en-US"}]}},"_links":{"self":[{"href":"https:\/\/www.pravo.unizg.hr\/en\/wp-json\/wp\/v2\/pages\/3004","targetHints":{"allow":["GET"]}}],"collection":[{"href":"https:\/\/www.pravo.unizg.hr\/en\/wp-json\/wp\/v2\/pages"}],"about":[{"href":"https:\/\/www.pravo.unizg.hr\/en\/wp-json\/wp\/v2\/types\/page"}],"author":[{"embeddable":true,"href":"https:\/\/www.pravo.unizg.hr\/en\/wp-json\/wp\/v2\/users\/511"}],"replies":[{"embeddable":true,"href":"https:\/\/www.pravo.unizg.hr\/en\/wp-json\/wp\/v2\/comments?post=3004"}],"version-history":[{"count":77,"href":"https:\/\/www.pravo.unizg.hr\/en\/wp-json\/wp\/v2\/pages\/3004\/revisions"}],"predecessor-version":[{"id":33765,"href":"https:\/\/www.pravo.unizg.hr\/en\/wp-json\/wp\/v2\/pages\/3004\/revisions\/33765"}],"up":[{"embeddable":true,"href":"https:\/\/www.pravo.unizg.hr\/en\/wp-json\/wp\/v2\/pages\/658"}],"wp:attachment":[{"href":"https:\/\/www.pravo.unizg.hr\/en\/wp-json\/wp\/v2\/media?parent=3004"}],"curies":[{"name":"wp","href":"https:\/\/api.w.org\/{rel}","templated":true}]}}