{"id":28406,"date":"2025-09-24T09:57:25","date_gmt":"2025-09-24T08:57:25","guid":{"rendered":"https:\/\/www.pravo.unizg.hr\/?page_id=28406"},"modified":"2026-02-18T13:52:43","modified_gmt":"2026-02-18T12:52:43","slug":"otvoreni-kolegiji","status":"publish","type":"page","link":"https:\/\/www.pravo.unizg.hr\/en\/studiji\/cjelozivotno-obrazovanje\/otvoreni-kolegiji\/","title":{"rendered":"Otvoreni kolegiji"},"content":{"rendered":"<p>Pravni fakultet Sveu\u010dili\u0161ta u Zagrebu u <strong>ljetnom semestru<\/strong> ove akademske godine nudi niz svojih izbornih kolegija i kolegija modula u obliku kolegija otvorenih za javnost &#8211; &#8220;otvorenih kolegija&#8221;.<\/p>\n<p>Fakultet time pro\u0161iruje svoju djelatnost cjelo\u017eivotnog obrazovanja, a istovremeno nastoji svima zainteresiranima omogu\u0107iti stjecanje specifi\u010dnih znanja, vje\u0161tina i kompetencija, ili osvje\u017eavanje<br \/>\nznanja potrebnih u svakodnevnom \u017eivotu i radu.<\/p>\n<p>Otvoreni kolegiji su postoje\u0107i kolegiji iz akreditiranih studijskih programa koji se \u010dine dostupnima javnosti &#8211; profesionalcima, gra\u0111anima i svima zainteresiranima, koji kolegije poha\u0111aju zajedno sa studentima upisanima na kolegij:<\/p>\n<ul>\n<li><a href=\"https:\/\/www.pravo.unizg.hr\/kolegiji\/etika-socijalnog-rada\/\">Etika socijalnog rada<\/a> (20047)<\/li>\n<li><a href=\"https:\/\/www.pravo.unizg.hr\/kolegiji\/eu-internal-market-law-jean-monnet-module\/\">EU Internal Market Law<\/a> (79161)<\/li>\n<li><a href=\"https:\/\/www.pravo.unizg.hr\/kolegiji\/insolvencijsko-pravo-61302\/\">Insolvencijsko pravo<\/a> (61302)<\/li>\n<li><a href=\"https:\/\/www.pravo.unizg.hr\/kolegiji\/osnove-kriznih-intervencija-u-socijalnom-radu\/\">Osnove kriznih intervencija u socijalnom radu<\/a> (73958)<\/li>\n<li><a href=\"https:\/\/www.pravo.unizg.hr\/kolegiji\/prava-gradana-tradicijske-osnove\/\">Prava gra\u0111ana &#8211; tradicijske osnove<\/a> (72354)<\/li>\n<li><a href=\"https:\/\/www.pravo.unizg.hr\/kolegiji\/pravo-konkurencije-61300\/\">Pravo konkurencije<\/a> (61300)<\/li>\n<li><a href=\"https:\/\/www.pravo.unizg.hr\/kolegiji\/rights-of-minorities-in-europe\/\">Rights of Minorities in Europe<\/a> (201647)<\/li>\n<\/ul>\n<p>&nbsp;<\/p>\n<p>Cijena: 500,00 \u20ac po polazniku.<\/p>\n<p>Po zavr\u0161etku kolegija polaznici dobivaju potvrde, a polaganjem ispita mogu ste\u0107i i ECTS bodove.<\/p>\n<p><strong>Polaznici se mogu prijaviti do 23. velja\u010de 2026. putem online obrasca: <a href=\"https:\/\/forms.gle\/5n4iWjczt88BVA9E6\">https:\/\/forms.gle\/5n4iWjczt88BVA9E6<\/a><\/strong><\/p>\n<p><strong>S obzirom na ograni\u010den broj mjesta po kolegijima, upis \u0107e se ostvarivati prema redoslijedu <\/strong><strong>prijava.<\/strong><\/p>\n<p><strong>U slu\u010daju nedostatnog broja prijavljenih polaznika kolegija, Fakultet zadr\u017eava pravo odlu\u010diti <\/strong><strong>da se odre\u0111eni program otvorenog kolegija ne odr\u017ei.<\/strong><\/p>\n<p>Za sve upite mo\u017eete se obratiti na:\u00a0<a href=\"mailto:cjelozivotno@pravo.hr\">cjelozivotno@pravo.hr<\/a><\/p>\n<p>&nbsp;<\/p>\n<p><strong>Podaci za uplatu<\/strong><\/p>\n<p>Uplatu za sudjelovanje u otvorenom kolegiju potrebno je izvr\u0161iti prije odr\u017eavanja programa.<\/p>\n<p>Podaci za pla\u0107anje:<\/p>\n<p>Pravni fakultet u Zagrebu<br \/>\nTrg Republike Hrvatske 14, 10000 Zagreb<\/p>\n<p>IBAN: HR9823600001101264729<br \/>\nModel: HR00<\/p>\n<p>Poziv na broj: 1051<br \/>\nOpis pla\u0107anja: naziv otvorenog kolegija \u2013 prezime, ime<\/p>\n<p>Iznos: 500,00 \u20ac<\/p>\n","protected":false},"excerpt":{"rendered":"<p>Pravni fakultet Sveu\u010dili\u0161ta u Zagrebu u ljetnom semestru ove akademske&#8230;<\/p>\n","protected":false},"author":511,"featured_media":0,"parent":60,"menu_order":0,"comment_status":"closed","ping_status":"closed","template":"","meta":{"footnotes":""},"class_list":["post-28406","page","type-page","status-publish","hentry"],"pp_force_visibility":null,"pp_subpost_visibility":null,"pp_inherited_force_visibility":null,"pp_inherited_subpost_visibility":null,"acf":[],"yoast_head":"<!-- This site is optimized with the Yoast SEO plugin v20.1 - https:\/\/yoast.com\/wordpress\/plugins\/seo\/ -->\n<title>Otvoreni kolegiji - Faculty of law<\/title>\n<meta name=\"robots\" content=\"index, follow, max-snippet:-1, max-image-preview:large, max-video-preview:-1\" \/>\n<link rel=\"canonical\" href=\"https:\/\/www.pravo.unizg.hr\/studiji\/cjelozivotno-obrazovanje\/otvoreni-kolegiji\/\" \/>\n<meta property=\"og:locale\" content=\"en_US\" \/>\n<meta property=\"og:type\" content=\"article\" \/>\n<meta property=\"og:title\" content=\"Otvoreni kolegiji - Faculty of law\" \/>\n<meta property=\"og:description\" content=\"Pravni fakultet Sveu\u010dili\u0161ta u Zagrebu u ljetnom semestru ove akademske...\" \/>\n<meta property=\"og:url\" content=\"https:\/\/www.pravo.unizg.hr\/studiji\/cjelozivotno-obrazovanje\/otvoreni-kolegiji\/\" \/>\n<meta property=\"og:site_name\" content=\"Faculty of law\" \/>\n<meta property=\"article:modified_time\" content=\"2026-02-18T12:52:43+00:00\" \/>\n<meta name=\"twitter:card\" content=\"summary_large_image\" \/>\n<meta name=\"twitter:label1\" content=\"Est. reading time\" \/>\n\t<meta name=\"twitter:data1\" content=\"1 minute\" \/>\n<script type=\"application\/ld+json\" class=\"yoast-schema-graph\">{\"@context\":\"https:\/\/schema.org\",\"@graph\":[{\"@type\":\"WebPage\",\"@id\":\"https:\/\/www.pravo.unizg.hr\/studiji\/cjelozivotno-obrazovanje\/otvoreni-kolegiji\/\",\"url\":\"https:\/\/www.pravo.unizg.hr\/studiji\/cjelozivotno-obrazovanje\/otvoreni-kolegiji\/\",\"name\":\"Otvoreni kolegiji - Faculty of law\",\"isPartOf\":{\"@id\":\"https:\/\/www.pravo.unizg.hr\/#website\"},\"datePublished\":\"2025-09-24T08:57:25+00:00\",\"dateModified\":\"2026-02-18T12:52:43+00:00\",\"breadcrumb\":{\"@id\":\"https:\/\/www.pravo.unizg.hr\/studiji\/cjelozivotno-obrazovanje\/otvoreni-kolegiji\/#breadcrumb\"},\"inLanguage\":\"en-US\",\"potentialAction\":[{\"@type\":\"ReadAction\",\"target\":[\"https:\/\/www.pravo.unizg.hr\/studiji\/cjelozivotno-obrazovanje\/otvoreni-kolegiji\/\"]}]},{\"@type\":\"BreadcrumbList\",\"@id\":\"https:\/\/www.pravo.unizg.hr\/studiji\/cjelozivotno-obrazovanje\/otvoreni-kolegiji\/#breadcrumb\",\"itemListElement\":[{\"@type\":\"ListItem\",\"position\":1,\"name\":\"Homepage\",\"item\":\"https:\/\/www.pravo.unizg.hr\/en\/\"},{\"@type\":\"ListItem\",\"position\":2,\"name\":\"Studiji\",\"item\":\"https:\/\/www.pravo.unizg.hr\/studiji\/\"},{\"@type\":\"ListItem\",\"position\":3,\"name\":\"Cjelo\u017eivotno obrazovanje\",\"item\":\"https:\/\/www.pravo.unizg.hr\/studiji\/cjelozivotno-obrazovanje\/\"},{\"@type\":\"ListItem\",\"position\":4,\"name\":\"Otvoreni kolegiji\"}]},{\"@type\":\"WebSite\",\"@id\":\"https:\/\/www.pravo.unizg.hr\/#website\",\"url\":\"https:\/\/www.pravo.unizg.hr\/\",\"name\":\"Faculty of law\",\"description\":\"\",\"potentialAction\":[{\"@type\":\"SearchAction\",\"target\":{\"@type\":\"EntryPoint\",\"urlTemplate\":\"https:\/\/www.pravo.unizg.hr\/?s={search_term_string}\"},\"query-input\":\"required name=search_term_string\"}],\"inLanguage\":\"en-US\"}]}<\/script>\n<!-- \/ Yoast SEO plugin. -->","yoast_head_json":{"title":"Otvoreni kolegiji - Faculty of law","robots":{"index":"index","follow":"follow","max-snippet":"max-snippet:-1","max-image-preview":"max-image-preview:large","max-video-preview":"max-video-preview:-1"},"canonical":"https:\/\/www.pravo.unizg.hr\/studiji\/cjelozivotno-obrazovanje\/otvoreni-kolegiji\/","og_locale":"en_US","og_type":"article","og_title":"Otvoreni kolegiji - Faculty of law","og_description":"Pravni fakultet Sveu\u010dili\u0161ta u Zagrebu u ljetnom semestru ove akademske...","og_url":"https:\/\/www.pravo.unizg.hr\/studiji\/cjelozivotno-obrazovanje\/otvoreni-kolegiji\/","og_site_name":"Faculty of law","article_modified_time":"2026-02-18T12:52:43+00:00","twitter_card":"summary_large_image","twitter_misc":{"Est. reading time":"1 minute"},"schema":{"@context":"https:\/\/schema.org","@graph":[{"@type":"WebPage","@id":"https:\/\/www.pravo.unizg.hr\/studiji\/cjelozivotno-obrazovanje\/otvoreni-kolegiji\/","url":"https:\/\/www.pravo.unizg.hr\/studiji\/cjelozivotno-obrazovanje\/otvoreni-kolegiji\/","name":"Otvoreni kolegiji - Faculty of law","isPartOf":{"@id":"https:\/\/www.pravo.unizg.hr\/#website"},"datePublished":"2025-09-24T08:57:25+00:00","dateModified":"2026-02-18T12:52:43+00:00","breadcrumb":{"@id":"https:\/\/www.pravo.unizg.hr\/studiji\/cjelozivotno-obrazovanje\/otvoreni-kolegiji\/#breadcrumb"},"inLanguage":"en-US","potentialAction":[{"@type":"ReadAction","target":["https:\/\/www.pravo.unizg.hr\/studiji\/cjelozivotno-obrazovanje\/otvoreni-kolegiji\/"]}]},{"@type":"BreadcrumbList","@id":"https:\/\/www.pravo.unizg.hr\/studiji\/cjelozivotno-obrazovanje\/otvoreni-kolegiji\/#breadcrumb","itemListElement":[{"@type":"ListItem","position":1,"name":"Homepage","item":"https:\/\/www.pravo.unizg.hr\/en\/"},{"@type":"ListItem","position":2,"name":"Studiji","item":"https:\/\/www.pravo.unizg.hr\/studiji\/"},{"@type":"ListItem","position":3,"name":"Cjelo\u017eivotno obrazovanje","item":"https:\/\/www.pravo.unizg.hr\/studiji\/cjelozivotno-obrazovanje\/"},{"@type":"ListItem","position":4,"name":"Otvoreni kolegiji"}]},{"@type":"WebSite","@id":"https:\/\/www.pravo.unizg.hr\/#website","url":"https:\/\/www.pravo.unizg.hr\/","name":"Faculty of law","description":"","potentialAction":[{"@type":"SearchAction","target":{"@type":"EntryPoint","urlTemplate":"https:\/\/www.pravo.unizg.hr\/?s={search_term_string}"},"query-input":"required name=search_term_string"}],"inLanguage":"en-US"}]}},"_links":{"self":[{"href":"https:\/\/www.pravo.unizg.hr\/en\/wp-json\/wp\/v2\/pages\/28406","targetHints":{"allow":["GET"]}}],"collection":[{"href":"https:\/\/www.pravo.unizg.hr\/en\/wp-json\/wp\/v2\/pages"}],"about":[{"href":"https:\/\/www.pravo.unizg.hr\/en\/wp-json\/wp\/v2\/types\/page"}],"author":[{"embeddable":true,"href":"https:\/\/www.pravo.unizg.hr\/en\/wp-json\/wp\/v2\/users\/511"}],"replies":[{"embeddable":true,"href":"https:\/\/www.pravo.unizg.hr\/en\/wp-json\/wp\/v2\/comments?post=28406"}],"version-history":[{"count":19,"href":"https:\/\/www.pravo.unizg.hr\/en\/wp-json\/wp\/v2\/pages\/28406\/revisions"}],"predecessor-version":[{"id":33094,"href":"https:\/\/www.pravo.unizg.hr\/en\/wp-json\/wp\/v2\/pages\/28406\/revisions\/33094"}],"up":[{"embeddable":true,"href":"https:\/\/www.pravo.unizg.hr\/en\/wp-json\/wp\/v2\/pages\/60"}],"wp:attachment":[{"href":"https:\/\/www.pravo.unizg.hr\/en\/wp-json\/wp\/v2\/media?parent=28406"}],"curies":[{"name":"wp","href":"https:\/\/api.w.org\/{rel}","templated":true}]}}