{"id":2792,"date":"2023-02-22T10:26:53","date_gmt":"2023-02-22T09:26:53","guid":{"rendered":"https:\/\/www.pravo.unizg.hr\/?page_id=2792"},"modified":"2025-10-21T20:04:53","modified_gmt":"2025-10-21T19:04:53","slug":"todo","status":"publish","type":"page","link":"https:\/\/www.pravo.unizg.hr\/en\/projekti\/arhiva\/todo\/","title":{"rendered":"H2020 Twinning Open Data Operational (TODO)"},"content":{"rendered":"<p>Pravni fakultet Sveu\u010dili\u0161ta u Zagrebu jedan je od partnera trogodi\u0161njeg projekta Obzor 2020\u00a0<em>Twinning Open Data Operational<\/em>\u00a0(TODO 2019-2022) \u010diji je cilj ja\u010danje izvrsnosti i istra\u017eiva\u010dkih kapaciteta Sveu\u010dli\u0161ta u Zagrebu u odnosu na istra\u017eivanja otvorenih podataka odnosno istra\u017eivanja temeljnih na otvorenim podacima kao i potaknuti ponudu i kvalitetu otvorenih podataka od strane institucija.<\/p>\n<p>Ovaj trogodi\u0161nji projekt provodi se od 1.10.2019. do 30.9.2020., a financiran je u okviru Horizon 2020 Widespread programa potpore istra\u017eivanjima I inovaciji u ukupnom iznosu 799.988,00 \u20ac (Grant Agreement Number 857592 \u2013 TODO).<\/p>\n<p>Projekt je usmjeren na unaprje\u0111enje interdisciplinarnog pristupa i inovacijskog kapaciteta Sveu\u010dili\u0161ta u Zagrebu u kori\u0161tenju otvorenih podataka. Uz Pravni fakultet, u projekt je uklju\u010deno jo\u0161 pet sastavnica zagreba\u010dkog Sveu\u010dili\u0161ta \u00a0&#8211; Geodetski fakultet koji je ujedno i koordinator projekta (izv.prof.dr.sc. Dra\u017een Tuti\u0107 u prvoj odnosno izv.prof.dr.sc. Ana Kuved\u017ei\u0107 Divjak u druge dvije godine projekta), Fakultet elektrotehnike i ra\u010dunarstva, Fakultet organizacije i informatike, Fakultet prometnih znanosti i Agronomski fakultet) dok su inozemni partneri projekta Tehnolo\u0161ko Sveu\u010dili\u0161te Delft (Nizozemska) i Egejsko Sveu\u010dili\u0161te (Gr\u010dka), me\u0111u najistaknutijim svjetskim istra\u017eiva\u010dkim centrima za otvorene podatke.<\/p>\n<p>Na projektu \u0107e aktivno sudjelovati 39 znanstvenika i suradnika partnerskih sveu\u010dili\u0161ta, te \u0107e uz podr\u0161ku doma\u0107ih i me\u0111unarodnih stru\u010dnjaka biti pokrenute inicijative za istra\u017eivanja u podru\u010dju otvorenih podataka.<\/p>\n<p>Projektni tim Pravnog fakulteta \u010dine:<\/p>\n<ul>\n<li>izv. prof. dr. sc. Anamarija Musa, voditeljica tima<\/li>\n<li>izv. prof. dr. sc. Tereza Rogi\u0107<\/li>\n<li>doc. dr. sc. Tihomir Katuli\u0107<\/li>\n<li>doc. dr. sc. Marko Juri\u0107<\/li>\n<li>dr. sc. Petra \u0110urman<\/li>\n<\/ul>\n<p><a href=\"https:\/\/www.pravo.unizg.hr\/wp-content\/uploads\/2023\/02\/twinning-open-data-operational.jpg\"><img loading=\"lazy\" decoding=\"async\" class=\"size-full wp-image-2796 aligncenter\" src=\"https:\/\/www.pravo.unizg.hr\/wp-content\/uploads\/2023\/02\/twinning-open-data-operational.jpg\" alt=\"\" width=\"170\" height=\"179\" \/><\/a><\/p>\n<p>Projektni tim Pravnog fakulteta uz upravljanje radnim paketom WP4 Collaboration and Knowledge Sharing te tri projektna zadatka \u00a0i dodatna dva rezultata projekta, u okviru projekta fokusirat \u0107e se na pitanja upravljanja otvorenim podacima (pravni okvir, politika, institucije, odnosi me\u0111u dionicima, za\u0161tita korisnika), fiskalne aspekte, licence te osobne podatke kao istra\u017eiva\u010dka pitanja koja se odnose otvorene podatke kao istra\u017eiva\u010dki resurs. U odnosu na pojedine vrste otvorenih podataka, istra\u017eiva\u010dki interes je na institucionalnim podacima, propisima i odlukama (legal data), fiskalnim podacima.<\/p>\n<p>Sva pitanja o aktivnostima projekta molimo uputiti voditeljici projektnog tima na e-mail\u00a0<a href=\"mailto:amusa@pravo.hr\">amusa@pravo.hr<\/a><\/p>\n<p>Vi\u0161e informacija o projektu, projektnim aktivnostima i doga\u0111anjima mogu\u0107e je prona\u0107i na slu\u017ebenoj stranici TODO projekta\u00a0<a href=\"http:\/\/todo-project.eu\/\" target=\"_blank\" rel=\"noopener\">http:\/\/todo-project.eu\/<\/a><\/p>\n<p>kao i profilima<\/p>\n<p>LinkedIn\u00a0<a href=\"https:\/\/www.linkedin.com\/in\/todo-euproject\/\" target=\"_blank\" rel=\"noopener\">https:\/\/www.linkedin.com\/in\/todo-euproject\/<\/a><br \/>\nTwitter\u00a0<a href=\"https:\/\/twitter.com\/TodoProject\" target=\"_blank\" rel=\"noopener\">https:\/\/twitter.com\/TodoProject<\/a>\u00a0\u00a0@TodoProject<br \/>\nFacebook\u00a0<a href=\"https:\/\/www.facebook.com\/TwinningOpenDataOperational\/\" target=\"_blank\" rel=\"noopener\">https:\/\/www.facebook.com\/TwinningOpenDataOperational\/<\/a><br \/>\nResearchgate\u00a0<a href=\"https:\/\/www.researchgate.net\/profile\/Todo_Project\" target=\"_blank\" rel=\"noopener\">https:\/\/www.researchgate.net\/profile\/Todo_Project<\/a><br \/>\nAcademia.edu\u00a0<a href=\"https:\/\/unizg.academia.edu\/TwinningOpenDataOperational\" target=\"_blank\" rel=\"noopener\">https:\/\/unizg.academia.edu\/TwinningOpenDataOperational<\/a><\/p>\n<p><a href=\"https:\/\/www.pravo.unizg.hr\/wp-content\/uploads\/2023\/02\/todo.jpg\"><img loading=\"lazy\" decoding=\"async\" class=\"size-full wp-image-2794 aligncenter\" src=\"https:\/\/www.pravo.unizg.hr\/wp-content\/uploads\/2023\/02\/todo.jpg\" alt=\"\" width=\"300\" height=\"138\" \/><\/a><\/p>\n","protected":false},"excerpt":{"rendered":"<p>Pravni fakultet Sveu\u010dili\u0161ta u Zagrebu jedan je od partnera trogodi\u0161njeg&#8230;<\/p>\n","protected":false},"author":511,"featured_media":0,"parent":87,"menu_order":0,"comment_status":"closed","ping_status":"closed","template":"","meta":{"footnotes":""},"class_list":["post-2792","page","type-page","status-publish","hentry"],"pp_force_visibility":null,"pp_subpost_visibility":null,"pp_inherited_force_visibility":null,"pp_inherited_subpost_visibility":null,"acf":[],"yoast_head":"<!-- This site is optimized with the Yoast SEO plugin v20.1 - https:\/\/yoast.com\/wordpress\/plugins\/seo\/ -->\n<title>H2020 Twinning Open Data Operational (TODO) - Faculty of law<\/title>\n<meta name=\"robots\" content=\"index, follow, max-snippet:-1, max-image-preview:large, max-video-preview:-1\" \/>\n<link rel=\"canonical\" href=\"https:\/\/www.pravo.unizg.hr\/projekti\/arhiva\/todo\/\" \/>\n<meta property=\"og:locale\" content=\"en_US\" \/>\n<meta property=\"og:type\" content=\"article\" \/>\n<meta property=\"og:title\" content=\"H2020 Twinning Open Data Operational (TODO) - Faculty of law\" \/>\n<meta property=\"og:description\" content=\"Pravni fakultet Sveu\u010dili\u0161ta u Zagrebu jedan je od partnera trogodi\u0161njeg...\" \/>\n<meta property=\"og:url\" content=\"https:\/\/www.pravo.unizg.hr\/projekti\/arhiva\/todo\/\" \/>\n<meta property=\"og:site_name\" content=\"Faculty of law\" \/>\n<meta property=\"article:modified_time\" content=\"2025-10-21T19:04:53+00:00\" \/>\n<meta property=\"og:image\" content=\"https:\/\/www.pravo.unizg.hr\/wp-content\/uploads\/2023\/02\/twinning-open-data-operational.jpg\" \/>\n<meta name=\"twitter:card\" content=\"summary_large_image\" \/>\n<meta name=\"twitter:label1\" content=\"Est. reading time\" \/>\n\t<meta name=\"twitter:data1\" content=\"3 minutes\" \/>\n<script type=\"application\/ld+json\" class=\"yoast-schema-graph\">{\"@context\":\"https:\/\/schema.org\",\"@graph\":[{\"@type\":\"WebPage\",\"@id\":\"https:\/\/www.pravo.unizg.hr\/projekti\/arhiva\/todo\/\",\"url\":\"https:\/\/www.pravo.unizg.hr\/projekti\/arhiva\/todo\/\",\"name\":\"H2020 Twinning Open Data Operational (TODO) - Faculty of law\",\"isPartOf\":{\"@id\":\"https:\/\/www.pravo.unizg.hr\/#website\"},\"datePublished\":\"2023-02-22T09:26:53+00:00\",\"dateModified\":\"2025-10-21T19:04:53+00:00\",\"breadcrumb\":{\"@id\":\"https:\/\/www.pravo.unizg.hr\/projekti\/arhiva\/todo\/#breadcrumb\"},\"inLanguage\":\"en-US\",\"potentialAction\":[{\"@type\":\"ReadAction\",\"target\":[\"https:\/\/www.pravo.unizg.hr\/projekti\/arhiva\/todo\/\"]}]},{\"@type\":\"BreadcrumbList\",\"@id\":\"https:\/\/www.pravo.unizg.hr\/projekti\/arhiva\/todo\/#breadcrumb\",\"itemListElement\":[{\"@type\":\"ListItem\",\"position\":1,\"name\":\"Homepage\",\"item\":\"https:\/\/www.pravo.unizg.hr\/en\/\"},{\"@type\":\"ListItem\",\"position\":2,\"name\":\"Projekti\",\"item\":\"https:\/\/www.pravo.unizg.hr\/projekti\/\"},{\"@type\":\"ListItem\",\"position\":3,\"name\":\"Arhiva projekata\",\"item\":\"https:\/\/www.pravo.unizg.hr\/projekti\/arhiva\/\"},{\"@type\":\"ListItem\",\"position\":4,\"name\":\"H2020 Twinning Open Data Operational (TODO)\"}]},{\"@type\":\"WebSite\",\"@id\":\"https:\/\/www.pravo.unizg.hr\/#website\",\"url\":\"https:\/\/www.pravo.unizg.hr\/\",\"name\":\"Faculty of law\",\"description\":\"\",\"potentialAction\":[{\"@type\":\"SearchAction\",\"target\":{\"@type\":\"EntryPoint\",\"urlTemplate\":\"https:\/\/www.pravo.unizg.hr\/?s={search_term_string}\"},\"query-input\":\"required name=search_term_string\"}],\"inLanguage\":\"en-US\"}]}<\/script>\n<!-- \/ Yoast SEO plugin. -->","yoast_head_json":{"title":"H2020 Twinning Open Data Operational (TODO) - Faculty of law","robots":{"index":"index","follow":"follow","max-snippet":"max-snippet:-1","max-image-preview":"max-image-preview:large","max-video-preview":"max-video-preview:-1"},"canonical":"https:\/\/www.pravo.unizg.hr\/projekti\/arhiva\/todo\/","og_locale":"en_US","og_type":"article","og_title":"H2020 Twinning Open Data Operational (TODO) - Faculty of law","og_description":"Pravni fakultet Sveu\u010dili\u0161ta u Zagrebu jedan je od partnera trogodi\u0161njeg...","og_url":"https:\/\/www.pravo.unizg.hr\/projekti\/arhiva\/todo\/","og_site_name":"Faculty of law","article_modified_time":"2025-10-21T19:04:53+00:00","og_image":[{"url":"https:\/\/www.pravo.unizg.hr\/wp-content\/uploads\/2023\/02\/twinning-open-data-operational.jpg"}],"twitter_card":"summary_large_image","twitter_misc":{"Est. reading time":"3 minutes"},"schema":{"@context":"https:\/\/schema.org","@graph":[{"@type":"WebPage","@id":"https:\/\/www.pravo.unizg.hr\/projekti\/arhiva\/todo\/","url":"https:\/\/www.pravo.unizg.hr\/projekti\/arhiva\/todo\/","name":"H2020 Twinning Open Data Operational (TODO) - Faculty of law","isPartOf":{"@id":"https:\/\/www.pravo.unizg.hr\/#website"},"datePublished":"2023-02-22T09:26:53+00:00","dateModified":"2025-10-21T19:04:53+00:00","breadcrumb":{"@id":"https:\/\/www.pravo.unizg.hr\/projekti\/arhiva\/todo\/#breadcrumb"},"inLanguage":"en-US","potentialAction":[{"@type":"ReadAction","target":["https:\/\/www.pravo.unizg.hr\/projekti\/arhiva\/todo\/"]}]},{"@type":"BreadcrumbList","@id":"https:\/\/www.pravo.unizg.hr\/projekti\/arhiva\/todo\/#breadcrumb","itemListElement":[{"@type":"ListItem","position":1,"name":"Homepage","item":"https:\/\/www.pravo.unizg.hr\/en\/"},{"@type":"ListItem","position":2,"name":"Projekti","item":"https:\/\/www.pravo.unizg.hr\/projekti\/"},{"@type":"ListItem","position":3,"name":"Arhiva projekata","item":"https:\/\/www.pravo.unizg.hr\/projekti\/arhiva\/"},{"@type":"ListItem","position":4,"name":"H2020 Twinning Open Data Operational (TODO)"}]},{"@type":"WebSite","@id":"https:\/\/www.pravo.unizg.hr\/#website","url":"https:\/\/www.pravo.unizg.hr\/","name":"Faculty of law","description":"","potentialAction":[{"@type":"SearchAction","target":{"@type":"EntryPoint","urlTemplate":"https:\/\/www.pravo.unizg.hr\/?s={search_term_string}"},"query-input":"required name=search_term_string"}],"inLanguage":"en-US"}]}},"_links":{"self":[{"href":"https:\/\/www.pravo.unizg.hr\/en\/wp-json\/wp\/v2\/pages\/2792","targetHints":{"allow":["GET"]}}],"collection":[{"href":"https:\/\/www.pravo.unizg.hr\/en\/wp-json\/wp\/v2\/pages"}],"about":[{"href":"https:\/\/www.pravo.unizg.hr\/en\/wp-json\/wp\/v2\/types\/page"}],"author":[{"embeddable":true,"href":"https:\/\/www.pravo.unizg.hr\/en\/wp-json\/wp\/v2\/users\/511"}],"replies":[{"embeddable":true,"href":"https:\/\/www.pravo.unizg.hr\/en\/wp-json\/wp\/v2\/comments?post=2792"}],"version-history":[{"count":14,"href":"https:\/\/www.pravo.unizg.hr\/en\/wp-json\/wp\/v2\/pages\/2792\/revisions"}],"predecessor-version":[{"id":29168,"href":"https:\/\/www.pravo.unizg.hr\/en\/wp-json\/wp\/v2\/pages\/2792\/revisions\/29168"}],"up":[{"embeddable":true,"href":"https:\/\/www.pravo.unizg.hr\/en\/wp-json\/wp\/v2\/pages\/87"}],"wp:attachment":[{"href":"https:\/\/www.pravo.unizg.hr\/en\/wp-json\/wp\/v2\/media?parent=2792"}],"curies":[{"name":"wp","href":"https:\/\/api.w.org\/{rel}","templated":true}]}}