{"id":27259,"date":"2025-07-14T09:26:41","date_gmt":"2025-07-14T08:26:41","guid":{"rendered":"https:\/\/www.pravo.unizg.hr\/?page_id=27259"},"modified":"2025-10-21T17:54:59","modified_gmt":"2025-10-21T16:54:59","slug":"upis-u-vise-godine-ili-ponavljanje-godine-2024-2025","status":"publish","type":"page","link":"https:\/\/www.pravo.unizg.hr\/en\/studenti\/upis-u-vise-godine-i-ponavljanje-godine\/upis-u-vise-godine-ili-ponavljanje-godine-2024-2025\/","title":{"rendered":"Upis u vi\u0161u godinu ili ponavljanje godine (2024.\/2025.)"},"content":{"rendered":"<ul>\n<li><strong><a href=\"https:\/\/www.pravo.unizg.hr\/wp-content\/uploads\/2024\/11\/Detaljne-upute-za-placanje-preostalih-rata-skolarine.pdf\" target=\"_blank\" rel=\"noopener\">Detaljne upute za pla\u0107anje preostalih rata \u0161kolarine<\/a><\/strong><\/li>\n<li><a href=\"https:\/\/www.pravo.unizg.hr\/wp-content\/uploads\/2024\/09\/Upute-za-placanje-troskova-upisa-i-skolarine.pdf\" target=\"_blank\" rel=\"noopener\"><strong>Primjeri uplatnica<\/strong><\/a><\/li>\n<\/ul>\n<p>&nbsp;<\/p>\n<p>=====<\/p>\n<p>&nbsp;<\/p>\n<p><strong>Po\u0161tovane studentice, po\u0161tovani studenti,<\/strong><\/p>\n<p><strong>u tijeku je prijenos podataka o upla\u0107enim \u0161kolarinama u ISVU sustav. Nakon \u0161to sustav unese ispravno pristigle uplate one \u0107e u petak, 11. listopada 2024. poslije 16 sati biti vidljive u Studomatu.<\/strong><\/p>\n<p><strong>Studomat \u0107e omogu\u0107iti preuzimanje potvrda, prijave ispita i dr.<\/strong><br \/>\n<strong>Molimo studentice i studente koji su uplatili \u0161kolarinu, a ona im ne bude vidljiva u Studomatu u petak, 11. listopada 2024. poslije 16 sati da se odmah jave putem e-podr\u0161ke (\u201e\u0160kolarina\u201c) .<\/strong><\/p>\n<p><strong>Molimo studentice i studente koji jo\u0161 nisu uplatili \u0161kolarinu da ju uplate najkasnije do srijede, 16. listopada 2024.<\/strong><br \/>\n<strong>Zatra\u017eeni povrat \u0161kolarine je u tijeku i obavlja se prema redoslijedu zaprimljenih zahtjeva.<\/strong><\/p>\n<p><strong>STUDENTSKA SLU\u017dBA<\/strong><\/p>\n<p>&nbsp;<\/p>\n<p>=====<\/p>\n<p>&nbsp;<\/p>\n<p><strong>Po\u0161tovane studentice, po\u0161tovani studenti,<\/strong><\/p>\n<p><strong>u skladu s objavljenim uputama o na\u010dinu i terminu uplata \u0161kolarine obavje\u0161tavamo Vas da \u0107e sustav unositi samo ispravne uplate (izvr\u0161ene u navedenom terminu uplate, ispravnim pozivom na broj i iznosom nazna\u010denim na Studomatu). Nakon \u0161to sustav unese sve ispravno pristigle uplate, studentima \u0107e 11. listopada iste biti vidljive na Studomatu. Studomat \u0107e omogu\u0107avati preuzimanje potvrda, prijavu ispita i dr.<\/strong><\/p>\n<p><strong>Uplate koje nisu odra\u0111ene na navedeni na\u010din, sustav ne\u0107e biti u mogu\u0107nosti evidentirati.<\/strong><\/p>\n<p><strong>Svi studenti koji su uplatili \u0161kolarinu prije navedenog termina uplate, s pogre\u0161nim pozivom na broj ili pogre\u0161nim iznosom mogu zatra\u017eiti putem\u00a0<a href=\"https:\/\/podrska.pravo.hr\/\" target=\"_blank\" rel=\"noopener\">e-podr\u0161ke<\/a>\u00a0povrat novca za neispravne uplate. Naknadno \u0107ete dobiti informaciju za novi termin uplate \u0161kolarine prema prije objavljenim uputama.<\/strong><\/p>\n<p>&nbsp;<\/p>\n<p>&nbsp;<\/p>\n<p>=====<\/p>\n<p>&nbsp;<\/p>\n<p><strong>Upute za upis u akad. god. 2024.\/2025.<\/strong><\/p>\n<p><strong>RUJAN 2024.:<\/strong><\/p>\n<ul>\n<li><a href=\"https:\/\/www.pravo.unizg.hr\/wp-content\/uploads\/2024\/09\/PS_rujan_upute_upis_2024_2025_2.pdf\" target=\"_blank\" rel=\"noopener\">Upute za Sveu\u010dili\u0161ni integrirani prijediplomski i diplomski studij Pravo<\/a>\n<ul>\n<li><b>Online obrazac za\u00a0predodabir\u00a0seminara, vje\u017ebi zimskih i ljetnih semestara, te izbornih predmeta<\/b>\u00a0(za studente 4. i 5. studijske godine) za akademsku 2024.\/2025. godinu:\u00a0<a href=\"https:\/\/limesurvey.srce.hr\/278951?lang=hr\">https:\/\/limesurvey.srce.hr\/278951?lang=hr<\/a><\/li>\n<li><strong>Online obrazac za predodabir modula i predmeta modula<\/strong>\u00a0( za studente 4. i 5. studijske godine) za akademsku 2024.\/2025. godinu:\u00a0<a href=\"https:\/\/limesurvey.srce.hr\/694434?lang=hr\">https:\/\/limesurvey.srce.hr\/694434?lang=hr<\/a><\/li>\n<\/ul>\n<\/li>\n<\/ul>\n<ul>\n<li><a href=\"https:\/\/www.pravo.unizg.hr\/wp-content\/uploads\/2024\/09\/SR_rujan_redovni_i_-izvanredni_upis_2024-25_2.pdf\" target=\"_blank\" rel=\"noopener\">Upute za Sveu\u010dili\u0161ni prijediplomski studij Socijalni rad<\/a>\n<ul>\n<li><strong>Online obrazac za predodabir seminara, izbornog kolegija i terenske prakse\u00a0<\/strong>u zimskom i ljetnom semestru akademske 2024.\/2025. godine:\u00a0<a href=\"https:\/\/limesurvey.srce.hr\/359956?lang=hr\" target=\"_blank\" rel=\"noopener\" data-saferedirecturl=\"https:\/\/www.google.com\/url?q=https:\/\/limesurvey.srce.hr\/359956?lang%3Dhr&amp;source=gmail&amp;ust=1725444202620000&amp;usg=AOvVaw2ViSAwyzsyY8kPdGPwlj7v\">https:\/\/limesurvey.srce.hr\/359956?lang=hr<\/a><\/li>\n<\/ul>\n<\/li>\n<\/ul>\n<ul>\n<li><a href=\"https:\/\/www.pravo.unizg.hr\/wp-content\/uploads\/2024\/09\/Strucni_studij_rujan_redovni_i_izvanredni-upis_2024-25_2.pdf\" target=\"_blank\" rel=\"noopener\">Upute za Stru\u010dni prijediplomski studiji Javna uprava i Porezni studij i diplomski studij Javna uprava<\/a><\/li>\n<\/ul>\n<p>&nbsp;<\/p>\n<p><strong>SRPANJ 2024.:<\/strong><\/p>\n<ul>\n<li><a href=\"https:\/\/www.pravo.unizg.hr\/wp-content\/uploads\/2024\/08\/PS_Upute_upis_2024_2025.-2.pdf\" target=\"_blank\" rel=\"noopener\">Upute za Sveu\u010dili\u0161ni integrirani prijediplomski i diplomski studij Pravo<\/a><\/li>\n<\/ul>\n<ul>\n<li><a href=\"https:\/\/www.pravo.unizg.hr\/wp-content\/uploads\/2024\/08\/SCSR_Upute_upisi_2024_2025.-1.pdf\" target=\"_blank\" rel=\"noopener\">Upute za Sveu\u010dili\u0161ni prijediplomski studij Socijalni rad i diplomski studiji Socijalni rad i Socijalna politika<\/a><\/li>\n<\/ul>\n<ul>\n<li><a href=\"https:\/\/www.pravo.unizg.hr\/wp-content\/uploads\/2024\/08\/SCJUJF_Upute_upisi_2024_2025.-1.pdf\" target=\"_blank\" rel=\"noopener\">Upute za Stru\u010dni prijediplomski studiji Javna uprava i Porezni studij i diplomski studij Javna uprava<\/a><\/li>\n<\/ul>\n<p>&nbsp;<\/p>\n<p><strong>Kontakt o upisima:<\/strong><\/p>\n<p>Za dodatne informacije o upisu mo\u017eete se javiti na adrese e-po\u0161te:<\/p>\n<p>\u2013 studij Pravo:\u00a0<a href=\"mailto:upisi-pravo@pravo.hr\">upisi-pravo@pravo.hr<\/a><br \/>\n\u2013 studiji Studijskog centra socijalnog rada:\u00a0<a href=\"mailto:upisi-scsr@pravo.hr\">upisi-scsr@pravo.hr<\/a><br \/>\n\u2013 studiji Studijskog centra za javnu upravu i javne financije:\u00a0<a href=\"mailto:upisi-scjujf@pravo.hr\">upisi-scjujf@pravo.hr<\/a>.<\/p>\n<p>Radi br\u017ee i jednostavnije komunikacije, u poruci poslanoj\u00a0isklju\u010divo sa slu\u017ebene studentske e-mail adrese\u00a0potrebno je navesti:<br \/>\n\u2013 JMBAG i<br \/>\n\u2013 broj telefona.<\/p>\n<p>&nbsp;<\/p>\n<p>Tako\u0111er, dodatne informacije mo\u017eete dobiti i telefonski na:<br \/>\n01\/4890-250 svakog radnog dana u vremenu od 10-16h.<\/p>\n","protected":false},"excerpt":{"rendered":"<p>Detaljne upute za pla\u0107anje preostalih rata \u0161kolarine Primjeri uplatnica &nbsp;&#8230;<\/p>\n","protected":false},"author":511,"featured_media":0,"parent":19781,"menu_order":0,"comment_status":"closed","ping_status":"closed","template":"","meta":{"footnotes":""},"class_list":["post-27259","page","type-page","status-publish","hentry"],"pp_force_visibility":null,"pp_subpost_visibility":null,"pp_inherited_force_visibility":null,"pp_inherited_subpost_visibility":null,"acf":[],"yoast_head":"<!-- This site is optimized with the Yoast SEO plugin v20.1 - https:\/\/yoast.com\/wordpress\/plugins\/seo\/ -->\n<title>Upis u vi\u0161u godinu ili ponavljanje godine (2024.\/2025.) - Faculty of law<\/title>\n<meta name=\"robots\" content=\"index, follow, max-snippet:-1, max-image-preview:large, max-video-preview:-1\" \/>\n<link rel=\"canonical\" href=\"https:\/\/www.pravo.unizg.hr\/studenti\/upis-u-vise-godine-i-ponavljanje-godine\/upis-u-vise-godine-ili-ponavljanje-godine-2024-2025\/\" \/>\n<meta property=\"og:locale\" content=\"en_US\" \/>\n<meta property=\"og:type\" content=\"article\" \/>\n<meta property=\"og:title\" content=\"Upis u vi\u0161u godinu ili ponavljanje godine (2024.\/2025.) - Faculty of law\" \/>\n<meta property=\"og:description\" content=\"Detaljne upute za pla\u0107anje preostalih rata \u0161kolarine Primjeri uplatnica &nbsp;...\" \/>\n<meta property=\"og:url\" content=\"https:\/\/www.pravo.unizg.hr\/studenti\/upis-u-vise-godine-i-ponavljanje-godine\/upis-u-vise-godine-ili-ponavljanje-godine-2024-2025\/\" \/>\n<meta property=\"og:site_name\" content=\"Faculty of law\" \/>\n<meta property=\"article:modified_time\" content=\"2025-10-21T16:54:59+00:00\" \/>\n<meta name=\"twitter:card\" content=\"summary_large_image\" \/>\n<meta name=\"twitter:label1\" content=\"Est. reading time\" \/>\n\t<meta name=\"twitter:data1\" content=\"3 minutes\" \/>\n<script type=\"application\/ld+json\" class=\"yoast-schema-graph\">{\"@context\":\"https:\/\/schema.org\",\"@graph\":[{\"@type\":\"WebPage\",\"@id\":\"https:\/\/www.pravo.unizg.hr\/studenti\/upis-u-vise-godine-i-ponavljanje-godine\/upis-u-vise-godine-ili-ponavljanje-godine-2024-2025\/\",\"url\":\"https:\/\/www.pravo.unizg.hr\/studenti\/upis-u-vise-godine-i-ponavljanje-godine\/upis-u-vise-godine-ili-ponavljanje-godine-2024-2025\/\",\"name\":\"Upis u vi\u0161u godinu ili ponavljanje godine (2024.\/2025.) - Faculty of law\",\"isPartOf\":{\"@id\":\"https:\/\/www.pravo.unizg.hr\/#website\"},\"datePublished\":\"2025-07-14T08:26:41+00:00\",\"dateModified\":\"2025-10-21T16:54:59+00:00\",\"breadcrumb\":{\"@id\":\"https:\/\/www.pravo.unizg.hr\/studenti\/upis-u-vise-godine-i-ponavljanje-godine\/upis-u-vise-godine-ili-ponavljanje-godine-2024-2025\/#breadcrumb\"},\"inLanguage\":\"en-US\",\"potentialAction\":[{\"@type\":\"ReadAction\",\"target\":[\"https:\/\/www.pravo.unizg.hr\/studenti\/upis-u-vise-godine-i-ponavljanje-godine\/upis-u-vise-godine-ili-ponavljanje-godine-2024-2025\/\"]}]},{\"@type\":\"BreadcrumbList\",\"@id\":\"https:\/\/www.pravo.unizg.hr\/studenti\/upis-u-vise-godine-i-ponavljanje-godine\/upis-u-vise-godine-ili-ponavljanje-godine-2024-2025\/#breadcrumb\",\"itemListElement\":[{\"@type\":\"ListItem\",\"position\":1,\"name\":\"Homepage\",\"item\":\"https:\/\/www.pravo.unizg.hr\/en\/\"},{\"@type\":\"ListItem\",\"position\":2,\"name\":\"Studenti\",\"item\":\"https:\/\/www.pravo.unizg.hr\/studenti\/\"},{\"@type\":\"ListItem\",\"position\":3,\"name\":\"Upis u vi\u0161u godinu ili ponavljanje godine\",\"item\":\"https:\/\/www.pravo.unizg.hr\/studenti\/upis-visa-godina-ili-ponavljanje\/\"},{\"@type\":\"ListItem\",\"position\":4,\"name\":\"Upis u vi\u0161u godinu ili ponavljanje godine (2024.\/2025.)\"}]},{\"@type\":\"WebSite\",\"@id\":\"https:\/\/www.pravo.unizg.hr\/#website\",\"url\":\"https:\/\/www.pravo.unizg.hr\/\",\"name\":\"Faculty of law\",\"description\":\"\",\"potentialAction\":[{\"@type\":\"SearchAction\",\"target\":{\"@type\":\"EntryPoint\",\"urlTemplate\":\"https:\/\/www.pravo.unizg.hr\/?s={search_term_string}\"},\"query-input\":\"required name=search_term_string\"}],\"inLanguage\":\"en-US\"}]}<\/script>\n<!-- \/ Yoast SEO plugin. -->","yoast_head_json":{"title":"Upis u vi\u0161u godinu ili ponavljanje godine (2024.\/2025.) - Faculty of law","robots":{"index":"index","follow":"follow","max-snippet":"max-snippet:-1","max-image-preview":"max-image-preview:large","max-video-preview":"max-video-preview:-1"},"canonical":"https:\/\/www.pravo.unizg.hr\/studenti\/upis-u-vise-godine-i-ponavljanje-godine\/upis-u-vise-godine-ili-ponavljanje-godine-2024-2025\/","og_locale":"en_US","og_type":"article","og_title":"Upis u vi\u0161u godinu ili ponavljanje godine (2024.\/2025.) - Faculty of law","og_description":"Detaljne upute za pla\u0107anje preostalih rata \u0161kolarine Primjeri uplatnica &nbsp;...","og_url":"https:\/\/www.pravo.unizg.hr\/studenti\/upis-u-vise-godine-i-ponavljanje-godine\/upis-u-vise-godine-ili-ponavljanje-godine-2024-2025\/","og_site_name":"Faculty of law","article_modified_time":"2025-10-21T16:54:59+00:00","twitter_card":"summary_large_image","twitter_misc":{"Est. reading time":"3 minutes"},"schema":{"@context":"https:\/\/schema.org","@graph":[{"@type":"WebPage","@id":"https:\/\/www.pravo.unizg.hr\/studenti\/upis-u-vise-godine-i-ponavljanje-godine\/upis-u-vise-godine-ili-ponavljanje-godine-2024-2025\/","url":"https:\/\/www.pravo.unizg.hr\/studenti\/upis-u-vise-godine-i-ponavljanje-godine\/upis-u-vise-godine-ili-ponavljanje-godine-2024-2025\/","name":"Upis u vi\u0161u godinu ili ponavljanje godine (2024.\/2025.) - Faculty of law","isPartOf":{"@id":"https:\/\/www.pravo.unizg.hr\/#website"},"datePublished":"2025-07-14T08:26:41+00:00","dateModified":"2025-10-21T16:54:59+00:00","breadcrumb":{"@id":"https:\/\/www.pravo.unizg.hr\/studenti\/upis-u-vise-godine-i-ponavljanje-godine\/upis-u-vise-godine-ili-ponavljanje-godine-2024-2025\/#breadcrumb"},"inLanguage":"en-US","potentialAction":[{"@type":"ReadAction","target":["https:\/\/www.pravo.unizg.hr\/studenti\/upis-u-vise-godine-i-ponavljanje-godine\/upis-u-vise-godine-ili-ponavljanje-godine-2024-2025\/"]}]},{"@type":"BreadcrumbList","@id":"https:\/\/www.pravo.unizg.hr\/studenti\/upis-u-vise-godine-i-ponavljanje-godine\/upis-u-vise-godine-ili-ponavljanje-godine-2024-2025\/#breadcrumb","itemListElement":[{"@type":"ListItem","position":1,"name":"Homepage","item":"https:\/\/www.pravo.unizg.hr\/en\/"},{"@type":"ListItem","position":2,"name":"Studenti","item":"https:\/\/www.pravo.unizg.hr\/studenti\/"},{"@type":"ListItem","position":3,"name":"Upis u vi\u0161u godinu ili ponavljanje godine","item":"https:\/\/www.pravo.unizg.hr\/studenti\/upis-visa-godina-ili-ponavljanje\/"},{"@type":"ListItem","position":4,"name":"Upis u vi\u0161u godinu ili ponavljanje godine (2024.\/2025.)"}]},{"@type":"WebSite","@id":"https:\/\/www.pravo.unizg.hr\/#website","url":"https:\/\/www.pravo.unizg.hr\/","name":"Faculty of law","description":"","potentialAction":[{"@type":"SearchAction","target":{"@type":"EntryPoint","urlTemplate":"https:\/\/www.pravo.unizg.hr\/?s={search_term_string}"},"query-input":"required name=search_term_string"}],"inLanguage":"en-US"}]}},"_links":{"self":[{"href":"https:\/\/www.pravo.unizg.hr\/en\/wp-json\/wp\/v2\/pages\/27259","targetHints":{"allow":["GET"]}}],"collection":[{"href":"https:\/\/www.pravo.unizg.hr\/en\/wp-json\/wp\/v2\/pages"}],"about":[{"href":"https:\/\/www.pravo.unizg.hr\/en\/wp-json\/wp\/v2\/types\/page"}],"author":[{"embeddable":true,"href":"https:\/\/www.pravo.unizg.hr\/en\/wp-json\/wp\/v2\/users\/511"}],"replies":[{"embeddable":true,"href":"https:\/\/www.pravo.unizg.hr\/en\/wp-json\/wp\/v2\/comments?post=27259"}],"version-history":[{"count":2,"href":"https:\/\/www.pravo.unizg.hr\/en\/wp-json\/wp\/v2\/pages\/27259\/revisions"}],"predecessor-version":[{"id":29107,"href":"https:\/\/www.pravo.unizg.hr\/en\/wp-json\/wp\/v2\/pages\/27259\/revisions\/29107"}],"up":[{"embeddable":true,"href":"https:\/\/www.pravo.unizg.hr\/en\/wp-json\/wp\/v2\/pages\/19781"}],"wp:attachment":[{"href":"https:\/\/www.pravo.unizg.hr\/en\/wp-json\/wp\/v2\/media?parent=27259"}],"curies":[{"name":"wp","href":"https:\/\/api.w.org\/{rel}","templated":true}]}}