{"id":2630,"date":"2023-02-22T08:57:08","date_gmt":"2023-02-22T07:57:08","guid":{"rendered":"https:\/\/www.pravo.unizg.hr\/?page_id=2630"},"modified":"2025-10-21T19:57:07","modified_gmt":"2025-10-21T18:57:07","slug":"unic","status":"publish","type":"page","link":"https:\/\/www.pravo.unizg.hr\/en\/projekti\/arhiva\/unic\/","title":{"rendered":"Europsko sveu\u010dili\u0161te postindustrijskih gradova (UNIC)"},"content":{"rendered":"<p>&nbsp;<\/p>\n<p><a href=\"https:\/\/www.pravo.unizg.hr\/wp-content\/uploads\/2024\/01\/UNIC-2020-2023-Izvjesce_IK.pdf\" target=\"_blank\" rel=\"noopener\">Tijek i rezultati projekta institucionalnog oblikovanja Europskog sveu\u010dili\u0161ta postindustrijskih gradova (UNIC) u razdoblju od 1. listopada 2020. do 30. rujna 2023.<\/a><\/p>\n<p>&nbsp;<\/p>\n<h4>Sveu\u010dili\u0161te u Zagrebu dio je novonastaju\u0107eg Europskoga sveu\u010dili\u0161ta postindustrijskih gradova \u2013 UNIC<\/h4>\n<p>Cilj <a href=\"https:\/\/unic.eu\/\" target=\"_blank\" rel=\"noopener\">UNIC saveza<\/a>\u00a0je omogu\u0107iti stvaranje novog europskog sveu\u010dili\u0161ta, u okviru Europskog obrazovnog prostora, koje \u0107e omogu\u0107iti bitno pove\u0107anje mobilnosti i uklju\u010denosti studenata te pridonijeti stvaranju oglednog modela uklju\u010dive edukacije usmjerene na rje\u0161avanje problema postindustrijskih gradova i sve raznolikijeg europskog dru\u0161tva.<\/p>\n<p>Uz Sveu\u010dili\u0161te u Zagrebu, UNIC savez \u010dine Sveu\u010dili\u0161te Deusto u Bilbaou (\u0160panjolska), Sveu\u010dili\u0161te Ruhr u Bochumu (Njema\u010dka), Ko\u00e7 sveu\u010dili\u0161te u Istanbulu (Turska), Erasmus sveu\u010dili\u0161te u Rotterdamu (Nizozemska), Sveu\u010dili\u0161te u Corku (Irska), Sveu\u010dili\u0161te u Li\u00e8geu (Belgija) i Sveu\u010dili\u0161te u Oulu (Finska).<\/p>\n<p>Savezu osam europskih sveu\u010dili\u0161ta, me\u0111u kojima je i Sveu\u010dili\u0161te u Zagrebu, dodijeljena je inicijalna potpora za razvoj Europskoga sveu\u010dili\u0161ta postindustrijskih gradova \u2013 UNIC, u okviru poziva <em>European Universities<\/em>.<\/p>\n<p>&nbsp;<\/p>\n<p><strong>Web stranice UNIC projekta:<\/strong><\/p>\n<p>&#8211; hrvatski &#8211;\u00a0<a href=\"https:\/\/unic.eu\/hr\/naslovna\" target=\"_blank\" rel=\"noopener\">unic.eu\/hr\/<\/a><\/p>\n<p>&#8211; English\u00a0&#8211;\u00a0<a href=\"https:\/\/unic.eu\/en\/\" target=\"_blank\" rel=\"noopener\">unic.eu\/en\/<\/a><\/p>\n<p>&nbsp;<\/p>\n<h4>Koordinator UNIC saveza je Erasmus sveu\u010dili\u0161te u Rotterdamu. Koordinator projekta na razini Sveu\u010dili\u0161ta u Zagrebu je Pravni fakultet.<\/h4>\n<p>Prva faza projekta trajat \u0107e tri godine, nakon \u010dega se o\u010dekuje njegovo produljenje na tri daljnje godine. O\u010dekuje se da \u0107e se aktivnosti UNIC-a u punom opsegu razviti tijekom \u0161estogodi\u0161njega razdoblja, ali \u0107e Europsko sveu\u010dili\u0161te postindustrijskih gradova ostati trajna institucionalna forma suradnje partnerskih sveu\u010dili\u0161ta koja \u010dine UNIC savez.<\/p>\n<p>Projekt stvaranja UNIC-a ima tri glavne komponente, koje \u0107e se najve\u0107im dijelom ostvariti online, odnosno u digitalnom okru\u017eenju.<\/p>\n<p><strong>Me\u0111usveu\u010dili\u0161ni kampus<\/strong>\u00a0(<a href=\"https:\/\/unic.eu\/inter-university\" target=\"_blank\" rel=\"noopener\">UNIC Campus<\/a>) omogu\u0107it \u0107e studentima, istra\u017eiva\u010dima i sveu\u010dili\u0161nim nastavnicima te drugim zaposlenicima, naro\u010dito onima u studentskim referadama, laboratorijima i knji\u017enicama, nesmetanu mobilnost nu\u017enu za u\u010denje, nastavu, pou\u010davanje, znanstveno istra\u017eivanje, rad, razmjenu i razvoj znanja unutar UNIC-a, bez obzira na njihovo socioekonomsko i kulturno podrijetlo i stanje. Cilj je osigurati punu uklju\u010denost svih kategorija studenata. O\u010dekuje se\u00a0<strong>50 postotna mobilnost studenata te 25 postotna mobilnost nastavnika i nenastavnog osoblja<\/strong>.<\/p>\n<p><strong>Akademija izrazite raznolikosti<\/strong>\u00a0(<a href=\"https:\/\/unic.eu\/superdiversity\" target=\"_blank\" rel=\"noopener\">Superdiversity Academy<\/a>) treba potaknuti sva sveu\u010dili\u0161ta iz UNIC saveza na prihva\u0107anje studenata i zaposlenika svih karakteristika i podrijetla. Cilj je otvoriti i razviti nove oblike suradnje te mobilnost studenata i zaposlenika me\u0111u uklju\u010denim sveu\u010dili\u0161tima.<\/p>\n<p><strong>Gradski laboratoriji<\/strong>\u00a0(<a href=\"https:\/\/unic.eu\/city-labs\" target=\"_blank\" rel=\"noopener\">City Labs<\/a>) oblik su u\u010denja kroz praksu gdje \u0107e npr. u Zagrebu kroz definiranu temu \u201cPomo\u0107 gra\u0111anima nakon potresa\u201d, na fizi\u010dkoj lokaciji izvan fakulteta, biti mogu\u0107e pru\u017eiti pomo\u0107 onima kojima je pomo\u0107 potrebna, s naglaskom na marginalizirane skupine i skupine u odre\u0111enoj vrsti rizika. Cilj je omogu\u0107iti interkulturalno u\u010denje i suradnju.<\/p>\n<p>Upravlja\u010dkim odborom projekta institucionalnog oblikovanja Europskog sveu\u010dili\u0161ta postindustrijskih gradova na razini Sveu\u010dili\u0161ta u Zagrebu predsjeda Rektor, prof. dr. sc. Damir Boras. Voditelj projekta je\u00a0<strong>prof. dr. sc. Ivan Kopri\u0107<\/strong>, a zamjenica voditelja projekta\u00a0<strong>izv. prof. dr. sc. Goranka Lali\u0107 Novak<\/strong>. Radni tim Sveu\u010dili\u0161ta u Zagrebu \u010dini vi\u0161e nastavnika i studenata Pravnog fakulteta, me\u0111u kojima su izv. prof. dr. sc. Goranka Lali\u0107 Novak i prof. Mirela Kre\u0161i\u0107 kao voditeljice komponente Me\u0111usveu\u010dili\u0161nog kampusa, doc dr. sc. Tijana Vukoji\u010di\u0107 Tomi\u0107 i doc. dr. sc. Teo Giljevi\u0107 kao voditelji Akademije izrazite raznolikosti te prof. dr. sc. Nino \u017dganec i doc. dr. sc. Ana Opa\u010di\u0107 koji vode komponentu gradskih laboratorija. Doc. dr. sc. Teo Giljevi\u0107 akademski je koordinator studentskog odbora na razini Sveu\u010dili\u0161ta u Zagrebu, u koji su kao predstavnici Pravnog fakulteta uklju\u010deni studenti Karlo Ko\u017eina i Ivana Josipovi\u0107. \u00a0Za komuniciranje i odnose s javno\u0161\u0107u na projektu zadu\u017eena je dr. sc. Petra \u0110urman, zajedno s Vesnom Kotarski, voditeljicom Ureda za EU projekte Sveu\u010dili\u0161ta u Zagrebu. U radnom timu projekta sudjeluju tako\u0111er doc. dr. sc. Koraljka Modi\u0107 Stanke, izv. prof. dr. sc. Tereza Rogi\u0107 Lugari\u0107 i doc. dr. sc. Marko Juri\u0107 te nastavnici s drugih sastavnica Sveu\u010dili\u0161ta. U pojedine zadatke i aktivnosti na projektu uklju\u010duju se nastavnici i studenti sa svih sastavnica Sveu\u010dili\u0161ta te zaposlenici Rektorata. Skupinu za informacijski sustav vodi prof. dr. sc. Neven Vr\u010dek s Fakulteta organizacije i informatike, a u provedbi aktivnosti vezanih uz stvaranje zajedni\u010dkog informacijskog sustava novog Europskog sveu\u010dili\u0161ta sudjeluje Sveu\u010dili\u0161ni ra\u010dunski centar (Srce). Uz povjerenike za UNIC projekt na svim sastavnicama zagreba\u010dkog sveu\u010dili\u0161ta, va\u017enu ulogu imat \u0107e i studentski predstavnici svih sastavnica okupljeni u studentski odbor. O\u010dekuje se i formiranje odbora dionika projekta u kojem \u0107e biti predstavnici gradske uprave Zagreba, civilnog dru\u0161tva i poslovne zajednice s podru\u010dja Grada i \u0161ire zajednice.<\/p>\n<p>Predstavljanje \u00a0UNIC projekta pogledajte u prilogu Televizije Student u kojem je gostovao prof. dr. sc. Ivan Kopri\u0107 &#8211;\u00a0<a href=\"https:\/\/www.youtube.com\/watch?v=7UlgQzn69As\" target=\"_blank\" rel=\"noopener\">https:\/\/www.youtube.com\/watch?v=7UlgQzn69As<\/a><\/p>\n<p>&nbsp;<\/p>\n<p>&nbsp;<\/p>\n","protected":false},"excerpt":{"rendered":"<p>&nbsp; Tijek i rezultati projekta institucionalnog oblikovanja Europskog sveu\u010dili\u0161ta postindustrijskih&#8230;<\/p>\n","protected":false},"author":511,"featured_media":0,"parent":87,"menu_order":0,"comment_status":"closed","ping_status":"closed","template":"","meta":{"footnotes":""},"class_list":["post-2630","page","type-page","status-publish","hentry"],"pp_force_visibility":null,"pp_subpost_visibility":null,"pp_inherited_force_visibility":null,"pp_inherited_subpost_visibility":null,"acf":[],"yoast_head":"<!-- This site is optimized with the Yoast SEO plugin v20.1 - https:\/\/yoast.com\/wordpress\/plugins\/seo\/ -->\n<title>Europsko sveu\u010dili\u0161te postindustrijskih gradova (UNIC) - Faculty of law<\/title>\n<meta name=\"robots\" content=\"index, follow, max-snippet:-1, max-image-preview:large, max-video-preview:-1\" \/>\n<link rel=\"canonical\" href=\"https:\/\/www.pravo.unizg.hr\/projekti\/arhiva\/unic\/\" \/>\n<meta property=\"og:locale\" content=\"en_US\" \/>\n<meta property=\"og:type\" content=\"article\" \/>\n<meta property=\"og:title\" content=\"Europsko sveu\u010dili\u0161te postindustrijskih gradova (UNIC) - Faculty of law\" \/>\n<meta property=\"og:description\" content=\"&nbsp; Tijek i rezultati projekta institucionalnog oblikovanja Europskog sveu\u010dili\u0161ta postindustrijskih...\" \/>\n<meta property=\"og:url\" content=\"https:\/\/www.pravo.unizg.hr\/projekti\/arhiva\/unic\/\" \/>\n<meta property=\"og:site_name\" content=\"Faculty of law\" \/>\n<meta property=\"article:modified_time\" content=\"2025-10-21T18:57:07+00:00\" \/>\n<meta name=\"twitter:card\" content=\"summary_large_image\" \/>\n<meta name=\"twitter:label1\" content=\"Est. reading time\" \/>\n\t<meta name=\"twitter:data1\" content=\"4 minutes\" \/>\n<script type=\"application\/ld+json\" class=\"yoast-schema-graph\">{\"@context\":\"https:\/\/schema.org\",\"@graph\":[{\"@type\":\"WebPage\",\"@id\":\"https:\/\/www.pravo.unizg.hr\/projekti\/arhiva\/unic\/\",\"url\":\"https:\/\/www.pravo.unizg.hr\/projekti\/arhiva\/unic\/\",\"name\":\"Europsko sveu\u010dili\u0161te postindustrijskih gradova (UNIC) - Faculty of law\",\"isPartOf\":{\"@id\":\"https:\/\/www.pravo.unizg.hr\/#website\"},\"datePublished\":\"2023-02-22T07:57:08+00:00\",\"dateModified\":\"2025-10-21T18:57:07+00:00\",\"breadcrumb\":{\"@id\":\"https:\/\/www.pravo.unizg.hr\/projekti\/arhiva\/unic\/#breadcrumb\"},\"inLanguage\":\"en-US\",\"potentialAction\":[{\"@type\":\"ReadAction\",\"target\":[\"https:\/\/www.pravo.unizg.hr\/projekti\/arhiva\/unic\/\"]}]},{\"@type\":\"BreadcrumbList\",\"@id\":\"https:\/\/www.pravo.unizg.hr\/projekti\/arhiva\/unic\/#breadcrumb\",\"itemListElement\":[{\"@type\":\"ListItem\",\"position\":1,\"name\":\"Homepage\",\"item\":\"https:\/\/www.pravo.unizg.hr\/en\/\"},{\"@type\":\"ListItem\",\"position\":2,\"name\":\"Projekti\",\"item\":\"https:\/\/www.pravo.unizg.hr\/projekti\/\"},{\"@type\":\"ListItem\",\"position\":3,\"name\":\"Arhiva projekata\",\"item\":\"https:\/\/www.pravo.unizg.hr\/projekti\/arhiva\/\"},{\"@type\":\"ListItem\",\"position\":4,\"name\":\"Europsko sveu\u010dili\u0161te postindustrijskih gradova (UNIC)\"}]},{\"@type\":\"WebSite\",\"@id\":\"https:\/\/www.pravo.unizg.hr\/#website\",\"url\":\"https:\/\/www.pravo.unizg.hr\/\",\"name\":\"Faculty of law\",\"description\":\"\",\"potentialAction\":[{\"@type\":\"SearchAction\",\"target\":{\"@type\":\"EntryPoint\",\"urlTemplate\":\"https:\/\/www.pravo.unizg.hr\/?s={search_term_string}\"},\"query-input\":\"required name=search_term_string\"}],\"inLanguage\":\"en-US\"}]}<\/script>\n<!-- \/ Yoast SEO plugin. -->","yoast_head_json":{"title":"Europsko sveu\u010dili\u0161te postindustrijskih gradova (UNIC) - Faculty of law","robots":{"index":"index","follow":"follow","max-snippet":"max-snippet:-1","max-image-preview":"max-image-preview:large","max-video-preview":"max-video-preview:-1"},"canonical":"https:\/\/www.pravo.unizg.hr\/projekti\/arhiva\/unic\/","og_locale":"en_US","og_type":"article","og_title":"Europsko sveu\u010dili\u0161te postindustrijskih gradova (UNIC) - Faculty of law","og_description":"&nbsp; Tijek i rezultati projekta institucionalnog oblikovanja Europskog sveu\u010dili\u0161ta postindustrijskih...","og_url":"https:\/\/www.pravo.unizg.hr\/projekti\/arhiva\/unic\/","og_site_name":"Faculty of law","article_modified_time":"2025-10-21T18:57:07+00:00","twitter_card":"summary_large_image","twitter_misc":{"Est. reading time":"4 minutes"},"schema":{"@context":"https:\/\/schema.org","@graph":[{"@type":"WebPage","@id":"https:\/\/www.pravo.unizg.hr\/projekti\/arhiva\/unic\/","url":"https:\/\/www.pravo.unizg.hr\/projekti\/arhiva\/unic\/","name":"Europsko sveu\u010dili\u0161te postindustrijskih gradova (UNIC) - Faculty of law","isPartOf":{"@id":"https:\/\/www.pravo.unizg.hr\/#website"},"datePublished":"2023-02-22T07:57:08+00:00","dateModified":"2025-10-21T18:57:07+00:00","breadcrumb":{"@id":"https:\/\/www.pravo.unizg.hr\/projekti\/arhiva\/unic\/#breadcrumb"},"inLanguage":"en-US","potentialAction":[{"@type":"ReadAction","target":["https:\/\/www.pravo.unizg.hr\/projekti\/arhiva\/unic\/"]}]},{"@type":"BreadcrumbList","@id":"https:\/\/www.pravo.unizg.hr\/projekti\/arhiva\/unic\/#breadcrumb","itemListElement":[{"@type":"ListItem","position":1,"name":"Homepage","item":"https:\/\/www.pravo.unizg.hr\/en\/"},{"@type":"ListItem","position":2,"name":"Projekti","item":"https:\/\/www.pravo.unizg.hr\/projekti\/"},{"@type":"ListItem","position":3,"name":"Arhiva projekata","item":"https:\/\/www.pravo.unizg.hr\/projekti\/arhiva\/"},{"@type":"ListItem","position":4,"name":"Europsko sveu\u010dili\u0161te postindustrijskih gradova (UNIC)"}]},{"@type":"WebSite","@id":"https:\/\/www.pravo.unizg.hr\/#website","url":"https:\/\/www.pravo.unizg.hr\/","name":"Faculty of law","description":"","potentialAction":[{"@type":"SearchAction","target":{"@type":"EntryPoint","urlTemplate":"https:\/\/www.pravo.unizg.hr\/?s={search_term_string}"},"query-input":"required name=search_term_string"}],"inLanguage":"en-US"}]}},"_links":{"self":[{"href":"https:\/\/www.pravo.unizg.hr\/en\/wp-json\/wp\/v2\/pages\/2630","targetHints":{"allow":["GET"]}}],"collection":[{"href":"https:\/\/www.pravo.unizg.hr\/en\/wp-json\/wp\/v2\/pages"}],"about":[{"href":"https:\/\/www.pravo.unizg.hr\/en\/wp-json\/wp\/v2\/types\/page"}],"author":[{"embeddable":true,"href":"https:\/\/www.pravo.unizg.hr\/en\/wp-json\/wp\/v2\/users\/511"}],"replies":[{"embeddable":true,"href":"https:\/\/www.pravo.unizg.hr\/en\/wp-json\/wp\/v2\/comments?post=2630"}],"version-history":[{"count":40,"href":"https:\/\/www.pravo.unizg.hr\/en\/wp-json\/wp\/v2\/pages\/2630\/revisions"}],"predecessor-version":[{"id":29166,"href":"https:\/\/www.pravo.unizg.hr\/en\/wp-json\/wp\/v2\/pages\/2630\/revisions\/29166"}],"up":[{"embeddable":true,"href":"https:\/\/www.pravo.unizg.hr\/en\/wp-json\/wp\/v2\/pages\/87"}],"wp:attachment":[{"href":"https:\/\/www.pravo.unizg.hr\/en\/wp-json\/wp\/v2\/media?parent=2630"}],"curies":[{"name":"wp","href":"https:\/\/api.w.org\/{rel}","templated":true}]}}