{"id":25756,"date":"2024-01-24T10:07:23","date_gmt":"2024-01-24T09:07:23","guid":{"rendered":"https:\/\/www.pravo.unizg.hr\/istrazivacka-skupina\/"},"modified":"2025-03-26T09:30:44","modified_gmt":"2025-03-26T08:30:44","slug":"istrazivacka-skupina","status":"publish","type":"page","link":"https:\/\/www.pravo.unizg.hr\/en\/projects\/active-projects\/preprahr\/istrazivacka-skupina\/","title":{"rendered":"Research Group"},"content":{"rendered":"<p><strong>Members:<\/strong><\/p>\n<p>Assoc. Prof. Zoran Buri\u0107, University of Zagreb, Faculty of Law<\/p>\n<p>Assoc. Prof. Ana \u0110ani\u0107 \u010ceko, Faculty of Law, Josip Juraj Strossmayer University of Osijek<\/p>\n<p>Assoc. Prof. Marta Dragi\u010devi\u0107 Prtenja\u010da, University of Zagreb, Faculty of Law<\/p>\n<p>Assoc. Prof. Marija \u0110uzel, Faculty of Law, University of Split<\/p>\n<p>Hrvoje Filipovi\u0107, PhD, Police Academy of the Ministry of the Interior \u2013 Polytechnic of Criminology and Public Security<\/p>\n<p>Assoc. Prof. Barbara Herceg Pak\u0161i\u0107, Faculty of Law, Josip Juraj Strossmayer University of Osijek<\/p>\n<p>Assoc. Prof. Ivana Kanceljak, University of Zagreb, Faculty of Law<\/p>\n<p>Assoc. Prof. Igor Martinovi\u0107, Faculty of Law, University of Rijeka<\/p>\n<p>Assoc. Prof. Dunja Miloti\u0107, University of Zagreb, Faculty of Law<\/p>\n<p>Assoc. Prof. Ante Novokmet, Faculty of Law, Josip Juraj Strossmayer University of Osijek<\/p>\n<p>Assoc. Prof. Ivana Radi\u0107, Faculty of Law, University of Split<\/p>\n<p>Assoc. Prof. Sun\u010dana Roksandi\u0107, University of Zagreb Faculty of Law<\/p>\n<p>Assoc. Prof. Ivan Vuku\u0161i\u0107, Faculty of Law, University of Split<\/p>\n<p>Nik\u0161a Vojvoda, University of Zagreb Faculty of Law<\/p>\n<p>&nbsp;<\/p>\n<p><strong>Project leader:<\/strong><\/p>\n<p>Assoc. Prof. Marin Bona\u010di\u0107, University of Zagreb Faculty of Law<\/p>\n","protected":false},"excerpt":{"rendered":"<p>Members: Assoc. Prof. Zoran Buri\u0107, University of Zagreb, Faculty of&#8230;<\/p>\n","protected":false},"author":511,"featured_media":0,"parent":25758,"menu_order":2,"comment_status":"closed","ping_status":"closed","template":"","meta":{"footnotes":""},"class_list":["post-25756","page","type-page","status-publish","hentry"],"pp_force_visibility":null,"pp_subpost_visibility":null,"pp_inherited_force_visibility":null,"pp_inherited_subpost_visibility":null,"acf":[],"yoast_head":"<!-- This site is optimized with the Yoast SEO plugin v20.1 - https:\/\/yoast.com\/wordpress\/plugins\/seo\/ -->\n<title>Research Group - Faculty of law<\/title>\n<meta name=\"robots\" content=\"index, follow, max-snippet:-1, max-image-preview:large, max-video-preview:-1\" \/>\n<link rel=\"canonical\" href=\"https:\/\/www.pravo.unizg.hr\/en\/istrazivacka-skupina\/\" \/>\n<meta property=\"og:locale\" content=\"en_US\" \/>\n<meta property=\"og:type\" content=\"article\" \/>\n<meta property=\"og:title\" content=\"Research Group - Faculty of law\" \/>\n<meta property=\"og:description\" content=\"Members: Assoc. Prof. Zoran Buri\u0107, University of Zagreb, Faculty of...\" \/>\n<meta property=\"og:url\" content=\"https:\/\/www.pravo.unizg.hr\/en\/istrazivacka-skupina\/\" \/>\n<meta property=\"og:site_name\" content=\"Faculty of law\" \/>\n<meta property=\"article:modified_time\" content=\"2025-03-26T08:30:44+00:00\" \/>\n<meta name=\"twitter:card\" content=\"summary_large_image\" \/>\n<meta name=\"twitter:label1\" content=\"Est. reading time\" \/>\n\t<meta name=\"twitter:data1\" content=\"1 minute\" \/>\n<script type=\"application\/ld+json\" class=\"yoast-schema-graph\">{\"@context\":\"https:\/\/schema.org\",\"@graph\":[{\"@type\":\"WebPage\",\"@id\":\"https:\/\/www.pravo.unizg.hr\/en\/istrazivacka-skupina\/\",\"url\":\"https:\/\/www.pravo.unizg.hr\/en\/istrazivacka-skupina\/\",\"name\":\"Research Group - Faculty of law\",\"isPartOf\":{\"@id\":\"https:\/\/www.pravo.unizg.hr\/#website\"},\"datePublished\":\"2024-01-24T09:07:23+00:00\",\"dateModified\":\"2025-03-26T08:30:44+00:00\",\"breadcrumb\":{\"@id\":\"https:\/\/www.pravo.unizg.hr\/en\/istrazivacka-skupina\/#breadcrumb\"},\"inLanguage\":\"en-US\",\"potentialAction\":[{\"@type\":\"ReadAction\",\"target\":[\"https:\/\/www.pravo.unizg.hr\/en\/istrazivacka-skupina\/\"]}]},{\"@type\":\"BreadcrumbList\",\"@id\":\"https:\/\/www.pravo.unizg.hr\/en\/istrazivacka-skupina\/#breadcrumb\",\"itemListElement\":[{\"@type\":\"ListItem\",\"position\":1,\"name\":\"Homepage\",\"item\":\"https:\/\/www.pravo.unizg.hr\/en\/\"},{\"@type\":\"ListItem\",\"position\":2,\"name\":\"Research Group\"}]},{\"@type\":\"WebSite\",\"@id\":\"https:\/\/www.pravo.unizg.hr\/#website\",\"url\":\"https:\/\/www.pravo.unizg.hr\/\",\"name\":\"Faculty of law\",\"description\":\"\",\"potentialAction\":[{\"@type\":\"SearchAction\",\"target\":{\"@type\":\"EntryPoint\",\"urlTemplate\":\"https:\/\/www.pravo.unizg.hr\/?s={search_term_string}\"},\"query-input\":\"required name=search_term_string\"}],\"inLanguage\":\"en-US\"}]}<\/script>\n<!-- \/ Yoast SEO plugin. -->","yoast_head_json":{"title":"Research Group - Faculty of law","robots":{"index":"index","follow":"follow","max-snippet":"max-snippet:-1","max-image-preview":"max-image-preview:large","max-video-preview":"max-video-preview:-1"},"canonical":"https:\/\/www.pravo.unizg.hr\/en\/istrazivacka-skupina\/","og_locale":"en_US","og_type":"article","og_title":"Research Group - Faculty of law","og_description":"Members: Assoc. Prof. Zoran Buri\u0107, University of Zagreb, Faculty of...","og_url":"https:\/\/www.pravo.unizg.hr\/en\/istrazivacka-skupina\/","og_site_name":"Faculty of law","article_modified_time":"2025-03-26T08:30:44+00:00","twitter_card":"summary_large_image","twitter_misc":{"Est. reading time":"1 minute"},"schema":{"@context":"https:\/\/schema.org","@graph":[{"@type":"WebPage","@id":"https:\/\/www.pravo.unizg.hr\/en\/istrazivacka-skupina\/","url":"https:\/\/www.pravo.unizg.hr\/en\/istrazivacka-skupina\/","name":"Research Group - Faculty of law","isPartOf":{"@id":"https:\/\/www.pravo.unizg.hr\/#website"},"datePublished":"2024-01-24T09:07:23+00:00","dateModified":"2025-03-26T08:30:44+00:00","breadcrumb":{"@id":"https:\/\/www.pravo.unizg.hr\/en\/istrazivacka-skupina\/#breadcrumb"},"inLanguage":"en-US","potentialAction":[{"@type":"ReadAction","target":["https:\/\/www.pravo.unizg.hr\/en\/istrazivacka-skupina\/"]}]},{"@type":"BreadcrumbList","@id":"https:\/\/www.pravo.unizg.hr\/en\/istrazivacka-skupina\/#breadcrumb","itemListElement":[{"@type":"ListItem","position":1,"name":"Homepage","item":"https:\/\/www.pravo.unizg.hr\/en\/"},{"@type":"ListItem","position":2,"name":"Research Group"}]},{"@type":"WebSite","@id":"https:\/\/www.pravo.unizg.hr\/#website","url":"https:\/\/www.pravo.unizg.hr\/","name":"Faculty of law","description":"","potentialAction":[{"@type":"SearchAction","target":{"@type":"EntryPoint","urlTemplate":"https:\/\/www.pravo.unizg.hr\/?s={search_term_string}"},"query-input":"required name=search_term_string"}],"inLanguage":"en-US"}]}},"_links":{"self":[{"href":"https:\/\/www.pravo.unizg.hr\/en\/wp-json\/wp\/v2\/pages\/25756","targetHints":{"allow":["GET"]}}],"collection":[{"href":"https:\/\/www.pravo.unizg.hr\/en\/wp-json\/wp\/v2\/pages"}],"about":[{"href":"https:\/\/www.pravo.unizg.hr\/en\/wp-json\/wp\/v2\/types\/page"}],"author":[{"embeddable":true,"href":"https:\/\/www.pravo.unizg.hr\/en\/wp-json\/wp\/v2\/users\/511"}],"replies":[{"embeddable":true,"href":"https:\/\/www.pravo.unizg.hr\/en\/wp-json\/wp\/v2\/comments?post=25756"}],"version-history":[{"count":1,"href":"https:\/\/www.pravo.unizg.hr\/en\/wp-json\/wp\/v2\/pages\/25756\/revisions"}],"predecessor-version":[{"id":25757,"href":"https:\/\/www.pravo.unizg.hr\/en\/wp-json\/wp\/v2\/pages\/25756\/revisions\/25757"}],"up":[{"embeddable":true,"href":"https:\/\/www.pravo.unizg.hr\/en\/wp-json\/wp\/v2\/pages\/25758"}],"wp:attachment":[{"href":"https:\/\/www.pravo.unizg.hr\/en\/wp-json\/wp\/v2\/media?parent=25756"}],"curies":[{"name":"wp","href":"https:\/\/api.w.org\/{rel}","templated":true}]}}