{"id":25748,"date":"2024-03-05T07:44:24","date_gmt":"2024-03-05T06:44:24","guid":{"rendered":"https:\/\/www.pravo.unizg.hr\/projects\/active-projects\/gemini\/"},"modified":"2025-03-26T09:27:43","modified_gmt":"2025-03-26T08:27:43","slug":"gemini","status":"publish","type":"page","link":"https:\/\/www.pravo.unizg.hr\/en\/gemini","title":{"rendered":"Gender Dimension of Croatian Minority Policy &#8211; GEMINI"},"content":{"rendered":"<p><strong>Project Summary:<\/strong><\/p>\n<p>Among members of national minorities in many societies, including Croatia, the group of women and girls is in the most disadvantaged position in terms of access to opportunities, resources and positions of power, as intertwined patterns of inequality based on gender and ethnicity increase the risk of their social exclusion, discrimination and marginalization. The aim of the international joint Croatian-Austrian scientific research project \u201cGender Dimension of the Croatian Minority Policy\u201d (GEMINI), which is being implemented from 1 January 2024 to 31 December 2025 at the Faculty of Law of the University of Zagreb and the Center for Southeast European Studies of the University of Graz, is to analyze the gender dimension of Croatian minority policy. The project will therefore investigate the representation of women from national minority communities in Croatia in decision-making and action for social change, both at the national level, at the level of local and regional self-government units, and within their minority communities. The project will also explore the perception of the realization of the rights of women from minority communities, such as the right to reproductive health, the right to access education, the right to work and freedom of work, and protect women from all forms of violence. The project will also address the problem of the lack of scientific and professional papers in the Croatian language that deal with the gender dimension in the area of \u200b\u200brealizing the rights of members of national minorities, stimulate a discussion among implementers of minority policy on intersectionality in the area of \u200b\u200bprotecting the rights of members of minorities, and contribute to the exchange of knowledge between scientists from different disciplines from partner institutions. The implementation of this project is in line with the goals of the Gender Equality Plan of the Faculty of Law, University of Zagreb for the period from 2022 to 2026. The Plan advocates for raising the level of knowledge and awareness of gender equality, multiple discrimination and violence against women by increasing research and teaching activities on the topic of gender equality.<\/p>\n<p>&nbsp;<\/p>\n<p><strong>Researchers on the project from the Croatian side:<\/strong><\/p>\n<p>Assoc. Prof.<strong> Antonija Petri\u010du\u0161i\u0107<\/strong>, Project Manager from the Croatian side, Faculty of Law, University of Zagreb<\/p>\n<p>Prof. <strong>Maja Munivrana<\/strong>, Faculty of Law, University of Zagreb<\/p>\n<p>Assoc. Prof. <strong>Ana Horvat Vukovi\u0107<\/strong>, Faculty of Law, University of Zagreb<\/p>\n<p>Assoc. Prof. <strong>Ivana Rada\u010di\u0107<\/strong>, Institute of Social Sciences Ivo Pilar<\/p>\n<p>Dr. <strong>Emina Bu\u017einki\u0107<\/strong>, postdoctoral fellow on the HRZZ project &#8220;ENDURE: Inequalities, Community Resilience and New Governance Modalities in a Post-Pandemic World&#8221; at the Institute for Development and International Relations<\/p>\n<p><strong>Marija Anti\u0107<\/strong>, PhD student in Sociology at the Faculty of Humanities and Social Sciences, University of Zagreb and PhD student on the HRZZ project &#8220;Regulation of Prostitution in Croatia&#8221; at the Ivo Pilar Institute of Social Sciences<\/p>\n<p><strong>Nina \u010colovi\u0107<\/strong>, PhD student in Linguistics at the Faculty of Humanities and Social Sciences, University of Zagreb<\/p>\n<p><strong>Barbara Ma\u0161i\u0107<\/strong>, PhD student in Political Science at the Faculty of Political Science, University of Zagreb<\/p>\n<p><strong>Darija \u017deljko<\/strong>, PhD student in Law, PhD student on the HRZZ &#8220;Career Development Project for Young Researchers &#8211; Training of New PhDs&#8221; at the Faculty of Law, University of Zagreb<\/p>\n<p><strong>Andreja File\u0161-Ru\u017ei\u0107<\/strong>, MA, PhD student in Legal Sciences at the Faculty of Law, University of Zagreb<\/p>\n<p><strong>Tea Rito\u0161a<\/strong>, Assistant Professor at the Department of Theory and Methods of Social Work at the Social Work Study Centre, Faculty of Law, University of Zagreb<\/p>\n<p><strong>Valentina Kozjak<\/strong>, Assistant Professor at the Department of Theory and Methods of Social Work and PhD student in Social Work at the Faculty of Law, University of Zagreb<\/p>\n<p>&nbsp;<\/p>\n<p><strong>Researchers on the project from the Austrian side:<\/strong><\/p>\n<p>Ass.-Prof. Mag. Dr. iur. <strong>Emma Lantschner<\/strong>, Project Leader from the Austrian side, Associate Professor, Centre for Southeast European Studies, University of Graz<\/p>\n<p>Ao. Univ.-Prof. Mag. Dr. <strong>Roberta Maierhofer<\/strong>, MA, Professor of American Studies at the University of Graz<\/p>\n<p>Dr. theol. <strong>Valeryia Saulevich<\/strong>, Postdoctoral Research Assistant at the Centre for Southeast European Studies, University of Graz<\/p>\n<p><strong>Nicole Haring<\/strong>, Postdoctoral Researcher at the Centre for Inter-American Studies, University of Graz<\/p>\n<p><strong>Sophia Sch\u00f6nthaler<\/strong>, PhD Student at the University of Graz<\/p>\n<p><strong>Ivana Spirovska<\/strong>, PhD Student at the University of Graz<\/p>\n<p>&nbsp;<\/p>\n<p><img loading=\"lazy\" decoding=\"async\" class=\"wp-image-17413 size-medium alignleft\" src=\"https:\/\/www.pravo.unizg.hr\/wp-content\/uploads\/2024\/03\/gemini-212x300.jpg\" alt=\"\" width=\"212\" height=\"300\" srcset=\"https:\/\/www.pravo.unizg.hr\/wp-content\/uploads\/2024\/03\/gemini-212x300.jpg 212w, https:\/\/www.pravo.unizg.hr\/wp-content\/uploads\/2024\/03\/gemini-724x1024.jpg 724w, https:\/\/www.pravo.unizg.hr\/wp-content\/uploads\/2024\/03\/gemini-768x1086.jpg 768w, https:\/\/www.pravo.unizg.hr\/wp-content\/uploads\/2024\/03\/gemini-1086x1536.jpg 1086w, https:\/\/www.pravo.unizg.hr\/wp-content\/uploads\/2024\/03\/gemini-1448x2048.jpg 1448w, https:\/\/www.pravo.unizg.hr\/wp-content\/uploads\/2024\/03\/gemini-scaled.jpg 1810w\" sizes=\"auto, (max-width: 212px) 100vw, 212px\" \/><\/p>\n","protected":false},"excerpt":{"rendered":"<p>Project Summary: Among members of national minorities in many societies,&#8230;<\/p>\n","protected":false},"author":511,"featured_media":0,"parent":14863,"menu_order":0,"comment_status":"closed","ping_status":"closed","template":"","meta":{"footnotes":""},"class_list":["post-25748","page","type-page","status-publish","hentry"],"pp_force_visibility":null,"pp_subpost_visibility":null,"pp_inherited_force_visibility":null,"pp_inherited_subpost_visibility":null,"acf":[],"yoast_head":"<!-- This site is optimized with the Yoast SEO plugin v20.1 - https:\/\/yoast.com\/wordpress\/plugins\/seo\/ -->\n<title>Gender Dimension of Croatian Minority Policy - GEMINI - Faculty of law<\/title>\n<meta name=\"robots\" content=\"index, follow, max-snippet:-1, max-image-preview:large, max-video-preview:-1\" \/>\n<link rel=\"canonical\" href=\"https:\/\/www.pravo.unizg.hr\/en\/gemini\/\" \/>\n<meta property=\"og:locale\" content=\"en_US\" \/>\n<meta property=\"og:type\" content=\"article\" \/>\n<meta property=\"og:title\" content=\"Gender Dimension of Croatian Minority Policy - GEMINI - Faculty of law\" \/>\n<meta property=\"og:description\" content=\"Project Summary: Among members of national minorities in many societies,...\" \/>\n<meta property=\"og:url\" content=\"https:\/\/www.pravo.unizg.hr\/en\/gemini\/\" \/>\n<meta property=\"og:site_name\" content=\"Faculty of law\" \/>\n<meta property=\"article:modified_time\" content=\"2025-03-26T08:27:43+00:00\" \/>\n<meta property=\"og:image\" content=\"https:\/\/www.pravo.unizg.hr\/wp-content\/uploads\/2024\/03\/gemini-212x300.jpg\" \/>\n<meta name=\"twitter:card\" content=\"summary_large_image\" \/>\n<meta name=\"twitter:label1\" content=\"Est. reading time\" \/>\n\t<meta name=\"twitter:data1\" content=\"3 minutes\" \/>\n<script type=\"application\/ld+json\" class=\"yoast-schema-graph\">{\"@context\":\"https:\/\/schema.org\",\"@graph\":[{\"@type\":\"WebPage\",\"@id\":\"https:\/\/www.pravo.unizg.hr\/en\/gemini\/\",\"url\":\"https:\/\/www.pravo.unizg.hr\/en\/gemini\/\",\"name\":\"Gender Dimension of Croatian Minority Policy - GEMINI - Faculty of law\",\"isPartOf\":{\"@id\":\"https:\/\/www.pravo.unizg.hr\/#website\"},\"datePublished\":\"2024-03-05T06:44:24+00:00\",\"dateModified\":\"2025-03-26T08:27:43+00:00\",\"breadcrumb\":{\"@id\":\"https:\/\/www.pravo.unizg.hr\/en\/gemini\/#breadcrumb\"},\"inLanguage\":\"en-US\",\"potentialAction\":[{\"@type\":\"ReadAction\",\"target\":[\"https:\/\/www.pravo.unizg.hr\/en\/gemini\/\"]}]},{\"@type\":\"BreadcrumbList\",\"@id\":\"https:\/\/www.pravo.unizg.hr\/en\/gemini\/#breadcrumb\",\"itemListElement\":[{\"@type\":\"ListItem\",\"position\":1,\"name\":\"Homepage\",\"item\":\"https:\/\/www.pravo.unizg.hr\/en\/\"},{\"@type\":\"ListItem\",\"position\":2,\"name\":\"Projects\",\"item\":\"https:\/\/www.pravo.unizg.hr\/en\/projects\/\"},{\"@type\":\"ListItem\",\"position\":3,\"name\":\"Active projects\",\"item\":\"https:\/\/www.pravo.unizg.hr\/en\/projects\/active-projects\/\"},{\"@type\":\"ListItem\",\"position\":4,\"name\":\"Gender Dimension of Croatian Minority Policy &#8211; GEMINI\"}]},{\"@type\":\"WebSite\",\"@id\":\"https:\/\/www.pravo.unizg.hr\/#website\",\"url\":\"https:\/\/www.pravo.unizg.hr\/\",\"name\":\"Faculty of law\",\"description\":\"\",\"potentialAction\":[{\"@type\":\"SearchAction\",\"target\":{\"@type\":\"EntryPoint\",\"urlTemplate\":\"https:\/\/www.pravo.unizg.hr\/?s={search_term_string}\"},\"query-input\":\"required name=search_term_string\"}],\"inLanguage\":\"en-US\"}]}<\/script>\n<!-- \/ Yoast SEO plugin. -->","yoast_head_json":{"title":"Gender Dimension of Croatian Minority Policy - GEMINI - Faculty of law","robots":{"index":"index","follow":"follow","max-snippet":"max-snippet:-1","max-image-preview":"max-image-preview:large","max-video-preview":"max-video-preview:-1"},"canonical":"https:\/\/www.pravo.unizg.hr\/en\/gemini\/","og_locale":"en_US","og_type":"article","og_title":"Gender Dimension of Croatian Minority Policy - GEMINI - Faculty of law","og_description":"Project Summary: Among members of national minorities in many societies,...","og_url":"https:\/\/www.pravo.unizg.hr\/en\/gemini\/","og_site_name":"Faculty of law","article_modified_time":"2025-03-26T08:27:43+00:00","og_image":[{"url":"https:\/\/www.pravo.unizg.hr\/wp-content\/uploads\/2024\/03\/gemini-212x300.jpg"}],"twitter_card":"summary_large_image","twitter_misc":{"Est. reading time":"3 minutes"},"schema":{"@context":"https:\/\/schema.org","@graph":[{"@type":"WebPage","@id":"https:\/\/www.pravo.unizg.hr\/en\/gemini\/","url":"https:\/\/www.pravo.unizg.hr\/en\/gemini\/","name":"Gender Dimension of Croatian Minority Policy - GEMINI - Faculty of law","isPartOf":{"@id":"https:\/\/www.pravo.unizg.hr\/#website"},"datePublished":"2024-03-05T06:44:24+00:00","dateModified":"2025-03-26T08:27:43+00:00","breadcrumb":{"@id":"https:\/\/www.pravo.unizg.hr\/en\/gemini\/#breadcrumb"},"inLanguage":"en-US","potentialAction":[{"@type":"ReadAction","target":["https:\/\/www.pravo.unizg.hr\/en\/gemini\/"]}]},{"@type":"BreadcrumbList","@id":"https:\/\/www.pravo.unizg.hr\/en\/gemini\/#breadcrumb","itemListElement":[{"@type":"ListItem","position":1,"name":"Homepage","item":"https:\/\/www.pravo.unizg.hr\/en\/"},{"@type":"ListItem","position":2,"name":"Projects","item":"https:\/\/www.pravo.unizg.hr\/en\/projects\/"},{"@type":"ListItem","position":3,"name":"Active projects","item":"https:\/\/www.pravo.unizg.hr\/en\/projects\/active-projects\/"},{"@type":"ListItem","position":4,"name":"Gender Dimension of Croatian Minority Policy &#8211; GEMINI"}]},{"@type":"WebSite","@id":"https:\/\/www.pravo.unizg.hr\/#website","url":"https:\/\/www.pravo.unizg.hr\/","name":"Faculty of law","description":"","potentialAction":[{"@type":"SearchAction","target":{"@type":"EntryPoint","urlTemplate":"https:\/\/www.pravo.unizg.hr\/?s={search_term_string}"},"query-input":"required name=search_term_string"}],"inLanguage":"en-US"}]}},"_links":{"self":[{"href":"https:\/\/www.pravo.unizg.hr\/en\/wp-json\/wp\/v2\/pages\/25748","targetHints":{"allow":["GET"]}}],"collection":[{"href":"https:\/\/www.pravo.unizg.hr\/en\/wp-json\/wp\/v2\/pages"}],"about":[{"href":"https:\/\/www.pravo.unizg.hr\/en\/wp-json\/wp\/v2\/types\/page"}],"author":[{"embeddable":true,"href":"https:\/\/www.pravo.unizg.hr\/en\/wp-json\/wp\/v2\/users\/511"}],"replies":[{"embeddable":true,"href":"https:\/\/www.pravo.unizg.hr\/en\/wp-json\/wp\/v2\/comments?post=25748"}],"version-history":[{"count":2,"href":"https:\/\/www.pravo.unizg.hr\/en\/wp-json\/wp\/v2\/pages\/25748\/revisions"}],"predecessor-version":[{"id":25750,"href":"https:\/\/www.pravo.unizg.hr\/en\/wp-json\/wp\/v2\/pages\/25748\/revisions\/25750"}],"up":[{"embeddable":true,"href":"https:\/\/www.pravo.unizg.hr\/en\/wp-json\/wp\/v2\/pages\/14863"}],"wp:attachment":[{"href":"https:\/\/www.pravo.unizg.hr\/en\/wp-json\/wp\/v2\/media?parent=25748"}],"curies":[{"name":"wp","href":"https:\/\/api.w.org\/{rel}","templated":true}]}}