{"id":25740,"date":"2024-03-12T13:26:10","date_gmt":"2024-03-12T12:26:10","guid":{"rendered":"https:\/\/www.pravo.unizg.hr\/projects\/active-projects\/defidem\/"},"modified":"2025-03-26T09:03:11","modified_gmt":"2025-03-26T08:03:11","slug":"defidem","status":"publish","type":"page","link":"https:\/\/www.pravo.unizg.hr\/en\/defidem","title":{"rendered":"Challenges of strengthening citizen participation in the functioning of institutions: between the development of a participatory culture and the democratization of democracies (DEFIDEM)"},"content":{"rendered":"<p><em><strong>Les d\u00e9fis d\u2019une participation accrue des citoyens au fonctionnement des institutions: entre d\u00e9veloppement d\u2019une culture participative et d\u00e9mocratisation des d\u00e9mocraties<\/strong><\/em><\/p>\n<p>&nbsp;<\/p>\n<p>The project entitled \u201c<em>Les d\u00e9fis d\u2019une participation accrue des citoyens au fonctionnement des institutions: entre d\u00e9veloppement d\u2019une culture participative et d\u00e9mocratisation des d\u00e9mocraties<\/em>\u201d (Challenges of strengthening citizen participation in the functioning of institutions: between the development of a participatory culture and the democratization of democracies \u2013 DEFIDEM) is being implemented as part of the IRN (International Research Network) programme of the CNRS (National Centre for Scientific Research of the French Republic).<\/p>\n<p>This five-year project (1.1.2024.-31.12.2028.) coordinated by Prof. Marthe Fatin-Rouge Stefanini (Aix-Marseille University) deepens the already existing links between partner institutions, established through other previous research projects. The project leader at the University of Zagreb is the Head of the Department of Constitutional Law at the Faculty of Law in Zagreb, Prof. Biljana Kostadinov, who leads the Zagreb research team consisting of Prof. Robert Podolnjak, Prof. \u0110or\u0111e Garda\u0161evi\u0107, Assoc. Prof. Ana Horvat Vukovi\u0107 and two doctoral candidates, Dora Pavkovi\u0107 and Fran Marko Stojkovi\u0107.<\/p>\n<p>The research network consists of a total of ten (10) partner institutions from nine (9) countries (Belgium, France, Croatia, Ireland, Italy, Canada, Hungary, Iceland, Switzerland), bringing together researchers from institutions such as: ILF-GERJC (Aix-Marseille Universit\u00e9), Universit\u00e9 de Lille, University of Szeged, University of Zagreb, Universit\u00e9 Cat. Louvain St. Louis Bruxelles, Universit\u00e9 de Gen\u00e8ve, University of Reykjavik, University of Dublin, Universit\u00e9 Laval, Qu\u00e9bec and University of Bari. The choice of countries was dictated by the desire to include a wide range of democratic experiences \u2013 some of the countries included do not provide for popular initiative or referendum procedures at the national or federal level (Belgium) or other direct mechanisms available to citizens (Iceland), but they are developing means of participatory and\/or deliberative local democracy. In Ireland, citizens\u2019 assemblies are the product of civil society mobilization. Canada raises the question of complementarity\/competition between deliberative processes and referenda. Croatia and Italy have developed practices of popular initiative and referendum at the constitutional (Croatia) and legislative (Italy) levels, with a legal framework that is sometimes considered too strict or excessively dependent on the interpretation of the authorities \u2013 especially the constitutional courts. Switzerland, on the other hand, places few formal or substantive restrictions on the popular initiative process, and raises questions about the way in which digital technologies transform democratic principles. The case of Hungary is interesting for illustrating the need for a clear framework for the use of consultations and referenda by public authorities, especially considering the way in which the purpose of these votes is presented (social networks, posters, etc.).<\/p>\n<p>The goal of the project is to study the modalities of direct participation of citizens in the work of institutions and the political decision-making process, in a way that would promote inclusiveness and the development of a culture of participation. In this way, it responds to the demands for stronger involvement of citizens and explores ways that enable it in the light of experiments that have already been tested and new proposals. Project partner institutions recognize the urgency in responding to these requests, given the crisis of political representation based on traditional methods of electing and appointing citizen representatives and the high rate of voter abstention. They also recognize the possibilities that the development of digital technology offers for the development of a whole series of new modes of participation, which can return citizens to the heart of the decision-making process. Although questions related to the relevance and effects of participatory mechanisms on the system of representation and decision-making processes are traditionally studied as part of political science research, this project considers the legal perspective to be crucial in researching the practical aspects of citizen participation. Along with promoting a more inclusive democracy and developing a culture of participation, one of the goals of the project is to restore citizens&#8217; trust in their institutions and representatives.<\/p>\n<p>The research is based on two transversal topics that focus on these issues: 1) the relevance of increased citizen participation in the functioning of institutions, and 2) the legal framework necessary for the development of methods of citizen participation. These two questions require an analysis of the context, traditions and culture of democratic participation in each of the countries involved. In particular, this comparative legal research considers the idea of \u200b\u200beducation for democracy and participation, which is a recurring theme in debates about the decline of democratic participation. Additionally, specific topics will be addressed, such as the influence of members of the academic community on innovative processes as a manifestation of the desire of the civil sector to be involved, and the relevance of citizen participation in decision-making processes in emergency situations.<\/p>\n","protected":false},"excerpt":{"rendered":"<p>Les d\u00e9fis d\u2019une participation accrue des citoyens au fonctionnement des&#8230;<\/p>\n","protected":false},"author":511,"featured_media":0,"parent":14863,"menu_order":0,"comment_status":"closed","ping_status":"closed","template":"","meta":{"footnotes":""},"class_list":["post-25740","page","type-page","status-publish","hentry"],"pp_force_visibility":null,"pp_subpost_visibility":null,"pp_inherited_force_visibility":null,"pp_inherited_subpost_visibility":null,"acf":[],"yoast_head":"<!-- This site is optimized with the Yoast SEO plugin v20.1 - https:\/\/yoast.com\/wordpress\/plugins\/seo\/ -->\n<title>Challenges of strengthening citizen participation in the functioning of institutions: between the development of a participatory culture and the democratization of democracies (DEFIDEM) - Faculty of law<\/title>\n<meta name=\"robots\" content=\"index, follow, max-snippet:-1, max-image-preview:large, max-video-preview:-1\" \/>\n<link rel=\"canonical\" href=\"https:\/\/www.pravo.unizg.hr\/en\/defidem\/\" \/>\n<meta property=\"og:locale\" content=\"en_US\" \/>\n<meta property=\"og:type\" content=\"article\" \/>\n<meta property=\"og:title\" content=\"Challenges of strengthening citizen participation in the functioning of institutions: between the development of a participatory culture and the democratization of democracies (DEFIDEM) - Faculty of law\" \/>\n<meta property=\"og:description\" content=\"Les d\u00e9fis d\u2019une participation accrue des citoyens au fonctionnement des...\" \/>\n<meta property=\"og:url\" content=\"https:\/\/www.pravo.unizg.hr\/en\/defidem\/\" \/>\n<meta property=\"og:site_name\" content=\"Faculty of law\" \/>\n<meta property=\"article:modified_time\" content=\"2025-03-26T08:03:11+00:00\" \/>\n<meta name=\"twitter:card\" content=\"summary_large_image\" \/>\n<meta name=\"twitter:label1\" content=\"Est. reading time\" \/>\n\t<meta name=\"twitter:data1\" content=\"4 minutes\" \/>\n<script type=\"application\/ld+json\" class=\"yoast-schema-graph\">{\"@context\":\"https:\/\/schema.org\",\"@graph\":[{\"@type\":\"WebPage\",\"@id\":\"https:\/\/www.pravo.unizg.hr\/en\/defidem\/\",\"url\":\"https:\/\/www.pravo.unizg.hr\/en\/defidem\/\",\"name\":\"Challenges of strengthening citizen participation in the functioning of institutions: between the development of a participatory culture and the democratization of democracies (DEFIDEM) - Faculty of law\",\"isPartOf\":{\"@id\":\"https:\/\/www.pravo.unizg.hr\/#website\"},\"datePublished\":\"2024-03-12T12:26:10+00:00\",\"dateModified\":\"2025-03-26T08:03:11+00:00\",\"breadcrumb\":{\"@id\":\"https:\/\/www.pravo.unizg.hr\/en\/defidem\/#breadcrumb\"},\"inLanguage\":\"en-US\",\"potentialAction\":[{\"@type\":\"ReadAction\",\"target\":[\"https:\/\/www.pravo.unizg.hr\/en\/defidem\/\"]}]},{\"@type\":\"BreadcrumbList\",\"@id\":\"https:\/\/www.pravo.unizg.hr\/en\/defidem\/#breadcrumb\",\"itemListElement\":[{\"@type\":\"ListItem\",\"position\":1,\"name\":\"Homepage\",\"item\":\"https:\/\/www.pravo.unizg.hr\/en\/\"},{\"@type\":\"ListItem\",\"position\":2,\"name\":\"Projects\",\"item\":\"https:\/\/www.pravo.unizg.hr\/en\/projects\/\"},{\"@type\":\"ListItem\",\"position\":3,\"name\":\"Active projects\",\"item\":\"https:\/\/www.pravo.unizg.hr\/en\/projects\/active-projects\/\"},{\"@type\":\"ListItem\",\"position\":4,\"name\":\"Challenges of strengthening citizen participation in the functioning of institutions: between the development of a participatory culture and the democratization of democracies (DEFIDEM)\"}]},{\"@type\":\"WebSite\",\"@id\":\"https:\/\/www.pravo.unizg.hr\/#website\",\"url\":\"https:\/\/www.pravo.unizg.hr\/\",\"name\":\"Faculty of law\",\"description\":\"\",\"potentialAction\":[{\"@type\":\"SearchAction\",\"target\":{\"@type\":\"EntryPoint\",\"urlTemplate\":\"https:\/\/www.pravo.unizg.hr\/?s={search_term_string}\"},\"query-input\":\"required name=search_term_string\"}],\"inLanguage\":\"en-US\"}]}<\/script>\n<!-- \/ Yoast SEO plugin. -->","yoast_head_json":{"title":"Challenges of strengthening citizen participation in the functioning of institutions: between the development of a participatory culture and the democratization of democracies (DEFIDEM) - Faculty of law","robots":{"index":"index","follow":"follow","max-snippet":"max-snippet:-1","max-image-preview":"max-image-preview:large","max-video-preview":"max-video-preview:-1"},"canonical":"https:\/\/www.pravo.unizg.hr\/en\/defidem\/","og_locale":"en_US","og_type":"article","og_title":"Challenges of strengthening citizen participation in the functioning of institutions: between the development of a participatory culture and the democratization of democracies (DEFIDEM) - Faculty of law","og_description":"Les d\u00e9fis d\u2019une participation accrue des citoyens au fonctionnement des...","og_url":"https:\/\/www.pravo.unizg.hr\/en\/defidem\/","og_site_name":"Faculty of law","article_modified_time":"2025-03-26T08:03:11+00:00","twitter_card":"summary_large_image","twitter_misc":{"Est. reading time":"4 minutes"},"schema":{"@context":"https:\/\/schema.org","@graph":[{"@type":"WebPage","@id":"https:\/\/www.pravo.unizg.hr\/en\/defidem\/","url":"https:\/\/www.pravo.unizg.hr\/en\/defidem\/","name":"Challenges of strengthening citizen participation in the functioning of institutions: between the development of a participatory culture and the democratization of democracies (DEFIDEM) - Faculty of law","isPartOf":{"@id":"https:\/\/www.pravo.unizg.hr\/#website"},"datePublished":"2024-03-12T12:26:10+00:00","dateModified":"2025-03-26T08:03:11+00:00","breadcrumb":{"@id":"https:\/\/www.pravo.unizg.hr\/en\/defidem\/#breadcrumb"},"inLanguage":"en-US","potentialAction":[{"@type":"ReadAction","target":["https:\/\/www.pravo.unizg.hr\/en\/defidem\/"]}]},{"@type":"BreadcrumbList","@id":"https:\/\/www.pravo.unizg.hr\/en\/defidem\/#breadcrumb","itemListElement":[{"@type":"ListItem","position":1,"name":"Homepage","item":"https:\/\/www.pravo.unizg.hr\/en\/"},{"@type":"ListItem","position":2,"name":"Projects","item":"https:\/\/www.pravo.unizg.hr\/en\/projects\/"},{"@type":"ListItem","position":3,"name":"Active projects","item":"https:\/\/www.pravo.unizg.hr\/en\/projects\/active-projects\/"},{"@type":"ListItem","position":4,"name":"Challenges of strengthening citizen participation in the functioning of institutions: between the development of a participatory culture and the democratization of democracies (DEFIDEM)"}]},{"@type":"WebSite","@id":"https:\/\/www.pravo.unizg.hr\/#website","url":"https:\/\/www.pravo.unizg.hr\/","name":"Faculty of law","description":"","potentialAction":[{"@type":"SearchAction","target":{"@type":"EntryPoint","urlTemplate":"https:\/\/www.pravo.unizg.hr\/?s={search_term_string}"},"query-input":"required name=search_term_string"}],"inLanguage":"en-US"}]}},"_links":{"self":[{"href":"https:\/\/www.pravo.unizg.hr\/en\/wp-json\/wp\/v2\/pages\/25740","targetHints":{"allow":["GET"]}}],"collection":[{"href":"https:\/\/www.pravo.unizg.hr\/en\/wp-json\/wp\/v2\/pages"}],"about":[{"href":"https:\/\/www.pravo.unizg.hr\/en\/wp-json\/wp\/v2\/types\/page"}],"author":[{"embeddable":true,"href":"https:\/\/www.pravo.unizg.hr\/en\/wp-json\/wp\/v2\/users\/511"}],"replies":[{"embeddable":true,"href":"https:\/\/www.pravo.unizg.hr\/en\/wp-json\/wp\/v2\/comments?post=25740"}],"version-history":[{"count":2,"href":"https:\/\/www.pravo.unizg.hr\/en\/wp-json\/wp\/v2\/pages\/25740\/revisions"}],"predecessor-version":[{"id":25742,"href":"https:\/\/www.pravo.unizg.hr\/en\/wp-json\/wp\/v2\/pages\/25740\/revisions\/25742"}],"up":[{"embeddable":true,"href":"https:\/\/www.pravo.unizg.hr\/en\/wp-json\/wp\/v2\/pages\/14863"}],"wp:attachment":[{"href":"https:\/\/www.pravo.unizg.hr\/en\/wp-json\/wp\/v2\/media?parent=25740"}],"curies":[{"name":"wp","href":"https:\/\/api.w.org\/{rel}","templated":true}]}}