{"id":25191,"date":"2025-02-24T10:03:06","date_gmt":"2025-02-24T09:03:06","guid":{"rendered":"https:\/\/www.pravo.unizg.hr\/?page_id=25191"},"modified":"2025-02-24T10:03:06","modified_gmt":"2025-02-24T09:03:06","slug":"antikorupcijske-radionice-program-usavrsavanja-u-podrucju-suzbijanja-korupcije","status":"publish","type":"page","link":"https:\/\/www.pravo.unizg.hr\/en\/studiji\/cjelozivotno-obrazovanje\/antikorupcijske-radionice-program-usavrsavanja-u-podrucju-suzbijanja-korupcije\/","title":{"rendered":"Antikorupcijske radionice: Program usavr\u0161avanja u podru\u010dju suzbijanja korupcije"},"content":{"rendered":"<p style=\"text-align: center;\">Detaljne informacije o programu bit \u0107e dodane naknadno<\/p>\n","protected":false},"excerpt":{"rendered":"<p>Detaljne informacije o programu bit \u0107e dodane naknadno<\/p>\n","protected":false},"author":511,"featured_media":0,"parent":60,"menu_order":0,"comment_status":"closed","ping_status":"closed","template":"","meta":{"footnotes":""},"class_list":["post-25191","page","type-page","status-publish","hentry"],"pp_force_visibility":null,"pp_subpost_visibility":null,"pp_inherited_force_visibility":null,"pp_inherited_subpost_visibility":null,"acf":[],"yoast_head":"<!-- This site is optimized with the Yoast SEO plugin v20.1 - https:\/\/yoast.com\/wordpress\/plugins\/seo\/ -->\n<title>Antikorupcijske radionice: Program usavr\u0161avanja u podru\u010dju suzbijanja korupcije - Faculty of law<\/title>\n<meta name=\"robots\" content=\"index, follow, max-snippet:-1, max-image-preview:large, max-video-preview:-1\" \/>\n<link rel=\"canonical\" href=\"https:\/\/www.pravo.unizg.hr\/studiji\/cjelozivotno-obrazovanje\/antikorupcijske-radionice-program-usavrsavanja-u-podrucju-suzbijanja-korupcije\/\" \/>\n<meta property=\"og:locale\" content=\"en_US\" \/>\n<meta property=\"og:type\" content=\"article\" \/>\n<meta property=\"og:title\" content=\"Antikorupcijske radionice: Program usavr\u0161avanja u podru\u010dju suzbijanja korupcije - Faculty of law\" \/>\n<meta property=\"og:description\" content=\"Detaljne informacije o programu bit \u0107e dodane naknadno\" \/>\n<meta property=\"og:url\" content=\"https:\/\/www.pravo.unizg.hr\/studiji\/cjelozivotno-obrazovanje\/antikorupcijske-radionice-program-usavrsavanja-u-podrucju-suzbijanja-korupcije\/\" \/>\n<meta property=\"og:site_name\" content=\"Faculty of law\" \/>\n<meta name=\"twitter:card\" content=\"summary_large_image\" \/>\n<script type=\"application\/ld+json\" class=\"yoast-schema-graph\">{\"@context\":\"https:\/\/schema.org\",\"@graph\":[{\"@type\":\"WebPage\",\"@id\":\"https:\/\/www.pravo.unizg.hr\/studiji\/cjelozivotno-obrazovanje\/antikorupcijske-radionice-program-usavrsavanja-u-podrucju-suzbijanja-korupcije\/\",\"url\":\"https:\/\/www.pravo.unizg.hr\/studiji\/cjelozivotno-obrazovanje\/antikorupcijske-radionice-program-usavrsavanja-u-podrucju-suzbijanja-korupcije\/\",\"name\":\"Antikorupcijske radionice: Program usavr\u0161avanja u podru\u010dju suzbijanja korupcije - Faculty of law\",\"isPartOf\":{\"@id\":\"https:\/\/www.pravo.unizg.hr\/#website\"},\"datePublished\":\"2025-02-24T09:03:06+00:00\",\"dateModified\":\"2025-02-24T09:03:06+00:00\",\"breadcrumb\":{\"@id\":\"https:\/\/www.pravo.unizg.hr\/studiji\/cjelozivotno-obrazovanje\/antikorupcijske-radionice-program-usavrsavanja-u-podrucju-suzbijanja-korupcije\/#breadcrumb\"},\"inLanguage\":\"en-US\",\"potentialAction\":[{\"@type\":\"ReadAction\",\"target\":[\"https:\/\/www.pravo.unizg.hr\/studiji\/cjelozivotno-obrazovanje\/antikorupcijske-radionice-program-usavrsavanja-u-podrucju-suzbijanja-korupcije\/\"]}]},{\"@type\":\"BreadcrumbList\",\"@id\":\"https:\/\/www.pravo.unizg.hr\/studiji\/cjelozivotno-obrazovanje\/antikorupcijske-radionice-program-usavrsavanja-u-podrucju-suzbijanja-korupcije\/#breadcrumb\",\"itemListElement\":[{\"@type\":\"ListItem\",\"position\":1,\"name\":\"Homepage\",\"item\":\"https:\/\/www.pravo.unizg.hr\/en\/\"},{\"@type\":\"ListItem\",\"position\":2,\"name\":\"Studiji\",\"item\":\"https:\/\/www.pravo.unizg.hr\/studiji\/\"},{\"@type\":\"ListItem\",\"position\":3,\"name\":\"Cjelo\u017eivotno obrazovanje\",\"item\":\"https:\/\/www.pravo.unizg.hr\/studiji\/cjelozivotno-obrazovanje\/\"},{\"@type\":\"ListItem\",\"position\":4,\"name\":\"Antikorupcijske radionice: Program usavr\u0161avanja u podru\u010dju suzbijanja korupcije\"}]},{\"@type\":\"WebSite\",\"@id\":\"https:\/\/www.pravo.unizg.hr\/#website\",\"url\":\"https:\/\/www.pravo.unizg.hr\/\",\"name\":\"Faculty of law\",\"description\":\"\",\"potentialAction\":[{\"@type\":\"SearchAction\",\"target\":{\"@type\":\"EntryPoint\",\"urlTemplate\":\"https:\/\/www.pravo.unizg.hr\/?s={search_term_string}\"},\"query-input\":\"required name=search_term_string\"}],\"inLanguage\":\"en-US\"}]}<\/script>\n<!-- \/ Yoast SEO plugin. -->","yoast_head_json":{"title":"Antikorupcijske radionice: Program usavr\u0161avanja u podru\u010dju suzbijanja korupcije - Faculty of law","robots":{"index":"index","follow":"follow","max-snippet":"max-snippet:-1","max-image-preview":"max-image-preview:large","max-video-preview":"max-video-preview:-1"},"canonical":"https:\/\/www.pravo.unizg.hr\/studiji\/cjelozivotno-obrazovanje\/antikorupcijske-radionice-program-usavrsavanja-u-podrucju-suzbijanja-korupcije\/","og_locale":"en_US","og_type":"article","og_title":"Antikorupcijske radionice: Program usavr\u0161avanja u podru\u010dju suzbijanja korupcije - Faculty of law","og_description":"Detaljne informacije o programu bit \u0107e dodane naknadno","og_url":"https:\/\/www.pravo.unizg.hr\/studiji\/cjelozivotno-obrazovanje\/antikorupcijske-radionice-program-usavrsavanja-u-podrucju-suzbijanja-korupcije\/","og_site_name":"Faculty of law","twitter_card":"summary_large_image","schema":{"@context":"https:\/\/schema.org","@graph":[{"@type":"WebPage","@id":"https:\/\/www.pravo.unizg.hr\/studiji\/cjelozivotno-obrazovanje\/antikorupcijske-radionice-program-usavrsavanja-u-podrucju-suzbijanja-korupcije\/","url":"https:\/\/www.pravo.unizg.hr\/studiji\/cjelozivotno-obrazovanje\/antikorupcijske-radionice-program-usavrsavanja-u-podrucju-suzbijanja-korupcije\/","name":"Antikorupcijske radionice: Program usavr\u0161avanja u podru\u010dju suzbijanja korupcije - Faculty of law","isPartOf":{"@id":"https:\/\/www.pravo.unizg.hr\/#website"},"datePublished":"2025-02-24T09:03:06+00:00","dateModified":"2025-02-24T09:03:06+00:00","breadcrumb":{"@id":"https:\/\/www.pravo.unizg.hr\/studiji\/cjelozivotno-obrazovanje\/antikorupcijske-radionice-program-usavrsavanja-u-podrucju-suzbijanja-korupcije\/#breadcrumb"},"inLanguage":"en-US","potentialAction":[{"@type":"ReadAction","target":["https:\/\/www.pravo.unizg.hr\/studiji\/cjelozivotno-obrazovanje\/antikorupcijske-radionice-program-usavrsavanja-u-podrucju-suzbijanja-korupcije\/"]}]},{"@type":"BreadcrumbList","@id":"https:\/\/www.pravo.unizg.hr\/studiji\/cjelozivotno-obrazovanje\/antikorupcijske-radionice-program-usavrsavanja-u-podrucju-suzbijanja-korupcije\/#breadcrumb","itemListElement":[{"@type":"ListItem","position":1,"name":"Homepage","item":"https:\/\/www.pravo.unizg.hr\/en\/"},{"@type":"ListItem","position":2,"name":"Studiji","item":"https:\/\/www.pravo.unizg.hr\/studiji\/"},{"@type":"ListItem","position":3,"name":"Cjelo\u017eivotno obrazovanje","item":"https:\/\/www.pravo.unizg.hr\/studiji\/cjelozivotno-obrazovanje\/"},{"@type":"ListItem","position":4,"name":"Antikorupcijske radionice: Program usavr\u0161avanja u podru\u010dju suzbijanja korupcije"}]},{"@type":"WebSite","@id":"https:\/\/www.pravo.unizg.hr\/#website","url":"https:\/\/www.pravo.unizg.hr\/","name":"Faculty of law","description":"","potentialAction":[{"@type":"SearchAction","target":{"@type":"EntryPoint","urlTemplate":"https:\/\/www.pravo.unizg.hr\/?s={search_term_string}"},"query-input":"required name=search_term_string"}],"inLanguage":"en-US"}]}},"_links":{"self":[{"href":"https:\/\/www.pravo.unizg.hr\/en\/wp-json\/wp\/v2\/pages\/25191","targetHints":{"allow":["GET"]}}],"collection":[{"href":"https:\/\/www.pravo.unizg.hr\/en\/wp-json\/wp\/v2\/pages"}],"about":[{"href":"https:\/\/www.pravo.unizg.hr\/en\/wp-json\/wp\/v2\/types\/page"}],"author":[{"embeddable":true,"href":"https:\/\/www.pravo.unizg.hr\/en\/wp-json\/wp\/v2\/users\/511"}],"replies":[{"embeddable":true,"href":"https:\/\/www.pravo.unizg.hr\/en\/wp-json\/wp\/v2\/comments?post=25191"}],"version-history":[{"count":1,"href":"https:\/\/www.pravo.unizg.hr\/en\/wp-json\/wp\/v2\/pages\/25191\/revisions"}],"predecessor-version":[{"id":25192,"href":"https:\/\/www.pravo.unizg.hr\/en\/wp-json\/wp\/v2\/pages\/25191\/revisions\/25192"}],"up":[{"embeddable":true,"href":"https:\/\/www.pravo.unizg.hr\/en\/wp-json\/wp\/v2\/pages\/60"}],"wp:attachment":[{"href":"https:\/\/www.pravo.unizg.hr\/en\/wp-json\/wp\/v2\/media?parent=25191"}],"curies":[{"name":"wp","href":"https:\/\/api.w.org\/{rel}","templated":true}]}}