{"id":24560,"date":"2023-09-20T13:03:58","date_gmt":"2023-09-20T12:03:58","guid":{"rendered":"https:\/\/www.pravo.unizg.hr\/faculty-of-law-zagreb\/alumni\/projekt-mentoriranje\/"},"modified":"2025-03-28T10:26:38","modified_gmt":"2025-03-28T09:26:38","slug":"projekt-mentoriranje","status":"publish","type":"page","link":"https:\/\/www.pravo.unizg.hr\/en\/faculty-of-law-zagreb\/alumni\/projekt-mentoriranje\/","title":{"rendered":"Mentorship Project"},"content":{"rendered":"<p><img loading=\"lazy\" decoding=\"async\" class=\"alignnone wp-image-14928 size-full\" src=\"https:\/\/www.pravo.unizg.hr\/wp-content\/uploads\/2023\/12\/MENTORING.png\" alt=\"\" width=\"500\" height=\"500\" srcset=\"https:\/\/www.pravo.unizg.hr\/wp-content\/uploads\/2023\/12\/MENTORING.png 500w, https:\/\/www.pravo.unizg.hr\/wp-content\/uploads\/2023\/12\/MENTORING-300x300.png 300w, https:\/\/www.pravo.unizg.hr\/wp-content\/uploads\/2023\/12\/MENTORING-150x150.png 150w\" sizes=\"auto, (max-width: 500px) 100vw, 500px\" \/><\/p>\n<p><strong>Mentorship in the Legal Profession<\/strong><\/p>\n<p>On 14 December 2023, the Panel on Mentorship in the Legal Profession was held at the Craftsmen\u2019s Home, focusing on the topic \u201cAlumni of the Faculty of Law and Postgraduate Studies Abroad\u201d.<\/p>\n<p>Our alumni community shared their valuable experiences during the 80-minute panel, offering insights into the crucial steps in the decision-making process, application procedures, success markers, and the impact of postgraduate studies on their professional journeys. The panel was moderated by Assoc. Prof. Ru\u017eica \u0160imi\u0107 Banovi\u0107, Head of the Department of Economic Sciences.<\/p>\n<p>The panel was followed by a networking session, during which alumni answered numerous questions from participants.<\/p>\n<p>Here are the key takeaways shared by the speakers:<\/p>\n<p><strong>Natalija Babi\u0107<\/strong>, Lawyer, \u0160avori\u0107 &amp; Partneri \u2013 LLM (IP &amp; ICT, KU Leuven): \u201cLL.M. education is an additional year of study, offering a more relaxed environment where you can explore the branches of law that particularly interest you. Don\u2019t view the LL.M. as just another obligation and a set of exams, but as a springboard for advancing your life and career.\u201d<\/p>\n<p><strong>Ana Martini\u0107<\/strong>, Legal Advisor, Croatian Legal Centre \u2013 LLM (Human Rights, LSE): \u201cA different and deeper approach to the topics that interest you, alongside the numerous friendships and connections made during that year, can leave a profound mark on your career and life.\u201d<\/p>\n<p><strong>Stefan Martini\u0107<\/strong>, Trainee Lawyer, Kramari\u0107 &amp; Partneri Law Firm \u2013 LLM (Tech Law, Harvard; EU, LSE): \u201cHow do you earn the ultimate Monopoly card to \u2018get out of jail\u2019? Enrol in a quality LL.M. programme. Workers often begin to feel dissatisfied or trapped in their roles. A quality LL.M. opens doors to a wider range of employers and job opportunities.\u201d<\/p>\n<p><strong>Hugo Pelicari\u0107<\/strong>, Lawyer \u2013 Partner, Pelicari\u0107 &amp; Smerdel Law Firm \u2013 LLM (Finance, Goethe University, Frankfurt): \u201cAn LL.M. is an investment in yourself that always pays off. Its value is maximised if pursued at the right time \u2013 after gaining practical experience.\u201d<\/p>\n<p><strong>Zara Troskot<\/strong>, Investigator, Office of the Ombudsman, New Zealand \u2013 (MA in International Relations, ongoing, Victoria University of Wellington, New Zealand): \u201cThink about how further education can be applied not only to the job you want but also to the life you wish to live!\u201d<\/p>\n<p><strong>Darija \u017deljko<\/strong>, Assistant, Department of Criminal Procedure Law \u2013 Faculty of Law, University of Zagreb \u2013 LLM (Human Rights, CEU): \u201cBe curious and open-minded during your studies. Strive to educate yourself as much as possible (both formally and informally), attend conferences, seminars, and summer and winter schools in Croatia and abroad, join associations, and you will encounter the legal field that best integrates your personal and professional life \u2013 focus on it in your future career.\u201d<\/p>\n<p>We extend our heartfelt thanks to everyone who took part and contributed to the inspiring atmosphere of the Mentorship Panel in the Legal Profession. We trust these messages have provided you with fresh perspectives and motivation for your future career steps.<\/p>\n<p><strong>Mentorship in the Legal Profession<\/strong> and <strong>Ivana Karaman Juri\u0107 \u2013 Alumni Community<\/strong><\/p>\n<p><img loading=\"lazy\" decoding=\"async\" class=\"alignnone wp-image-14910 size-full\" src=\"https:\/\/www.pravo.unizg.hr\/wp-content\/uploads\/2023\/12\/IMG_2156-scaled.jpg\" alt=\"\" width=\"2560\" height=\"1707\" srcset=\"https:\/\/www.pravo.unizg.hr\/wp-content\/uploads\/2023\/12\/IMG_2156-scaled.jpg 2560w, https:\/\/www.pravo.unizg.hr\/wp-content\/uploads\/2023\/12\/IMG_2156-300x200.jpg 300w, https:\/\/www.pravo.unizg.hr\/wp-content\/uploads\/2023\/12\/IMG_2156-1024x683.jpg 1024w, https:\/\/www.pravo.unizg.hr\/wp-content\/uploads\/2023\/12\/IMG_2156-768x512.jpg 768w, https:\/\/www.pravo.unizg.hr\/wp-content\/uploads\/2023\/12\/IMG_2156-1536x1024.jpg 1536w, https:\/\/www.pravo.unizg.hr\/wp-content\/uploads\/2023\/12\/IMG_2156-2048x1365.jpg 2048w\" sizes=\"auto, (max-width: 2560px) 100vw, 2560px\" \/><\/p>\n<p><img loading=\"lazy\" decoding=\"async\" class=\"alignnone wp-image-14914 size-full\" src=\"https:\/\/www.pravo.unizg.hr\/wp-content\/uploads\/2023\/12\/IMG_2173-scaled.jpg\" alt=\"\" width=\"2560\" height=\"1908\" srcset=\"https:\/\/www.pravo.unizg.hr\/wp-content\/uploads\/2023\/12\/IMG_2173-scaled.jpg 2560w, https:\/\/www.pravo.unizg.hr\/wp-content\/uploads\/2023\/12\/IMG_2173-300x224.jpg 300w, https:\/\/www.pravo.unizg.hr\/wp-content\/uploads\/2023\/12\/IMG_2173-1024x763.jpg 1024w, https:\/\/www.pravo.unizg.hr\/wp-content\/uploads\/2023\/12\/IMG_2173-768x572.jpg 768w, https:\/\/www.pravo.unizg.hr\/wp-content\/uploads\/2023\/12\/IMG_2173-1536x1145.jpg 1536w, https:\/\/www.pravo.unizg.hr\/wp-content\/uploads\/2023\/12\/IMG_2173-2048x1526.jpg 2048w\" sizes=\"auto, (max-width: 2560px) 100vw, 2560px\" \/><\/p>\n<p><img loading=\"lazy\" decoding=\"async\" class=\"alignnone wp-image-14916 size-full\" src=\"https:\/\/www.pravo.unizg.hr\/wp-content\/uploads\/2023\/12\/IMG_2177-scaled.jpg\" alt=\"\" width=\"2560\" height=\"1707\" srcset=\"https:\/\/www.pravo.unizg.hr\/wp-content\/uploads\/2023\/12\/IMG_2177-scaled.jpg 2560w, https:\/\/www.pravo.unizg.hr\/wp-content\/uploads\/2023\/12\/IMG_2177-300x200.jpg 300w, https:\/\/www.pravo.unizg.hr\/wp-content\/uploads\/2023\/12\/IMG_2177-1024x683.jpg 1024w, https:\/\/www.pravo.unizg.hr\/wp-content\/uploads\/2023\/12\/IMG_2177-768x512.jpg 768w, https:\/\/www.pravo.unizg.hr\/wp-content\/uploads\/2023\/12\/IMG_2177-1536x1024.jpg 1536w, https:\/\/www.pravo.unizg.hr\/wp-content\/uploads\/2023\/12\/IMG_2177-2048x1365.jpg 2048w\" sizes=\"auto, (max-width: 2560px) 100vw, 2560px\" \/><\/p>\n<p><img loading=\"lazy\" decoding=\"async\" class=\"alignnone wp-image-14918 size-full\" src=\"https:\/\/www.pravo.unizg.hr\/wp-content\/uploads\/2023\/12\/IMG_2179-scaled.jpg\" alt=\"\" width=\"2560\" height=\"2212\" srcset=\"https:\/\/www.pravo.unizg.hr\/wp-content\/uploads\/2023\/12\/IMG_2179-scaled.jpg 2560w, https:\/\/www.pravo.unizg.hr\/wp-content\/uploads\/2023\/12\/IMG_2179-300x259.jpg 300w, https:\/\/www.pravo.unizg.hr\/wp-content\/uploads\/2023\/12\/IMG_2179-1024x885.jpg 1024w, https:\/\/www.pravo.unizg.hr\/wp-content\/uploads\/2023\/12\/IMG_2179-768x664.jpg 768w, https:\/\/www.pravo.unizg.hr\/wp-content\/uploads\/2023\/12\/IMG_2179-1536x1327.jpg 1536w, https:\/\/www.pravo.unizg.hr\/wp-content\/uploads\/2023\/12\/IMG_2179-2048x1770.jpg 2048w\" sizes=\"auto, (max-width: 2560px) 100vw, 2560px\" \/><\/p>\n<p><img loading=\"lazy\" decoding=\"async\" class=\"alignnone wp-image-14920 size-full\" src=\"https:\/\/www.pravo.unizg.hr\/wp-content\/uploads\/2023\/12\/IMG_2182.jpg\" alt=\"\" width=\"2317\" height=\"2304\" srcset=\"https:\/\/www.pravo.unizg.hr\/wp-content\/uploads\/2023\/12\/IMG_2182.jpg 2317w, https:\/\/www.pravo.unizg.hr\/wp-content\/uploads\/2023\/12\/IMG_2182-300x298.jpg 300w, https:\/\/www.pravo.unizg.hr\/wp-content\/uploads\/2023\/12\/IMG_2182-1024x1018.jpg 1024w, https:\/\/www.pravo.unizg.hr\/wp-content\/uploads\/2023\/12\/IMG_2182-150x150.jpg 150w, https:\/\/www.pravo.unizg.hr\/wp-content\/uploads\/2023\/12\/IMG_2182-768x764.jpg 768w, https:\/\/www.pravo.unizg.hr\/wp-content\/uploads\/2023\/12\/IMG_2182-1536x1527.jpg 1536w, https:\/\/www.pravo.unizg.hr\/wp-content\/uploads\/2023\/12\/IMG_2182-2048x2037.jpg 2048w\" sizes=\"auto, (max-width: 2317px) 100vw, 2317px\" \/><\/p>\n<p><img loading=\"lazy\" decoding=\"async\" class=\"alignnone wp-image-14922 size-full\" src=\"https:\/\/www.pravo.unizg.hr\/wp-content\/uploads\/2023\/12\/IMG_2186-scaled.jpg\" alt=\"\" width=\"2560\" height=\"1707\" srcset=\"https:\/\/www.pravo.unizg.hr\/wp-content\/uploads\/2023\/12\/IMG_2186-scaled.jpg 2560w, https:\/\/www.pravo.unizg.hr\/wp-content\/uploads\/2023\/12\/IMG_2186-300x200.jpg 300w, https:\/\/www.pravo.unizg.hr\/wp-content\/uploads\/2023\/12\/IMG_2186-1024x683.jpg 1024w, https:\/\/www.pravo.unizg.hr\/wp-content\/uploads\/2023\/12\/IMG_2186-768x512.jpg 768w, https:\/\/www.pravo.unizg.hr\/wp-content\/uploads\/2023\/12\/IMG_2186-1536x1024.jpg 1536w, https:\/\/www.pravo.unizg.hr\/wp-content\/uploads\/2023\/12\/IMG_2186-2048x1365.jpg 2048w\" sizes=\"auto, (max-width: 2560px) 100vw, 2560px\" \/><\/p>\n<p><img loading=\"lazy\" decoding=\"async\" class=\"alignnone wp-image-14924 size-full\" src=\"https:\/\/www.pravo.unizg.hr\/wp-content\/uploads\/2023\/12\/IMG_2193-scaled.jpg\" alt=\"\" width=\"2560\" height=\"1707\" srcset=\"https:\/\/www.pravo.unizg.hr\/wp-content\/uploads\/2023\/12\/IMG_2193-scaled.jpg 2560w, https:\/\/www.pravo.unizg.hr\/wp-content\/uploads\/2023\/12\/IMG_2193-300x200.jpg 300w, https:\/\/www.pravo.unizg.hr\/wp-content\/uploads\/2023\/12\/IMG_2193-1024x683.jpg 1024w, https:\/\/www.pravo.unizg.hr\/wp-content\/uploads\/2023\/12\/IMG_2193-768x512.jpg 768w, https:\/\/www.pravo.unizg.hr\/wp-content\/uploads\/2023\/12\/IMG_2193-1536x1024.jpg 1536w, https:\/\/www.pravo.unizg.hr\/wp-content\/uploads\/2023\/12\/IMG_2193-2048x1365.jpg 2048w\" sizes=\"auto, (max-width: 2560px) 100vw, 2560px\" \/><\/p>\n<p><img loading=\"lazy\" decoding=\"async\" class=\"alignnone wp-image-14926 size-full\" src=\"https:\/\/www.pravo.unizg.hr\/wp-content\/uploads\/2023\/12\/IMG_2194-scaled.jpg\" alt=\"\" width=\"2560\" height=\"1707\" srcset=\"https:\/\/www.pravo.unizg.hr\/wp-content\/uploads\/2023\/12\/IMG_2194-scaled.jpg 2560w, https:\/\/www.pravo.unizg.hr\/wp-content\/uploads\/2023\/12\/IMG_2194-300x200.jpg 300w, https:\/\/www.pravo.unizg.hr\/wp-content\/uploads\/2023\/12\/IMG_2194-1024x683.jpg 1024w, https:\/\/www.pravo.unizg.hr\/wp-content\/uploads\/2023\/12\/IMG_2194-768x512.jpg 768w, https:\/\/www.pravo.unizg.hr\/wp-content\/uploads\/2023\/12\/IMG_2194-1536x1024.jpg 1536w, https:\/\/www.pravo.unizg.hr\/wp-content\/uploads\/2023\/12\/IMG_2194-2048x1365.jpg 2048w\" sizes=\"auto, (max-width: 2560px) 100vw, 2560px\" \/><\/p>\n<p>&nbsp;<\/p>\n","protected":false},"excerpt":{"rendered":"<p>Mentorship in the Legal Profession On 14 December 2023, the&#8230;<\/p>\n","protected":false},"author":511,"featured_media":0,"parent":8652,"menu_order":0,"comment_status":"closed","ping_status":"closed","template":"","meta":{"footnotes":""},"class_list":["post-24560","page","type-page","status-publish","hentry"],"pp_force_visibility":null,"pp_subpost_visibility":null,"pp_inherited_force_visibility":null,"pp_inherited_subpost_visibility":null,"acf":[],"yoast_head":"<!-- This site is optimized with the Yoast SEO plugin v20.1 - https:\/\/yoast.com\/wordpress\/plugins\/seo\/ -->\n<title>Mentorship Project - Faculty of law<\/title>\n<meta name=\"robots\" content=\"index, follow, max-snippet:-1, max-image-preview:large, max-video-preview:-1\" \/>\n<link rel=\"canonical\" href=\"https:\/\/www.pravo.unizg.hr\/en\/faculty-of-law-zagreb\/alumni\/projekt-mentoriranje\/\" \/>\n<meta property=\"og:locale\" content=\"en_US\" \/>\n<meta property=\"og:type\" content=\"article\" \/>\n<meta property=\"og:title\" content=\"Mentorship Project - Faculty of law\" \/>\n<meta property=\"og:description\" content=\"Mentorship in the Legal Profession On 14 December 2023, the...\" \/>\n<meta property=\"og:url\" content=\"https:\/\/www.pravo.unizg.hr\/en\/faculty-of-law-zagreb\/alumni\/projekt-mentoriranje\/\" \/>\n<meta property=\"og:site_name\" content=\"Faculty of law\" \/>\n<meta property=\"article:modified_time\" content=\"2025-03-28T09:26:38+00:00\" \/>\n<meta property=\"og:image\" content=\"https:\/\/www.pravo.unizg.hr\/wp-content\/uploads\/2023\/12\/MENTORING.png\" \/>\n<meta name=\"twitter:card\" content=\"summary_large_image\" \/>\n<script type=\"application\/ld+json\" class=\"yoast-schema-graph\">{\"@context\":\"https:\/\/schema.org\",\"@graph\":[{\"@type\":\"WebPage\",\"@id\":\"https:\/\/www.pravo.unizg.hr\/en\/faculty-of-law-zagreb\/alumni\/projekt-mentoriranje\/\",\"url\":\"https:\/\/www.pravo.unizg.hr\/en\/faculty-of-law-zagreb\/alumni\/projekt-mentoriranje\/\",\"name\":\"Mentorship Project - Faculty of law\",\"isPartOf\":{\"@id\":\"https:\/\/www.pravo.unizg.hr\/#website\"},\"datePublished\":\"2023-09-20T12:03:58+00:00\",\"dateModified\":\"2025-03-28T09:26:38+00:00\",\"breadcrumb\":{\"@id\":\"https:\/\/www.pravo.unizg.hr\/en\/faculty-of-law-zagreb\/alumni\/projekt-mentoriranje\/#breadcrumb\"},\"inLanguage\":\"en-US\",\"potentialAction\":[{\"@type\":\"ReadAction\",\"target\":[\"https:\/\/www.pravo.unizg.hr\/en\/faculty-of-law-zagreb\/alumni\/projekt-mentoriranje\/\"]}]},{\"@type\":\"BreadcrumbList\",\"@id\":\"https:\/\/www.pravo.unizg.hr\/en\/faculty-of-law-zagreb\/alumni\/projekt-mentoriranje\/#breadcrumb\",\"itemListElement\":[{\"@type\":\"ListItem\",\"position\":1,\"name\":\"Homepage\",\"item\":\"https:\/\/www.pravo.unizg.hr\/en\/\"},{\"@type\":\"ListItem\",\"position\":2,\"name\":\"Faculty\",\"item\":\"https:\/\/www.pravo.unizg.hr\/en\/faculty-of-law-zagreb\/\"},{\"@type\":\"ListItem\",\"position\":3,\"name\":\"Alumni\",\"item\":\"https:\/\/www.pravo.unizg.hr\/en\/alumni\/\"},{\"@type\":\"ListItem\",\"position\":4,\"name\":\"Mentorship Project\"}]},{\"@type\":\"WebSite\",\"@id\":\"https:\/\/www.pravo.unizg.hr\/#website\",\"url\":\"https:\/\/www.pravo.unizg.hr\/\",\"name\":\"Faculty of law\",\"description\":\"\",\"potentialAction\":[{\"@type\":\"SearchAction\",\"target\":{\"@type\":\"EntryPoint\",\"urlTemplate\":\"https:\/\/www.pravo.unizg.hr\/?s={search_term_string}\"},\"query-input\":\"required name=search_term_string\"}],\"inLanguage\":\"en-US\"}]}<\/script>\n<!-- \/ Yoast SEO plugin. -->","yoast_head_json":{"title":"Mentorship Project - Faculty of law","robots":{"index":"index","follow":"follow","max-snippet":"max-snippet:-1","max-image-preview":"max-image-preview:large","max-video-preview":"max-video-preview:-1"},"canonical":"https:\/\/www.pravo.unizg.hr\/en\/faculty-of-law-zagreb\/alumni\/projekt-mentoriranje\/","og_locale":"en_US","og_type":"article","og_title":"Mentorship Project - Faculty of law","og_description":"Mentorship in the Legal Profession On 14 December 2023, the...","og_url":"https:\/\/www.pravo.unizg.hr\/en\/faculty-of-law-zagreb\/alumni\/projekt-mentoriranje\/","og_site_name":"Faculty of law","article_modified_time":"2025-03-28T09:26:38+00:00","og_image":[{"url":"https:\/\/www.pravo.unizg.hr\/wp-content\/uploads\/2023\/12\/MENTORING.png"}],"twitter_card":"summary_large_image","schema":{"@context":"https:\/\/schema.org","@graph":[{"@type":"WebPage","@id":"https:\/\/www.pravo.unizg.hr\/en\/faculty-of-law-zagreb\/alumni\/projekt-mentoriranje\/","url":"https:\/\/www.pravo.unizg.hr\/en\/faculty-of-law-zagreb\/alumni\/projekt-mentoriranje\/","name":"Mentorship Project - Faculty of law","isPartOf":{"@id":"https:\/\/www.pravo.unizg.hr\/#website"},"datePublished":"2023-09-20T12:03:58+00:00","dateModified":"2025-03-28T09:26:38+00:00","breadcrumb":{"@id":"https:\/\/www.pravo.unizg.hr\/en\/faculty-of-law-zagreb\/alumni\/projekt-mentoriranje\/#breadcrumb"},"inLanguage":"en-US","potentialAction":[{"@type":"ReadAction","target":["https:\/\/www.pravo.unizg.hr\/en\/faculty-of-law-zagreb\/alumni\/projekt-mentoriranje\/"]}]},{"@type":"BreadcrumbList","@id":"https:\/\/www.pravo.unizg.hr\/en\/faculty-of-law-zagreb\/alumni\/projekt-mentoriranje\/#breadcrumb","itemListElement":[{"@type":"ListItem","position":1,"name":"Homepage","item":"https:\/\/www.pravo.unizg.hr\/en\/"},{"@type":"ListItem","position":2,"name":"Faculty","item":"https:\/\/www.pravo.unizg.hr\/en\/faculty-of-law-zagreb\/"},{"@type":"ListItem","position":3,"name":"Alumni","item":"https:\/\/www.pravo.unizg.hr\/en\/alumni\/"},{"@type":"ListItem","position":4,"name":"Mentorship Project"}]},{"@type":"WebSite","@id":"https:\/\/www.pravo.unizg.hr\/#website","url":"https:\/\/www.pravo.unizg.hr\/","name":"Faculty of law","description":"","potentialAction":[{"@type":"SearchAction","target":{"@type":"EntryPoint","urlTemplate":"https:\/\/www.pravo.unizg.hr\/?s={search_term_string}"},"query-input":"required name=search_term_string"}],"inLanguage":"en-US"}]}},"_links":{"self":[{"href":"https:\/\/www.pravo.unizg.hr\/en\/wp-json\/wp\/v2\/pages\/24560","targetHints":{"allow":["GET"]}}],"collection":[{"href":"https:\/\/www.pravo.unizg.hr\/en\/wp-json\/wp\/v2\/pages"}],"about":[{"href":"https:\/\/www.pravo.unizg.hr\/en\/wp-json\/wp\/v2\/types\/page"}],"author":[{"embeddable":true,"href":"https:\/\/www.pravo.unizg.hr\/en\/wp-json\/wp\/v2\/users\/511"}],"replies":[{"embeddable":true,"href":"https:\/\/www.pravo.unizg.hr\/en\/wp-json\/wp\/v2\/comments?post=24560"}],"version-history":[{"count":2,"href":"https:\/\/www.pravo.unizg.hr\/en\/wp-json\/wp\/v2\/pages\/24560\/revisions"}],"predecessor-version":[{"id":24562,"href":"https:\/\/www.pravo.unizg.hr\/en\/wp-json\/wp\/v2\/pages\/24560\/revisions\/24562"}],"up":[{"embeddable":true,"href":"https:\/\/www.pravo.unizg.hr\/en\/wp-json\/wp\/v2\/pages\/8652"}],"wp:attachment":[{"href":"https:\/\/www.pravo.unizg.hr\/en\/wp-json\/wp\/v2\/media?parent=24560"}],"curies":[{"name":"wp","href":"https:\/\/api.w.org\/{rel}","templated":true}]}}