{"id":24542,"date":"2023-10-03T12:27:24","date_gmt":"2023-10-03T11:27:24","guid":{"rendered":"https:\/\/www.pravo.unizg.hr\/faculty-of-law-zagreb\/izdavacka-djelatnost\/"},"modified":"2025-01-27T10:04:19","modified_gmt":"2025-01-27T09:04:19","slug":"izdavacka-djelatnost","status":"publish","type":"page","link":"https:\/\/www.pravo.unizg.hr\/en\/faculty-of-law-zagreb\/izdavacka-djelatnost\/","title":{"rendered":"Publishing Activities"},"content":{"rendered":"<p>The Department of Publishing at the Faculty of Law, University of Zagreb, is responsible for<br \/>\nnegotiating, managing, and coordinating the publishing of books at the Faculty of Law,<br \/>\nUniversity of Zagreb (PFZG).<\/p>\n<p>&nbsp;<\/p>\n<p><strong>Editorial Board:<\/strong><\/p>\n<ul>\n<li>Prof. Sini\u0161a Zrin\u0161\u010dak, Chief Editor of the Department of Publishing at PFZG<\/li>\n<li>Assoc. Prof. Vanja Branica, Executive Editor of the&#8221;Social Work&#8221; Library<\/li>\n<li>Assoc. Prof. Mihovil \u0160karica, Executive Editor of the &#8220;Contemporary Public Administration&#8221; Library<\/li>\n<li>Damir Kuzmi\u0107, Executive Editor of the Department of Publishing at PFZG<\/li>\n<\/ul>\n<p>&nbsp;<\/p>\n<p>Our publications are released in one of six thematic series or separately:<\/p>\n<ul>\n<li><strong>&#8220;Textbooks&#8221; Library<\/strong>: Publishes works reviewed and recognized as textbooks or teaching manuals for academic courses.<\/li>\n<li><strong>&#8220;Dissertations&#8221; Library<\/strong>: Publishes selected doctoral dissertations defended at the Faculty of Law in Zagreb, as well as dissertations by faculty members of the Faculty of Law in Zagreb, defended both in Croatia and abroad, that have been positively reviewed as scholarly monographs.<\/li>\n<li><strong>&#8220;Monographs&#8221; Library<\/strong>: Publishes carefully selected scientific studies that have been positively reviewed as scholarly monographs.<\/li>\n<li><strong>&#8220;Proceedings&#8221; Library<\/strong>: Publishes papers presented at conferences and scientific symposiums.<\/li>\n<li><strong>&#8220;Contemporary Public Administration&#8221; Library<\/strong>: Publishes scholarly and professional publications focused on the field of public administration.<\/li>\n<li><strong>&#8220;Social Work&#8221; Library<\/strong>: Publishes scholarly and professional works related to the fields of social work and social policy.<\/li>\n<\/ul>\n<p>For more information on our publications, please visit our <a href=\"https:\/\/webshop.pravo.hr\/\" target=\"_blank\" rel=\"noopener\">webshop<\/a><\/p>\n","protected":false},"excerpt":{"rendered":"<p>The Department of Publishing at the Faculty of Law, University&#8230;<\/p>\n","protected":false},"author":511,"featured_media":0,"parent":1751,"menu_order":12,"comment_status":"closed","ping_status":"closed","template":"","meta":{"footnotes":""},"class_list":["post-24542","page","type-page","status-publish","hentry"],"pp_force_visibility":null,"pp_subpost_visibility":null,"pp_inherited_force_visibility":null,"pp_inherited_subpost_visibility":null,"acf":[],"yoast_head":"<!-- This site is optimized with the Yoast SEO plugin v20.1 - https:\/\/yoast.com\/wordpress\/plugins\/seo\/ -->\n<title>Publishing Activities - Faculty of law<\/title>\n<meta name=\"robots\" content=\"index, follow, max-snippet:-1, max-image-preview:large, max-video-preview:-1\" \/>\n<link rel=\"canonical\" href=\"https:\/\/www.pravo.unizg.hr\/en\/faculty-of-law-zagreb\/izdavacka-djelatnost\/\" \/>\n<meta property=\"og:locale\" content=\"en_US\" \/>\n<meta property=\"og:type\" content=\"article\" \/>\n<meta property=\"og:title\" content=\"Publishing Activities - Faculty of law\" \/>\n<meta property=\"og:description\" content=\"The Department of Publishing at the Faculty of Law, University...\" \/>\n<meta property=\"og:url\" content=\"https:\/\/www.pravo.unizg.hr\/en\/faculty-of-law-zagreb\/izdavacka-djelatnost\/\" \/>\n<meta property=\"og:site_name\" content=\"Faculty of law\" \/>\n<meta property=\"article:modified_time\" content=\"2025-01-27T09:04:19+00:00\" \/>\n<meta name=\"twitter:card\" content=\"summary_large_image\" \/>\n<meta name=\"twitter:label1\" content=\"Est. reading time\" \/>\n\t<meta name=\"twitter:data1\" content=\"1 minute\" \/>\n<script type=\"application\/ld+json\" class=\"yoast-schema-graph\">{\"@context\":\"https:\/\/schema.org\",\"@graph\":[{\"@type\":\"WebPage\",\"@id\":\"https:\/\/www.pravo.unizg.hr\/en\/faculty-of-law-zagreb\/izdavacka-djelatnost\/\",\"url\":\"https:\/\/www.pravo.unizg.hr\/en\/faculty-of-law-zagreb\/izdavacka-djelatnost\/\",\"name\":\"Publishing Activities - Faculty of law\",\"isPartOf\":{\"@id\":\"https:\/\/www.pravo.unizg.hr\/#website\"},\"datePublished\":\"2023-10-03T11:27:24+00:00\",\"dateModified\":\"2025-01-27T09:04:19+00:00\",\"breadcrumb\":{\"@id\":\"https:\/\/www.pravo.unizg.hr\/en\/faculty-of-law-zagreb\/izdavacka-djelatnost\/#breadcrumb\"},\"inLanguage\":\"en-US\",\"potentialAction\":[{\"@type\":\"ReadAction\",\"target\":[\"https:\/\/www.pravo.unizg.hr\/en\/faculty-of-law-zagreb\/izdavacka-djelatnost\/\"]}]},{\"@type\":\"BreadcrumbList\",\"@id\":\"https:\/\/www.pravo.unizg.hr\/en\/faculty-of-law-zagreb\/izdavacka-djelatnost\/#breadcrumb\",\"itemListElement\":[{\"@type\":\"ListItem\",\"position\":1,\"name\":\"Homepage\",\"item\":\"https:\/\/www.pravo.unizg.hr\/en\/\"},{\"@type\":\"ListItem\",\"position\":2,\"name\":\"Faculty\",\"item\":\"https:\/\/www.pravo.unizg.hr\/en\/faculty-of-law-zagreb\/\"},{\"@type\":\"ListItem\",\"position\":3,\"name\":\"Publishing Activities\"}]},{\"@type\":\"WebSite\",\"@id\":\"https:\/\/www.pravo.unizg.hr\/#website\",\"url\":\"https:\/\/www.pravo.unizg.hr\/\",\"name\":\"Faculty of law\",\"description\":\"\",\"potentialAction\":[{\"@type\":\"SearchAction\",\"target\":{\"@type\":\"EntryPoint\",\"urlTemplate\":\"https:\/\/www.pravo.unizg.hr\/?s={search_term_string}\"},\"query-input\":\"required name=search_term_string\"}],\"inLanguage\":\"en-US\"}]}<\/script>\n<!-- \/ Yoast SEO plugin. -->","yoast_head_json":{"title":"Publishing Activities - Faculty of law","robots":{"index":"index","follow":"follow","max-snippet":"max-snippet:-1","max-image-preview":"max-image-preview:large","max-video-preview":"max-video-preview:-1"},"canonical":"https:\/\/www.pravo.unizg.hr\/en\/faculty-of-law-zagreb\/izdavacka-djelatnost\/","og_locale":"en_US","og_type":"article","og_title":"Publishing Activities - Faculty of law","og_description":"The Department of Publishing at the Faculty of Law, University...","og_url":"https:\/\/www.pravo.unizg.hr\/en\/faculty-of-law-zagreb\/izdavacka-djelatnost\/","og_site_name":"Faculty of law","article_modified_time":"2025-01-27T09:04:19+00:00","twitter_card":"summary_large_image","twitter_misc":{"Est. reading time":"1 minute"},"schema":{"@context":"https:\/\/schema.org","@graph":[{"@type":"WebPage","@id":"https:\/\/www.pravo.unizg.hr\/en\/faculty-of-law-zagreb\/izdavacka-djelatnost\/","url":"https:\/\/www.pravo.unizg.hr\/en\/faculty-of-law-zagreb\/izdavacka-djelatnost\/","name":"Publishing Activities - Faculty of law","isPartOf":{"@id":"https:\/\/www.pravo.unizg.hr\/#website"},"datePublished":"2023-10-03T11:27:24+00:00","dateModified":"2025-01-27T09:04:19+00:00","breadcrumb":{"@id":"https:\/\/www.pravo.unizg.hr\/en\/faculty-of-law-zagreb\/izdavacka-djelatnost\/#breadcrumb"},"inLanguage":"en-US","potentialAction":[{"@type":"ReadAction","target":["https:\/\/www.pravo.unizg.hr\/en\/faculty-of-law-zagreb\/izdavacka-djelatnost\/"]}]},{"@type":"BreadcrumbList","@id":"https:\/\/www.pravo.unizg.hr\/en\/faculty-of-law-zagreb\/izdavacka-djelatnost\/#breadcrumb","itemListElement":[{"@type":"ListItem","position":1,"name":"Homepage","item":"https:\/\/www.pravo.unizg.hr\/en\/"},{"@type":"ListItem","position":2,"name":"Faculty","item":"https:\/\/www.pravo.unizg.hr\/en\/faculty-of-law-zagreb\/"},{"@type":"ListItem","position":3,"name":"Publishing Activities"}]},{"@type":"WebSite","@id":"https:\/\/www.pravo.unizg.hr\/#website","url":"https:\/\/www.pravo.unizg.hr\/","name":"Faculty of law","description":"","potentialAction":[{"@type":"SearchAction","target":{"@type":"EntryPoint","urlTemplate":"https:\/\/www.pravo.unizg.hr\/?s={search_term_string}"},"query-input":"required name=search_term_string"}],"inLanguage":"en-US"}]}},"_links":{"self":[{"href":"https:\/\/www.pravo.unizg.hr\/en\/wp-json\/wp\/v2\/pages\/24542","targetHints":{"allow":["GET"]}}],"collection":[{"href":"https:\/\/www.pravo.unizg.hr\/en\/wp-json\/wp\/v2\/pages"}],"about":[{"href":"https:\/\/www.pravo.unizg.hr\/en\/wp-json\/wp\/v2\/types\/page"}],"author":[{"embeddable":true,"href":"https:\/\/www.pravo.unizg.hr\/en\/wp-json\/wp\/v2\/users\/511"}],"replies":[{"embeddable":true,"href":"https:\/\/www.pravo.unizg.hr\/en\/wp-json\/wp\/v2\/comments?post=24542"}],"version-history":[{"count":5,"href":"https:\/\/www.pravo.unizg.hr\/en\/wp-json\/wp\/v2\/pages\/24542\/revisions"}],"predecessor-version":[{"id":24550,"href":"https:\/\/www.pravo.unizg.hr\/en\/wp-json\/wp\/v2\/pages\/24542\/revisions\/24550"}],"up":[{"embeddable":true,"href":"https:\/\/www.pravo.unizg.hr\/en\/wp-json\/wp\/v2\/pages\/1751"}],"wp:attachment":[{"href":"https:\/\/www.pravo.unizg.hr\/en\/wp-json\/wp\/v2\/media?parent=24542"}],"curies":[{"name":"wp","href":"https:\/\/api.w.org\/{rel}","templated":true}]}}