{"id":24519,"date":"2025-01-27T09:15:57","date_gmt":"2025-01-27T08:15:57","guid":{"rendered":"https:\/\/www.pravo.unizg.hr\/?page_id=24519"},"modified":"2025-07-14T10:13:51","modified_gmt":"2025-07-14T09:13:51","slug":"home","status":"publish","type":"page","link":"https:\/\/www.pravo.unizg.hr\/en\/studenti\/home\/","title":{"rendered":"HOME \u2013 Centar za socijalnu podr\u0161ku i inovacije"},"content":{"rendered":"<p><img loading=\"lazy\" decoding=\"async\" class=\"aligncenter size-full wp-image-24520\" src=\"https:\/\/www.pravo.unizg.hr\/wp-content\/uploads\/2025\/01\/home_logo.png\" alt=\"\" width=\"234\" height=\"234\" srcset=\"https:\/\/www.pravo.unizg.hr\/wp-content\/uploads\/2025\/01\/home_logo.png 234w, https:\/\/www.pravo.unizg.hr\/wp-content\/uploads\/2025\/01\/home_logo-150x150.png 150w\" sizes=\"auto, (max-width: 234px) 100vw, 234px\" \/><\/p>\n<p>&nbsp;<\/p>\n<p><strong>\u0160to je HOME \u2013 Centar za socijalnu podr\u0161ku i inovacije?<\/strong><\/p>\n<p>HOME \u2013 Centar za socijalnu podr\u0161ku i inovacije ustrojstvena je jedinica Fakulteta u kojoj se studenti osposobljavaju za rad u struci socijalnog rada i u podru\u010dju socijalne politike te pod stru\u010dnim vo\u0111enjem i u skladu s op\u0107im aktima Fakulteta pru\u017eaju besplatnu socijalnu podr\u0161ku te sudjeluju u razvoju socijalnih intervencija i inovacija.<\/p>\n<p>Cilj je HOME \u2013 Centra za socijalnu podr\u0161ku i inovacije kroz specifi\u010dne aktivnosti i program djelovanja, studentima, gra\u0111anima\/korisnicima i profesionalnim suradnicima pru\u017eiti:<\/p>\n<p><strong>H <\/strong>\u2013 humanost<\/p>\n<p><strong>O<\/strong> \u2013 osna\u017eivanje<\/p>\n<p><strong>M<\/strong> \u2013 mentoriranje<\/p>\n<p><strong>E<\/strong> \u2013 ekspertizu<\/p>\n<p>&nbsp;<\/p>\n<p>Kroz aktivnosti HOME \u2013 Centra za socijalnu podr\u0161ku i inovacije studenticama i studentima omogu\u0107uje se uklju\u010divanje u prakti\u010dne oblike rada te razvoj i unapre\u0111ivanje znanja i vje\u0161tina kori\u0161tenjem metoda socijalnog rada i socijalne politike u razli\u010ditim podru\u010djima djelovanja.<\/p>\n<p>Studentice i studenti pod mentorstvom nastavnika imaju priliku pru\u017eati besplatno informiranje, savjetovanje i socijalnu podr\u0161ku pojedincu, obitelji, grupi ili zajednici u potrebi, sudjelovati u razvoju socijalnih intervencija i inovacija te sura\u0111ivati s pru\u017eateljima socijalnih usluga i tijelima javne vlasti na dr\u017eavnoj i lokalnoj (regionalnoj) razini, organizacijama civilnog dru\u0161tva, privatnim pru\u017eateljima i profesionalnom zajednicom.<\/p>\n<p>&nbsp;<\/p>\n<p><img loading=\"lazy\" decoding=\"async\" class=\"aligncenter size-full wp-image-24522\" src=\"https:\/\/www.pravo.unizg.hr\/wp-content\/uploads\/2025\/01\/home_1.jpg\" alt=\"\" width=\"623\" height=\"616\" srcset=\"https:\/\/www.pravo.unizg.hr\/wp-content\/uploads\/2025\/01\/home_1.jpg 623w, https:\/\/www.pravo.unizg.hr\/wp-content\/uploads\/2025\/01\/home_1-300x297.jpg 300w\" sizes=\"auto, (max-width: 623px) 100vw, 623px\" \/><\/p>\n<p>&nbsp;<\/p>\n<p>HOME \u2013 Centar za socijalnu podr\u0161ku i inovacije djeluje u tri glavna smjera:<\/p>\n<ul>\n<li>Prvi se odnosi na prakti\u010dni rad studenata kao dio nastavnih aktivnosti \u2013 terenska praksa, vje\u017ebe, dru\u0161tveno korisno u\u010denje, volonterski rad, istra\u017eiva\u010dke inicijative, socijalno mentorstvo, razvoj i unapre\u0111enje metoda i tehnika rada s pojedincem, obitelji, grupom i zajednicom, supervizija, socijalno planiranje, socijalno upravljanje.<\/li>\n<li>Drugi se odnosi na besplatno informiranje, aktivnosti socijalne podr\u0161ke i osna\u017eivanja te savjetovanje gra\u0111ana\/korisnika u potrebi \u2013 usmjeravanje i informiranje gra\u0111ana\/korisnika o pravima i socijalnim uslugama unutar sustava socijalne skrbi, o pravima i socijalnim uslugama u nadle\u017enosti jedinica lokalne samouprave, pru\u017eanje raznih oblika socijalne podr\u0161ke pojedincima, obiteljima, grupama ili zajednicama u potrebi, savjetovanje, grupni rad, rad u lokalnoj zajednici i druge aktivnosti.<\/li>\n<li>Tre\u0107i se odnosi na suradnju s ustanovama, organizacijama i profesionalnom zajednicom \u2013 sudjelovanje u razvoju socijalnih intervencija i inovacija, suradnja s pru\u017eateljima socijalnih usluga i tijelima javne vlasti na dr\u017eavnoj i lokalnoj (regionalnoj) razini, organizacijama civilnog dru\u0161tva, privatnim pru\u017eateljima i profesionalnom zajednicom, uklju\u010divanje stru\u010dnjaka i terenskih nastavnika iz prakse u edukaciju studenata, organiziranje edukativnih sadr\u017eaja.<\/li>\n<\/ul>\n<p>&nbsp;<\/p>\n<p><img loading=\"lazy\" decoding=\"async\" class=\"aligncenter size-full wp-image-24524\" src=\"https:\/\/www.pravo.unizg.hr\/wp-content\/uploads\/2025\/01\/home_2.jpg\" alt=\"\" width=\"503\" height=\"670\" srcset=\"https:\/\/www.pravo.unizg.hr\/wp-content\/uploads\/2025\/01\/home_2.jpg 503w, https:\/\/www.pravo.unizg.hr\/wp-content\/uploads\/2025\/01\/home_2-225x300.jpg 225w\" sizes=\"auto, (max-width: 503px) 100vw, 503px\" \/><\/p>\n<p>&nbsp;<\/p>\n<p><strong>Kako do nas?<\/strong><\/p>\n<p>Mo\u017eete nam se javiti mailom na: <a href=\"mailto:home@pravo.hr\">home@pravo.hr<\/a><\/p>\n<p>Pratite nas na dru\u0161tvenim mre\u017eama:<\/p>\n<p><a href=\"https:\/\/www.instagram.com\/home_pfzg\/\" target=\"_blank\" rel=\"noopener\">https:\/\/www.instagram.com\/home_pfzg\/<\/a><\/p>\n<p>&nbsp;<\/p>\n<p><img loading=\"lazy\" decoding=\"async\" class=\"aligncenter size-full wp-image-24526\" src=\"https:\/\/www.pravo.unizg.hr\/wp-content\/uploads\/2025\/01\/home_3.jpg\" alt=\"\" width=\"1080\" height=\"810\" srcset=\"https:\/\/www.pravo.unizg.hr\/wp-content\/uploads\/2025\/01\/home_3.jpg 1080w, https:\/\/www.pravo.unizg.hr\/wp-content\/uploads\/2025\/01\/home_3-300x225.jpg 300w, https:\/\/www.pravo.unizg.hr\/wp-content\/uploads\/2025\/01\/home_3-1024x768.jpg 1024w, https:\/\/www.pravo.unizg.hr\/wp-content\/uploads\/2025\/01\/home_3-768x576.jpg 768w\" sizes=\"auto, (max-width: 1080px) 100vw, 1080px\" \/><\/p>\n<p>&nbsp;<\/p>\n<hr \/>\n<p>&nbsp;<\/p>\n<p><strong>HOME i Mre\u017ea mladih Hrvatske organizirali konzultacije o studentskom radu s budu\u0107im socijalnim radnicima\/ama<\/strong><\/p>\n<p>HOME \u2013 Centar za socijalnu podr\u0161ku i inovacije i Mre\u017ea mladih Hrvatske\u00a04. srpnja su odr\u017eali konzultacije s budu\u0107im socijalnim radnicima o njihovim iskustvima studentskog rada, o tome kako on utje\u010de na njihov akademski razvoj te kako kvalitetnije urediti\/regulirati studentski rad. Konzultacije su odr\u017eane u prostorijama Studijskog centra socijalnog rada, a izvedene su u sklopu projekta \u201eZagreb radi \u2013 rade i mladi\u201c koji provodi Mre\u017ea mladih Hrvatske uz potporu Grada Zagreba.<\/p>\n<p>Konzultativni proces su vodili doc. dr. sc. <a id=\"m_533651652241908856ember2339\" href=\"https:\/\/www.linkedin.com\/in\/nikola-bukovic-8b460725\/\" target=\"_blank\" rel=\"noopener\" data-saferedirecturl=\"https:\/\/www.google.com\/url?q=https:\/\/www.linkedin.com\/in\/nikola-bukovic-8b460725\/&amp;source=gmail&amp;ust=1752050615711000&amp;usg=AOvVaw2nPQYqyQYwUW4LMNHgolJR\"><\/a><a href=\"https:\/\/www.linkedin.com\/in\/ACoAAAVATEgBC0_2kF2gH9gS6DfTQetulU51yvE\" target=\"_blank\" rel=\"noopener\" data-saferedirecturl=\"https:\/\/www.google.com\/url?q=https:\/\/www.linkedin.com\/in\/ACoAAAVATEgBC0_2kF2gH9gS6DfTQetulU51yvE&amp;source=gmail&amp;ust=1752050615711000&amp;usg=AOvVaw0Bsus2cdIG3UK7UGq3pmaN\">Nikola Bukovic<\/a> s Katedre za socijalnu politiku te <a id=\"m_533651652241908856ember2340\" href=\"https:\/\/www.linkedin.com\/in\/josip-milicevic-682044224\/\" target=\"_blank\" rel=\"noopener\" data-saferedirecturl=\"https:\/\/www.google.com\/url?q=https:\/\/www.linkedin.com\/in\/josip-milicevic-682044224\/&amp;source=gmail&amp;ust=1752050615711000&amp;usg=AOvVaw3AN-puvczHpighfwLM4h0w\"><\/a><a href=\"https:\/\/www.linkedin.com\/in\/ACoAADg_IsIBR5aChbBZRlFsVHbOJ2BlIMq8jmk\" target=\"_blank\" rel=\"noopener\" data-saferedirecturl=\"https:\/\/www.google.com\/url?q=https:\/\/www.linkedin.com\/in\/ACoAADg_IsIBR5aChbBZRlFsVHbOJ2BlIMq8jmk&amp;source=gmail&amp;ust=1752050615711000&amp;usg=AOvVaw3EsyHHK507F54amTORTW9S\">Josip Milicevic<\/a>, glavni tajnik Mre\u017ee mladih Hrvatske. Studentice koje su se odazvale konzultacijama su iznijele niz vrijednih iskustava studentskog rada, ali i dosta konstruktivnih prijedloga kako unaprijediti taj aspekt socijalne politike. Njihovi doprinosi \u0107e izravno utjecati na zagovara\u010dke pozicije Mre\u017ee mladih Hrvatske vezano uz problematiku studentskog rada. Ove konzultacije tako\u0111er otvaraju prostor sustavnije suradnje Mre\u017ee mladih Hrvatske i HOME-a na ovoj temi koja je, kao \u0161to se pokazalo i ovom prilikom, iznimno va\u017ena za na\u0161e studentice jer je izravno utje\u010de na njihov socijalni standard, ali i iskustvo studiranja.<\/p>\n<p>&nbsp;<\/p>\n<hr \/>\n<p>&nbsp;<\/p>\n<p>U sklopu projekta 65+, u suradnji s Knji\u017enicama grada Zagreba, odr\u017eana je prva radionica posve\u0107ena o\u010duvanju kognitivnog zdravlja starijih osoba.<\/p>\n<p><strong>Ponosni smo na na\u0161e studentice i studente te mentoricu izv. prof. dr. sc. Marijanu Klete\u010dki Radovi\u0107 koji kroz projekt HOME \u2013 Centra za socijalnu podr\u0161ku i inovacije nastavljaju graditi mostove me\u0111ugeneracijske solidarnosti.<\/strong><\/p>\n<p><strong>Prakti\u010dna nastava na Studijskom centru socijalnog rada jo\u0161 jednom je pokazala kako znanje, empatija i profesionalna priprema mogu ostvariti konkretan doprinos zajednici.<\/strong><\/p>\n<p>S radionicama nastavljamo i na jesen \u2013 vidimo se u novim susretima!<\/p>\n<p><img loading=\"lazy\" decoding=\"async\" class=\"aligncenter size-full wp-image-27277\" src=\"https:\/\/www.pravo.unizg.hr\/wp-content\/uploads\/2025\/07\/home-07-2025-6.jpg\" alt=\"\" width=\"1875\" height=\"2500\" srcset=\"https:\/\/www.pravo.unizg.hr\/wp-content\/uploads\/2025\/07\/home-07-2025-6.jpg 1875w, https:\/\/www.pravo.unizg.hr\/wp-content\/uploads\/2025\/07\/home-07-2025-6-225x300.jpg 225w, https:\/\/www.pravo.unizg.hr\/wp-content\/uploads\/2025\/07\/home-07-2025-6-768x1024.jpg 768w, https:\/\/www.pravo.unizg.hr\/wp-content\/uploads\/2025\/07\/home-07-2025-6-1152x1536.jpg 1152w, https:\/\/www.pravo.unizg.hr\/wp-content\/uploads\/2025\/07\/home-07-2025-6-1536x2048.jpg 1536w\" sizes=\"auto, (max-width: 1875px) 100vw, 1875px\" \/><\/p>\n<p><img loading=\"lazy\" decoding=\"async\" class=\"aligncenter size-full wp-image-27275\" src=\"https:\/\/www.pravo.unizg.hr\/wp-content\/uploads\/2025\/07\/home-07-2025-5.jpg\" alt=\"\" width=\"1536\" height=\"2048\" srcset=\"https:\/\/www.pravo.unizg.hr\/wp-content\/uploads\/2025\/07\/home-07-2025-5.jpg 1536w, https:\/\/www.pravo.unizg.hr\/wp-content\/uploads\/2025\/07\/home-07-2025-5-225x300.jpg 225w, https:\/\/www.pravo.unizg.hr\/wp-content\/uploads\/2025\/07\/home-07-2025-5-768x1024.jpg 768w, https:\/\/www.pravo.unizg.hr\/wp-content\/uploads\/2025\/07\/home-07-2025-5-1152x1536.jpg 1152w\" sizes=\"auto, (max-width: 1536px) 100vw, 1536px\" \/><\/p>\n<p><img loading=\"lazy\" decoding=\"async\" class=\"aligncenter size-full wp-image-27273\" src=\"https:\/\/www.pravo.unizg.hr\/wp-content\/uploads\/2025\/07\/home-07-2025-4.jpg\" alt=\"\" width=\"1200\" height=\"1600\" srcset=\"https:\/\/www.pravo.unizg.hr\/wp-content\/uploads\/2025\/07\/home-07-2025-4.jpg 1200w, https:\/\/www.pravo.unizg.hr\/wp-content\/uploads\/2025\/07\/home-07-2025-4-225x300.jpg 225w, https:\/\/www.pravo.unizg.hr\/wp-content\/uploads\/2025\/07\/home-07-2025-4-768x1024.jpg 768w, https:\/\/www.pravo.unizg.hr\/wp-content\/uploads\/2025\/07\/home-07-2025-4-1152x1536.jpg 1152w\" sizes=\"auto, (max-width: 1200px) 100vw, 1200px\" \/><\/p>\n<p><img loading=\"lazy\" decoding=\"async\" class=\"aligncenter size-full wp-image-27271\" src=\"https:\/\/www.pravo.unizg.hr\/wp-content\/uploads\/2025\/07\/home-07-2025-3.jpg\" alt=\"\" width=\"2048\" height=\"1218\" srcset=\"https:\/\/www.pravo.unizg.hr\/wp-content\/uploads\/2025\/07\/home-07-2025-3.jpg 2048w, https:\/\/www.pravo.unizg.hr\/wp-content\/uploads\/2025\/07\/home-07-2025-3-300x178.jpg 300w, https:\/\/www.pravo.unizg.hr\/wp-content\/uploads\/2025\/07\/home-07-2025-3-1024x609.jpg 1024w, https:\/\/www.pravo.unizg.hr\/wp-content\/uploads\/2025\/07\/home-07-2025-3-768x457.jpg 768w, https:\/\/www.pravo.unizg.hr\/wp-content\/uploads\/2025\/07\/home-07-2025-3-1536x914.jpg 1536w\" sizes=\"auto, (max-width: 2048px) 100vw, 2048px\" \/><\/p>\n<p><img loading=\"lazy\" decoding=\"async\" class=\"aligncenter size-full wp-image-27269\" src=\"https:\/\/www.pravo.unizg.hr\/wp-content\/uploads\/2025\/07\/home-07-2025-2.jpg\" alt=\"\" width=\"1200\" height=\"1600\" srcset=\"https:\/\/www.pravo.unizg.hr\/wp-content\/uploads\/2025\/07\/home-07-2025-2.jpg 1200w, https:\/\/www.pravo.unizg.hr\/wp-content\/uploads\/2025\/07\/home-07-2025-2-225x300.jpg 225w, https:\/\/www.pravo.unizg.hr\/wp-content\/uploads\/2025\/07\/home-07-2025-2-768x1024.jpg 768w, https:\/\/www.pravo.unizg.hr\/wp-content\/uploads\/2025\/07\/home-07-2025-2-1152x1536.jpg 1152w\" sizes=\"auto, (max-width: 1200px) 100vw, 1200px\" \/><\/p>\n<p><img loading=\"lazy\" decoding=\"async\" class=\"aligncenter size-full wp-image-27267\" src=\"https:\/\/www.pravo.unizg.hr\/wp-content\/uploads\/2025\/07\/home-07-2025-1.jpg\" alt=\"\" width=\"2000\" height=\"1500\" srcset=\"https:\/\/www.pravo.unizg.hr\/wp-content\/uploads\/2025\/07\/home-07-2025-1.jpg 2000w, https:\/\/www.pravo.unizg.hr\/wp-content\/uploads\/2025\/07\/home-07-2025-1-300x225.jpg 300w, https:\/\/www.pravo.unizg.hr\/wp-content\/uploads\/2025\/07\/home-07-2025-1-1024x768.jpg 1024w, https:\/\/www.pravo.unizg.hr\/wp-content\/uploads\/2025\/07\/home-07-2025-1-768x576.jpg 768w, https:\/\/www.pravo.unizg.hr\/wp-content\/uploads\/2025\/07\/home-07-2025-1-1536x1152.jpg 1536w\" sizes=\"auto, (max-width: 2000px) 100vw, 2000px\" \/><\/p>\n","protected":false},"excerpt":{"rendered":"<p>&nbsp; \u0160to je HOME \u2013 Centar za socijalnu podr\u0161ku i&#8230;<\/p>\n","protected":false},"author":511,"featured_media":0,"parent":63,"menu_order":13,"comment_status":"closed","ping_status":"closed","template":"","meta":{"footnotes":""},"class_list":["post-24519","page","type-page","status-publish","hentry"],"pp_force_visibility":null,"pp_subpost_visibility":null,"pp_inherited_force_visibility":null,"pp_inherited_subpost_visibility":null,"acf":[],"yoast_head":"<!-- This site is optimized with the Yoast SEO plugin v20.1 - https:\/\/yoast.com\/wordpress\/plugins\/seo\/ -->\n<title>HOME \u2013 Centar za socijalnu podr\u0161ku i inovacije - Faculty of law<\/title>\n<meta name=\"robots\" content=\"index, follow, max-snippet:-1, max-image-preview:large, max-video-preview:-1\" \/>\n<link rel=\"canonical\" href=\"https:\/\/www.pravo.unizg.hr\/studenti\/home\/\" \/>\n<meta property=\"og:locale\" content=\"en_US\" \/>\n<meta property=\"og:type\" content=\"article\" \/>\n<meta property=\"og:title\" content=\"HOME \u2013 Centar za socijalnu podr\u0161ku i inovacije - Faculty of law\" \/>\n<meta property=\"og:description\" content=\"&nbsp; \u0160to je HOME \u2013 Centar za socijalnu podr\u0161ku i...\" \/>\n<meta property=\"og:url\" content=\"https:\/\/www.pravo.unizg.hr\/studenti\/home\/\" \/>\n<meta property=\"og:site_name\" content=\"Faculty of law\" \/>\n<meta property=\"article:modified_time\" content=\"2025-07-14T09:13:51+00:00\" \/>\n<meta property=\"og:image\" content=\"https:\/\/www.pravo.unizg.hr\/wp-content\/uploads\/2025\/01\/home_logo.png\" \/>\n<meta name=\"twitter:card\" content=\"summary_large_image\" \/>\n<meta name=\"twitter:label1\" content=\"Est. reading time\" \/>\n\t<meta name=\"twitter:data1\" content=\"4 minutes\" \/>\n<script type=\"application\/ld+json\" class=\"yoast-schema-graph\">{\"@context\":\"https:\/\/schema.org\",\"@graph\":[{\"@type\":\"WebPage\",\"@id\":\"https:\/\/www.pravo.unizg.hr\/studenti\/home\/\",\"url\":\"https:\/\/www.pravo.unizg.hr\/studenti\/home\/\",\"name\":\"HOME \u2013 Centar za socijalnu podr\u0161ku i inovacije - Faculty of law\",\"isPartOf\":{\"@id\":\"https:\/\/www.pravo.unizg.hr\/#website\"},\"datePublished\":\"2025-01-27T08:15:57+00:00\",\"dateModified\":\"2025-07-14T09:13:51+00:00\",\"breadcrumb\":{\"@id\":\"https:\/\/www.pravo.unizg.hr\/studenti\/home\/#breadcrumb\"},\"inLanguage\":\"en-US\",\"potentialAction\":[{\"@type\":\"ReadAction\",\"target\":[\"https:\/\/www.pravo.unizg.hr\/studenti\/home\/\"]}]},{\"@type\":\"BreadcrumbList\",\"@id\":\"https:\/\/www.pravo.unizg.hr\/studenti\/home\/#breadcrumb\",\"itemListElement\":[{\"@type\":\"ListItem\",\"position\":1,\"name\":\"Homepage\",\"item\":\"https:\/\/www.pravo.unizg.hr\/en\/\"},{\"@type\":\"ListItem\",\"position\":2,\"name\":\"Studenti\",\"item\":\"https:\/\/www.pravo.unizg.hr\/studenti\/\"},{\"@type\":\"ListItem\",\"position\":3,\"name\":\"HOME \u2013 Centar za socijalnu podr\u0161ku i inovacije\"}]},{\"@type\":\"WebSite\",\"@id\":\"https:\/\/www.pravo.unizg.hr\/#website\",\"url\":\"https:\/\/www.pravo.unizg.hr\/\",\"name\":\"Faculty of law\",\"description\":\"\",\"potentialAction\":[{\"@type\":\"SearchAction\",\"target\":{\"@type\":\"EntryPoint\",\"urlTemplate\":\"https:\/\/www.pravo.unizg.hr\/?s={search_term_string}\"},\"query-input\":\"required name=search_term_string\"}],\"inLanguage\":\"en-US\"}]}<\/script>\n<!-- \/ Yoast SEO plugin. -->","yoast_head_json":{"title":"HOME \u2013 Centar za socijalnu podr\u0161ku i inovacije - Faculty of law","robots":{"index":"index","follow":"follow","max-snippet":"max-snippet:-1","max-image-preview":"max-image-preview:large","max-video-preview":"max-video-preview:-1"},"canonical":"https:\/\/www.pravo.unizg.hr\/studenti\/home\/","og_locale":"en_US","og_type":"article","og_title":"HOME \u2013 Centar za socijalnu podr\u0161ku i inovacije - Faculty of law","og_description":"&nbsp; \u0160to je HOME \u2013 Centar za socijalnu podr\u0161ku i...","og_url":"https:\/\/www.pravo.unizg.hr\/studenti\/home\/","og_site_name":"Faculty of law","article_modified_time":"2025-07-14T09:13:51+00:00","og_image":[{"url":"https:\/\/www.pravo.unizg.hr\/wp-content\/uploads\/2025\/01\/home_logo.png"}],"twitter_card":"summary_large_image","twitter_misc":{"Est. reading time":"4 minutes"},"schema":{"@context":"https:\/\/schema.org","@graph":[{"@type":"WebPage","@id":"https:\/\/www.pravo.unizg.hr\/studenti\/home\/","url":"https:\/\/www.pravo.unizg.hr\/studenti\/home\/","name":"HOME \u2013 Centar za socijalnu podr\u0161ku i inovacije - Faculty of law","isPartOf":{"@id":"https:\/\/www.pravo.unizg.hr\/#website"},"datePublished":"2025-01-27T08:15:57+00:00","dateModified":"2025-07-14T09:13:51+00:00","breadcrumb":{"@id":"https:\/\/www.pravo.unizg.hr\/studenti\/home\/#breadcrumb"},"inLanguage":"en-US","potentialAction":[{"@type":"ReadAction","target":["https:\/\/www.pravo.unizg.hr\/studenti\/home\/"]}]},{"@type":"BreadcrumbList","@id":"https:\/\/www.pravo.unizg.hr\/studenti\/home\/#breadcrumb","itemListElement":[{"@type":"ListItem","position":1,"name":"Homepage","item":"https:\/\/www.pravo.unizg.hr\/en\/"},{"@type":"ListItem","position":2,"name":"Studenti","item":"https:\/\/www.pravo.unizg.hr\/studenti\/"},{"@type":"ListItem","position":3,"name":"HOME \u2013 Centar za socijalnu podr\u0161ku i inovacije"}]},{"@type":"WebSite","@id":"https:\/\/www.pravo.unizg.hr\/#website","url":"https:\/\/www.pravo.unizg.hr\/","name":"Faculty of law","description":"","potentialAction":[{"@type":"SearchAction","target":{"@type":"EntryPoint","urlTemplate":"https:\/\/www.pravo.unizg.hr\/?s={search_term_string}"},"query-input":"required name=search_term_string"}],"inLanguage":"en-US"}]}},"_links":{"self":[{"href":"https:\/\/www.pravo.unizg.hr\/en\/wp-json\/wp\/v2\/pages\/24519","targetHints":{"allow":["GET"]}}],"collection":[{"href":"https:\/\/www.pravo.unizg.hr\/en\/wp-json\/wp\/v2\/pages"}],"about":[{"href":"https:\/\/www.pravo.unizg.hr\/en\/wp-json\/wp\/v2\/types\/page"}],"author":[{"embeddable":true,"href":"https:\/\/www.pravo.unizg.hr\/en\/wp-json\/wp\/v2\/users\/511"}],"replies":[{"embeddable":true,"href":"https:\/\/www.pravo.unizg.hr\/en\/wp-json\/wp\/v2\/comments?post=24519"}],"version-history":[{"count":9,"href":"https:\/\/www.pravo.unizg.hr\/en\/wp-json\/wp\/v2\/pages\/24519\/revisions"}],"predecessor-version":[{"id":27280,"href":"https:\/\/www.pravo.unizg.hr\/en\/wp-json\/wp\/v2\/pages\/24519\/revisions\/27280"}],"up":[{"embeddable":true,"href":"https:\/\/www.pravo.unizg.hr\/en\/wp-json\/wp\/v2\/pages\/63"}],"wp:attachment":[{"href":"https:\/\/www.pravo.unizg.hr\/en\/wp-json\/wp\/v2\/media?parent=24519"}],"curies":[{"name":"wp","href":"https:\/\/api.w.org\/{rel}","templated":true}]}}