{"id":22690,"date":"2024-11-19T10:33:42","date_gmt":"2024-11-19T09:33:42","guid":{"rendered":"https:\/\/www.pravo.unizg.hr\/?page_id=22690"},"modified":"2024-11-19T10:36:46","modified_gmt":"2024-11-19T09:36:46","slug":"pristup-gospodarskih-subjekata-trecih-zemalja-eu-trzistu-javne-nabave","status":"publish","type":"page","link":"https:\/\/www.pravo.unizg.hr\/en\/studiji\/cjelozivotno-obrazovanje\/pristup-gospodarskih-subjekata-trecih-zemalja-eu-trzistu-javne-nabave\/","title":{"rendered":"Pristup gospodarskih subjekata tre\u0107ih zemalja EU tr\u017ei\u0161tu javne nabave"},"content":{"rendered":"<p><strong>Pristup gospodarskih subjekata tre\u0107ih zemalja EU tr\u017ei\u0161tu javne nabave \u2013 \u0161to nakon presude Suda Europske unije u predmetu Kolin (C-652\/22)?<\/strong><\/p>\n<p>Posljednjih godina sve je va\u017enije pitanje kako EU treba pristupiti pitanju otvorenosti zajedni\u010dkog tr\u017ei\u0161ta javne nabave za gospodarske subjekte koji dolaze iz dr\u017eava koje nemaju potpisane sporazume o slobodnoj trgovini sa EU, koje mo\u017eda ne dijele temeljne (ekonomske) vrijednosti EU, ali i \u010diji su pravosudni i drugi standardi udaljeniji od onih uspostavljenih u dr\u017eavama \u010dlanicama.<\/p>\n<p>EU sve sna\u017enijim koracima ide prema efektivnom isklju\u010denju takvih gospodarskih subjekata iz postupaka javne nabave. Do sada, ograni\u010davanje pristupa gospodarskim subjektima tre\u0107ih zemalja provodilo se na nekoliko razina \u2013 <em>soft law<\/em>, normativnih ali sudbenih. Ipak, do temeljitih promjena dolazi objavom presude Suda Europske unije (SEU) u predmetu Kolin (C-652\/22) kojim je gospodarskim subjektima iz tre\u0107ih zemalja jako ote\u017ean pristup EU javnonabavnom tr\u017ei\u0161tu, ali su i naru\u010ditelji \u0161irom EU stavljeni u iznimno nesiguran i neizvjestan polo\u017eaj.<\/p>\n<p>Katedra za Upravno pravo Pravnog fakulteta Sveu\u010dili\u0161ta u Zagrebu ima dugogodi\u0161nje iskustvo organiziranja edukacija iz fakultetskog\u00a0programa cjelo\u017eivotnog obrazovanja, u sklopu kojeg\u00a0organizira i ovu edukaciju.<\/p>\n<p>Ovo nije jedna od edukacija koje\u00a0se obavljaju po programu Ministarstva gospodarstva \u00a0radi stjecanja certifikata iz podru\u010dja javne nabave, ve\u0107i naglasak stavljamo na znanstveni pristup analiziranju teme edukacije te na na\u010dine kako su te spoznaje primjenjive u konkretnim postupcima javne nabave.<\/p>\n<p>Edukacija \u0107e se odr\u017eati isklju\u010divo online putem platforme Microsoft Teams. \u00a0Termin odr\u017eavanja je 4. i 5. prosinca\u00a02024. od 9\u00a0do 13h.<\/p>\n<p>Cijena edukacije po polazniku iznosi 232,26 EUR. Upisnina pokriva sve tro\u0161kove edukacije, \u0161to uklju\u010duje nastavne materijale i izdavanje potvrda.<\/p>\n<p>Detaljne informacije o satnici, nastavnim cjelinama, predava\u010dima i na\u010dinu prijave mo\u017eete vidjeti u zasebnim rubrikama.<\/p>\n<p>Za sve ostale\u00a0informacije mo\u017eete se obratiti na sljede\u0107i mail:\u00a0<a href=\"mailto:cjelozivotno@pravo.hr\">cjelozivotno@pravo.hr<\/a><\/p>\n","protected":false},"excerpt":{"rendered":"<p>Pristup gospodarskih subjekata tre\u0107ih zemalja EU tr\u017ei\u0161tu javne nabave \u2013&#8230;<\/p>\n","protected":false},"author":511,"featured_media":0,"parent":60,"menu_order":0,"comment_status":"closed","ping_status":"closed","template":"","meta":{"footnotes":""},"class_list":["post-22690","page","type-page","status-publish","hentry"],"pp_force_visibility":null,"pp_subpost_visibility":null,"pp_inherited_force_visibility":null,"pp_inherited_subpost_visibility":null,"acf":[],"yoast_head":"<!-- This site is optimized with the Yoast SEO plugin v20.1 - https:\/\/yoast.com\/wordpress\/plugins\/seo\/ -->\n<title>Pristup gospodarskih subjekata tre\u0107ih zemalja EU tr\u017ei\u0161tu javne nabave - Faculty of law<\/title>\n<meta name=\"robots\" content=\"index, follow, max-snippet:-1, max-image-preview:large, max-video-preview:-1\" \/>\n<link rel=\"canonical\" href=\"https:\/\/www.pravo.unizg.hr\/studiji\/cjelozivotno-obrazovanje\/pristup-gospodarskih-subjekata-trecih-zemalja-eu-trzistu-javne-nabave\/\" \/>\n<meta property=\"og:locale\" content=\"en_US\" \/>\n<meta property=\"og:type\" content=\"article\" \/>\n<meta property=\"og:title\" content=\"Pristup gospodarskih subjekata tre\u0107ih zemalja EU tr\u017ei\u0161tu javne nabave - Faculty of law\" \/>\n<meta property=\"og:description\" content=\"Pristup gospodarskih subjekata tre\u0107ih zemalja EU tr\u017ei\u0161tu javne nabave \u2013...\" \/>\n<meta property=\"og:url\" content=\"https:\/\/www.pravo.unizg.hr\/studiji\/cjelozivotno-obrazovanje\/pristup-gospodarskih-subjekata-trecih-zemalja-eu-trzistu-javne-nabave\/\" \/>\n<meta property=\"og:site_name\" content=\"Faculty of law\" \/>\n<meta property=\"article:modified_time\" content=\"2024-11-19T09:36:46+00:00\" \/>\n<meta name=\"twitter:card\" content=\"summary_large_image\" \/>\n<meta name=\"twitter:label1\" content=\"Est. reading time\" \/>\n\t<meta name=\"twitter:data1\" content=\"2 minutes\" \/>\n<script type=\"application\/ld+json\" class=\"yoast-schema-graph\">{\"@context\":\"https:\/\/schema.org\",\"@graph\":[{\"@type\":\"WebPage\",\"@id\":\"https:\/\/www.pravo.unizg.hr\/studiji\/cjelozivotno-obrazovanje\/pristup-gospodarskih-subjekata-trecih-zemalja-eu-trzistu-javne-nabave\/\",\"url\":\"https:\/\/www.pravo.unizg.hr\/studiji\/cjelozivotno-obrazovanje\/pristup-gospodarskih-subjekata-trecih-zemalja-eu-trzistu-javne-nabave\/\",\"name\":\"Pristup gospodarskih subjekata tre\u0107ih zemalja EU tr\u017ei\u0161tu javne nabave - Faculty of law\",\"isPartOf\":{\"@id\":\"https:\/\/www.pravo.unizg.hr\/#website\"},\"datePublished\":\"2024-11-19T09:33:42+00:00\",\"dateModified\":\"2024-11-19T09:36:46+00:00\",\"breadcrumb\":{\"@id\":\"https:\/\/www.pravo.unizg.hr\/studiji\/cjelozivotno-obrazovanje\/pristup-gospodarskih-subjekata-trecih-zemalja-eu-trzistu-javne-nabave\/#breadcrumb\"},\"inLanguage\":\"en-US\",\"potentialAction\":[{\"@type\":\"ReadAction\",\"target\":[\"https:\/\/www.pravo.unizg.hr\/studiji\/cjelozivotno-obrazovanje\/pristup-gospodarskih-subjekata-trecih-zemalja-eu-trzistu-javne-nabave\/\"]}]},{\"@type\":\"BreadcrumbList\",\"@id\":\"https:\/\/www.pravo.unizg.hr\/studiji\/cjelozivotno-obrazovanje\/pristup-gospodarskih-subjekata-trecih-zemalja-eu-trzistu-javne-nabave\/#breadcrumb\",\"itemListElement\":[{\"@type\":\"ListItem\",\"position\":1,\"name\":\"Homepage\",\"item\":\"https:\/\/www.pravo.unizg.hr\/en\/\"},{\"@type\":\"ListItem\",\"position\":2,\"name\":\"Studiji\",\"item\":\"https:\/\/www.pravo.unizg.hr\/studiji\/\"},{\"@type\":\"ListItem\",\"position\":3,\"name\":\"Cjelo\u017eivotno obrazovanje\",\"item\":\"https:\/\/www.pravo.unizg.hr\/studiji\/cjelozivotno-obrazovanje\/\"},{\"@type\":\"ListItem\",\"position\":4,\"name\":\"Pristup gospodarskih subjekata tre\u0107ih zemalja EU tr\u017ei\u0161tu javne nabave\"}]},{\"@type\":\"WebSite\",\"@id\":\"https:\/\/www.pravo.unizg.hr\/#website\",\"url\":\"https:\/\/www.pravo.unizg.hr\/\",\"name\":\"Faculty of law\",\"description\":\"\",\"potentialAction\":[{\"@type\":\"SearchAction\",\"target\":{\"@type\":\"EntryPoint\",\"urlTemplate\":\"https:\/\/www.pravo.unizg.hr\/?s={search_term_string}\"},\"query-input\":\"required name=search_term_string\"}],\"inLanguage\":\"en-US\"}]}<\/script>\n<!-- \/ Yoast SEO plugin. -->","yoast_head_json":{"title":"Pristup gospodarskih subjekata tre\u0107ih zemalja EU tr\u017ei\u0161tu javne nabave - Faculty of law","robots":{"index":"index","follow":"follow","max-snippet":"max-snippet:-1","max-image-preview":"max-image-preview:large","max-video-preview":"max-video-preview:-1"},"canonical":"https:\/\/www.pravo.unizg.hr\/studiji\/cjelozivotno-obrazovanje\/pristup-gospodarskih-subjekata-trecih-zemalja-eu-trzistu-javne-nabave\/","og_locale":"en_US","og_type":"article","og_title":"Pristup gospodarskih subjekata tre\u0107ih zemalja EU tr\u017ei\u0161tu javne nabave - Faculty of law","og_description":"Pristup gospodarskih subjekata tre\u0107ih zemalja EU tr\u017ei\u0161tu javne nabave \u2013...","og_url":"https:\/\/www.pravo.unizg.hr\/studiji\/cjelozivotno-obrazovanje\/pristup-gospodarskih-subjekata-trecih-zemalja-eu-trzistu-javne-nabave\/","og_site_name":"Faculty of law","article_modified_time":"2024-11-19T09:36:46+00:00","twitter_card":"summary_large_image","twitter_misc":{"Est. reading time":"2 minutes"},"schema":{"@context":"https:\/\/schema.org","@graph":[{"@type":"WebPage","@id":"https:\/\/www.pravo.unizg.hr\/studiji\/cjelozivotno-obrazovanje\/pristup-gospodarskih-subjekata-trecih-zemalja-eu-trzistu-javne-nabave\/","url":"https:\/\/www.pravo.unizg.hr\/studiji\/cjelozivotno-obrazovanje\/pristup-gospodarskih-subjekata-trecih-zemalja-eu-trzistu-javne-nabave\/","name":"Pristup gospodarskih subjekata tre\u0107ih zemalja EU tr\u017ei\u0161tu javne nabave - Faculty of law","isPartOf":{"@id":"https:\/\/www.pravo.unizg.hr\/#website"},"datePublished":"2024-11-19T09:33:42+00:00","dateModified":"2024-11-19T09:36:46+00:00","breadcrumb":{"@id":"https:\/\/www.pravo.unizg.hr\/studiji\/cjelozivotno-obrazovanje\/pristup-gospodarskih-subjekata-trecih-zemalja-eu-trzistu-javne-nabave\/#breadcrumb"},"inLanguage":"en-US","potentialAction":[{"@type":"ReadAction","target":["https:\/\/www.pravo.unizg.hr\/studiji\/cjelozivotno-obrazovanje\/pristup-gospodarskih-subjekata-trecih-zemalja-eu-trzistu-javne-nabave\/"]}]},{"@type":"BreadcrumbList","@id":"https:\/\/www.pravo.unizg.hr\/studiji\/cjelozivotno-obrazovanje\/pristup-gospodarskih-subjekata-trecih-zemalja-eu-trzistu-javne-nabave\/#breadcrumb","itemListElement":[{"@type":"ListItem","position":1,"name":"Homepage","item":"https:\/\/www.pravo.unizg.hr\/en\/"},{"@type":"ListItem","position":2,"name":"Studiji","item":"https:\/\/www.pravo.unizg.hr\/studiji\/"},{"@type":"ListItem","position":3,"name":"Cjelo\u017eivotno obrazovanje","item":"https:\/\/www.pravo.unizg.hr\/studiji\/cjelozivotno-obrazovanje\/"},{"@type":"ListItem","position":4,"name":"Pristup gospodarskih subjekata tre\u0107ih zemalja EU tr\u017ei\u0161tu javne nabave"}]},{"@type":"WebSite","@id":"https:\/\/www.pravo.unizg.hr\/#website","url":"https:\/\/www.pravo.unizg.hr\/","name":"Faculty of law","description":"","potentialAction":[{"@type":"SearchAction","target":{"@type":"EntryPoint","urlTemplate":"https:\/\/www.pravo.unizg.hr\/?s={search_term_string}"},"query-input":"required name=search_term_string"}],"inLanguage":"en-US"}]}},"_links":{"self":[{"href":"https:\/\/www.pravo.unizg.hr\/en\/wp-json\/wp\/v2\/pages\/22690","targetHints":{"allow":["GET"]}}],"collection":[{"href":"https:\/\/www.pravo.unizg.hr\/en\/wp-json\/wp\/v2\/pages"}],"about":[{"href":"https:\/\/www.pravo.unizg.hr\/en\/wp-json\/wp\/v2\/types\/page"}],"author":[{"embeddable":true,"href":"https:\/\/www.pravo.unizg.hr\/en\/wp-json\/wp\/v2\/users\/511"}],"replies":[{"embeddable":true,"href":"https:\/\/www.pravo.unizg.hr\/en\/wp-json\/wp\/v2\/comments?post=22690"}],"version-history":[{"count":4,"href":"https:\/\/www.pravo.unizg.hr\/en\/wp-json\/wp\/v2\/pages\/22690\/revisions"}],"predecessor-version":[{"id":22694,"href":"https:\/\/www.pravo.unizg.hr\/en\/wp-json\/wp\/v2\/pages\/22690\/revisions\/22694"}],"up":[{"embeddable":true,"href":"https:\/\/www.pravo.unizg.hr\/en\/wp-json\/wp\/v2\/pages\/60"}],"wp:attachment":[{"href":"https:\/\/www.pravo.unizg.hr\/en\/wp-json\/wp\/v2\/media?parent=22690"}],"curies":[{"name":"wp","href":"https:\/\/api.w.org\/{rel}","templated":true}]}}