{"id":20232,"date":"2024-08-26T16:36:54","date_gmt":"2024-08-26T15:36:54","guid":{"rendered":"https:\/\/www.pravo.unizg.hr\/?page_id=20232"},"modified":"2024-08-27T09:28:55","modified_gmt":"2024-08-27T08:28:55","slug":"samokorigiranje","status":"publish","type":"page","link":"https:\/\/www.pravo.unizg.hr\/en\/studiji\/cjelozivotno-obrazovanje\/samokorigiranje\/","title":{"rendered":"Samokorigiranje, oslanjanje na sposobnost drugog gospodarskog subjekta i podugovaranje u javnoj nabavi"},"content":{"rendered":"<p>Pravo javne nabave sadr\u017ei mnoge alate kojima se gospodarskim subjektima \u017eeli olak\u0161ati sudjelovanje u javnonabavnim postupcima. Logika je jednostavna \u2013 \u0161to je vi\u0161e ponuditelja \u2013 to je ja\u010de tr\u017ei\u0161no natjecanje. Ipak, neki od tih alata su \u201dkontroverzniji\u201d od drugih, i njihovo kori\u0161tenje sadr\u017ei potencijalne probleme i za gospodarske subjekte, ali i za naru\u010ditelje koji provode konkretni postupak javne nabave. Oni na koje posebno treba obratiti pa\u017enju su \u2013 samokorigiranje, oslanjanje na sposobnost drugog gospodarskog subjekta i podugovaranje. Gdje je granica zakonitog i svrsishodnog kori\u0161tenja ovih instituta? Kako ih koristiti na na\u010din da se maksimizira tr\u017ei\u0161no natjecanje, ali i da se drugi ponuditelji ne dovode u lo\u0161iji polo\u017eaj \u2013 \u0161to onda rezultira kori\u0161tenjem pravnih lijekova i osporavanjem javnonabavnog postupka? To su samo neke od tema o kojima \u0107emo pri\u010dati na ovoj edukaciji.<\/p>\n<p>Katedra za Upravno pravo Pravnog fakulteta Sveu\u010dili\u0161ta u Zagrebu ima dugogodi\u0161nje iskustvo organiziranja edukacija iz fakultetskog\u00a0programa cjelo\u017eivotnog obrazovanja, u sklopu kojeg\u00a0organizira i ovu edukaciju.<\/p>\n<p>Predava\u010di su \u010dlanovi Katedre za Upravno pravo i DKOM-a sa \u0161irokim kompetencijama u javnoj nabavi. Ovakav spoj znanstvenog i prakti\u010dnog pristupa osigurava sagledavanje klju\u010dnih pitanja izmjene ugovora o javnoj nabavi iz vi\u0161e razli\u010ditih gledi\u0161ta.<\/p>\n<p><strong>Ovo nije jedna od edukacija koje\u00a0se obavljaju po programu Ministarstva gospodarstva i\u00a0odr\u017eivog razvoja\u00a0radi stjecanja certifikata iz podru\u010dja javne nabave, ve\u0107i naglasak stavljamo na znanstveni pristup analiziranju teme edukacije te na na\u010dine kako su te spoznaje primjenjive u konkretnim postupcima javne nabave.<\/strong><\/p>\n<p>&nbsp;<\/p>\n<p>Edukacija \u0107e se odr\u017eati isklju\u010divo online. \u00a0Termin odr\u017eavanja je 23. i 24. rujna 2024. od 15 do 19h.<\/p>\n<p>&nbsp;<\/p>\n<p>Cijena edukacije po polazniku iznosi 232,26 EUR. Upisnina pokriva sve tro\u0161kove edukacije, \u0161to uklju\u010duje nastavne materijale i \u00a0izdavanje potvrde.<\/p>\n<p>&nbsp;<\/p>\n<p>Detaljne informacije o satnici, nastavnim cjelinama, predava\u010dima i na\u010dinu prijave mo\u017eete vidjeti u zasebnim rubrikama.<\/p>\n<p>Za sve ostale informacije mo\u017eete se obratiti na sljede\u0107e e-mail adrese: <a href=\"mailto:mturudic@pravo.hr\">mturudic@pravo.hr<\/a> i <a href=\"mailto:cjelozivotno@pravo.hr\">cjelozivotno@pravo.hr<\/a><\/p>\n","protected":false},"excerpt":{"rendered":"<p>Pravo javne nabave sadr\u017ei mnoge alate kojima se gospodarskim subjektima&#8230;<\/p>\n","protected":false},"author":511,"featured_media":0,"parent":60,"menu_order":0,"comment_status":"closed","ping_status":"closed","template":"","meta":{"footnotes":""},"class_list":["post-20232","page","type-page","status-publish","hentry"],"pp_force_visibility":null,"pp_subpost_visibility":null,"pp_inherited_force_visibility":null,"pp_inherited_subpost_visibility":null,"acf":[],"yoast_head":"<!-- This site is optimized with the Yoast SEO plugin v20.1 - https:\/\/yoast.com\/wordpress\/plugins\/seo\/ -->\n<title>Samokorigiranje, oslanjanje na sposobnost drugog gospodarskog subjekta i podugovaranje u javnoj nabavi - Faculty of law<\/title>\n<meta name=\"robots\" content=\"index, follow, max-snippet:-1, max-image-preview:large, max-video-preview:-1\" \/>\n<link rel=\"canonical\" href=\"https:\/\/www.pravo.unizg.hr\/studiji\/cjelozivotno-obrazovanje\/samokorigiranje\/\" \/>\n<meta property=\"og:locale\" content=\"en_US\" \/>\n<meta property=\"og:type\" content=\"article\" \/>\n<meta property=\"og:title\" content=\"Samokorigiranje, oslanjanje na sposobnost drugog gospodarskog subjekta i podugovaranje u javnoj nabavi - Faculty of law\" \/>\n<meta property=\"og:description\" content=\"Pravo javne nabave sadr\u017ei mnoge alate kojima se gospodarskim subjektima...\" \/>\n<meta property=\"og:url\" content=\"https:\/\/www.pravo.unizg.hr\/studiji\/cjelozivotno-obrazovanje\/samokorigiranje\/\" \/>\n<meta property=\"og:site_name\" content=\"Faculty of law\" \/>\n<meta property=\"article:modified_time\" content=\"2024-08-27T08:28:55+00:00\" \/>\n<meta name=\"twitter:card\" content=\"summary_large_image\" \/>\n<meta name=\"twitter:label1\" content=\"Est. reading time\" \/>\n\t<meta name=\"twitter:data1\" content=\"2 minutes\" \/>\n<script type=\"application\/ld+json\" class=\"yoast-schema-graph\">{\"@context\":\"https:\/\/schema.org\",\"@graph\":[{\"@type\":\"WebPage\",\"@id\":\"https:\/\/www.pravo.unizg.hr\/studiji\/cjelozivotno-obrazovanje\/samokorigiranje\/\",\"url\":\"https:\/\/www.pravo.unizg.hr\/studiji\/cjelozivotno-obrazovanje\/samokorigiranje\/\",\"name\":\"Samokorigiranje, oslanjanje na sposobnost drugog gospodarskog subjekta i podugovaranje u javnoj nabavi - Faculty of law\",\"isPartOf\":{\"@id\":\"https:\/\/www.pravo.unizg.hr\/#website\"},\"datePublished\":\"2024-08-26T15:36:54+00:00\",\"dateModified\":\"2024-08-27T08:28:55+00:00\",\"breadcrumb\":{\"@id\":\"https:\/\/www.pravo.unizg.hr\/studiji\/cjelozivotno-obrazovanje\/samokorigiranje\/#breadcrumb\"},\"inLanguage\":\"en-US\",\"potentialAction\":[{\"@type\":\"ReadAction\",\"target\":[\"https:\/\/www.pravo.unizg.hr\/studiji\/cjelozivotno-obrazovanje\/samokorigiranje\/\"]}]},{\"@type\":\"BreadcrumbList\",\"@id\":\"https:\/\/www.pravo.unizg.hr\/studiji\/cjelozivotno-obrazovanje\/samokorigiranje\/#breadcrumb\",\"itemListElement\":[{\"@type\":\"ListItem\",\"position\":1,\"name\":\"Homepage\",\"item\":\"https:\/\/www.pravo.unizg.hr\/en\/\"},{\"@type\":\"ListItem\",\"position\":2,\"name\":\"Studiji\",\"item\":\"https:\/\/www.pravo.unizg.hr\/studiji\/\"},{\"@type\":\"ListItem\",\"position\":3,\"name\":\"Cjelo\u017eivotno obrazovanje\",\"item\":\"https:\/\/www.pravo.unizg.hr\/studiji\/cjelozivotno-obrazovanje\/\"},{\"@type\":\"ListItem\",\"position\":4,\"name\":\"Samokorigiranje, oslanjanje na sposobnost drugog gospodarskog subjekta i podugovaranje u javnoj nabavi\"}]},{\"@type\":\"WebSite\",\"@id\":\"https:\/\/www.pravo.unizg.hr\/#website\",\"url\":\"https:\/\/www.pravo.unizg.hr\/\",\"name\":\"Faculty of law\",\"description\":\"\",\"potentialAction\":[{\"@type\":\"SearchAction\",\"target\":{\"@type\":\"EntryPoint\",\"urlTemplate\":\"https:\/\/www.pravo.unizg.hr\/?s={search_term_string}\"},\"query-input\":\"required name=search_term_string\"}],\"inLanguage\":\"en-US\"}]}<\/script>\n<!-- \/ Yoast SEO plugin. -->","yoast_head_json":{"title":"Samokorigiranje, oslanjanje na sposobnost drugog gospodarskog subjekta i podugovaranje u javnoj nabavi - Faculty of law","robots":{"index":"index","follow":"follow","max-snippet":"max-snippet:-1","max-image-preview":"max-image-preview:large","max-video-preview":"max-video-preview:-1"},"canonical":"https:\/\/www.pravo.unizg.hr\/studiji\/cjelozivotno-obrazovanje\/samokorigiranje\/","og_locale":"en_US","og_type":"article","og_title":"Samokorigiranje, oslanjanje na sposobnost drugog gospodarskog subjekta i podugovaranje u javnoj nabavi - Faculty of law","og_description":"Pravo javne nabave sadr\u017ei mnoge alate kojima se gospodarskim subjektima...","og_url":"https:\/\/www.pravo.unizg.hr\/studiji\/cjelozivotno-obrazovanje\/samokorigiranje\/","og_site_name":"Faculty of law","article_modified_time":"2024-08-27T08:28:55+00:00","twitter_card":"summary_large_image","twitter_misc":{"Est. reading time":"2 minutes"},"schema":{"@context":"https:\/\/schema.org","@graph":[{"@type":"WebPage","@id":"https:\/\/www.pravo.unizg.hr\/studiji\/cjelozivotno-obrazovanje\/samokorigiranje\/","url":"https:\/\/www.pravo.unizg.hr\/studiji\/cjelozivotno-obrazovanje\/samokorigiranje\/","name":"Samokorigiranje, oslanjanje na sposobnost drugog gospodarskog subjekta i podugovaranje u javnoj nabavi - Faculty of law","isPartOf":{"@id":"https:\/\/www.pravo.unizg.hr\/#website"},"datePublished":"2024-08-26T15:36:54+00:00","dateModified":"2024-08-27T08:28:55+00:00","breadcrumb":{"@id":"https:\/\/www.pravo.unizg.hr\/studiji\/cjelozivotno-obrazovanje\/samokorigiranje\/#breadcrumb"},"inLanguage":"en-US","potentialAction":[{"@type":"ReadAction","target":["https:\/\/www.pravo.unizg.hr\/studiji\/cjelozivotno-obrazovanje\/samokorigiranje\/"]}]},{"@type":"BreadcrumbList","@id":"https:\/\/www.pravo.unizg.hr\/studiji\/cjelozivotno-obrazovanje\/samokorigiranje\/#breadcrumb","itemListElement":[{"@type":"ListItem","position":1,"name":"Homepage","item":"https:\/\/www.pravo.unizg.hr\/en\/"},{"@type":"ListItem","position":2,"name":"Studiji","item":"https:\/\/www.pravo.unizg.hr\/studiji\/"},{"@type":"ListItem","position":3,"name":"Cjelo\u017eivotno obrazovanje","item":"https:\/\/www.pravo.unizg.hr\/studiji\/cjelozivotno-obrazovanje\/"},{"@type":"ListItem","position":4,"name":"Samokorigiranje, oslanjanje na sposobnost drugog gospodarskog subjekta i podugovaranje u javnoj nabavi"}]},{"@type":"WebSite","@id":"https:\/\/www.pravo.unizg.hr\/#website","url":"https:\/\/www.pravo.unizg.hr\/","name":"Faculty of law","description":"","potentialAction":[{"@type":"SearchAction","target":{"@type":"EntryPoint","urlTemplate":"https:\/\/www.pravo.unizg.hr\/?s={search_term_string}"},"query-input":"required name=search_term_string"}],"inLanguage":"en-US"}]}},"_links":{"self":[{"href":"https:\/\/www.pravo.unizg.hr\/en\/wp-json\/wp\/v2\/pages\/20232","targetHints":{"allow":["GET"]}}],"collection":[{"href":"https:\/\/www.pravo.unizg.hr\/en\/wp-json\/wp\/v2\/pages"}],"about":[{"href":"https:\/\/www.pravo.unizg.hr\/en\/wp-json\/wp\/v2\/types\/page"}],"author":[{"embeddable":true,"href":"https:\/\/www.pravo.unizg.hr\/en\/wp-json\/wp\/v2\/users\/511"}],"replies":[{"embeddable":true,"href":"https:\/\/www.pravo.unizg.hr\/en\/wp-json\/wp\/v2\/comments?post=20232"}],"version-history":[{"count":5,"href":"https:\/\/www.pravo.unizg.hr\/en\/wp-json\/wp\/v2\/pages\/20232\/revisions"}],"predecessor-version":[{"id":20245,"href":"https:\/\/www.pravo.unizg.hr\/en\/wp-json\/wp\/v2\/pages\/20232\/revisions\/20245"}],"up":[{"embeddable":true,"href":"https:\/\/www.pravo.unizg.hr\/en\/wp-json\/wp\/v2\/pages\/60"}],"wp:attachment":[{"href":"https:\/\/www.pravo.unizg.hr\/en\/wp-json\/wp\/v2\/media?parent=20232"}],"curies":[{"name":"wp","href":"https:\/\/api.w.org\/{rel}","templated":true}]}}