{"id":19299,"date":"2024-06-17T08:58:33","date_gmt":"2024-06-17T07:58:33","guid":{"rendered":"https:\/\/www.pravo.unizg.hr\/projects\/active-projects\/plurilingmedia\/"},"modified":"2025-03-26T09:05:53","modified_gmt":"2025-03-26T08:05:53","slug":"plurilingmedia","status":"publish","type":"page","link":"https:\/\/www.pravo.unizg.hr\/en\/plurilingmedia","title":{"rendered":"Language Plurality in Europe\u2019s Changing Media Sphere (PLURILINGMEDIA)"},"content":{"rendered":"<p>Duration<br \/>\n<strong>1. 10. 2024. \u2013 30. 9. 2028.<\/strong><\/p>\n<p>Project Leader<br \/>\n<strong>Assoc. Prof. Dr. sc. Antonija Petri\u010du\u0161i\u0107\u00a0<\/strong><\/p>\n<p>Programme<br \/>\n<strong>COST (European Cooperation in Science and Technology)<\/strong><\/p>\n<p>&nbsp;<\/p>\n<p>Protecting Europe\u2019s linguistic plurality and increasing multilingualism is a clear aim of the European Union and the Council of Europe, balanced against the concern of increasing dominance of larger languages \u2013 most prominently English. The challenge is also present in the media which is facing increased global competition and changing consumption trends, threatening media spheres in official national languages and even more so for regional and minority languages. PLURILINGMEDIA intends to advance collaboration and bring coherence to the field of European media from the perspective of language plurality, encouraging involvement of scholars in related disciplines and facilitating knowledge transfer between academics and practitioners. This incorporates the digitalisation shifts affecting consumption and provision of media, providing opportunities and threats to journalists, as well as influencing policymakers, educators and other stakeholders. Academics working on these topics mostly work on singular linguistic spheres and there remains a deficiency of knowledge transfer across the dimensions of academic discipline, career-stage, geography and industry. Spreading instances of good practice will be of particular relevance to smaller linguistic spheres and lesser- funded media outlets, who may be able to benefit from certain elements of digitalisation. Moreover, involving individual content creators with institutional actors will also bring further plurality to media spheres, aiming to determine the benefits of this convergence of actors on the same platforms and share methods of reaching younger audiences. Through all of this, PLURILINGMEDIA plans to demonstrate the plurality of a given regional or minority language sphere, empowering use of the language through media.<\/p>\n","protected":false},"excerpt":{"rendered":"<p>Duration 1. 10. 2024. \u2013 30. 9. 2028. Project Leader&#8230;<\/p>\n","protected":false},"author":511,"featured_media":0,"parent":14863,"menu_order":0,"comment_status":"closed","ping_status":"closed","template":"","meta":{"footnotes":""},"class_list":["post-19299","page","type-page","status-publish","hentry"],"pp_force_visibility":null,"pp_subpost_visibility":null,"pp_inherited_force_visibility":null,"pp_inherited_subpost_visibility":null,"acf":[],"yoast_head":"<!-- This site is optimized with the Yoast SEO plugin v20.1 - https:\/\/yoast.com\/wordpress\/plugins\/seo\/ -->\n<title>Language Plurality in Europe\u2019s Changing Media Sphere (PLURILINGMEDIA) - Faculty of law<\/title>\n<meta name=\"robots\" content=\"index, follow, max-snippet:-1, max-image-preview:large, max-video-preview:-1\" \/>\n<link rel=\"canonical\" href=\"https:\/\/www.pravo.unizg.hr\/en\/plurilingmedia\/\" \/>\n<meta property=\"og:locale\" content=\"en_US\" \/>\n<meta property=\"og:type\" content=\"article\" \/>\n<meta property=\"og:title\" content=\"Language Plurality in Europe\u2019s Changing Media Sphere (PLURILINGMEDIA) - Faculty of law\" \/>\n<meta property=\"og:description\" content=\"Duration 1. 10. 2024. \u2013 30. 9. 2028. Project Leader...\" \/>\n<meta property=\"og:url\" content=\"https:\/\/www.pravo.unizg.hr\/en\/plurilingmedia\/\" \/>\n<meta property=\"og:site_name\" content=\"Faculty of law\" \/>\n<meta property=\"article:modified_time\" content=\"2025-03-26T08:05:53+00:00\" \/>\n<meta name=\"twitter:card\" content=\"summary_large_image\" \/>\n<meta name=\"twitter:label1\" content=\"Est. reading time\" \/>\n\t<meta name=\"twitter:data1\" content=\"1 minute\" \/>\n<script type=\"application\/ld+json\" class=\"yoast-schema-graph\">{\"@context\":\"https:\/\/schema.org\",\"@graph\":[{\"@type\":\"WebPage\",\"@id\":\"https:\/\/www.pravo.unizg.hr\/en\/plurilingmedia\/\",\"url\":\"https:\/\/www.pravo.unizg.hr\/en\/plurilingmedia\/\",\"name\":\"Language Plurality in Europe\u2019s Changing Media Sphere (PLURILINGMEDIA) - Faculty of law\",\"isPartOf\":{\"@id\":\"https:\/\/www.pravo.unizg.hr\/#website\"},\"datePublished\":\"2024-06-17T07:58:33+00:00\",\"dateModified\":\"2025-03-26T08:05:53+00:00\",\"breadcrumb\":{\"@id\":\"https:\/\/www.pravo.unizg.hr\/en\/plurilingmedia\/#breadcrumb\"},\"inLanguage\":\"en-US\",\"potentialAction\":[{\"@type\":\"ReadAction\",\"target\":[\"https:\/\/www.pravo.unizg.hr\/en\/plurilingmedia\/\"]}]},{\"@type\":\"BreadcrumbList\",\"@id\":\"https:\/\/www.pravo.unizg.hr\/en\/plurilingmedia\/#breadcrumb\",\"itemListElement\":[{\"@type\":\"ListItem\",\"position\":1,\"name\":\"Homepage\",\"item\":\"https:\/\/www.pravo.unizg.hr\/en\/\"},{\"@type\":\"ListItem\",\"position\":2,\"name\":\"Projects\",\"item\":\"https:\/\/www.pravo.unizg.hr\/en\/projects\/\"},{\"@type\":\"ListItem\",\"position\":3,\"name\":\"Active projects\",\"item\":\"https:\/\/www.pravo.unizg.hr\/en\/projects\/active-projects\/\"},{\"@type\":\"ListItem\",\"position\":4,\"name\":\"Language Plurality in Europe\u2019s Changing Media Sphere (PLURILINGMEDIA)\"}]},{\"@type\":\"WebSite\",\"@id\":\"https:\/\/www.pravo.unizg.hr\/#website\",\"url\":\"https:\/\/www.pravo.unizg.hr\/\",\"name\":\"Faculty of law\",\"description\":\"\",\"potentialAction\":[{\"@type\":\"SearchAction\",\"target\":{\"@type\":\"EntryPoint\",\"urlTemplate\":\"https:\/\/www.pravo.unizg.hr\/?s={search_term_string}\"},\"query-input\":\"required name=search_term_string\"}],\"inLanguage\":\"en-US\"}]}<\/script>\n<!-- \/ Yoast SEO plugin. -->","yoast_head_json":{"title":"Language Plurality in Europe\u2019s Changing Media Sphere (PLURILINGMEDIA) - Faculty of law","robots":{"index":"index","follow":"follow","max-snippet":"max-snippet:-1","max-image-preview":"max-image-preview:large","max-video-preview":"max-video-preview:-1"},"canonical":"https:\/\/www.pravo.unizg.hr\/en\/plurilingmedia\/","og_locale":"en_US","og_type":"article","og_title":"Language Plurality in Europe\u2019s Changing Media Sphere (PLURILINGMEDIA) - Faculty of law","og_description":"Duration 1. 10. 2024. \u2013 30. 9. 2028. Project Leader...","og_url":"https:\/\/www.pravo.unizg.hr\/en\/plurilingmedia\/","og_site_name":"Faculty of law","article_modified_time":"2025-03-26T08:05:53+00:00","twitter_card":"summary_large_image","twitter_misc":{"Est. reading time":"1 minute"},"schema":{"@context":"https:\/\/schema.org","@graph":[{"@type":"WebPage","@id":"https:\/\/www.pravo.unizg.hr\/en\/plurilingmedia\/","url":"https:\/\/www.pravo.unizg.hr\/en\/plurilingmedia\/","name":"Language Plurality in Europe\u2019s Changing Media Sphere (PLURILINGMEDIA) - Faculty of law","isPartOf":{"@id":"https:\/\/www.pravo.unizg.hr\/#website"},"datePublished":"2024-06-17T07:58:33+00:00","dateModified":"2025-03-26T08:05:53+00:00","breadcrumb":{"@id":"https:\/\/www.pravo.unizg.hr\/en\/plurilingmedia\/#breadcrumb"},"inLanguage":"en-US","potentialAction":[{"@type":"ReadAction","target":["https:\/\/www.pravo.unizg.hr\/en\/plurilingmedia\/"]}]},{"@type":"BreadcrumbList","@id":"https:\/\/www.pravo.unizg.hr\/en\/plurilingmedia\/#breadcrumb","itemListElement":[{"@type":"ListItem","position":1,"name":"Homepage","item":"https:\/\/www.pravo.unizg.hr\/en\/"},{"@type":"ListItem","position":2,"name":"Projects","item":"https:\/\/www.pravo.unizg.hr\/en\/projects\/"},{"@type":"ListItem","position":3,"name":"Active projects","item":"https:\/\/www.pravo.unizg.hr\/en\/projects\/active-projects\/"},{"@type":"ListItem","position":4,"name":"Language Plurality in Europe\u2019s Changing Media Sphere (PLURILINGMEDIA)"}]},{"@type":"WebSite","@id":"https:\/\/www.pravo.unizg.hr\/#website","url":"https:\/\/www.pravo.unizg.hr\/","name":"Faculty of law","description":"","potentialAction":[{"@type":"SearchAction","target":{"@type":"EntryPoint","urlTemplate":"https:\/\/www.pravo.unizg.hr\/?s={search_term_string}"},"query-input":"required name=search_term_string"}],"inLanguage":"en-US"}]}},"_links":{"self":[{"href":"https:\/\/www.pravo.unizg.hr\/en\/wp-json\/wp\/v2\/pages\/19299","targetHints":{"allow":["GET"]}}],"collection":[{"href":"https:\/\/www.pravo.unizg.hr\/en\/wp-json\/wp\/v2\/pages"}],"about":[{"href":"https:\/\/www.pravo.unizg.hr\/en\/wp-json\/wp\/v2\/types\/page"}],"author":[{"embeddable":true,"href":"https:\/\/www.pravo.unizg.hr\/en\/wp-json\/wp\/v2\/users\/511"}],"replies":[{"embeddable":true,"href":"https:\/\/www.pravo.unizg.hr\/en\/wp-json\/wp\/v2\/comments?post=19299"}],"version-history":[{"count":2,"href":"https:\/\/www.pravo.unizg.hr\/en\/wp-json\/wp\/v2\/pages\/19299\/revisions"}],"predecessor-version":[{"id":25744,"href":"https:\/\/www.pravo.unizg.hr\/en\/wp-json\/wp\/v2\/pages\/19299\/revisions\/25744"}],"up":[{"embeddable":true,"href":"https:\/\/www.pravo.unizg.hr\/en\/wp-json\/wp\/v2\/pages\/14863"}],"wp:attachment":[{"href":"https:\/\/www.pravo.unizg.hr\/en\/wp-json\/wp\/v2\/media?parent=19299"}],"curies":[{"name":"wp","href":"https:\/\/api.w.org\/{rel}","templated":true}]}}