{"id":18111,"date":"2024-04-10T09:26:01","date_gmt":"2024-04-10T08:26:01","guid":{"rendered":"https:\/\/www.pravo.unizg.hr\/?page_id=18111"},"modified":"2025-10-21T17:48:42","modified_gmt":"2025-10-21T16:48:42","slug":"ugovor-o-javnoj-nabavi-je-upravni-ugovor","status":"publish","type":"page","link":"https:\/\/www.pravo.unizg.hr\/en\/studiji\/cjelozivotno-obrazovanje\/ugovor-o-javnoj-nabavi-je-upravni-ugovor\/","title":{"rendered":"Ugovor o javnoj nabavi je upravni ugovor \/ Ograni\u010denje pristupa tre\u0107im zemljama javnonabavnom tr\u017ei\u0161tu EU"},"content":{"rendered":"<p>&nbsp;<\/p>\n<p style=\"text-align: center;\">Pravni fakultet Sveu\u010dili\u0161ta u Zagrebu<br \/>\npoziva Vas na poha\u0111anje edukacije cjelo\u017eivotnog obrazovanja<\/p>\n<p style=\"text-align: center;\"><em><strong><br \/>\nUGOVOR O JAVNOJ NABAVI JE UPRAVNI UGOVOR <\/strong><\/em><\/p>\n<p style=\"text-align: center;\"><em><strong>\/ OGRANI\u010cENJE PRISTUPA TRE\u0106IM ZEMLJAMA JAVNONABAVNOM TR\u017dI\u0160TU EU<br \/>\n<\/strong><\/em><\/p>\n<p>&nbsp;<\/p>\n<p style=\"text-align: center;\">koja \u0107e se odr\u017eati 20. i 21. svibnja 2024. godine, od 17 do 21 h<br \/>\nna adresi Gunduli\u0107eva 10, Zagreb (dvorana 1)<\/p>\n<p style=\"text-align: center;\">Edukaciji je mogu\u0107e prisustvovati i\u00a0<em>online<\/em>.*<\/p>\n<p>&nbsp;<\/p>\n<p>Polaznici se mogu prijaviti putem online obrasca:\u00a0<a href=\"https:\/\/forms.gle\/gTBCt6T6MpML8twv9\">https:\/\/forms.gle\/gTBCt6T6MpML8twv9<\/a><\/p>\n<p>Cijena kotizacije po polazniku iznosi: 232,26 EUR<\/p>\n<p>Za sve upite mo\u017eete se obratiti na: <a href=\"mailto:cjelozivotno@pravo.hr\">cjelozivotno@pravo.hr<\/a>, <a href=\"mailto:mturudic@pravo.hr\">mturudic@pravo.hr<\/a><\/p>\n<p>&nbsp;<\/p>\n<p>&nbsp;<\/p>\n<p><strong>OPIS EDUKACIJE<\/strong><\/p>\n<p>U dinami\u010dnom pravu javne nabave, dvije teme su se iskristalizirale kao mo\u017eda i najva\u017enije. Jedna je od isklju\u010divo nacionalne va\u017enosti, dok \u0107e druga utjecati na provo\u0111enje postupaka javne nabave u cijeloj EU.<\/p>\n<p>Problematika pravne prirode ugovora o javnoj nabavi ve\u0107 dugo zaokuplja znanost i praksu. Nespretne odredbe prija\u0161njih i sada\u0161njeg Zakona o javnoj nabavi tuma\u010dile su se kao opravdanje za definiranje ugovora o javnoj nabavi kao gra\u0111anskopravnog ugovora. Ipak, prije nekoliko mjeseci Vrhovni sud Republike Hrvatske nedvojbeno ugovor o javnoj nabavi progla\u0161ava \u2013 upravnim ugovorom. Ova nu\u017ena i dobrodo\u0161la promjena imati \u0107e zna\u010dajan utjecaj na sklapanje i izvr\u0161avanje ugovora o javnoj nabavi, a u na\u0161oj edukaciji ukazati \u0107emo na glavne zaklju\u010dke Vrhovnog suda, ali i na prakti\u010dnu implementaciju ovog novog pravnog ure\u0111enja.<\/p>\n<p>Posljednjih godina sve je va\u017enije pitanje kako EU treba pristupiti pitanju otvorenosti zajedni\u010dkog tr\u017ei\u0161ta javne nabave za gospodarske subjekte koji dolaze iz dr\u017eava koje nemaju potpisane sporazume o slobodnoj trgovini sa EU, koje mo\u017eda ne dijele temeljne (ekonomske) vrijednosti EU, ali i \u010diji su pravosudni i drugi standardi udaljeniji od onih uspostavljenih u dr\u017eavama \u010dlanicama.<\/p>\n<p>U posljednje vrijeme EU sve sna\u017enijim koracima ide prema efektivnom isklju\u010denju takvih gospodarskih subjekata iz postupaka javne nabave. Za sada, ograni\u010davanje pristupa gospodarskim subjektima tre\u0107ih zemalja provodi se na nekoliko razina \u2013 <em>soft law<\/em>, normativnih ali sudbenih. Ipak, ishodi\u0161te svega je \u010desto zanemarivani \u010dlanak 25. Direktive 2014\/24\/EU. U na\u0161oj edukaciji prikazati \u0107emo sve pravne instrumente EU, ali i postupke pred Sudom EU kroz koje se provodi i koji \u0107e u skoroj budu\u0107nosti biti od velike va\u017enosti za ishode ovakvih ograni\u010davanja pristupa.<\/p>\n<p>Katedra za Upravno pravo Pravnog fakulteta Sveu\u010dili\u0161ta u Zagrebu ima dugogodi\u0161nje iskustvo organiziranja edukacija iz fakultetskog\u00a0programa cjelo\u017eivotnog obrazovanja, u sklopu kojeg\u00a0organizira i ovu edukaciju.<\/p>\n<p>Predava\u010di su \u010dlanovi Katedre za Upravno pravo i DKOM-a sa \u0161irokim kompetencijama u javnoj nabavi. Ovakav spoj znanstvenog i prakti\u010dnog pristupa osigurava sagledavanje klju\u010dnih pitanja izmjene ugovora o javnoj nabavi iz vi\u0161e razli\u010ditih gledi\u0161ta.<\/p>\n<p>Ovo nije jedna od edukacija koje\u00a0se obavljaju po programu Ministarstva gospodarstva i\u00a0odr\u017eivog razvoja\u00a0radi stjecanja certifikata iz podru\u010dja javne nabave, ve\u0107i naglasak stavljamo na znanstveni pristup analiziranju teme edukacije te na na\u010dine kako su te spoznaje primjenjive u konkretnim postupcima javne nabave.<\/p>\n<p>&nbsp;<\/p>\n<p>Edukacija \u0107e se odr\u017eati u\u017eivo, u prostorijama Pravnog fakulteta Sveu\u010dili\u0161ta u Zagrebu. \u00a0Termin odr\u017eavanja je 20. i 21. svibnja 2024. od 17 do 21 h, dvorana 1, Gunduli\u0107eva 10.<\/p>\n<p>Cijena edukacije po polazniku iznosi 232,26 EUR. Upisnina pokriva sve tro\u0161kove edukacije, \u0161to uklju\u010duje nastavne materijale, izdavanje potvrda ili svjedod\u017ebe i okrjepu na nastavi.<\/p>\n<p>&nbsp;<\/p>\n<p>Detaljne informacije o satnici, nastavnim cjelinama, predava\u010dima i na\u010dinu prijave mo\u017eete vidjeti u zasebnim rubrikama.<\/p>\n<p>&nbsp;<\/p>\n<p>Za sve ostale informacije mo\u017eete se obratiti na sljede\u0107i mail: <a href=\"mailto:cjelozivotno@pravo.hr\">cjelozivotno@pravo.hr<\/a>, <a href=\"mailto:mturudic@pravo.hr\">mturudic@pravo.hr<\/a><\/p>\n","protected":false},"excerpt":{"rendered":"<p>&nbsp; Pravni fakultet Sveu\u010dili\u0161ta u Zagrebu poziva Vas na poha\u0111anje&#8230;<\/p>\n","protected":false},"author":511,"featured_media":0,"parent":60,"menu_order":0,"comment_status":"closed","ping_status":"closed","template":"","meta":{"footnotes":""},"class_list":["post-18111","page","type-page","status-publish","hentry"],"pp_force_visibility":null,"pp_subpost_visibility":null,"pp_inherited_force_visibility":null,"pp_inherited_subpost_visibility":null,"acf":[],"yoast_head":"<!-- This site is optimized with the Yoast SEO plugin v20.1 - https:\/\/yoast.com\/wordpress\/plugins\/seo\/ -->\n<title>Ugovor o javnoj nabavi je upravni ugovor \/ Ograni\u010denje pristupa tre\u0107im zemljama javnonabavnom tr\u017ei\u0161tu EU - Faculty of law<\/title>\n<meta name=\"robots\" content=\"index, follow, max-snippet:-1, max-image-preview:large, max-video-preview:-1\" \/>\n<link rel=\"canonical\" href=\"https:\/\/www.pravo.unizg.hr\/studiji\/cjelozivotno-obrazovanje\/ugovor-o-javnoj-nabavi-je-upravni-ugovor\/\" \/>\n<meta property=\"og:locale\" content=\"en_US\" \/>\n<meta property=\"og:type\" content=\"article\" \/>\n<meta property=\"og:title\" content=\"Ugovor o javnoj nabavi je upravni ugovor \/ Ograni\u010denje pristupa tre\u0107im zemljama javnonabavnom tr\u017ei\u0161tu EU - Faculty of law\" \/>\n<meta property=\"og:description\" content=\"&nbsp; Pravni fakultet Sveu\u010dili\u0161ta u Zagrebu poziva Vas na poha\u0111anje...\" \/>\n<meta property=\"og:url\" content=\"https:\/\/www.pravo.unizg.hr\/studiji\/cjelozivotno-obrazovanje\/ugovor-o-javnoj-nabavi-je-upravni-ugovor\/\" \/>\n<meta property=\"og:site_name\" content=\"Faculty of law\" \/>\n<meta property=\"article:modified_time\" content=\"2025-10-21T16:48:42+00:00\" \/>\n<meta name=\"twitter:card\" content=\"summary_large_image\" \/>\n<meta name=\"twitter:label1\" content=\"Est. reading time\" \/>\n\t<meta name=\"twitter:data1\" content=\"3 minutes\" \/>\n<script type=\"application\/ld+json\" class=\"yoast-schema-graph\">{\"@context\":\"https:\/\/schema.org\",\"@graph\":[{\"@type\":\"WebPage\",\"@id\":\"https:\/\/www.pravo.unizg.hr\/studiji\/cjelozivotno-obrazovanje\/ugovor-o-javnoj-nabavi-je-upravni-ugovor\/\",\"url\":\"https:\/\/www.pravo.unizg.hr\/studiji\/cjelozivotno-obrazovanje\/ugovor-o-javnoj-nabavi-je-upravni-ugovor\/\",\"name\":\"Ugovor o javnoj nabavi je upravni ugovor \/ Ograni\u010denje pristupa tre\u0107im zemljama javnonabavnom tr\u017ei\u0161tu EU - Faculty of law\",\"isPartOf\":{\"@id\":\"https:\/\/www.pravo.unizg.hr\/#website\"},\"datePublished\":\"2024-04-10T08:26:01+00:00\",\"dateModified\":\"2025-10-21T16:48:42+00:00\",\"breadcrumb\":{\"@id\":\"https:\/\/www.pravo.unizg.hr\/studiji\/cjelozivotno-obrazovanje\/ugovor-o-javnoj-nabavi-je-upravni-ugovor\/#breadcrumb\"},\"inLanguage\":\"en-US\",\"potentialAction\":[{\"@type\":\"ReadAction\",\"target\":[\"https:\/\/www.pravo.unizg.hr\/studiji\/cjelozivotno-obrazovanje\/ugovor-o-javnoj-nabavi-je-upravni-ugovor\/\"]}]},{\"@type\":\"BreadcrumbList\",\"@id\":\"https:\/\/www.pravo.unizg.hr\/studiji\/cjelozivotno-obrazovanje\/ugovor-o-javnoj-nabavi-je-upravni-ugovor\/#breadcrumb\",\"itemListElement\":[{\"@type\":\"ListItem\",\"position\":1,\"name\":\"Homepage\",\"item\":\"https:\/\/www.pravo.unizg.hr\/en\/\"},{\"@type\":\"ListItem\",\"position\":2,\"name\":\"Studiji\",\"item\":\"https:\/\/www.pravo.unizg.hr\/studiji\/\"},{\"@type\":\"ListItem\",\"position\":3,\"name\":\"Cjelo\u017eivotno obrazovanje\",\"item\":\"https:\/\/www.pravo.unizg.hr\/studiji\/cjelozivotno-obrazovanje\/\"},{\"@type\":\"ListItem\",\"position\":4,\"name\":\"Ugovor o javnoj nabavi je upravni ugovor \/ Ograni\u010denje pristupa tre\u0107im zemljama javnonabavnom tr\u017ei\u0161tu EU\"}]},{\"@type\":\"WebSite\",\"@id\":\"https:\/\/www.pravo.unizg.hr\/#website\",\"url\":\"https:\/\/www.pravo.unizg.hr\/\",\"name\":\"Faculty of law\",\"description\":\"\",\"potentialAction\":[{\"@type\":\"SearchAction\",\"target\":{\"@type\":\"EntryPoint\",\"urlTemplate\":\"https:\/\/www.pravo.unizg.hr\/?s={search_term_string}\"},\"query-input\":\"required name=search_term_string\"}],\"inLanguage\":\"en-US\"}]}<\/script>\n<!-- \/ Yoast SEO plugin. -->","yoast_head_json":{"title":"Ugovor o javnoj nabavi je upravni ugovor \/ Ograni\u010denje pristupa tre\u0107im zemljama javnonabavnom tr\u017ei\u0161tu EU - Faculty of law","robots":{"index":"index","follow":"follow","max-snippet":"max-snippet:-1","max-image-preview":"max-image-preview:large","max-video-preview":"max-video-preview:-1"},"canonical":"https:\/\/www.pravo.unizg.hr\/studiji\/cjelozivotno-obrazovanje\/ugovor-o-javnoj-nabavi-je-upravni-ugovor\/","og_locale":"en_US","og_type":"article","og_title":"Ugovor o javnoj nabavi je upravni ugovor \/ Ograni\u010denje pristupa tre\u0107im zemljama javnonabavnom tr\u017ei\u0161tu EU - Faculty of law","og_description":"&nbsp; Pravni fakultet Sveu\u010dili\u0161ta u Zagrebu poziva Vas na poha\u0111anje...","og_url":"https:\/\/www.pravo.unizg.hr\/studiji\/cjelozivotno-obrazovanje\/ugovor-o-javnoj-nabavi-je-upravni-ugovor\/","og_site_name":"Faculty of law","article_modified_time":"2025-10-21T16:48:42+00:00","twitter_card":"summary_large_image","twitter_misc":{"Est. reading time":"3 minutes"},"schema":{"@context":"https:\/\/schema.org","@graph":[{"@type":"WebPage","@id":"https:\/\/www.pravo.unizg.hr\/studiji\/cjelozivotno-obrazovanje\/ugovor-o-javnoj-nabavi-je-upravni-ugovor\/","url":"https:\/\/www.pravo.unizg.hr\/studiji\/cjelozivotno-obrazovanje\/ugovor-o-javnoj-nabavi-je-upravni-ugovor\/","name":"Ugovor o javnoj nabavi je upravni ugovor \/ Ograni\u010denje pristupa tre\u0107im zemljama javnonabavnom tr\u017ei\u0161tu EU - Faculty of law","isPartOf":{"@id":"https:\/\/www.pravo.unizg.hr\/#website"},"datePublished":"2024-04-10T08:26:01+00:00","dateModified":"2025-10-21T16:48:42+00:00","breadcrumb":{"@id":"https:\/\/www.pravo.unizg.hr\/studiji\/cjelozivotno-obrazovanje\/ugovor-o-javnoj-nabavi-je-upravni-ugovor\/#breadcrumb"},"inLanguage":"en-US","potentialAction":[{"@type":"ReadAction","target":["https:\/\/www.pravo.unizg.hr\/studiji\/cjelozivotno-obrazovanje\/ugovor-o-javnoj-nabavi-je-upravni-ugovor\/"]}]},{"@type":"BreadcrumbList","@id":"https:\/\/www.pravo.unizg.hr\/studiji\/cjelozivotno-obrazovanje\/ugovor-o-javnoj-nabavi-je-upravni-ugovor\/#breadcrumb","itemListElement":[{"@type":"ListItem","position":1,"name":"Homepage","item":"https:\/\/www.pravo.unizg.hr\/en\/"},{"@type":"ListItem","position":2,"name":"Studiji","item":"https:\/\/www.pravo.unizg.hr\/studiji\/"},{"@type":"ListItem","position":3,"name":"Cjelo\u017eivotno obrazovanje","item":"https:\/\/www.pravo.unizg.hr\/studiji\/cjelozivotno-obrazovanje\/"},{"@type":"ListItem","position":4,"name":"Ugovor o javnoj nabavi je upravni ugovor \/ Ograni\u010denje pristupa tre\u0107im zemljama javnonabavnom tr\u017ei\u0161tu EU"}]},{"@type":"WebSite","@id":"https:\/\/www.pravo.unizg.hr\/#website","url":"https:\/\/www.pravo.unizg.hr\/","name":"Faculty of law","description":"","potentialAction":[{"@type":"SearchAction","target":{"@type":"EntryPoint","urlTemplate":"https:\/\/www.pravo.unizg.hr\/?s={search_term_string}"},"query-input":"required name=search_term_string"}],"inLanguage":"en-US"}]}},"_links":{"self":[{"href":"https:\/\/www.pravo.unizg.hr\/en\/wp-json\/wp\/v2\/pages\/18111","targetHints":{"allow":["GET"]}}],"collection":[{"href":"https:\/\/www.pravo.unizg.hr\/en\/wp-json\/wp\/v2\/pages"}],"about":[{"href":"https:\/\/www.pravo.unizg.hr\/en\/wp-json\/wp\/v2\/types\/page"}],"author":[{"embeddable":true,"href":"https:\/\/www.pravo.unizg.hr\/en\/wp-json\/wp\/v2\/users\/511"}],"replies":[{"embeddable":true,"href":"https:\/\/www.pravo.unizg.hr\/en\/wp-json\/wp\/v2\/comments?post=18111"}],"version-history":[{"count":10,"href":"https:\/\/www.pravo.unizg.hr\/en\/wp-json\/wp\/v2\/pages\/18111\/revisions"}],"predecessor-version":[{"id":29101,"href":"https:\/\/www.pravo.unizg.hr\/en\/wp-json\/wp\/v2\/pages\/18111\/revisions\/29101"}],"up":[{"embeddable":true,"href":"https:\/\/www.pravo.unizg.hr\/en\/wp-json\/wp\/v2\/pages\/60"}],"wp:attachment":[{"href":"https:\/\/www.pravo.unizg.hr\/en\/wp-json\/wp\/v2\/media?parent=18111"}],"curies":[{"name":"wp","href":"https:\/\/api.w.org\/{rel}","templated":true}]}}