{"id":18089,"date":"2024-04-09T10:24:33","date_gmt":"2024-04-09T09:24:33","guid":{"rendered":"https:\/\/www.pravo.unizg.hr\/?page_id=18089"},"modified":"2025-10-21T17:34:59","modified_gmt":"2025-10-21T16:34:59","slug":"primjena-novog-zakona-o-upravnim-sporovima","status":"publish","type":"page","link":"https:\/\/www.pravo.unizg.hr\/en\/studiji\/cjelozivotno-obrazovanje\/primjena-novog-zakona-o-upravnim-sporovima\/","title":{"rendered":"Edukacija o primjeni novog Zakona o upravnim sporovima"},"content":{"rendered":"<p style=\"text-align: center;\">Pravni fakultet Sveu\u010dili\u0161ta u Zagrebu<br \/>\npoziva Vas na poha\u0111anje edukacije cjelo\u017eivotnog obrazovanja<\/p>\n<p style=\"text-align: center;\"><em><strong><br \/>\nEDUKACIJA O PRIMJENI NOVOG ZAKONA O UPRAVNIM SPOROVIMA<br \/>\n<\/strong><\/em><\/p>\n<p style=\"text-align: center;\">koja \u0107e se odr\u017eati 13. &#8211; 16. svibnja 2024. od 17 do 21 sat<br \/>\nu dvorani na adresi Petrinjska 73, 10000 Zagreb.<\/p>\n<p style=\"text-align: center;\">Edukaciji je mogu\u0107e prisustvovati i\u00a0<em>online<\/em>.*<\/p>\n<p>&nbsp;<\/p>\n<p>Polaznici se mogu prijaviti putem online obrasca: <a href=\"https:\/\/forms.gle\/UJ6JppbSaRyRiRsS6\">https:\/\/forms.gle\/UJ6JppbSaRyRiRsS6<\/a><\/p>\n<p>Cijena kotizacije po polazniku iznosi: 400 EUR<\/p>\n<p>Za sve upite mo\u017eete se obratiti na:\u00a0<a href=\"mailto:cjelozivotno@pravo.hr\">cjelozivotno@pravo.hr<\/a>,\u00a0<a href=\"mailto:lana.ofak@pravo.unizg.hr\">lana.ofak@pravo.unizg.hr<\/a><\/p>\n<p>&nbsp;<\/p>\n<p>&nbsp;<\/p>\n<p><strong>OPIS EDUKACIJE<\/strong><\/p>\n<p>Novi Zakon o upravnim sporovima (dalje: novi ZUS) donesen je 14. o\u017eujka 2024., a stupit \u0107e na snagu 1. srpnja 2024.<\/p>\n<p>S obzirom na opse\u017ene promjene koje se uvode u ure\u0111enje vo\u0111enja upravnih sporova, cilj je edukacije o primjeni novog ZUS-a omogu\u0107iti svim zainteresiranim stru\u010dnjacima uvid i razumijevanje novih pravila koja su klju\u010dna za u\u010dinkovito zastupanje stranaka u upravnim sporovima.<\/p>\n<p>U odr\u017eavanju edukacije sudjelovat \u0107e, osim \u010dlanova Katedre za upravno pravo, eminentni nastavnici Upravnog prava s drugih pravnih fakulteta u Republici Hrvatskoj, ali i suci prvostupanjskih upravnih sudova te suci Visokog upravnog suda. Ovakav sastav predava\u010da osigurava sintezu teorije i prakse koja \u0107e nedvojbeno ispuniti o\u010dekivanja polaznika, ali i organizatora te\u010daja.<\/p>\n<p>Edukacija \u0107e pokriti sve najva\u017enije novosti u novom ure\u0111enju upravnih sporova koje se osobito odnose na uklanjanje podnormiranosti i ukidanje odgovaraju\u0107e primjene Zakona o parni\u010dnom postupku na pojedina procesna pitanja, te \u0107e ukazati na promjene koje su va\u017ene za uspje\u0161no zastupanje svih stranaka u upravnom sporu \u2013 gra\u0111ana i pravnih osoba s jedne strane, te javnopravnih tijela kao tu\u017eenika, s druge strane.<\/p>\n<p>Svi polaznici nastave koji bi uredno ispunili svoje nastavne obveze o tome bi dobili potvrdu. Polaznicima koji to \u017eele omogu\u0107ilo bi se usmeno polaganje ispita. Tako\u0111er, polaznici bi ispit mogli polo\u017eiti i pisanjem eseja u kojem bi, u skladu s pravilima pisanja znanstvenog rada, se analizirale pojedine odredbe novog ZUS-a. Takvi bi radovi morali biti pozitivno ocijenjeni te usmeno obranjeni. Polaznicima koji bi uz izvr\u0161enje nastavnih obveze s uspjehom polo\u017eili i ispit izdala bi se svjedod\u017eba o poha\u0111anju nastave te uspjehu na ispitu.<\/p>\n<p><strong>Nastava \u0107e se odr\u017eavati u tjednu od 13. do 16. svibnja 2024. u Petrinjskoj 73 i putem Google Meet-a za one polaznike koji \u017eele prisustvovati online. Nastava \u0107e se odr\u017eavati u poslijepodnevnim satima, od 17-21 sati. Predvi\u0111eno trajanje nastave je \u010detiri radna dana (od ponedjeljka do \u010detvrtka), u trajanju od pet nastavnih sati po danu. Prema tome, ukupna satnica iznosi 20 nastavnih sati (5&#215;4).<\/strong><\/p>\n<p><strong>Cijena Programa po polazniku iznosi 20 eura po satu, dakle ukupni iznos upisnine iznosi 400 eura po polazniku. Upisnina pokriva sve tro\u0161kove te\u010daja, \u0161to uklju\u010duje nastavne materijale (PP prezentacije i sl.), okrjepu na nastavi te izdavanje potvrde i\/ili svjedod\u017ebe o zavr\u0161enom programu cjelo\u017eivotnog u\u010denja Pravnog fakulteta Sveu\u010dili\u0161ta u Zagrebu.<\/strong><\/p>\n<p>&nbsp;<\/p>\n","protected":false},"excerpt":{"rendered":"<p>Pravni fakultet Sveu\u010dili\u0161ta u Zagrebu poziva Vas na poha\u0111anje edukacije&#8230;<\/p>\n","protected":false},"author":511,"featured_media":0,"parent":60,"menu_order":0,"comment_status":"closed","ping_status":"closed","template":"","meta":{"footnotes":""},"class_list":["post-18089","page","type-page","status-publish","hentry"],"pp_force_visibility":null,"pp_subpost_visibility":null,"pp_inherited_force_visibility":null,"pp_inherited_subpost_visibility":null,"acf":[],"yoast_head":"<!-- This site is optimized with the Yoast SEO plugin v20.1 - https:\/\/yoast.com\/wordpress\/plugins\/seo\/ -->\n<title>Edukacija o primjeni novog Zakona o upravnim sporovima - Faculty of law<\/title>\n<meta name=\"robots\" content=\"index, follow, max-snippet:-1, max-image-preview:large, max-video-preview:-1\" \/>\n<link rel=\"canonical\" href=\"https:\/\/www.pravo.unizg.hr\/studiji\/cjelozivotno-obrazovanje\/primjena-novog-zakona-o-upravnim-sporovima\/\" \/>\n<meta property=\"og:locale\" content=\"en_US\" \/>\n<meta property=\"og:type\" content=\"article\" \/>\n<meta property=\"og:title\" content=\"Edukacija o primjeni novog Zakona o upravnim sporovima - Faculty of law\" \/>\n<meta property=\"og:description\" content=\"Pravni fakultet Sveu\u010dili\u0161ta u Zagrebu poziva Vas na poha\u0111anje edukacije...\" \/>\n<meta property=\"og:url\" content=\"https:\/\/www.pravo.unizg.hr\/studiji\/cjelozivotno-obrazovanje\/primjena-novog-zakona-o-upravnim-sporovima\/\" \/>\n<meta property=\"og:site_name\" content=\"Faculty of law\" \/>\n<meta property=\"article:modified_time\" content=\"2025-10-21T16:34:59+00:00\" \/>\n<meta name=\"twitter:card\" content=\"summary_large_image\" \/>\n<meta name=\"twitter:label1\" content=\"Est. reading time\" \/>\n\t<meta name=\"twitter:data1\" content=\"2 minutes\" \/>\n<script type=\"application\/ld+json\" class=\"yoast-schema-graph\">{\"@context\":\"https:\/\/schema.org\",\"@graph\":[{\"@type\":\"WebPage\",\"@id\":\"https:\/\/www.pravo.unizg.hr\/studiji\/cjelozivotno-obrazovanje\/primjena-novog-zakona-o-upravnim-sporovima\/\",\"url\":\"https:\/\/www.pravo.unizg.hr\/studiji\/cjelozivotno-obrazovanje\/primjena-novog-zakona-o-upravnim-sporovima\/\",\"name\":\"Edukacija o primjeni novog Zakona o upravnim sporovima - Faculty of law\",\"isPartOf\":{\"@id\":\"https:\/\/www.pravo.unizg.hr\/#website\"},\"datePublished\":\"2024-04-09T09:24:33+00:00\",\"dateModified\":\"2025-10-21T16:34:59+00:00\",\"breadcrumb\":{\"@id\":\"https:\/\/www.pravo.unizg.hr\/studiji\/cjelozivotno-obrazovanje\/primjena-novog-zakona-o-upravnim-sporovima\/#breadcrumb\"},\"inLanguage\":\"en-US\",\"potentialAction\":[{\"@type\":\"ReadAction\",\"target\":[\"https:\/\/www.pravo.unizg.hr\/studiji\/cjelozivotno-obrazovanje\/primjena-novog-zakona-o-upravnim-sporovima\/\"]}]},{\"@type\":\"BreadcrumbList\",\"@id\":\"https:\/\/www.pravo.unizg.hr\/studiji\/cjelozivotno-obrazovanje\/primjena-novog-zakona-o-upravnim-sporovima\/#breadcrumb\",\"itemListElement\":[{\"@type\":\"ListItem\",\"position\":1,\"name\":\"Homepage\",\"item\":\"https:\/\/www.pravo.unizg.hr\/en\/\"},{\"@type\":\"ListItem\",\"position\":2,\"name\":\"Studiji\",\"item\":\"https:\/\/www.pravo.unizg.hr\/studiji\/\"},{\"@type\":\"ListItem\",\"position\":3,\"name\":\"Cjelo\u017eivotno obrazovanje\",\"item\":\"https:\/\/www.pravo.unizg.hr\/studiji\/cjelozivotno-obrazovanje\/\"},{\"@type\":\"ListItem\",\"position\":4,\"name\":\"Edukacija o primjeni novog Zakona o upravnim sporovima\"}]},{\"@type\":\"WebSite\",\"@id\":\"https:\/\/www.pravo.unizg.hr\/#website\",\"url\":\"https:\/\/www.pravo.unizg.hr\/\",\"name\":\"Faculty of law\",\"description\":\"\",\"potentialAction\":[{\"@type\":\"SearchAction\",\"target\":{\"@type\":\"EntryPoint\",\"urlTemplate\":\"https:\/\/www.pravo.unizg.hr\/?s={search_term_string}\"},\"query-input\":\"required name=search_term_string\"}],\"inLanguage\":\"en-US\"}]}<\/script>\n<!-- \/ Yoast SEO plugin. -->","yoast_head_json":{"title":"Edukacija o primjeni novog Zakona o upravnim sporovima - Faculty of law","robots":{"index":"index","follow":"follow","max-snippet":"max-snippet:-1","max-image-preview":"max-image-preview:large","max-video-preview":"max-video-preview:-1"},"canonical":"https:\/\/www.pravo.unizg.hr\/studiji\/cjelozivotno-obrazovanje\/primjena-novog-zakona-o-upravnim-sporovima\/","og_locale":"en_US","og_type":"article","og_title":"Edukacija o primjeni novog Zakona o upravnim sporovima - Faculty of law","og_description":"Pravni fakultet Sveu\u010dili\u0161ta u Zagrebu poziva Vas na poha\u0111anje edukacije...","og_url":"https:\/\/www.pravo.unizg.hr\/studiji\/cjelozivotno-obrazovanje\/primjena-novog-zakona-o-upravnim-sporovima\/","og_site_name":"Faculty of law","article_modified_time":"2025-10-21T16:34:59+00:00","twitter_card":"summary_large_image","twitter_misc":{"Est. reading time":"2 minutes"},"schema":{"@context":"https:\/\/schema.org","@graph":[{"@type":"WebPage","@id":"https:\/\/www.pravo.unizg.hr\/studiji\/cjelozivotno-obrazovanje\/primjena-novog-zakona-o-upravnim-sporovima\/","url":"https:\/\/www.pravo.unizg.hr\/studiji\/cjelozivotno-obrazovanje\/primjena-novog-zakona-o-upravnim-sporovima\/","name":"Edukacija o primjeni novog Zakona o upravnim sporovima - Faculty of law","isPartOf":{"@id":"https:\/\/www.pravo.unizg.hr\/#website"},"datePublished":"2024-04-09T09:24:33+00:00","dateModified":"2025-10-21T16:34:59+00:00","breadcrumb":{"@id":"https:\/\/www.pravo.unizg.hr\/studiji\/cjelozivotno-obrazovanje\/primjena-novog-zakona-o-upravnim-sporovima\/#breadcrumb"},"inLanguage":"en-US","potentialAction":[{"@type":"ReadAction","target":["https:\/\/www.pravo.unizg.hr\/studiji\/cjelozivotno-obrazovanje\/primjena-novog-zakona-o-upravnim-sporovima\/"]}]},{"@type":"BreadcrumbList","@id":"https:\/\/www.pravo.unizg.hr\/studiji\/cjelozivotno-obrazovanje\/primjena-novog-zakona-o-upravnim-sporovima\/#breadcrumb","itemListElement":[{"@type":"ListItem","position":1,"name":"Homepage","item":"https:\/\/www.pravo.unizg.hr\/en\/"},{"@type":"ListItem","position":2,"name":"Studiji","item":"https:\/\/www.pravo.unizg.hr\/studiji\/"},{"@type":"ListItem","position":3,"name":"Cjelo\u017eivotno obrazovanje","item":"https:\/\/www.pravo.unizg.hr\/studiji\/cjelozivotno-obrazovanje\/"},{"@type":"ListItem","position":4,"name":"Edukacija o primjeni novog Zakona o upravnim sporovima"}]},{"@type":"WebSite","@id":"https:\/\/www.pravo.unizg.hr\/#website","url":"https:\/\/www.pravo.unizg.hr\/","name":"Faculty of law","description":"","potentialAction":[{"@type":"SearchAction","target":{"@type":"EntryPoint","urlTemplate":"https:\/\/www.pravo.unizg.hr\/?s={search_term_string}"},"query-input":"required name=search_term_string"}],"inLanguage":"en-US"}]}},"_links":{"self":[{"href":"https:\/\/www.pravo.unizg.hr\/en\/wp-json\/wp\/v2\/pages\/18089","targetHints":{"allow":["GET"]}}],"collection":[{"href":"https:\/\/www.pravo.unizg.hr\/en\/wp-json\/wp\/v2\/pages"}],"about":[{"href":"https:\/\/www.pravo.unizg.hr\/en\/wp-json\/wp\/v2\/types\/page"}],"author":[{"embeddable":true,"href":"https:\/\/www.pravo.unizg.hr\/en\/wp-json\/wp\/v2\/users\/511"}],"replies":[{"embeddable":true,"href":"https:\/\/www.pravo.unizg.hr\/en\/wp-json\/wp\/v2\/comments?post=18089"}],"version-history":[{"count":12,"href":"https:\/\/www.pravo.unizg.hr\/en\/wp-json\/wp\/v2\/pages\/18089\/revisions"}],"predecessor-version":[{"id":29091,"href":"https:\/\/www.pravo.unizg.hr\/en\/wp-json\/wp\/v2\/pages\/18089\/revisions\/29091"}],"up":[{"embeddable":true,"href":"https:\/\/www.pravo.unizg.hr\/en\/wp-json\/wp\/v2\/pages\/60"}],"wp:attachment":[{"href":"https:\/\/www.pravo.unizg.hr\/en\/wp-json\/wp\/v2\/media?parent=18089"}],"curies":[{"name":"wp","href":"https:\/\/api.w.org\/{rel}","templated":true}]}}