{"id":17959,"date":"2024-04-02T13:16:58","date_gmt":"2024-04-02T12:16:58","guid":{"rendered":"https:\/\/www.pravo.unizg.hr\/?page_id=17959"},"modified":"2025-10-02T14:45:53","modified_gmt":"2025-10-02T13:45:53","slug":"upis-strucni-diplomski-studij-javna-uprava","status":"publish","type":"page","link":"https:\/\/www.pravo.unizg.hr\/en\/upisi\/upis-strucni-diplomski-studij-javna-uprava\/","title":{"rendered":"Stru\u010dni diplomski studij Javna uprava"},"content":{"rendered":"<p>&nbsp;<\/p>\n<h2>Rang lista<\/h2>\n<p><a href=\"https:\/\/www.pravo.unizg.hr\/wp-content\/uploads\/2025\/10\/Rang-lista-JU-konacno-OIB.pdf\" target=\"_blank\" rel=\"noopener\">Rang lista za upis na diplomski studij Javna uprava<\/a><\/p>\n<p>&nbsp;<\/p>\n<h2>Prijava za upis<\/h2>\n<p>Prijave se provode\u00a0isklju\u010divo online\u00a0<strong>od 30. rujna 2025. (utorak) od 8:00h do 1. listopada 2025. (srijeda) do 12:00h <\/strong>putem poveznice <strong><a href=\"https:\/\/limesurvey.srce.hr\/633826?lang=hr\" target=\"_blank\" rel=\"noopener\">https:\/\/limesurvey.srce.hr\/633826?lang=hr<\/a><\/strong><\/p>\n<p>&nbsp;<\/p>\n<h2>Natje\u010daj za upis<\/h2>\n<p>Natje\u010daj za upis u 1. godinu diplomskih studija Pravnog fakulteta u Zagrebu za akademsku godinu 2025.\/2026.<\/p>\n<p>Na temelju Odluke, klasa: 640-01\/25-22\/1, urbroj: 251-55-25-8 od 29. sije\u010dnja 2025.:<\/p>\n<p><strong>A. a) sveu\u010dili\u0161ni diplomski studij Socijalni rad <\/strong>(2 semestra), stje\u010de se akademski naziv sveu\u010dili\u0161ni\/a magistar\/magistra socijalnog rada &#8211; <strong>75 redovitih i 30 izvanrednih studenata,<\/strong><\/p>\n<p><strong>b) sveu\u010dili\u0161ni diplomski studij Socijalna politika <\/strong>(2 semestra), stje\u010de se akademski naziv sveu\u010dili\u0161ni\/a magistar\/magistra socijalne politike &#8211; <strong>30 redovitih i 20 izvanrednih studenata,<\/strong><\/p>\n<p><strong>B) stru\u010dni diplomski studij Javna uprava <\/strong>(4 semestra), stje\u010de se stru\u010dni naziv magistar\/magistra javne uprave &#8211; <strong>50 redovitih i 20 izvanrednih studenata<\/strong><\/p>\n<p>&nbsp;<\/p>\n<p><strong>1. Upisni kriteriji za diplomske studije:<\/strong><\/p>\n<p>&nbsp;<\/p>\n<p><strong><u>B) Stru\u010dni diplomski studij Javna uprava<\/u><\/strong><\/p>\n<p><strong>1. Uvjeti upisa<\/strong><\/p>\n<p>Stru\u010dni diplomski studij Javna uprava Pravnog fakulteta u Zagrebu mo\u017ee upisati pristupnik koji je zavr\u0161io najmanje trogodi\u0161nji sveu\u010dili\u0161ni ili stru\u010dni studij i stekao 180 ECTS bodova.<\/p>\n<p><strong>Kategorije pristupnika<\/strong><\/p>\n<p>a) Pristupnici koji su zavr\u0161ili trogodi\u0161nji prijediplomski stru\u010dni studij javne uprave prema Bolonjskom programu na <strong>Pravnom fakultetu u Zagrebu, odnosno Dru\u0161tvenom veleu\u010dili\u0161tu u Zagrebu <\/strong>i stekli 180 ECTS bodova<\/p>\n<p>b) Pristupnici koji su zavr\u0161ili trogodi\u0161nji stru\u010dni upravni studij na <strong>Pravnom fakultetu u Zagrebu, odnosno Dru\u0161tvenom veleu\u010dili\u0161tu u Zagrebu <\/strong>i stekli 180 ECTS bodova<\/p>\n<p>c) Pristupnici koji su zavr\u0161ili najmanje trogodi\u0161nji prijediplomski stru\u010dni studij javne uprave ili trogodi\u0161nji prijediplomski stru\u010dni upravni studij na nekom od visokih u\u010dili\u0161ta u Republici Hrvatskoj i stekli najmanje 180 ECTS bodova<\/p>\n<p>d) Pristupnici koji su zavr\u0161ili najmanje trogodi\u0161nji prijediplomski sveu\u010dili\u0161ni ili stru\u010dni studij dru\u0161tvenog ili humanisti\u010dkog smjera na nekom od visokih u\u010dili\u0161ta u Republici Hrvatskoj i stekli najmanje 180 ECTS bodova<\/p>\n<p>e) Pristupnici koji su zavr\u0161ili najmanje trogodi\u0161nji prijediplomski sveu\u010dili\u0161ni ili stru\u010dni studij na nekom od visokih u\u010dili\u0161ta u Republici Hrvatskoj i stekli najmanje 180 ECTS bodova<\/p>\n<p>&nbsp;<\/p>\n<p><strong>2. Prijava<\/strong><\/p>\n<p>Prijave za studijske programe provode se u skladu sa \u010dlankom 44. stavkom 2. to\u010dkom 1. Zakona o osiguravanju kvalitete u visokom obrazovanju i znanosti (NN 151\/2022).<\/p>\n<p><strong>Prijave se provode isklju\u010divo online i to putem poveznice <a href=\"https:\/\/limesurvey.srce.hr\/633826?lang=hr\">https:\/\/limesurvey.srce.hr\/633826?lang=hr<\/a><\/strong><\/p>\n<p>Online prijavi za razredbeni postupak treba prilo\u017eiti:<\/p>\n<p>a) Pristupnici koji su zavr\u0161ili trogodi\u0161nji stru\u010dni upravni studij, odnosno stru\u010dne prijediplomske studije na <strong>Pravnom fakultetu u Zagrebu, odnosno Dru\u0161tvenom veleu\u010dili\u0161tu u Zagrebu <\/strong>i stekli 180 ECTS bodova:<\/p>\n<ol>\n<li>diploma ili potvrdu o zavr\u0161enom studiju<\/li>\n<li>domovnica ili osobna iskaznica<\/li>\n<li>dokaz o promjeni prezimena u slu\u010daju razlike u odnosu na 1)<\/li>\n<\/ol>\n<p>b) Pristupnici koji su zavr\u0161ili trogodi\u0161nji prijediplomski sveu\u010dili\u0161ni ili stru\u010dni studij dru\u0161tvenog, humanisti\u010dkog smjera ili nekog drugog smjera na nekom od visokih u\u010dili\u0161ta u Republici Hrvatskoj i stekli najmanje 180 ECTS bodova:<\/p>\n<ol>\n<li>diplomu odnosno potvrdu o zavr\u0161enom studiju, dopunska isprava o zavr\u0161enom studiju, odnosno prijepis ocjena s te\u017einskim prosjekom ocjena<\/li>\n<li>domovnica ili osobna iskaznica<\/li>\n<li>dokaz o promjeni prezimena u slu\u010daju razlike u odnosu na 1)<\/li>\n<\/ol>\n<p>&nbsp;<\/p>\n<p><strong>3. Razredbeni postupak<\/strong><\/p>\n<p>Na studij se mogu upisati sljede\u0107e kategorije pristupnika prema sljede\u0107em postupku:<\/p>\n<p>a) Pristupnici pod l.a bez obveze polaganja razlikovnog ispita, na temelju njihovog uspjeha na stru\u010dnom studiju. Za razredbeni postupak zbraja se broj ECTS bodova s prosje\u010dnom ocjenom na studiju pomno\u017eenom faktorom 20.<\/p>\n<p>b) Pristupnici pod 1 .b i 1 .c. uz obvezu polaganja razlikovnih ispita, na temelju uspjeha na stru\u010dnom studiju. Za razredbeni postupak zbraja se broj ECTS bodova s prosje\u010dnom ocjenom na studiju pomno\u017eenom faktorom 20.<\/p>\n<p>c) Pristupnici pod l.d uz obvezu polaganja razlikovnih ispita prije upisa u drugu godinu stru\u010dnog diplomskog studija i prije polaganja ispita na studiju, na temelju njihovog uspjeha na stru\u010dnom studiju. Za razredbeni postupak zbraja se broj ECTS bodova s prosje\u010dnom ocjenom na studiju pomno\u017eenom faktorom 20.<\/p>\n<p>d) Pristupnici pod l.e uz obvezu polaganja razlikovnih ispita prije upisa u prvu godinu stru\u010dnog diplomskog studija i prije polaganja ispita na studiju, na temelju njihovog uspjeha na stru\u010dnom studiju. Za razredbeni postupak zbraja se broj ECTS bodova s prosje\u010dnom ocjenom na studiju pomno\u017eenom faktorom 10.<\/p>\n<p><strong>Razlikovni ispit<\/strong><\/p>\n<p>a) Pristupnici pod l.b i l.c du\u017eni su do upisa u drugu godinu studija polo\u017eiti i razlikovni ispit iz kolegija: Europski upravni prostor i nacionalna uprava (5 ECTS) (prema studijskom programu prijediplomskog stru\u010dnog studija Javna uprava na Pravnom fakultetu u Zagrebu).<\/p>\n<p>b) Pristupnici pod l.d du\u017eni su prije upisa u drugu godinu studija polo\u017eiti i razlikovne ispite iz kolegija: Upravno postupovno pravo (7 ECTS) i Lokalna samouprava (7 ECTS) (prema studijskom programu prijediplomskog stru\u010dnog studija Javna uprava na Pravnom fakultetu u Zagrebu).<\/p>\n<p>c) Pristupnici pod l.e du\u017eni su prije poha\u0111anja nastave prve godine studija u razlikovnoj godini polo\u017eiti razlikovne ispite iz kolegija: Osnove politologije (7 ECTS), Upravno postupovno pravo (7 ECTS), Dr\u017eavna uprava (6,5 ECTS), Lokalna samouprava (7 ECTS), Europski upravni prostor i nacionalna uprava (5 ECTS), Upravljanje ljudskim potencijalima i slu\u017ebeni\u010dko pravo (7 ECTS), Financiranje javne uprave (7 ECTS) (prema studijskom programu prijediplomskog stru\u010dnog studija Javna uprava na Pravnom fakultetu u Zagrebu).<\/p>\n<p>Pristupnici koji upisuju razlikovnu godinu nemaju status studenta i nisu dio upisne kvote.<\/p>\n<p>Ispite iz razlikovnih kolegija pristupnici pod l.e du\u017eni su polo\u017eiti tijekom ak. god. 2025.\/2026.<\/p>\n<p>U protivnom gube pravo upisa na studij.<\/p>\n<p>&nbsp;<\/p>\n<p><strong>4. Objava rezultata razredbenog postupka- kona\u010dna lista<\/strong><\/p>\n<p>Kona\u010dna lista bit \u0107e objavljena na mre\u017enim stranicama Fakulteta s uputama za upis.<\/p>\n<p>&nbsp;<\/p>\n<p><strong>5. Upisi<\/strong><\/p>\n<p>Upisi se provode online prema kona\u010dnoj listi. Poveznica za online upis biti \u0107e objavljena na mre\u017enoj stranici Fakulteta.<\/p>\n<p>&nbsp;<\/p>\n<p><strong>6. Upisnina i \u0161kolarina<\/strong><\/p>\n<p>Prilikom upisa student sudjeluje u tro\u0161kovima studija koji se sastoje od upisnine i \u0161kolarine.<\/p>\n<p>Iznos upisnine se odre\u0111uje Odlukom Fakultetskog vije\u0107a.<\/p>\n<p>\u0160kolarine za prvu godinu studija u statusu izvanrednog studenta za ak. god. 2025.\/2026. iznosi 955,60 eura. Studenti koji se prvi puta upisuju u prvu godinu studija u statusu redovitog studenta na ovoj razini studija oslobo\u0111eni su pla\u0107anja participacije.<\/p>\n<p>Pristupnik pod l.e prilikom upisa razlikovne godine sudjeluje u tro\u0161kovima koji se sastoje od upisnine i vrijednosti upisanih ECTS bodova.<\/p>\n","protected":false},"excerpt":{"rendered":"<p>&nbsp; Rang lista Rang lista za upis na diplomski studij&#8230;<\/p>\n","protected":false},"author":511,"featured_media":0,"parent":731,"menu_order":6,"comment_status":"closed","ping_status":"closed","template":"","meta":{"footnotes":""},"class_list":["post-17959","page","type-page","status-publish","hentry"],"pp_force_visibility":null,"pp_subpost_visibility":null,"pp_inherited_force_visibility":null,"pp_inherited_subpost_visibility":null,"acf":[],"yoast_head":"<!-- This site is optimized with the Yoast SEO plugin v20.1 - https:\/\/yoast.com\/wordpress\/plugins\/seo\/ -->\n<title>Stru\u010dni diplomski studij Javna uprava - Faculty of law<\/title>\n<meta name=\"robots\" content=\"index, follow, max-snippet:-1, max-image-preview:large, max-video-preview:-1\" \/>\n<link rel=\"canonical\" href=\"https:\/\/www.pravo.unizg.hr\/upisi\/upis-strucni-diplomski-studij-javna-uprava\/\" \/>\n<meta property=\"og:locale\" content=\"en_US\" \/>\n<meta property=\"og:type\" content=\"article\" \/>\n<meta property=\"og:title\" content=\"Stru\u010dni diplomski studij Javna uprava - Faculty of law\" \/>\n<meta property=\"og:description\" content=\"&nbsp; Rang lista Rang lista za upis na diplomski studij...\" \/>\n<meta property=\"og:url\" content=\"https:\/\/www.pravo.unizg.hr\/upisi\/upis-strucni-diplomski-studij-javna-uprava\/\" \/>\n<meta property=\"og:site_name\" content=\"Faculty of law\" \/>\n<meta property=\"article:modified_time\" content=\"2025-10-02T13:45:53+00:00\" \/>\n<meta name=\"twitter:card\" content=\"summary_large_image\" \/>\n<meta name=\"twitter:label1\" content=\"Est. reading time\" \/>\n\t<meta name=\"twitter:data1\" content=\"5 minutes\" \/>\n<script type=\"application\/ld+json\" class=\"yoast-schema-graph\">{\"@context\":\"https:\/\/schema.org\",\"@graph\":[{\"@type\":\"WebPage\",\"@id\":\"https:\/\/www.pravo.unizg.hr\/upisi\/upis-strucni-diplomski-studij-javna-uprava\/\",\"url\":\"https:\/\/www.pravo.unizg.hr\/upisi\/upis-strucni-diplomski-studij-javna-uprava\/\",\"name\":\"Stru\u010dni diplomski studij Javna uprava - Faculty of law\",\"isPartOf\":{\"@id\":\"https:\/\/www.pravo.unizg.hr\/#website\"},\"datePublished\":\"2024-04-02T12:16:58+00:00\",\"dateModified\":\"2025-10-02T13:45:53+00:00\",\"breadcrumb\":{\"@id\":\"https:\/\/www.pravo.unizg.hr\/upisi\/upis-strucni-diplomski-studij-javna-uprava\/#breadcrumb\"},\"inLanguage\":\"en-US\",\"potentialAction\":[{\"@type\":\"ReadAction\",\"target\":[\"https:\/\/www.pravo.unizg.hr\/upisi\/upis-strucni-diplomski-studij-javna-uprava\/\"]}]},{\"@type\":\"BreadcrumbList\",\"@id\":\"https:\/\/www.pravo.unizg.hr\/upisi\/upis-strucni-diplomski-studij-javna-uprava\/#breadcrumb\",\"itemListElement\":[{\"@type\":\"ListItem\",\"position\":1,\"name\":\"Homepage\",\"item\":\"https:\/\/www.pravo.unizg.hr\/en\/\"},{\"@type\":\"ListItem\",\"position\":2,\"name\":\"Upisi\",\"item\":\"https:\/\/www.pravo.unizg.hr\/upisi\/\"},{\"@type\":\"ListItem\",\"position\":3,\"name\":\"Stru\u010dni diplomski studij Javna uprava\"}]},{\"@type\":\"WebSite\",\"@id\":\"https:\/\/www.pravo.unizg.hr\/#website\",\"url\":\"https:\/\/www.pravo.unizg.hr\/\",\"name\":\"Faculty of law\",\"description\":\"\",\"potentialAction\":[{\"@type\":\"SearchAction\",\"target\":{\"@type\":\"EntryPoint\",\"urlTemplate\":\"https:\/\/www.pravo.unizg.hr\/?s={search_term_string}\"},\"query-input\":\"required name=search_term_string\"}],\"inLanguage\":\"en-US\"}]}<\/script>\n<!-- \/ Yoast SEO plugin. -->","yoast_head_json":{"title":"Stru\u010dni diplomski studij Javna uprava - Faculty of law","robots":{"index":"index","follow":"follow","max-snippet":"max-snippet:-1","max-image-preview":"max-image-preview:large","max-video-preview":"max-video-preview:-1"},"canonical":"https:\/\/www.pravo.unizg.hr\/upisi\/upis-strucni-diplomski-studij-javna-uprava\/","og_locale":"en_US","og_type":"article","og_title":"Stru\u010dni diplomski studij Javna uprava - Faculty of law","og_description":"&nbsp; Rang lista Rang lista za upis na diplomski studij...","og_url":"https:\/\/www.pravo.unizg.hr\/upisi\/upis-strucni-diplomski-studij-javna-uprava\/","og_site_name":"Faculty of law","article_modified_time":"2025-10-02T13:45:53+00:00","twitter_card":"summary_large_image","twitter_misc":{"Est. reading time":"5 minutes"},"schema":{"@context":"https:\/\/schema.org","@graph":[{"@type":"WebPage","@id":"https:\/\/www.pravo.unizg.hr\/upisi\/upis-strucni-diplomski-studij-javna-uprava\/","url":"https:\/\/www.pravo.unizg.hr\/upisi\/upis-strucni-diplomski-studij-javna-uprava\/","name":"Stru\u010dni diplomski studij Javna uprava - Faculty of law","isPartOf":{"@id":"https:\/\/www.pravo.unizg.hr\/#website"},"datePublished":"2024-04-02T12:16:58+00:00","dateModified":"2025-10-02T13:45:53+00:00","breadcrumb":{"@id":"https:\/\/www.pravo.unizg.hr\/upisi\/upis-strucni-diplomski-studij-javna-uprava\/#breadcrumb"},"inLanguage":"en-US","potentialAction":[{"@type":"ReadAction","target":["https:\/\/www.pravo.unizg.hr\/upisi\/upis-strucni-diplomski-studij-javna-uprava\/"]}]},{"@type":"BreadcrumbList","@id":"https:\/\/www.pravo.unizg.hr\/upisi\/upis-strucni-diplomski-studij-javna-uprava\/#breadcrumb","itemListElement":[{"@type":"ListItem","position":1,"name":"Homepage","item":"https:\/\/www.pravo.unizg.hr\/en\/"},{"@type":"ListItem","position":2,"name":"Upisi","item":"https:\/\/www.pravo.unizg.hr\/upisi\/"},{"@type":"ListItem","position":3,"name":"Stru\u010dni diplomski studij Javna uprava"}]},{"@type":"WebSite","@id":"https:\/\/www.pravo.unizg.hr\/#website","url":"https:\/\/www.pravo.unizg.hr\/","name":"Faculty of law","description":"","potentialAction":[{"@type":"SearchAction","target":{"@type":"EntryPoint","urlTemplate":"https:\/\/www.pravo.unizg.hr\/?s={search_term_string}"},"query-input":"required name=search_term_string"}],"inLanguage":"en-US"}]}},"_links":{"self":[{"href":"https:\/\/www.pravo.unizg.hr\/en\/wp-json\/wp\/v2\/pages\/17959","targetHints":{"allow":["GET"]}}],"collection":[{"href":"https:\/\/www.pravo.unizg.hr\/en\/wp-json\/wp\/v2\/pages"}],"about":[{"href":"https:\/\/www.pravo.unizg.hr\/en\/wp-json\/wp\/v2\/types\/page"}],"author":[{"embeddable":true,"href":"https:\/\/www.pravo.unizg.hr\/en\/wp-json\/wp\/v2\/users\/511"}],"replies":[{"embeddable":true,"href":"https:\/\/www.pravo.unizg.hr\/en\/wp-json\/wp\/v2\/comments?post=17959"}],"version-history":[{"count":57,"href":"https:\/\/www.pravo.unizg.hr\/en\/wp-json\/wp\/v2\/pages\/17959\/revisions"}],"predecessor-version":[{"id":28624,"href":"https:\/\/www.pravo.unizg.hr\/en\/wp-json\/wp\/v2\/pages\/17959\/revisions\/28624"}],"up":[{"embeddable":true,"href":"https:\/\/www.pravo.unizg.hr\/en\/wp-json\/wp\/v2\/pages\/731"}],"wp:attachment":[{"href":"https:\/\/www.pravo.unizg.hr\/en\/wp-json\/wp\/v2\/media?parent=17959"}],"curies":[{"name":"wp","href":"https:\/\/api.w.org\/{rel}","templated":true}]}}