{"id":17938,"date":"2024-04-02T12:40:05","date_gmt":"2024-04-02T11:40:05","guid":{"rendered":"https:\/\/www.pravo.unizg.hr\/?page_id=17938"},"modified":"2025-10-02T14:44:44","modified_gmt":"2025-10-02T13:44:44","slug":"upis-sveucilisni-diplomski-studiji-socijalni-rad-i-socijalna-politika","status":"publish","type":"page","link":"https:\/\/www.pravo.unizg.hr\/en\/upisi\/upis-sveucilisni-diplomski-studiji-socijalni-rad-i-socijalna-politika\/","title":{"rendered":"Sveu\u010dili\u0161ni diplomski studiji Socijalni rad i Socijalna politika"},"content":{"rendered":"<p>&nbsp;<\/p>\n<h2>Rang lista<\/h2>\n<p><a href=\"https:\/\/www.pravo.unizg.hr\/wp-content\/uploads\/2025\/10\/Rang-lista-SOC-konacno-OIB.pdf\" target=\"_blank\" rel=\"noopener\">Rang lista za upis na diplomske studije Socijalni rad i Socijalna politika<\/a><\/p>\n<p>&nbsp;<\/p>\n<h2>Prijava za upis<\/h2>\n<p>Prijave se provode\u00a0isklju\u010divo online <strong>od 30. rujna 2025. (utorak) od 8:00h do 1. listopada 2025. (srijeda) do 12:00h<\/strong> putem poveznice <strong><a href=\"https:\/\/limesurvey.srce.hr\/331114?lang=hr\" target=\"_blank\" rel=\"noopener\">https:\/\/limesurvey.srce.hr\/331114?lang=hr<\/a><\/strong><\/p>\n<p>&nbsp;<\/p>\n<h2>Natje\u010daj za upis<\/h2>\n<p>Natje\u010daj za upis u 1. godinu diplomskih studija Pravnog fakulteta u Zagrebu za akademsku godinu 2025.\/2026.<\/p>\n<p>Na temelju Odluke, klasa: 640-01\/25-22\/1, urbroj: 251-55-25-8 od 29. sije\u010dnja 2025.:<\/p>\n<p><strong>A. a) sveu\u010dili\u0161ni diplomski studij Socijalni rad <\/strong>(2 semestra), stje\u010de se akademski naziv sveu\u010dili\u0161ni\/a magistar\/magistra socijalnog rada &#8211; <strong>75 redovitih i 30 izvanrednih studenata,<\/strong><\/p>\n<p><strong>b) sveu\u010dili\u0161ni diplomski studij Socijalna politika <\/strong>(2 semestra), stje\u010de se akademski naziv sveu\u010dili\u0161ni\/a magistar\/magistra socijalne politike &#8211; <strong>30 redovitih i 20 izvanrednih studenata,<\/strong><\/p>\n<p><strong>B) stru\u010dni diplomski studij Javna uprava <\/strong>(4 semestra), stje\u010de se stru\u010dni naziv magistar\/magistra javne uprave &#8211; <strong>50 redovitih i 20 izvanrednih studenata<\/strong><\/p>\n<p>&nbsp;<\/p>\n<p><strong>1. Upisni kriteriji za diplomske studije:<\/strong><\/p>\n<p>&nbsp;<\/p>\n<p><strong><u>A) Sveu\u010dili\u0161ni diplomski studij Socijalni rad i sveu\u010dili\u0161ni diplomski studij Socijalna politika<\/u><\/strong><\/p>\n<p><strong>a) sveu\u010dili\u0161ni diplomski studij Socijalni rad<\/strong><\/p>\n<p>Sveu\u010dili\u0161ni diplomski studij mo\u017ee upisati pristupnik koji je zavr\u0161io sveu\u010dili\u0161ni prijediplomski studij Socijalni rad i stekao najmanje 240 ECTS bodova.<\/p>\n<p><strong>b) sveu\u010dili\u0161ni diplomski studij Socijalna politika<\/strong><\/p>\n<p>1) Sveu\u010dili\u0161ni diplomski studij mo\u017ee upisati pristupnik koji je zavr\u0161io sveu\u010dili\u0161ni prijediplomski studij Socijalni rad i stekao najmanje 240 ECTS bodova.<\/p>\n<p>2) Sveu\u010dili\u0161ni diplomski studij mo\u017ee upisati pristupnik koji je zavr\u0161io sveu\u010dili\u0161ni prijediplomski studij Socijalni rad odnosno drugi sveu\u010dili\u0161ni prijediplomski studij u podru\u010dju dru\u0161tvenih ili humanisti\u010dkih znanosti i stekao najmanje 180 ECTS bodova (pedagogija, sociologija, psihologija, filozofija, pravo, ekonomija, politologija, novinarstvo, teologija, socijalna pedagogija, edukacijska rehabilitacija) uz obvezu prethodnog upisa razlikovne godine.<\/p>\n<p>Razlikovna studijska godina traje 2 semestra i njenim zavr\u0161etkom se stje\u010de 60 ECTS bodova za upis sveu\u010dili\u0161nog diplomskog studija (<a href=\"https:\/\/www.pravo.unizg.hr\/wp-content\/uploads\/2025\/09\/Pripremni-semestri-socijalna-politika-25-26.pdf\" target=\"_blank\" rel=\"noopener\">sadr\u017eaj razlikovne godine dostupan je ovdje<\/a>)<\/p>\n<p>*U skladu sa zakonodavnim okvirom uvjet za obavljanje djelatnosti socijalnog rada je zavr\u0161eni sveu\u010dili\u0161ni prijediplomski studij Socijalni rad.<\/p>\n<p>*Pristupnici koji upisuju razlikovnu godinu nemaju status studenta i nisu dio upisne kvote. Ispite iz razlikovnih kolegija pristupnici su du\u017eni polo\u017eiti tijekom ak. god. 2025.\/2026. i 2026.\/2027. U protivnom gube pravo upisa na studij.<\/p>\n<p>&nbsp;<\/p>\n<p><strong>2. Prijava<\/strong><\/p>\n<p>Prijave za studijske programe provode se u skladu sa \u010dlankom 44. stavkom 2. to\u010dkom 1. Zakona o osiguravanju kvalitete u visokom obrazovanju i znanosti (NN 151\/2022).<\/p>\n<p><strong>Prijave za studijske programe provode se isklju\u010divo online i to putem poveznice <a href=\"https:\/\/limesurvey.srce.hr\/331114?lang=hr\" target=\"_blank\" rel=\"noopener\">https:\/\/limesurvey.srce.hr\/331114?lang=hr<\/a><\/strong><\/p>\n<p>Online prijavi za razredbeni postupak treba prilo\u017eiti:<\/p>\n<p>a) potvrdu o zavr\u0161enom sveu\u010dili\u0161nom prijediplomskom studiju<br \/>\n(pristupnici koji su zavr\u0161ili sveu\u010dili\u0161ni prijediplomski studij Socijalni rad na Pravnom fakultetu u Zagrebu nisu du\u017eni prilo\u017eiti potvrdu)<\/p>\n<p>b) dopunsku ispravu o zavr\u0161enom studiju, odnosno prijepis ocjena s te\u017einskim prosjekom ocjena zavr\u0161enog studija (pristupnici koji su zavr\u0161ili sveu\u010dili\u0161ni prijediplomski studij Socijalni rad na Pravnom fakultetu u Zagrebu nisu du\u017eni prilo\u017eiti dopunsku ispravu o zavr\u0161enom studiju odnosno prijepis ocjena s prosjekom ocjena)<\/p>\n<p>c) domovnicu ili osobnu iskaznicu s nazna\u010denim OIB-om \/ Hrvati koji nisu dr\u017eavljani Republike Hrvatske prila\u017eu potvrdu o pripadnosti hrvatskom narodu<\/p>\n<p>d) dokaz o promjeni prezimena, u slu\u010daju razlike u odnosu na a) i b)<\/p>\n<p>e) pristupnici koji su sveu\u010dili\u0161ni prijediplomski studij zavr\u0161ili u inozemstvu prila\u017eu nostrifikaciju potvrde o zavr\u0161etku studija ili diplome te dopunske isprave o studiju s pripadaju\u0107im studijskim programom te izvedbenim planom studija s prijevodom na hrvatski jezik ovla\u0161tenog sudskog tuma\u010da<\/p>\n<p>f) pristupnici koji su sveu\u010dili\u0161ni prijediplomski studij zavr\u0161ili u inozemstvu prila\u017eu i potvrdu o znanju hrvatskog jezika (B2 razina).<\/p>\n<p>&nbsp;<\/p>\n<p><strong>3. Razredbeni postupak<\/strong><\/p>\n<p>Kona\u010dna lista za upis na studijske programe utvr\u0111uje se na temelju:<\/p>\n<p>te\u017einskog prosjeka kojim su pristupnici zavr\u0161ili sveu\u010dili\u0161ni prijediplomski studij (najvi\u0161e 5,00 bodova), ostvarenih ECTS bodova (za ste\u010denih najmanje 240 ECTS i vi\u0161e dodjeljuje se 1 bod).<\/p>\n<p>&nbsp;<\/p>\n<p><strong>4. Objava rezultata razredbenog postupka &#8211; kona\u010dna lista<\/strong><\/p>\n<p>Kona\u010dna lista bit \u0107e objavljena na mre\u017enim stranicama Fakulteta s uputama za upis.<\/p>\n<p>&nbsp;<\/p>\n<p><strong>5. Upisi<\/strong><\/p>\n<p>Upisi \u0107e se provoditi online prema kona\u010dnoj listi. Poveznica za online upis biti \u0107e objavljena na mre\u017enoj stranici Fakulteta<\/p>\n<p>&nbsp;<\/p>\n<p><strong>6. Upisnina i \u0161kolarina<\/strong><\/p>\n<p>Prilikom upisa student sudjeluje u tro\u0161kovima studija koji se sastoje od upisnine i \u0161kolarine.<\/p>\n<p>Iznos upisnine se odre\u0111uje Odlukom Fakultetskog vije\u0107a.<\/p>\n<p>\u0160kolarine za prvu godinu sveu\u010dili\u0161nih diplomskih studija u statusu izvanrednog studenta za akademsku 2025.\/2026. godinu iznosi 955,60 eura.<\/p>\n<p>Studenti koji prvi puta upisuju prvu godinu sveu\u010dili\u0161nog diplomskog studija u statusu redovitog studenta oslobo\u0111eni su pla\u0107anja participacije.<\/p>\n<p>Prilikom upisa razlikovne godine pristupnik sudjeluje u tro\u0161kovima koji se sastoje od upisnine i vrijednosti upisanih ECTS bodova.<\/p>\n<p><strong>* Napomena<\/strong><\/p>\n<p>Pristupnici koji su zavr\u0161ili neki drugi diplomski sveu\u010dili\u0161ni studij mogu se upisati samo kao izvanredni studenti, a ako studiraju kao redoviti studenti na drugom visokom u\u010dili\u0161tu, mogu se upisati kao redoviti studenti uz obvezu pla\u0107anja \u0161kolarine ili kao izvanredni studenti sukladno uvjetima ovoga natje\u010daja.<\/p>\n","protected":false},"excerpt":{"rendered":"<p>&nbsp; Rang lista Rang lista za upis na diplomske studije&#8230;<\/p>\n","protected":false},"author":511,"featured_media":0,"parent":731,"menu_order":5,"comment_status":"closed","ping_status":"closed","template":"","meta":{"footnotes":""},"class_list":["post-17938","page","type-page","status-publish","hentry"],"pp_force_visibility":null,"pp_subpost_visibility":null,"pp_inherited_force_visibility":null,"pp_inherited_subpost_visibility":null,"acf":[],"yoast_head":"<!-- This site is optimized with the Yoast SEO plugin v20.1 - https:\/\/yoast.com\/wordpress\/plugins\/seo\/ -->\n<title>Sveu\u010dili\u0161ni diplomski studiji Socijalni rad i Socijalna politika - Faculty of law<\/title>\n<meta name=\"robots\" content=\"index, follow, max-snippet:-1, max-image-preview:large, max-video-preview:-1\" \/>\n<link rel=\"canonical\" href=\"https:\/\/www.pravo.unizg.hr\/upisi\/upis-sveucilisni-diplomski-studiji-socijalni-rad-i-socijalna-politika\/\" \/>\n<meta property=\"og:locale\" content=\"en_US\" \/>\n<meta property=\"og:type\" content=\"article\" \/>\n<meta property=\"og:title\" content=\"Sveu\u010dili\u0161ni diplomski studiji Socijalni rad i Socijalna politika - Faculty of law\" \/>\n<meta property=\"og:description\" content=\"&nbsp; Rang lista Rang lista za upis na diplomske studije...\" \/>\n<meta property=\"og:url\" content=\"https:\/\/www.pravo.unizg.hr\/upisi\/upis-sveucilisni-diplomski-studiji-socijalni-rad-i-socijalna-politika\/\" \/>\n<meta property=\"og:site_name\" content=\"Faculty of law\" \/>\n<meta property=\"article:modified_time\" content=\"2025-10-02T13:44:44+00:00\" \/>\n<meta name=\"twitter:card\" content=\"summary_large_image\" \/>\n<meta name=\"twitter:label1\" content=\"Est. reading time\" \/>\n\t<meta name=\"twitter:data1\" content=\"4 minutes\" \/>\n<script type=\"application\/ld+json\" class=\"yoast-schema-graph\">{\"@context\":\"https:\/\/schema.org\",\"@graph\":[{\"@type\":\"WebPage\",\"@id\":\"https:\/\/www.pravo.unizg.hr\/upisi\/upis-sveucilisni-diplomski-studiji-socijalni-rad-i-socijalna-politika\/\",\"url\":\"https:\/\/www.pravo.unizg.hr\/upisi\/upis-sveucilisni-diplomski-studiji-socijalni-rad-i-socijalna-politika\/\",\"name\":\"Sveu\u010dili\u0161ni diplomski studiji Socijalni rad i Socijalna politika - Faculty of law\",\"isPartOf\":{\"@id\":\"https:\/\/www.pravo.unizg.hr\/#website\"},\"datePublished\":\"2024-04-02T11:40:05+00:00\",\"dateModified\":\"2025-10-02T13:44:44+00:00\",\"breadcrumb\":{\"@id\":\"https:\/\/www.pravo.unizg.hr\/upisi\/upis-sveucilisni-diplomski-studiji-socijalni-rad-i-socijalna-politika\/#breadcrumb\"},\"inLanguage\":\"en-US\",\"potentialAction\":[{\"@type\":\"ReadAction\",\"target\":[\"https:\/\/www.pravo.unizg.hr\/upisi\/upis-sveucilisni-diplomski-studiji-socijalni-rad-i-socijalna-politika\/\"]}]},{\"@type\":\"BreadcrumbList\",\"@id\":\"https:\/\/www.pravo.unizg.hr\/upisi\/upis-sveucilisni-diplomski-studiji-socijalni-rad-i-socijalna-politika\/#breadcrumb\",\"itemListElement\":[{\"@type\":\"ListItem\",\"position\":1,\"name\":\"Homepage\",\"item\":\"https:\/\/www.pravo.unizg.hr\/en\/\"},{\"@type\":\"ListItem\",\"position\":2,\"name\":\"Upisi\",\"item\":\"https:\/\/www.pravo.unizg.hr\/upisi\/\"},{\"@type\":\"ListItem\",\"position\":3,\"name\":\"Sveu\u010dili\u0161ni diplomski studiji Socijalni rad i Socijalna politika\"}]},{\"@type\":\"WebSite\",\"@id\":\"https:\/\/www.pravo.unizg.hr\/#website\",\"url\":\"https:\/\/www.pravo.unizg.hr\/\",\"name\":\"Faculty of law\",\"description\":\"\",\"potentialAction\":[{\"@type\":\"SearchAction\",\"target\":{\"@type\":\"EntryPoint\",\"urlTemplate\":\"https:\/\/www.pravo.unizg.hr\/?s={search_term_string}\"},\"query-input\":\"required name=search_term_string\"}],\"inLanguage\":\"en-US\"}]}<\/script>\n<!-- \/ Yoast SEO plugin. -->","yoast_head_json":{"title":"Sveu\u010dili\u0161ni diplomski studiji Socijalni rad i Socijalna politika - Faculty of law","robots":{"index":"index","follow":"follow","max-snippet":"max-snippet:-1","max-image-preview":"max-image-preview:large","max-video-preview":"max-video-preview:-1"},"canonical":"https:\/\/www.pravo.unizg.hr\/upisi\/upis-sveucilisni-diplomski-studiji-socijalni-rad-i-socijalna-politika\/","og_locale":"en_US","og_type":"article","og_title":"Sveu\u010dili\u0161ni diplomski studiji Socijalni rad i Socijalna politika - Faculty of law","og_description":"&nbsp; Rang lista Rang lista za upis na diplomske studije...","og_url":"https:\/\/www.pravo.unizg.hr\/upisi\/upis-sveucilisni-diplomski-studiji-socijalni-rad-i-socijalna-politika\/","og_site_name":"Faculty of law","article_modified_time":"2025-10-02T13:44:44+00:00","twitter_card":"summary_large_image","twitter_misc":{"Est. reading time":"4 minutes"},"schema":{"@context":"https:\/\/schema.org","@graph":[{"@type":"WebPage","@id":"https:\/\/www.pravo.unizg.hr\/upisi\/upis-sveucilisni-diplomski-studiji-socijalni-rad-i-socijalna-politika\/","url":"https:\/\/www.pravo.unizg.hr\/upisi\/upis-sveucilisni-diplomski-studiji-socijalni-rad-i-socijalna-politika\/","name":"Sveu\u010dili\u0161ni diplomski studiji Socijalni rad i Socijalna politika - Faculty of law","isPartOf":{"@id":"https:\/\/www.pravo.unizg.hr\/#website"},"datePublished":"2024-04-02T11:40:05+00:00","dateModified":"2025-10-02T13:44:44+00:00","breadcrumb":{"@id":"https:\/\/www.pravo.unizg.hr\/upisi\/upis-sveucilisni-diplomski-studiji-socijalni-rad-i-socijalna-politika\/#breadcrumb"},"inLanguage":"en-US","potentialAction":[{"@type":"ReadAction","target":["https:\/\/www.pravo.unizg.hr\/upisi\/upis-sveucilisni-diplomski-studiji-socijalni-rad-i-socijalna-politika\/"]}]},{"@type":"BreadcrumbList","@id":"https:\/\/www.pravo.unizg.hr\/upisi\/upis-sveucilisni-diplomski-studiji-socijalni-rad-i-socijalna-politika\/#breadcrumb","itemListElement":[{"@type":"ListItem","position":1,"name":"Homepage","item":"https:\/\/www.pravo.unizg.hr\/en\/"},{"@type":"ListItem","position":2,"name":"Upisi","item":"https:\/\/www.pravo.unizg.hr\/upisi\/"},{"@type":"ListItem","position":3,"name":"Sveu\u010dili\u0161ni diplomski studiji Socijalni rad i Socijalna politika"}]},{"@type":"WebSite","@id":"https:\/\/www.pravo.unizg.hr\/#website","url":"https:\/\/www.pravo.unizg.hr\/","name":"Faculty of law","description":"","potentialAction":[{"@type":"SearchAction","target":{"@type":"EntryPoint","urlTemplate":"https:\/\/www.pravo.unizg.hr\/?s={search_term_string}"},"query-input":"required name=search_term_string"}],"inLanguage":"en-US"}]}},"_links":{"self":[{"href":"https:\/\/www.pravo.unizg.hr\/en\/wp-json\/wp\/v2\/pages\/17938","targetHints":{"allow":["GET"]}}],"collection":[{"href":"https:\/\/www.pravo.unizg.hr\/en\/wp-json\/wp\/v2\/pages"}],"about":[{"href":"https:\/\/www.pravo.unizg.hr\/en\/wp-json\/wp\/v2\/types\/page"}],"author":[{"embeddable":true,"href":"https:\/\/www.pravo.unizg.hr\/en\/wp-json\/wp\/v2\/users\/511"}],"replies":[{"embeddable":true,"href":"https:\/\/www.pravo.unizg.hr\/en\/wp-json\/wp\/v2\/comments?post=17938"}],"version-history":[{"count":82,"href":"https:\/\/www.pravo.unizg.hr\/en\/wp-json\/wp\/v2\/pages\/17938\/revisions"}],"predecessor-version":[{"id":28623,"href":"https:\/\/www.pravo.unizg.hr\/en\/wp-json\/wp\/v2\/pages\/17938\/revisions\/28623"}],"up":[{"embeddable":true,"href":"https:\/\/www.pravo.unizg.hr\/en\/wp-json\/wp\/v2\/pages\/731"}],"wp:attachment":[{"href":"https:\/\/www.pravo.unizg.hr\/en\/wp-json\/wp\/v2\/media?parent=17938"}],"curies":[{"name":"wp","href":"https:\/\/api.w.org\/{rel}","templated":true}]}}