{"id":16434,"date":"2024-02-13T11:34:05","date_gmt":"2024-02-13T10:34:05","guid":{"rendered":"https:\/\/www.pravo.unizg.hr\/?page_id=16434"},"modified":"2025-10-21T17:43:48","modified_gmt":"2025-10-21T16:43:48","slug":"koristi-i-rizici-modernih-tehnologija-za-starije","status":"publish","type":"page","link":"https:\/\/www.pravo.unizg.hr\/en\/studiji\/cjelozivotno-obrazovanje\/koristi-i-rizici-modernih-tehnologija-za-starije\/","title":{"rendered":"Koristi i rizici modernih tehnologija &#8211; za starije"},"content":{"rendered":"<p><img loading=\"lazy\" decoding=\"async\" class=\"size-full wp-image-23227 aligncenter\" src=\"https:\/\/www.pravo.unizg.hr\/wp-content\/uploads\/2024\/11\/Koristi-i-rizici-modernih-tehnologija-za-starije-osobe.png\" alt=\"\" width=\"498\" height=\"362\" srcset=\"https:\/\/www.pravo.unizg.hr\/wp-content\/uploads\/2024\/11\/Koristi-i-rizici-modernih-tehnologija-za-starije-osobe.png 498w, https:\/\/www.pravo.unizg.hr\/wp-content\/uploads\/2024\/11\/Koristi-i-rizici-modernih-tehnologija-za-starije-osobe-300x218.png 300w, https:\/\/www.pravo.unizg.hr\/wp-content\/uploads\/2024\/11\/Koristi-i-rizici-modernih-tehnologija-za-starije-osobe-400x292.png 400w\" sizes=\"auto, (max-width: 498px) 100vw, 498px\" \/><\/p>\n<p>&nbsp;<\/p>\n<p style=\"font-weight: 400;\">Po\u0161tovani stru\u010dnjaci iz podru\u010dja skrbi za starije osobe,<\/p>\n<p style=\"font-weight: 400;\">Otvaramo upise za novu generaciju polaznika na Programu cjelo\u017eivotnog obrazovanja Koristi i rizici modernih tehnologija za starije osobe (4 ECTS) na Pravnom Fakultetu Sveu\u010dili\u0161ta u Zagrebu u suradnji Pravnog fakulteta i Centra za sigurniji internet uz podr\u0161ku Agencije za elektroni\u010dke medije!<\/p>\n<p style=\"font-weight: 400;\">Program je namijenjen stru\u010dnjacima koji rade u sustavu skrbi za starije osobe te \u0107e posebno biti usmjeren digitalnim kompetencijama stru\u010dnjaka i mogu\u0107nosti rada na podru\u010dju kori\u0161tenja tehnologije sa starijim osobama<\/p>\n<p style=\"font-weight: 400;\"><em>Kako CHATgpt mo\u017ee obogatiti va\u0161u praksu? Koliko je mogu\u0107e posti\u0107i digitalnu dobrobit starijih osoba? Koje digitalne alate mo\u017eete koristiti za rad sa starijim osobama? \u00a0<\/em><\/p>\n<p style=\"font-weight: 400;\"><em><br \/>\n<\/em>Program \u0107e se odr\u017eavati, u popodnevnim satima u online formatu.<\/p>\n<p style=\"font-weight: 400;\">Plan rada:<\/p>\n<p style=\"font-weight: 400;\">Prosinac 2024: Upis polaznika<\/p>\n<p style=\"font-weight: 400;\">Sije\u010danj 2025 (druga polovica): prvi blok predavanja<\/p>\n<p style=\"font-weight: 400;\">Velja\u010da 2025: drugi blok predavanja<\/p>\n<p style=\"font-weight: 400;\">O\u017eujak 2025: tre\u0107i blok predavanja i finalizacija programa cjelo\u017eivotnog u\u010denja<\/p>\n<p>&nbsp;<\/p>\n<p style=\"font-weight: 400;\">Ukoliko \u017eelite usavr\u0161iti svoje digitalne kompetencije i usvojiti razli\u010dite digitalne alate za rad sa starijim osobama na interaktivan i zanimljiv na\u010din sada je vrijeme za prijavu obzirom da je broj mjesta ograni\u010den.<\/p>\n<p style=\"font-weight: 400;\">Upis na program cjelo\u017eivotnog obrazovanja za stru\u010dnjake koji rade sa starijim osobama:<\/p>\n<p style=\"font-weight: 400;\"><a href=\"https:\/\/forms.gle\/jAqyTTrHZbFZaKjx5\" target=\"_blank\" rel=\"noopener\" data-saferedirecturl=\"https:\/\/www.google.com\/url?q=https:\/\/forms.gle\/jAqyTTrHZbFZaKjx5&amp;source=gmail&amp;ust=1732796426088000&amp;usg=AOvVaw2bdg7j7jLO7GQKyM9ll6Ud\">https:\/\/forms.gle\/jAqyTTrHZbFZaKjx5<\/a><\/p>\n<p>&nbsp;<\/p>\n<p style=\"font-weight: 400;\">Cijena programa je 550 eura po polazniku, za vi\u0161e sudionika iz iste ustanove mogu\u0107e je ostvariti popust. Za fizi\u010dke osobe pla\u0107anje je mogu\u0107e u vi\u0161e rata.<\/p>\n<p>&nbsp;<\/p>\n<p style=\"font-weight: 400;\">S veseljem vas o\u010dekujemo na ovom online usavr\u0161avanju va\u0161ih digitalnih kompetencija!<\/p>\n<p style=\"font-weight: 400;\">Voditelji modula<\/p>\n<p style=\"font-weight: 400;\">Prof Ana \u0160tambuk, prof. Silvia Rusac i izv.prof. Lucija Vejmelka<\/p>\n<p>&nbsp;<\/p>\n<ul>\n<li><strong><a href=\"https:\/\/www.pravo.unizg.hr\/wp-content\/uploads\/2024\/11\/Final-poziv-na-upise-CZO-stariji-2024_25.pdf\" target=\"_blank\" rel=\"noopener\">Poziv za sudionike programa cjelo\u017eivotnog obrazovanja<\/a><\/strong><\/li>\n<\/ul>\n<p>&nbsp;<\/p>\n<p>&nbsp;<\/p>\n","protected":false},"excerpt":{"rendered":"<p>&nbsp; Po\u0161tovani stru\u010dnjaci iz podru\u010dja skrbi za starije osobe, Otvaramo&#8230;<\/p>\n","protected":false},"author":511,"featured_media":0,"parent":60,"menu_order":0,"comment_status":"closed","ping_status":"closed","template":"","meta":{"footnotes":""},"class_list":["post-16434","page","type-page","status-publish","hentry"],"pp_force_visibility":null,"pp_subpost_visibility":null,"pp_inherited_force_visibility":null,"pp_inherited_subpost_visibility":null,"acf":[],"yoast_head":"<!-- This site is optimized with the Yoast SEO plugin v20.1 - https:\/\/yoast.com\/wordpress\/plugins\/seo\/ -->\n<title>Koristi i rizici modernih tehnologija - za starije - Faculty of law<\/title>\n<meta name=\"robots\" content=\"index, follow, max-snippet:-1, max-image-preview:large, max-video-preview:-1\" \/>\n<link rel=\"canonical\" href=\"https:\/\/www.pravo.unizg.hr\/studiji\/cjelozivotno-obrazovanje\/koristi-i-rizici-modernih-tehnologija-za-starije\/\" \/>\n<meta property=\"og:locale\" content=\"en_US\" \/>\n<meta property=\"og:type\" content=\"article\" \/>\n<meta property=\"og:title\" content=\"Koristi i rizici modernih tehnologija - za starije - Faculty of law\" \/>\n<meta property=\"og:description\" content=\"&nbsp; Po\u0161tovani stru\u010dnjaci iz podru\u010dja skrbi za starije osobe, Otvaramo...\" \/>\n<meta property=\"og:url\" content=\"https:\/\/www.pravo.unizg.hr\/studiji\/cjelozivotno-obrazovanje\/koristi-i-rizici-modernih-tehnologija-za-starije\/\" \/>\n<meta property=\"og:site_name\" content=\"Faculty of law\" \/>\n<meta property=\"article:modified_time\" content=\"2025-10-21T16:43:48+00:00\" \/>\n<meta property=\"og:image\" content=\"https:\/\/www.pravo.unizg.hr\/wp-content\/uploads\/2024\/11\/Koristi-i-rizici-modernih-tehnologija-za-starije-osobe.png\" \/>\n<meta name=\"twitter:card\" content=\"summary_large_image\" \/>\n<meta name=\"twitter:label1\" content=\"Est. reading time\" \/>\n\t<meta name=\"twitter:data1\" content=\"1 minute\" \/>\n<script type=\"application\/ld+json\" class=\"yoast-schema-graph\">{\"@context\":\"https:\/\/schema.org\",\"@graph\":[{\"@type\":\"WebPage\",\"@id\":\"https:\/\/www.pravo.unizg.hr\/studiji\/cjelozivotno-obrazovanje\/koristi-i-rizici-modernih-tehnologija-za-starije\/\",\"url\":\"https:\/\/www.pravo.unizg.hr\/studiji\/cjelozivotno-obrazovanje\/koristi-i-rizici-modernih-tehnologija-za-starije\/\",\"name\":\"Koristi i rizici modernih tehnologija - za starije - Faculty of law\",\"isPartOf\":{\"@id\":\"https:\/\/www.pravo.unizg.hr\/#website\"},\"datePublished\":\"2024-02-13T10:34:05+00:00\",\"dateModified\":\"2025-10-21T16:43:48+00:00\",\"breadcrumb\":{\"@id\":\"https:\/\/www.pravo.unizg.hr\/studiji\/cjelozivotno-obrazovanje\/koristi-i-rizici-modernih-tehnologija-za-starije\/#breadcrumb\"},\"inLanguage\":\"en-US\",\"potentialAction\":[{\"@type\":\"ReadAction\",\"target\":[\"https:\/\/www.pravo.unizg.hr\/studiji\/cjelozivotno-obrazovanje\/koristi-i-rizici-modernih-tehnologija-za-starije\/\"]}]},{\"@type\":\"BreadcrumbList\",\"@id\":\"https:\/\/www.pravo.unizg.hr\/studiji\/cjelozivotno-obrazovanje\/koristi-i-rizici-modernih-tehnologija-za-starije\/#breadcrumb\",\"itemListElement\":[{\"@type\":\"ListItem\",\"position\":1,\"name\":\"Homepage\",\"item\":\"https:\/\/www.pravo.unizg.hr\/en\/\"},{\"@type\":\"ListItem\",\"position\":2,\"name\":\"Studiji\",\"item\":\"https:\/\/www.pravo.unizg.hr\/studiji\/\"},{\"@type\":\"ListItem\",\"position\":3,\"name\":\"Cjelo\u017eivotno obrazovanje\",\"item\":\"https:\/\/www.pravo.unizg.hr\/studiji\/cjelozivotno-obrazovanje\/\"},{\"@type\":\"ListItem\",\"position\":4,\"name\":\"Koristi i rizici modernih tehnologija &#8211; za starije\"}]},{\"@type\":\"WebSite\",\"@id\":\"https:\/\/www.pravo.unizg.hr\/#website\",\"url\":\"https:\/\/www.pravo.unizg.hr\/\",\"name\":\"Faculty of law\",\"description\":\"\",\"potentialAction\":[{\"@type\":\"SearchAction\",\"target\":{\"@type\":\"EntryPoint\",\"urlTemplate\":\"https:\/\/www.pravo.unizg.hr\/?s={search_term_string}\"},\"query-input\":\"required name=search_term_string\"}],\"inLanguage\":\"en-US\"}]}<\/script>\n<!-- \/ Yoast SEO plugin. -->","yoast_head_json":{"title":"Koristi i rizici modernih tehnologija - za starije - Faculty of law","robots":{"index":"index","follow":"follow","max-snippet":"max-snippet:-1","max-image-preview":"max-image-preview:large","max-video-preview":"max-video-preview:-1"},"canonical":"https:\/\/www.pravo.unizg.hr\/studiji\/cjelozivotno-obrazovanje\/koristi-i-rizici-modernih-tehnologija-za-starije\/","og_locale":"en_US","og_type":"article","og_title":"Koristi i rizici modernih tehnologija - za starije - Faculty of law","og_description":"&nbsp; Po\u0161tovani stru\u010dnjaci iz podru\u010dja skrbi za starije osobe, Otvaramo...","og_url":"https:\/\/www.pravo.unizg.hr\/studiji\/cjelozivotno-obrazovanje\/koristi-i-rizici-modernih-tehnologija-za-starije\/","og_site_name":"Faculty of law","article_modified_time":"2025-10-21T16:43:48+00:00","og_image":[{"url":"https:\/\/www.pravo.unizg.hr\/wp-content\/uploads\/2024\/11\/Koristi-i-rizici-modernih-tehnologija-za-starije-osobe.png"}],"twitter_card":"summary_large_image","twitter_misc":{"Est. reading time":"1 minute"},"schema":{"@context":"https:\/\/schema.org","@graph":[{"@type":"WebPage","@id":"https:\/\/www.pravo.unizg.hr\/studiji\/cjelozivotno-obrazovanje\/koristi-i-rizici-modernih-tehnologija-za-starije\/","url":"https:\/\/www.pravo.unizg.hr\/studiji\/cjelozivotno-obrazovanje\/koristi-i-rizici-modernih-tehnologija-za-starije\/","name":"Koristi i rizici modernih tehnologija - za starije - Faculty of law","isPartOf":{"@id":"https:\/\/www.pravo.unizg.hr\/#website"},"datePublished":"2024-02-13T10:34:05+00:00","dateModified":"2025-10-21T16:43:48+00:00","breadcrumb":{"@id":"https:\/\/www.pravo.unizg.hr\/studiji\/cjelozivotno-obrazovanje\/koristi-i-rizici-modernih-tehnologija-za-starije\/#breadcrumb"},"inLanguage":"en-US","potentialAction":[{"@type":"ReadAction","target":["https:\/\/www.pravo.unizg.hr\/studiji\/cjelozivotno-obrazovanje\/koristi-i-rizici-modernih-tehnologija-za-starije\/"]}]},{"@type":"BreadcrumbList","@id":"https:\/\/www.pravo.unizg.hr\/studiji\/cjelozivotno-obrazovanje\/koristi-i-rizici-modernih-tehnologija-za-starije\/#breadcrumb","itemListElement":[{"@type":"ListItem","position":1,"name":"Homepage","item":"https:\/\/www.pravo.unizg.hr\/en\/"},{"@type":"ListItem","position":2,"name":"Studiji","item":"https:\/\/www.pravo.unizg.hr\/studiji\/"},{"@type":"ListItem","position":3,"name":"Cjelo\u017eivotno obrazovanje","item":"https:\/\/www.pravo.unizg.hr\/studiji\/cjelozivotno-obrazovanje\/"},{"@type":"ListItem","position":4,"name":"Koristi i rizici modernih tehnologija &#8211; za starije"}]},{"@type":"WebSite","@id":"https:\/\/www.pravo.unizg.hr\/#website","url":"https:\/\/www.pravo.unizg.hr\/","name":"Faculty of law","description":"","potentialAction":[{"@type":"SearchAction","target":{"@type":"EntryPoint","urlTemplate":"https:\/\/www.pravo.unizg.hr\/?s={search_term_string}"},"query-input":"required name=search_term_string"}],"inLanguage":"en-US"}]}},"_links":{"self":[{"href":"https:\/\/www.pravo.unizg.hr\/en\/wp-json\/wp\/v2\/pages\/16434","targetHints":{"allow":["GET"]}}],"collection":[{"href":"https:\/\/www.pravo.unizg.hr\/en\/wp-json\/wp\/v2\/pages"}],"about":[{"href":"https:\/\/www.pravo.unizg.hr\/en\/wp-json\/wp\/v2\/types\/page"}],"author":[{"embeddable":true,"href":"https:\/\/www.pravo.unizg.hr\/en\/wp-json\/wp\/v2\/users\/511"}],"replies":[{"embeddable":true,"href":"https:\/\/www.pravo.unizg.hr\/en\/wp-json\/wp\/v2\/comments?post=16434"}],"version-history":[{"count":24,"href":"https:\/\/www.pravo.unizg.hr\/en\/wp-json\/wp\/v2\/pages\/16434\/revisions"}],"predecessor-version":[{"id":29096,"href":"https:\/\/www.pravo.unizg.hr\/en\/wp-json\/wp\/v2\/pages\/16434\/revisions\/29096"}],"up":[{"embeddable":true,"href":"https:\/\/www.pravo.unizg.hr\/en\/wp-json\/wp\/v2\/pages\/60"}],"wp:attachment":[{"href":"https:\/\/www.pravo.unizg.hr\/en\/wp-json\/wp\/v2\/media?parent=16434"}],"curies":[{"name":"wp","href":"https:\/\/api.w.org\/{rel}","templated":true}]}}