{"id":14863,"date":"2023-04-12T12:31:08","date_gmt":"2023-04-12T11:31:08","guid":{"rendered":"https:\/\/www.pravo.unizg.hr\/projects\/aktivni-projekti\/"},"modified":"2025-10-14T08:01:39","modified_gmt":"2025-10-14T07:01:39","slug":"active-projects","status":"publish","type":"page","link":"https:\/\/www.pravo.unizg.hr\/en\/projects\/active-projects\/","title":{"rendered":"Active projects"},"content":{"rendered":"<p>&nbsp;<\/p>\n<p><span style=\"color: #8b0b05;\"><strong>Izazovi ja\u010danja gra\u0111anske participacije u funkcioniranju institucija: izme\u0111u razvoja participativne kulture i demokratizacije demokracija (DEFIDEM)<\/strong><\/span><\/p>\n<p><span style=\"color: #8b0b05;\"><strong><em>Les d\u00e9fis d\u2019une participation accrue des citoyens au fonctionnement des institutions: entre d\u00e9veloppement d\u2019une culture participative et d\u00e9mocratisation des d\u00e9mocraties<\/em><\/strong><\/span><\/p>\n<p style=\"padding-left: 40px;\">Duration<br \/>\n<strong>01\/01\/2024 \u2013 31\/12\/2028<\/strong><\/p>\n<p style=\"padding-left: 40px;\">Project Leader<br \/>\n<strong>Biljana Kostadinov\u00a0<\/strong><\/p>\n<p style=\"padding-left: 40px;\">Programme<br \/>\n<strong>IRN (International Research Network), Nacionalni centar za znanstvena istra\u017eivanja Francuske Republike (CNRS)<\/strong><\/p>\n<p style=\"padding-left: 40px;\"><a href=\"https:\/\/www.pravo.unizg.hr\/en\/defidem\"><strong>Project Website<\/strong><\/a><\/p>\n<p>&nbsp;<\/p>\n<p><span style=\"color: #8b0b05;\"><strong>Language Plurality in Europe\u2019s Changing Media Sphere (PLURILINGMEDIA)<\/strong><\/span><\/p>\n<p style=\"padding-left: 40px;\">Duration<br \/>\n<strong>01\/10\/2024 \u2013 30\/09\/2028<\/strong><\/p>\n<p style=\"padding-left: 40px;\">Project Leader<br \/>\n<strong>Antonija Petri\u010du\u0161i\u0107\u00a0<\/strong><\/p>\n<p style=\"padding-left: 40px;\">Programme<br \/>\n<strong>COST (European Cooperation in Science and Technology)<\/strong><\/p>\n<p style=\"padding-left: 40px;\"><a href=\"https:\/\/www.pravo.unizg.hr\/en\/plurilingmedia\"><strong>Project Website<\/strong><\/a><\/p>\n<p>&nbsp;<\/p>\n<p><span style=\"color: #8b0b05;\"><strong>Protection of Irregular Migrants in Europe: Institutions, Interests, and Policies<\/strong><\/span><\/p>\n<p style=\"padding-left: 40px;\">Duration<br \/>\n<strong>01\/04\/2023 \u2013 31\/03\/2026<\/strong><\/p>\n<p style=\"padding-left: 40px;\">Project Leader<br \/>\n<strong>Iris Goldner Lang\u00a0<\/strong><\/p>\n<p style=\"padding-left: 40px;\">Programme<br \/>\n<strong>European Commission \u2013 Horizon Europe<\/strong><\/p>\n<p>&nbsp;<\/p>\n<p><span style=\"color: #8b0b05;\"><strong>Croatian Misdemeanor Law in the European Context \u2013 Challenges and Perspectives<\/strong><\/span><\/p>\n<p style=\"padding-left: 40px;\">Duration<br \/>\n<strong>01\/04\/2021 \u2013 31\/03\/2026<\/strong><\/p>\n<p style=\"padding-left: 40px;\">Project Leader<br \/>\n<strong>Marin Bona\u010di\u0107<\/strong><\/p>\n<p style=\"padding-left: 40px;\">Programme<br \/>\n<strong>Croatian Science Foundation<\/strong><\/p>\n<p style=\"padding-left: 40px;\"><a href=\"https:\/\/www.pravo.unizg.hr\/en\/projects\/active-projects\/preprahr\"><strong>Project Website<\/strong><\/a><\/p>\n<p>&nbsp;<\/p>\n<p><span style=\"color: #8b0b05;\"><strong>Gender Dimension of the Croatian Minority Policy<\/strong><\/span><\/p>\n<p style=\"padding-left: 40px;\">Duration<br \/>\n<strong>01\/01\/2024 \u2013 31\/12\/2025<\/strong><\/p>\n<p style=\"padding-left: 40px;\">Project Leader<br \/>\n<strong>Antonija Petri\u010du\u0161i\u0107<\/strong><\/p>\n<p style=\"padding-left: 40px;\">Programme<br \/>\n<strong>Ministry of Science and Education, Bilateral Educational and Scientific Cooperation with the Republic of Austria<\/strong><\/p>\n<p style=\"padding-left: 40px;\"><a href=\"https:\/\/www.pravo.unizg.hr\/en\/projects\/active-projects\/gemini\"><strong>Project Website<\/strong><\/a><\/p>\n<p>&nbsp;<\/p>\n<p style=\"padding-left: 40px;\">\n","protected":false},"excerpt":{"rendered":"<p>&nbsp; Izazovi ja\u010danja gra\u0111anske participacije u funkcioniranju institucija: izme\u0111u razvoja&#8230;<\/p>\n","protected":false},"author":511,"featured_media":0,"parent":8735,"menu_order":5,"comment_status":"closed","ping_status":"closed","template":"","meta":{"footnotes":""},"class_list":["post-14863","page","type-page","status-publish","hentry"],"pp_force_visibility":null,"pp_subpost_visibility":null,"pp_inherited_force_visibility":null,"pp_inherited_subpost_visibility":null,"acf":[],"yoast_head":"<!-- This site is optimized with the Yoast SEO plugin v20.1 - https:\/\/yoast.com\/wordpress\/plugins\/seo\/ -->\n<title>Active projects - Faculty of law<\/title>\n<meta name=\"robots\" content=\"index, follow, max-snippet:-1, max-image-preview:large, max-video-preview:-1\" \/>\n<link rel=\"canonical\" href=\"https:\/\/www.pravo.unizg.hr\/en\/projects\/active-projects\/\" \/>\n<meta property=\"og:locale\" content=\"en_US\" \/>\n<meta property=\"og:type\" content=\"article\" \/>\n<meta property=\"og:title\" content=\"Active projects - Faculty of law\" \/>\n<meta property=\"og:description\" content=\"&nbsp; Izazovi ja\u010danja gra\u0111anske participacije u funkcioniranju institucija: izme\u0111u razvoja...\" \/>\n<meta property=\"og:url\" content=\"https:\/\/www.pravo.unizg.hr\/en\/projects\/active-projects\/\" \/>\n<meta property=\"og:site_name\" content=\"Faculty of law\" \/>\n<meta property=\"article:modified_time\" content=\"2025-10-14T07:01:39+00:00\" \/>\n<meta name=\"twitter:card\" content=\"summary_large_image\" \/>\n<script type=\"application\/ld+json\" class=\"yoast-schema-graph\">{\"@context\":\"https:\/\/schema.org\",\"@graph\":[{\"@type\":\"WebPage\",\"@id\":\"https:\/\/www.pravo.unizg.hr\/en\/projects\/active-projects\/\",\"url\":\"https:\/\/www.pravo.unizg.hr\/en\/projects\/active-projects\/\",\"name\":\"Active projects - Faculty of law\",\"isPartOf\":{\"@id\":\"https:\/\/www.pravo.unizg.hr\/#website\"},\"datePublished\":\"2023-04-12T11:31:08+00:00\",\"dateModified\":\"2025-10-14T07:01:39+00:00\",\"breadcrumb\":{\"@id\":\"https:\/\/www.pravo.unizg.hr\/en\/projects\/active-projects\/#breadcrumb\"},\"inLanguage\":\"en-US\",\"potentialAction\":[{\"@type\":\"ReadAction\",\"target\":[\"https:\/\/www.pravo.unizg.hr\/en\/projects\/active-projects\/\"]}]},{\"@type\":\"BreadcrumbList\",\"@id\":\"https:\/\/www.pravo.unizg.hr\/en\/projects\/active-projects\/#breadcrumb\",\"itemListElement\":[{\"@type\":\"ListItem\",\"position\":1,\"name\":\"Homepage\",\"item\":\"https:\/\/www.pravo.unizg.hr\/en\/\"},{\"@type\":\"ListItem\",\"position\":2,\"name\":\"Projects\",\"item\":\"https:\/\/www.pravo.unizg.hr\/en\/projects\/\"},{\"@type\":\"ListItem\",\"position\":3,\"name\":\"Active projects\"}]},{\"@type\":\"WebSite\",\"@id\":\"https:\/\/www.pravo.unizg.hr\/#website\",\"url\":\"https:\/\/www.pravo.unizg.hr\/\",\"name\":\"Faculty of law\",\"description\":\"\",\"potentialAction\":[{\"@type\":\"SearchAction\",\"target\":{\"@type\":\"EntryPoint\",\"urlTemplate\":\"https:\/\/www.pravo.unizg.hr\/?s={search_term_string}\"},\"query-input\":\"required name=search_term_string\"}],\"inLanguage\":\"en-US\"}]}<\/script>\n<!-- \/ Yoast SEO plugin. -->","yoast_head_json":{"title":"Active projects - Faculty of law","robots":{"index":"index","follow":"follow","max-snippet":"max-snippet:-1","max-image-preview":"max-image-preview:large","max-video-preview":"max-video-preview:-1"},"canonical":"https:\/\/www.pravo.unizg.hr\/en\/projects\/active-projects\/","og_locale":"en_US","og_type":"article","og_title":"Active projects - Faculty of law","og_description":"&nbsp; Izazovi ja\u010danja gra\u0111anske participacije u funkcioniranju institucija: izme\u0111u razvoja...","og_url":"https:\/\/www.pravo.unizg.hr\/en\/projects\/active-projects\/","og_site_name":"Faculty of law","article_modified_time":"2025-10-14T07:01:39+00:00","twitter_card":"summary_large_image","schema":{"@context":"https:\/\/schema.org","@graph":[{"@type":"WebPage","@id":"https:\/\/www.pravo.unizg.hr\/en\/projects\/active-projects\/","url":"https:\/\/www.pravo.unizg.hr\/en\/projects\/active-projects\/","name":"Active projects - Faculty of law","isPartOf":{"@id":"https:\/\/www.pravo.unizg.hr\/#website"},"datePublished":"2023-04-12T11:31:08+00:00","dateModified":"2025-10-14T07:01:39+00:00","breadcrumb":{"@id":"https:\/\/www.pravo.unizg.hr\/en\/projects\/active-projects\/#breadcrumb"},"inLanguage":"en-US","potentialAction":[{"@type":"ReadAction","target":["https:\/\/www.pravo.unizg.hr\/en\/projects\/active-projects\/"]}]},{"@type":"BreadcrumbList","@id":"https:\/\/www.pravo.unizg.hr\/en\/projects\/active-projects\/#breadcrumb","itemListElement":[{"@type":"ListItem","position":1,"name":"Homepage","item":"https:\/\/www.pravo.unizg.hr\/en\/"},{"@type":"ListItem","position":2,"name":"Projects","item":"https:\/\/www.pravo.unizg.hr\/en\/projects\/"},{"@type":"ListItem","position":3,"name":"Active projects"}]},{"@type":"WebSite","@id":"https:\/\/www.pravo.unizg.hr\/#website","url":"https:\/\/www.pravo.unizg.hr\/","name":"Faculty of law","description":"","potentialAction":[{"@type":"SearchAction","target":{"@type":"EntryPoint","urlTemplate":"https:\/\/www.pravo.unizg.hr\/?s={search_term_string}"},"query-input":"required name=search_term_string"}],"inLanguage":"en-US"}]}},"_links":{"self":[{"href":"https:\/\/www.pravo.unizg.hr\/en\/wp-json\/wp\/v2\/pages\/14863","targetHints":{"allow":["GET"]}}],"collection":[{"href":"https:\/\/www.pravo.unizg.hr\/en\/wp-json\/wp\/v2\/pages"}],"about":[{"href":"https:\/\/www.pravo.unizg.hr\/en\/wp-json\/wp\/v2\/types\/page"}],"author":[{"embeddable":true,"href":"https:\/\/www.pravo.unizg.hr\/en\/wp-json\/wp\/v2\/users\/511"}],"replies":[{"embeddable":true,"href":"https:\/\/www.pravo.unizg.hr\/en\/wp-json\/wp\/v2\/comments?post=14863"}],"version-history":[{"count":42,"href":"https:\/\/www.pravo.unizg.hr\/en\/wp-json\/wp\/v2\/pages\/14863\/revisions"}],"predecessor-version":[{"id":28767,"href":"https:\/\/www.pravo.unizg.hr\/en\/wp-json\/wp\/v2\/pages\/14863\/revisions\/28767"}],"up":[{"embeddable":true,"href":"https:\/\/www.pravo.unizg.hr\/en\/wp-json\/wp\/v2\/pages\/8735"}],"wp:attachment":[{"href":"https:\/\/www.pravo.unizg.hr\/en\/wp-json\/wp\/v2\/media?parent=14863"}],"curies":[{"name":"wp","href":"https:\/\/api.w.org\/{rel}","templated":true}]}}