{"id":14237,"date":"2023-11-16T14:41:02","date_gmt":"2023-11-16T13:41:02","guid":{"rendered":"https:\/\/www.pravo.unizg.hr\/?page_id=14237"},"modified":"2023-11-16T14:47:37","modified_gmt":"2023-11-16T13:47:37","slug":"priznavanje-sadrzaja-ostvarenih-u-okviru-programa-erasmus","status":"publish","type":"page","link":"https:\/\/www.pravo.unizg.hr\/en\/medunarodna-suradnja\/programi-medunarodne-mobilnosti\/erasmus\/studijska-razmjena\/priznavanje-sadrzaja-ostvarenih-u-okviru-programa-erasmus\/","title":{"rendered":"Priznavanje sadr\u017eaja ostvarenih u okviru programa Erasmus"},"content":{"rendered":"<p>Priznavanje sadr\u017eaja ostvarenih u okviru Erasmus programa regulirano je odlukom dekana od 7. velja\u010de 2018. Odluka je dostupna <a href=\"https:\/\/www.pravo.unizg.hr\/wp-content\/uploads\/2023\/11\/Odluka-erasmus.pdf\" target=\"_blank\" rel=\"noopener\" data-saferedirecturl=\"https:\/\/www.google.com\/url?q=https:\/\/www.pravo.unizg.hr\/images\/50019337\/Odluka%2520erasmus.pdf&amp;source=gmail&amp;ust=1694846865130000&amp;usg=AOvVaw3mHWl943PTY9F1oKxKjkBH\">ovdje.<\/a><\/p>\n<p>Upiti vezani uz priznavanje predmeta koje\u00a0<u>studenti Pravnog fakulteta<\/u>\u00a0namjeravaju slu\u0161ati i polagati ili su ih ve\u0107 odslu\u0161ali\/polo\u017eili i dobili ocjene\u00a0u okviru mobilnosti\/me\u0111unarodne razmjene upu\u0107uju se nadle\u017enom<a href=\"https:\/\/www.pravo.unizg.hr\/medunarodna-suradnja\/outgoing\/prije-mobilnosti\/ects-koordinator\/\" target=\"_blank\" rel=\"noopener\" data-saferedirecturl=\"https:\/\/www.google.com\/url?q=https:\/\/www.pravo.unizg.hr\/plus\/medjunarodna\/ects_koordinatori&amp;source=gmail&amp;ust=1694846865130000&amp;usg=AOvVaw3Z1tvA8nm0q0MXCBJL7e9R\">\u00a0ECTS koordinatoru<\/a>\u00a0putem sustava\u00a0<a href=\"http:\/\/podrska.pravo.hr\/\" target=\"_blank\" rel=\"noopener\" data-saferedirecturl=\"https:\/\/www.google.com\/url?q=http:\/\/podrska.pravo.hr\/&amp;source=gmail&amp;ust=1694846865130000&amp;usg=AOvVaw3EP3w8LqP-bHfyhg83CrHu\">podrska.pravo.hr.<\/a>\u00a0<wbr \/>Nakon ostvarenog studijskog boravka, studenti prila\u017eu\u00a0prijepis ocjena\u00a0s ostvarenim\u00a0ECTS bodovima\u00a0i kurikulom (program po kojem se predmet izvodi, a iz kojeg su vidljive nastavne jedinice koje predmet sadr\u017ei) te\u00a0tra\u017ee\u00a0potvrdu o priznavanju sadr\u017eaja, koju potom dostavljaju s ostatkom zavr\u0161ne dokumentacije\u00a0Sredi\u0161njem uredu za me\u0111unarodnu suradnju Sveu\u010dili\u0161ta\u00a0u Zagrebu.<\/p>\n<p>Upiti vezani uz priznavanje predmeta koje\u00a0<u>studenti Studijskog centra socijalnog rada i Studijskog centra za javnu\u00a0upravu\u00a0i javne\u00a0financije<\/u>\u00a0namjeravaju slu\u0161ati i polagati ili su ih ve\u0107 odslu\u0161ali\/polo\u017eili i dobili ocjene\u00a0u okviru mobilnosti\/me\u0111unarodne razmjene upu\u0107uju se, putem studentske referade, nadle\u017enom\u00a0<a href=\"https:\/\/www.pravo.unizg.hr\/medunarodna-suradnja\/outgoing\/prije-mobilnosti\/ects-koordinator\/\" target=\"_blank\" rel=\"noopener\" data-saferedirecturl=\"https:\/\/www.google.com\/url?q=https:\/\/www.pravo.unizg.hr\/plus\/medjunarodna\/ects_koordinatori&amp;source=gmail&amp;ust=1694846865130000&amp;usg=AOvVaw3Z1tvA8nm0q0MXCBJL7e9R\">ECTS koordinatoru<\/a>\u00a0u obliku molbe na posebnom\u00a0<a href=\"https:\/\/www.pravo.unizg.hr\/wp-content\/uploads\/2023\/11\/Obrazac-priznavanje_-predmeta.docx\" target=\"_blank\" rel=\"noopener\" data-saferedirecturl=\"https:\/\/www.google.com\/url?q=https:\/\/www.pravo.unizg.hr\/images\/50019967\/Obrazac%2520priznavanje_%2520predmeta.docx&amp;source=gmail&amp;ust=1694846865130000&amp;usg=AOvVaw0A2GkzkMDslqu5uaInODqm\">obrascu<\/a>. Nakon ostvarenog studijskog boravka, studenti uz molbu prila\u017eu\u00a0prijepis ocjena\u00a0s ostvarenim\u00a0ECTS bodovima\u00a0i kurikulom (program po kojemu se predmet izvodi, a iz kojega su vidljive nastavne jedinice koje predmet sadr\u017ei) te\u00a0tra\u017ee\u00a0potvrdu\u00a0o priznavanju sadr\u017eaja, koju potom dostavljaju s ostatkom zavr\u0161ne dokumentacije\u00a0Sredi\u0161njem uredu za me\u0111unarodnu suradnju Sveu\u010dili\u0161ta\u00a0u Zagrebu.<\/p>\n","protected":false},"excerpt":{"rendered":"<p>Priznavanje sadr\u017eaja ostvarenih u okviru Erasmus programa regulirano je odlukom&#8230;<\/p>\n","protected":false},"author":511,"featured_media":0,"parent":4717,"menu_order":0,"comment_status":"closed","ping_status":"closed","template":"","meta":{"footnotes":""},"class_list":["post-14237","page","type-page","status-publish","hentry"],"pp_force_visibility":null,"pp_subpost_visibility":null,"pp_inherited_force_visibility":null,"pp_inherited_subpost_visibility":null,"acf":[],"yoast_head":"<!-- This site is optimized with the Yoast SEO plugin v20.1 - https:\/\/yoast.com\/wordpress\/plugins\/seo\/ -->\n<title>Priznavanje sadr\u017eaja ostvarenih u okviru programa Erasmus - Faculty of law<\/title>\n<meta name=\"robots\" content=\"index, follow, max-snippet:-1, max-image-preview:large, max-video-preview:-1\" \/>\n<link rel=\"canonical\" href=\"https:\/\/www.pravo.unizg.hr\/medunarodna-suradnja\/programi-medunarodne-mobilnosti\/erasmus\/studijska-razmjena\/priznavanje-sadrzaja-ostvarenih-u-okviru-programa-erasmus\/\" \/>\n<meta property=\"og:locale\" content=\"en_US\" \/>\n<meta property=\"og:type\" content=\"article\" \/>\n<meta property=\"og:title\" content=\"Priznavanje sadr\u017eaja ostvarenih u okviru programa Erasmus - Faculty of law\" \/>\n<meta property=\"og:description\" content=\"Priznavanje sadr\u017eaja ostvarenih u okviru Erasmus programa regulirano je odlukom...\" \/>\n<meta property=\"og:url\" content=\"https:\/\/www.pravo.unizg.hr\/medunarodna-suradnja\/programi-medunarodne-mobilnosti\/erasmus\/studijska-razmjena\/priznavanje-sadrzaja-ostvarenih-u-okviru-programa-erasmus\/\" \/>\n<meta property=\"og:site_name\" content=\"Faculty of law\" \/>\n<meta property=\"article:modified_time\" content=\"2023-11-16T13:47:37+00:00\" \/>\n<meta name=\"twitter:card\" content=\"summary_large_image\" \/>\n<meta name=\"twitter:label1\" content=\"Est. reading time\" \/>\n\t<meta name=\"twitter:data1\" content=\"1 minute\" \/>\n<script type=\"application\/ld+json\" class=\"yoast-schema-graph\">{\"@context\":\"https:\/\/schema.org\",\"@graph\":[{\"@type\":\"WebPage\",\"@id\":\"https:\/\/www.pravo.unizg.hr\/medunarodna-suradnja\/programi-medunarodne-mobilnosti\/erasmus\/studijska-razmjena\/priznavanje-sadrzaja-ostvarenih-u-okviru-programa-erasmus\/\",\"url\":\"https:\/\/www.pravo.unizg.hr\/medunarodna-suradnja\/programi-medunarodne-mobilnosti\/erasmus\/studijska-razmjena\/priznavanje-sadrzaja-ostvarenih-u-okviru-programa-erasmus\/\",\"name\":\"Priznavanje sadr\u017eaja ostvarenih u okviru programa Erasmus - Faculty of law\",\"isPartOf\":{\"@id\":\"https:\/\/www.pravo.unizg.hr\/#website\"},\"datePublished\":\"2023-11-16T13:41:02+00:00\",\"dateModified\":\"2023-11-16T13:47:37+00:00\",\"breadcrumb\":{\"@id\":\"https:\/\/www.pravo.unizg.hr\/medunarodna-suradnja\/programi-medunarodne-mobilnosti\/erasmus\/studijska-razmjena\/priznavanje-sadrzaja-ostvarenih-u-okviru-programa-erasmus\/#breadcrumb\"},\"inLanguage\":\"en-US\",\"potentialAction\":[{\"@type\":\"ReadAction\",\"target\":[\"https:\/\/www.pravo.unizg.hr\/medunarodna-suradnja\/programi-medunarodne-mobilnosti\/erasmus\/studijska-razmjena\/priznavanje-sadrzaja-ostvarenih-u-okviru-programa-erasmus\/\"]}]},{\"@type\":\"BreadcrumbList\",\"@id\":\"https:\/\/www.pravo.unizg.hr\/medunarodna-suradnja\/programi-medunarodne-mobilnosti\/erasmus\/studijska-razmjena\/priznavanje-sadrzaja-ostvarenih-u-okviru-programa-erasmus\/#breadcrumb\",\"itemListElement\":[{\"@type\":\"ListItem\",\"position\":1,\"name\":\"Homepage\",\"item\":\"https:\/\/www.pravo.unizg.hr\/en\/\"},{\"@type\":\"ListItem\",\"position\":2,\"name\":\"Me\u0111unarodna suradnja\",\"item\":\"https:\/\/www.pravo.unizg.hr\/medunarodna-suradnja\/\"},{\"@type\":\"ListItem\",\"position\":3,\"name\":\"Programi me\u0111unarodne mobilnosti za studente\",\"item\":\"https:\/\/www.pravo.unizg.hr\/medunarodna-suradnja\/programi-medunarodne-mobilnosti\/\"},{\"@type\":\"ListItem\",\"position\":4,\"name\":\"ERASMUS+\",\"item\":\"https:\/\/www.pravo.unizg.hr\/medunarodna-suradnja\/programi-medunarodne-mobilnosti\/erasmus\/\"},{\"@type\":\"ListItem\",\"position\":5,\"name\":\"Studijski boravak\",\"item\":\"https:\/\/www.pravo.unizg.hr\/medunarodna-suradnja\/programi-medunarodne-mobilnosti\/erasmus\/studijska-razmjena\/\"},{\"@type\":\"ListItem\",\"position\":6,\"name\":\"Priznavanje sadr\u017eaja ostvarenih u okviru programa Erasmus\"}]},{\"@type\":\"WebSite\",\"@id\":\"https:\/\/www.pravo.unizg.hr\/#website\",\"url\":\"https:\/\/www.pravo.unizg.hr\/\",\"name\":\"Faculty of law\",\"description\":\"\",\"potentialAction\":[{\"@type\":\"SearchAction\",\"target\":{\"@type\":\"EntryPoint\",\"urlTemplate\":\"https:\/\/www.pravo.unizg.hr\/?s={search_term_string}\"},\"query-input\":\"required name=search_term_string\"}],\"inLanguage\":\"en-US\"}]}<\/script>\n<!-- \/ Yoast SEO plugin. -->","yoast_head_json":{"title":"Priznavanje sadr\u017eaja ostvarenih u okviru programa Erasmus - Faculty of law","robots":{"index":"index","follow":"follow","max-snippet":"max-snippet:-1","max-image-preview":"max-image-preview:large","max-video-preview":"max-video-preview:-1"},"canonical":"https:\/\/www.pravo.unizg.hr\/medunarodna-suradnja\/programi-medunarodne-mobilnosti\/erasmus\/studijska-razmjena\/priznavanje-sadrzaja-ostvarenih-u-okviru-programa-erasmus\/","og_locale":"en_US","og_type":"article","og_title":"Priznavanje sadr\u017eaja ostvarenih u okviru programa Erasmus - Faculty of law","og_description":"Priznavanje sadr\u017eaja ostvarenih u okviru Erasmus programa regulirano je odlukom...","og_url":"https:\/\/www.pravo.unizg.hr\/medunarodna-suradnja\/programi-medunarodne-mobilnosti\/erasmus\/studijska-razmjena\/priznavanje-sadrzaja-ostvarenih-u-okviru-programa-erasmus\/","og_site_name":"Faculty of law","article_modified_time":"2023-11-16T13:47:37+00:00","twitter_card":"summary_large_image","twitter_misc":{"Est. reading time":"1 minute"},"schema":{"@context":"https:\/\/schema.org","@graph":[{"@type":"WebPage","@id":"https:\/\/www.pravo.unizg.hr\/medunarodna-suradnja\/programi-medunarodne-mobilnosti\/erasmus\/studijska-razmjena\/priznavanje-sadrzaja-ostvarenih-u-okviru-programa-erasmus\/","url":"https:\/\/www.pravo.unizg.hr\/medunarodna-suradnja\/programi-medunarodne-mobilnosti\/erasmus\/studijska-razmjena\/priznavanje-sadrzaja-ostvarenih-u-okviru-programa-erasmus\/","name":"Priznavanje sadr\u017eaja ostvarenih u okviru programa Erasmus - Faculty of law","isPartOf":{"@id":"https:\/\/www.pravo.unizg.hr\/#website"},"datePublished":"2023-11-16T13:41:02+00:00","dateModified":"2023-11-16T13:47:37+00:00","breadcrumb":{"@id":"https:\/\/www.pravo.unizg.hr\/medunarodna-suradnja\/programi-medunarodne-mobilnosti\/erasmus\/studijska-razmjena\/priznavanje-sadrzaja-ostvarenih-u-okviru-programa-erasmus\/#breadcrumb"},"inLanguage":"en-US","potentialAction":[{"@type":"ReadAction","target":["https:\/\/www.pravo.unizg.hr\/medunarodna-suradnja\/programi-medunarodne-mobilnosti\/erasmus\/studijska-razmjena\/priznavanje-sadrzaja-ostvarenih-u-okviru-programa-erasmus\/"]}]},{"@type":"BreadcrumbList","@id":"https:\/\/www.pravo.unizg.hr\/medunarodna-suradnja\/programi-medunarodne-mobilnosti\/erasmus\/studijska-razmjena\/priznavanje-sadrzaja-ostvarenih-u-okviru-programa-erasmus\/#breadcrumb","itemListElement":[{"@type":"ListItem","position":1,"name":"Homepage","item":"https:\/\/www.pravo.unizg.hr\/en\/"},{"@type":"ListItem","position":2,"name":"Me\u0111unarodna suradnja","item":"https:\/\/www.pravo.unizg.hr\/medunarodna-suradnja\/"},{"@type":"ListItem","position":3,"name":"Programi me\u0111unarodne mobilnosti za studente","item":"https:\/\/www.pravo.unizg.hr\/medunarodna-suradnja\/programi-medunarodne-mobilnosti\/"},{"@type":"ListItem","position":4,"name":"ERASMUS+","item":"https:\/\/www.pravo.unizg.hr\/medunarodna-suradnja\/programi-medunarodne-mobilnosti\/erasmus\/"},{"@type":"ListItem","position":5,"name":"Studijski boravak","item":"https:\/\/www.pravo.unizg.hr\/medunarodna-suradnja\/programi-medunarodne-mobilnosti\/erasmus\/studijska-razmjena\/"},{"@type":"ListItem","position":6,"name":"Priznavanje sadr\u017eaja ostvarenih u okviru programa Erasmus"}]},{"@type":"WebSite","@id":"https:\/\/www.pravo.unizg.hr\/#website","url":"https:\/\/www.pravo.unizg.hr\/","name":"Faculty of law","description":"","potentialAction":[{"@type":"SearchAction","target":{"@type":"EntryPoint","urlTemplate":"https:\/\/www.pravo.unizg.hr\/?s={search_term_string}"},"query-input":"required name=search_term_string"}],"inLanguage":"en-US"}]}},"_links":{"self":[{"href":"https:\/\/www.pravo.unizg.hr\/en\/wp-json\/wp\/v2\/pages\/14237","targetHints":{"allow":["GET"]}}],"collection":[{"href":"https:\/\/www.pravo.unizg.hr\/en\/wp-json\/wp\/v2\/pages"}],"about":[{"href":"https:\/\/www.pravo.unizg.hr\/en\/wp-json\/wp\/v2\/types\/page"}],"author":[{"embeddable":true,"href":"https:\/\/www.pravo.unizg.hr\/en\/wp-json\/wp\/v2\/users\/511"}],"replies":[{"embeddable":true,"href":"https:\/\/www.pravo.unizg.hr\/en\/wp-json\/wp\/v2\/comments?post=14237"}],"version-history":[{"count":3,"href":"https:\/\/www.pravo.unizg.hr\/en\/wp-json\/wp\/v2\/pages\/14237\/revisions"}],"predecessor-version":[{"id":14243,"href":"https:\/\/www.pravo.unizg.hr\/en\/wp-json\/wp\/v2\/pages\/14237\/revisions\/14243"}],"up":[{"embeddable":true,"href":"https:\/\/www.pravo.unizg.hr\/en\/wp-json\/wp\/v2\/pages\/4717"}],"wp:attachment":[{"href":"https:\/\/www.pravo.unizg.hr\/en\/wp-json\/wp\/v2\/media?parent=14237"}],"curies":[{"name":"wp","href":"https:\/\/api.w.org\/{rel}","templated":true}]}}