{"id":14182,"date":"2023-11-15T13:23:16","date_gmt":"2023-11-15T12:23:16","guid":{"rendered":"https:\/\/www.pravo.unizg.hr\/?page_id=14182"},"modified":"2025-10-21T17:50:00","modified_gmt":"2025-10-21T16:50:00","slug":"aktualnosti-u-sustavu-prostornog-uredenja-i-gradnje","status":"publish","type":"page","link":"https:\/\/www.pravo.unizg.hr\/en\/studiji\/cjelozivotno-obrazovanje\/aktualnosti-u-sustavu-prostornog-uredenja-i-gradnje\/","title":{"rendered":"Aktualnosti u sustavu prostornog ure\u0111enja i gradnje"},"content":{"rendered":"<p>&nbsp;<\/p>\n<p style=\"text-align: center;\">Nova edukacija Pravnog fakulteta Sveu\u010dili\u0161ta u Zagrebu u organizaciji Katedre za upravno pravo<br \/>\nVoditeljica programa cjelo\u017eivotnog obrazovanja: izv. prof. dr. sc. Mateja Held<\/p>\n<p style=\"text-align: center;\"><strong>CJELO\u017dIVOTNO OBRAZOVANJE<\/strong><\/p>\n<p>&nbsp;<\/p>\n<h3 style=\"text-align: center;\"><strong><em>AKTUALNOSTI U SUSTAVU PROSTORNOG URE\u0110ENJA I GRADNJE<\/em><\/strong><\/h3>\n<p>&nbsp;<\/p>\n<p style=\"text-align: center;\"><strong>31. O\u017dUJKA &#8211; 3. TRAVNJA 2025.<br \/>\n<\/strong><strong>17:00 &#8211; 20:30 SATI<\/strong><\/p>\n<p>&nbsp;<\/p>\n<p style=\"text-align: center;\"><strong>DRU\u0160TVO SVEU\u010cILI\u0160NIH NASTAVNIKA i DRUGIH ZNANSTVENIKA<br \/>\n<\/strong><strong>FRANKOPANSKA ULICA 5A<br \/>\n<\/strong><strong>ZAGREB<\/strong><\/p>\n<p style=\"text-align: center;\"><em>Edukaciji je mogu\u0107e prisustvovati i <\/em>online<em>.*<\/em><\/p>\n<p>&nbsp;<\/p>\n<p>Katedra za upravno pravo Pravnog fakulteta Sveu\u010dili\u0161ta u Zagrebu ima dugogodi\u0161nju tradiciju u izvo\u0111enju programa cjelo\u017eivotnog obrazovanja. Najnoviji program <strong><em>Aktualnosti u prostornom ure\u0111enju i gradnji<\/em> <\/strong>pokrenut je 2023. s ciljem povezivanja stru\u010dnjaka iz prakse sa sucima upravnih sudova i akademskom zajednicom. Na edukaciji su sudjelovali odvjetnici te slu\u017ebenici u gradovima i \u017eupanijama prete\u017eito pravne struke, a posebno nam je zadovoljstvo \u0161to su na edukaciji sudjelovali i magistri arhitekture, gra\u0111evinarstva i geodezije koji su ovaj program ocijenili posebno kvalitetnim. O kvaliteti pokrenutog programa svjedo\u010di i \u010dinjenica da je programu <em>Aktualnosti u prostornom ure\u0111enju i gradnji<\/em> <strong>dodijeljena Dekanova nagrada za najbolji program cjelo\u017eivotnog obrazovanja <\/strong>izveden u 2023.\/2024. akademskoj godini.<\/p>\n<p><strong>\u00a0<\/strong><\/p>\n<p><strong>Za\u0161to se prijaviti na novu edukaciju o prostornom ure\u0111enju i gradnji?<\/strong><\/p>\n<p>&#8211; Edukacija o aktualnim pitanjima prostornog ure\u0111enja i gradnje, mogu\u0107nost postavljanja pitanja i rasprava o sljede\u0107im temama:<\/p>\n<ul>\n<li>podru\u010dje prostornog ure\u0111enja u svjetlu izrade novog Zakona o prostornom ure\u0111enju<\/li>\n<li>kako primijeniti na\u010dela upravnog postupka u prostornom ure\u0111enju i gradnji<\/li>\n<li>otvorena pitanja kod lokacijske dozvole<\/li>\n<li>analiza naj\u010de\u0161\u0107ih problema kod rje\u0161enja o utvr\u0111ivanju gra\u0111evne \u010destice<\/li>\n<li>imovinskopravni instituti ure\u0111enja gra\u0111evinskog zemlji\u0161ta<\/li>\n<li>kori\u0161tenje pravnih lijekova u prostornom ure\u0111enju i gradnji &#8211; nedostaci u trenutnoj regulaciji i odstupanja od pravila upravnog postupka<\/li>\n<li>nove ovlasti komunalnih redara<\/li>\n<li>sudska kontrola zakonitosti prostornih planova<\/li>\n<\/ul>\n<p><strong>\u00a0<\/strong><\/p>\n<p>Predava\u010di su <strong>istaknuti znanstvenici i stru\u010dnjaci u podru\u010dju upravnog i gra\u0111anskog prava te prostornog ure\u0111enja i gradnje<\/strong>:<\/p>\n<ul>\n<li><strong>Prof. dr. sc. Tatjana Josipovi\u0107, <\/strong>redovita profesorica u trajnom izboru na Pravnom fakultetu Sveu\u010dili\u0161ta u Zagrebu, Katedra za gra\u0111ansko pravo<\/li>\n<li><strong> Prof. dr. sc. <\/strong><strong>Marko \u0160iki\u0107<\/strong>, redoviti profesor u trajnom izboru na Pravnom fakultetu Sveu\u010dili\u0161ta u Zagrebu, Katedra za upravno pravo<\/li>\n<li><strong> Prof. dr. sc.<\/strong> <strong>Frane Stani\u010di\u0107<\/strong>, sudac Ustavnog suda Republike Hrvatske i redoviti profesor na Pravnom fakultetu Sveu\u010dili\u0161ta u Zagrebu, Katedra za upravno pravo<\/li>\n<li><strong>mr. sc. <\/strong><strong>Inga Vezmar Barlek<\/strong>, predsjednica Visokog upravnog suda Republike Hrvatske<\/li>\n<li><strong>Antun \u017dagar, mag. iur., <\/strong>predsjednik Upravnog suda u Rijeci<\/li>\n<li><strong>Snje\u017eana \u0110uri\u0161i\u0107, dipl. ing. gra\u0111.<\/strong>, v. d. ravnateljica Uprave za prostorno ure\u0111enje, \u00a0Ministarstvo prostornog ure\u0111enja, graditeljstva i dr\u017eavne imovine<\/li>\n<li><strong>Bojan Linardi\u0107, dipl. ing. arh.<\/strong>, v. d. ravnatelj Zavoda za prostorno ure\u0111enje, Ministarstvo prostornog ure\u0111enja, graditeljstva i dr\u017eavne imovine<\/li>\n<li><strong>izv. prof. dr. sc. Mateja Held<\/strong>, izvanredna profesorica na Pravnom fakultetu Sveu\u010dili\u0161ta u Zagrebu, Katedra za upravno pravo, voditeljica programa cjelo\u017eivotnog obrazovanja Aktualnosti u sustavu prostornog ure\u0111enja i gradnje<\/li>\n<\/ul>\n<p>&nbsp;<\/p>\n<p><strong>Cijena: 400 eura po polazniku*<\/strong><\/p>\n<p><em>* U cijenu su uklju\u010deni materijali s predavanja (power point prezentacije) i okrjepa za vrijeme nastave.<\/em><\/p>\n<p><em>** Edukacija \u0107e se odr\u017eati hibridno, u\u017eivo i preko Google Meeta. Poveznica se polaznicima \u0161alje nakon uplate.<\/em><\/p>\n<p>&nbsp;<\/p>\n<p><strong>Polaznici se mogu prijaviti do 25. o\u017eujka 2025. putem online obrasca: <a href=\"https:\/\/forms.gle\/bCyP1tkTbS3qiFwQA\" target=\"_blank\" rel=\"noopener\">https:\/\/forms.gle\/bCyP1tkTbS3qiFwQA<\/a><\/strong><\/p>\n<p>Za sve upite mo\u017eete se obratiti na: <a href=\"mailto:cjelozivotno@pravo.hr\">cjelozivotno@pravo.hr<\/a><\/p>\n<p>&nbsp;<\/p>\n","protected":false},"excerpt":{"rendered":"<p>&nbsp; Nova edukacija Pravnog fakulteta Sveu\u010dili\u0161ta u Zagrebu u organizaciji&#8230;<\/p>\n","protected":false},"author":511,"featured_media":0,"parent":60,"menu_order":1,"comment_status":"closed","ping_status":"closed","template":"","meta":{"footnotes":""},"class_list":["post-14182","page","type-page","status-publish","hentry"],"pp_force_visibility":null,"pp_subpost_visibility":null,"pp_inherited_force_visibility":null,"pp_inherited_subpost_visibility":null,"acf":[],"yoast_head":"<!-- This site is optimized with the Yoast SEO plugin v20.1 - https:\/\/yoast.com\/wordpress\/plugins\/seo\/ -->\n<title>Aktualnosti u sustavu prostornog ure\u0111enja i gradnje - Faculty of law<\/title>\n<meta name=\"robots\" content=\"index, follow, max-snippet:-1, max-image-preview:large, max-video-preview:-1\" \/>\n<link rel=\"canonical\" href=\"https:\/\/www.pravo.unizg.hr\/studiji\/cjelozivotno-obrazovanje\/aktualnosti-u-sustavu-prostornog-uredenja-i-gradnje\/\" \/>\n<meta property=\"og:locale\" content=\"en_US\" \/>\n<meta property=\"og:type\" content=\"article\" \/>\n<meta property=\"og:title\" content=\"Aktualnosti u sustavu prostornog ure\u0111enja i gradnje - Faculty of law\" \/>\n<meta property=\"og:description\" content=\"&nbsp; Nova edukacija Pravnog fakulteta Sveu\u010dili\u0161ta u Zagrebu u organizaciji...\" \/>\n<meta property=\"og:url\" content=\"https:\/\/www.pravo.unizg.hr\/studiji\/cjelozivotno-obrazovanje\/aktualnosti-u-sustavu-prostornog-uredenja-i-gradnje\/\" \/>\n<meta property=\"og:site_name\" content=\"Faculty of law\" \/>\n<meta property=\"article:modified_time\" content=\"2025-10-21T16:50:00+00:00\" \/>\n<meta name=\"twitter:card\" content=\"summary_large_image\" \/>\n<meta name=\"twitter:label1\" content=\"Est. reading time\" \/>\n\t<meta name=\"twitter:data1\" content=\"3 minutes\" \/>\n<script type=\"application\/ld+json\" class=\"yoast-schema-graph\">{\"@context\":\"https:\/\/schema.org\",\"@graph\":[{\"@type\":\"WebPage\",\"@id\":\"https:\/\/www.pravo.unizg.hr\/studiji\/cjelozivotno-obrazovanje\/aktualnosti-u-sustavu-prostornog-uredenja-i-gradnje\/\",\"url\":\"https:\/\/www.pravo.unizg.hr\/studiji\/cjelozivotno-obrazovanje\/aktualnosti-u-sustavu-prostornog-uredenja-i-gradnje\/\",\"name\":\"Aktualnosti u sustavu prostornog ure\u0111enja i gradnje - Faculty of law\",\"isPartOf\":{\"@id\":\"https:\/\/www.pravo.unizg.hr\/#website\"},\"datePublished\":\"2023-11-15T12:23:16+00:00\",\"dateModified\":\"2025-10-21T16:50:00+00:00\",\"breadcrumb\":{\"@id\":\"https:\/\/www.pravo.unizg.hr\/studiji\/cjelozivotno-obrazovanje\/aktualnosti-u-sustavu-prostornog-uredenja-i-gradnje\/#breadcrumb\"},\"inLanguage\":\"en-US\",\"potentialAction\":[{\"@type\":\"ReadAction\",\"target\":[\"https:\/\/www.pravo.unizg.hr\/studiji\/cjelozivotno-obrazovanje\/aktualnosti-u-sustavu-prostornog-uredenja-i-gradnje\/\"]}]},{\"@type\":\"BreadcrumbList\",\"@id\":\"https:\/\/www.pravo.unizg.hr\/studiji\/cjelozivotno-obrazovanje\/aktualnosti-u-sustavu-prostornog-uredenja-i-gradnje\/#breadcrumb\",\"itemListElement\":[{\"@type\":\"ListItem\",\"position\":1,\"name\":\"Homepage\",\"item\":\"https:\/\/www.pravo.unizg.hr\/en\/\"},{\"@type\":\"ListItem\",\"position\":2,\"name\":\"Studiji\",\"item\":\"https:\/\/www.pravo.unizg.hr\/studiji\/\"},{\"@type\":\"ListItem\",\"position\":3,\"name\":\"Cjelo\u017eivotno obrazovanje\",\"item\":\"https:\/\/www.pravo.unizg.hr\/studiji\/cjelozivotno-obrazovanje\/\"},{\"@type\":\"ListItem\",\"position\":4,\"name\":\"Aktualnosti u sustavu prostornog ure\u0111enja i gradnje\"}]},{\"@type\":\"WebSite\",\"@id\":\"https:\/\/www.pravo.unizg.hr\/#website\",\"url\":\"https:\/\/www.pravo.unizg.hr\/\",\"name\":\"Faculty of law\",\"description\":\"\",\"potentialAction\":[{\"@type\":\"SearchAction\",\"target\":{\"@type\":\"EntryPoint\",\"urlTemplate\":\"https:\/\/www.pravo.unizg.hr\/?s={search_term_string}\"},\"query-input\":\"required name=search_term_string\"}],\"inLanguage\":\"en-US\"}]}<\/script>\n<!-- \/ Yoast SEO plugin. -->","yoast_head_json":{"title":"Aktualnosti u sustavu prostornog ure\u0111enja i gradnje - Faculty of law","robots":{"index":"index","follow":"follow","max-snippet":"max-snippet:-1","max-image-preview":"max-image-preview:large","max-video-preview":"max-video-preview:-1"},"canonical":"https:\/\/www.pravo.unizg.hr\/studiji\/cjelozivotno-obrazovanje\/aktualnosti-u-sustavu-prostornog-uredenja-i-gradnje\/","og_locale":"en_US","og_type":"article","og_title":"Aktualnosti u sustavu prostornog ure\u0111enja i gradnje - Faculty of law","og_description":"&nbsp; Nova edukacija Pravnog fakulteta Sveu\u010dili\u0161ta u Zagrebu u organizaciji...","og_url":"https:\/\/www.pravo.unizg.hr\/studiji\/cjelozivotno-obrazovanje\/aktualnosti-u-sustavu-prostornog-uredenja-i-gradnje\/","og_site_name":"Faculty of law","article_modified_time":"2025-10-21T16:50:00+00:00","twitter_card":"summary_large_image","twitter_misc":{"Est. reading time":"3 minutes"},"schema":{"@context":"https:\/\/schema.org","@graph":[{"@type":"WebPage","@id":"https:\/\/www.pravo.unizg.hr\/studiji\/cjelozivotno-obrazovanje\/aktualnosti-u-sustavu-prostornog-uredenja-i-gradnje\/","url":"https:\/\/www.pravo.unizg.hr\/studiji\/cjelozivotno-obrazovanje\/aktualnosti-u-sustavu-prostornog-uredenja-i-gradnje\/","name":"Aktualnosti u sustavu prostornog ure\u0111enja i gradnje - Faculty of law","isPartOf":{"@id":"https:\/\/www.pravo.unizg.hr\/#website"},"datePublished":"2023-11-15T12:23:16+00:00","dateModified":"2025-10-21T16:50:00+00:00","breadcrumb":{"@id":"https:\/\/www.pravo.unizg.hr\/studiji\/cjelozivotno-obrazovanje\/aktualnosti-u-sustavu-prostornog-uredenja-i-gradnje\/#breadcrumb"},"inLanguage":"en-US","potentialAction":[{"@type":"ReadAction","target":["https:\/\/www.pravo.unizg.hr\/studiji\/cjelozivotno-obrazovanje\/aktualnosti-u-sustavu-prostornog-uredenja-i-gradnje\/"]}]},{"@type":"BreadcrumbList","@id":"https:\/\/www.pravo.unizg.hr\/studiji\/cjelozivotno-obrazovanje\/aktualnosti-u-sustavu-prostornog-uredenja-i-gradnje\/#breadcrumb","itemListElement":[{"@type":"ListItem","position":1,"name":"Homepage","item":"https:\/\/www.pravo.unizg.hr\/en\/"},{"@type":"ListItem","position":2,"name":"Studiji","item":"https:\/\/www.pravo.unizg.hr\/studiji\/"},{"@type":"ListItem","position":3,"name":"Cjelo\u017eivotno obrazovanje","item":"https:\/\/www.pravo.unizg.hr\/studiji\/cjelozivotno-obrazovanje\/"},{"@type":"ListItem","position":4,"name":"Aktualnosti u sustavu prostornog ure\u0111enja i gradnje"}]},{"@type":"WebSite","@id":"https:\/\/www.pravo.unizg.hr\/#website","url":"https:\/\/www.pravo.unizg.hr\/","name":"Faculty of law","description":"","potentialAction":[{"@type":"SearchAction","target":{"@type":"EntryPoint","urlTemplate":"https:\/\/www.pravo.unizg.hr\/?s={search_term_string}"},"query-input":"required name=search_term_string"}],"inLanguage":"en-US"}]}},"_links":{"self":[{"href":"https:\/\/www.pravo.unizg.hr\/en\/wp-json\/wp\/v2\/pages\/14182","targetHints":{"allow":["GET"]}}],"collection":[{"href":"https:\/\/www.pravo.unizg.hr\/en\/wp-json\/wp\/v2\/pages"}],"about":[{"href":"https:\/\/www.pravo.unizg.hr\/en\/wp-json\/wp\/v2\/types\/page"}],"author":[{"embeddable":true,"href":"https:\/\/www.pravo.unizg.hr\/en\/wp-json\/wp\/v2\/users\/511"}],"replies":[{"embeddable":true,"href":"https:\/\/www.pravo.unizg.hr\/en\/wp-json\/wp\/v2\/comments?post=14182"}],"version-history":[{"count":52,"href":"https:\/\/www.pravo.unizg.hr\/en\/wp-json\/wp\/v2\/pages\/14182\/revisions"}],"predecessor-version":[{"id":29103,"href":"https:\/\/www.pravo.unizg.hr\/en\/wp-json\/wp\/v2\/pages\/14182\/revisions\/29103"}],"up":[{"embeddable":true,"href":"https:\/\/www.pravo.unizg.hr\/en\/wp-json\/wp\/v2\/pages\/60"}],"wp:attachment":[{"href":"https:\/\/www.pravo.unizg.hr\/en\/wp-json\/wp\/v2\/media?parent=14182"}],"curies":[{"name":"wp","href":"https:\/\/api.w.org\/{rel}","templated":true}]}}