{"id":13503,"date":"2023-10-23T14:16:09","date_gmt":"2023-10-23T12:16:09","guid":{"rendered":"https:\/\/www.pravo.unizg.hr\/?page_id=13503"},"modified":"2025-06-16T10:16:44","modified_gmt":"2025-06-16T09:16:44","slug":"nadlezna-tijela","status":"publish","type":"page","link":"https:\/\/www.pravo.unizg.hr\/en\/fakultet\/rodna-ravnopravnost-i-nediskriminacija\/nadlezna-tijela\/","title":{"rendered":"Nadle\u017ena tijela"},"content":{"rendered":"<p>&nbsp;<\/p>\n<p>Odbor za spre\u010davanje diskriminacije i ravnopravnost spolova<\/p>\n<ul>\n<li>Prof. dr. sc. Snje\u017eana Vasiljevi\u0107, predsjednica<\/li>\n<li>Izv. prof. dr. sc. Dario \u010cepo, zamjenik predsjednice<\/li>\n<li>Prof. dr. sc. Zrinka Erent-Sunko<\/li>\n<li>Prof. dr. sc. Ivana Grgurev<\/li>\n<li>Prof. dr. sc. Ivana Jaramaz Resku\u0161i\u0107<\/li>\n<li>Prof. dr. sc. Maja Laklija<\/li>\n<li>Prof. dr. sc. Gordana Mar\u010deti\u0107<\/li>\n<li>Prof. dr. sc. Lana Ofak<\/li>\n<li>Prof. dr. sc. Branka Sladovi\u0107 \u2013 Franz<\/li>\n<li>Izv. prof. dr. sc. Linda Rajhvajn Bulat<\/li>\n<li>Dorotea Mlinarevi\u0107, studentica (Sara Tonkovi\u0107, studentica, zamjenica)<\/li>\n<\/ul>\n<p>Povjerenici za za\u0161titu dostojanstva zaposlenica i zaposlenika<\/p>\n<ul>\n<li>Prof. dr. sc. Viktor Gotovac<\/li>\n<li>Prof. dr. sc. Ivana Grgurev<\/li>\n<\/ul>\n<p>Povjerenici za za\u0161titu dostojanstva studentica i studenata<\/p>\n<ul>\n<li>Prof. dr. sc. Ivana Grgurev<\/li>\n<li>Izv. prof. dr. sc. Zoran Buri\u0107<\/li>\n<\/ul>\n<p>Povjerenici za za\u0161titu studentica i studenata od seksualnog uznemiravanja i drugih oblika rodne diskriminacije<\/p>\n<ul>\n<li>Prof. dr. sc. Ivana Grgurev<\/li>\n<li>Izv. prof. dr. sc. Zoran Buri\u0107<\/li>\n<li>Izv. prof. dr. sc. Ana Opa\u010di\u0107<\/li>\n<li>Izv. prof. dr. sc. Ivan \u0160imovi\u0107<\/li>\n<\/ul>\n<p>Povjerenstvo za za\u0161titu studentica i studenata od seksualnog uznemiravanja i drugih oblika rodne diskriminacije<\/p>\n<ul>\n<li>Prof. dr. sc. Sonja Cindori<\/li>\n<li>Prof. dr. sc. Snje\u017eana Vasiljevi\u0107<\/li>\n<li>Izv. prof. dr. sc. Marko Buljevac<\/li>\n<li>Izv. prof. dr. sc. Antun Bili\u0107, zamjenik<\/li>\n<li>Andrea Grisfelder, zamjenica<\/li>\n<li>Sara Tonkovi\u0107, zamjenica<\/li>\n<\/ul>\n<p>Osobe za pru\u017eanje psiholo\u0161ke podr\u0161ke studenticama i studentima u slu\u010daju seksualnog uznemiravanja ili drugog oblika rodne diskriminacije<\/p>\n<ul>\n<li>Prof. dr. sc. Maja Laklija<\/li>\n<li>Izv. prof. dr. sc. Marina Mili\u0107<\/li>\n<\/ul>\n<p>Savjetovali\u0161te za studentice i studente<\/p>\n<ul>\n<li>Prof. dr. sc. Maja Laklija<\/li>\n<li>Izv. prof. dr. sc. Marina Mili\u0107<\/li>\n<\/ul>\n","protected":false},"excerpt":{"rendered":"<p>&nbsp; Odbor za spre\u010davanje diskriminacije i ravnopravnost spolova Prof. dr&#8230;.<\/p>\n","protected":false},"author":511,"featured_media":0,"parent":13354,"menu_order":5,"comment_status":"closed","ping_status":"closed","template":"","meta":{"footnotes":""},"class_list":["post-13503","page","type-page","status-publish","hentry"],"pp_force_visibility":null,"pp_subpost_visibility":null,"pp_inherited_force_visibility":null,"pp_inherited_subpost_visibility":null,"acf":[],"yoast_head":"<!-- This site is optimized with the Yoast SEO plugin v20.1 - https:\/\/yoast.com\/wordpress\/plugins\/seo\/ -->\n<title>Nadle\u017ena tijela - Faculty of law<\/title>\n<meta name=\"robots\" content=\"index, follow, max-snippet:-1, max-image-preview:large, max-video-preview:-1\" \/>\n<link rel=\"canonical\" href=\"https:\/\/www.pravo.unizg.hr\/fakultet\/rodna-ravnopravnost-i-nediskriminacija\/nadlezna-tijela\/\" \/>\n<meta property=\"og:locale\" content=\"en_US\" \/>\n<meta property=\"og:type\" content=\"article\" \/>\n<meta property=\"og:title\" content=\"Nadle\u017ena tijela - Faculty of law\" \/>\n<meta property=\"og:description\" content=\"&nbsp; Odbor za spre\u010davanje diskriminacije i ravnopravnost spolova Prof. dr....\" \/>\n<meta property=\"og:url\" content=\"https:\/\/www.pravo.unizg.hr\/fakultet\/rodna-ravnopravnost-i-nediskriminacija\/nadlezna-tijela\/\" \/>\n<meta property=\"og:site_name\" content=\"Faculty of law\" \/>\n<meta property=\"article:modified_time\" content=\"2025-06-16T09:16:44+00:00\" \/>\n<meta name=\"twitter:card\" content=\"summary_large_image\" \/>\n<meta name=\"twitter:label1\" content=\"Est. reading time\" \/>\n\t<meta name=\"twitter:data1\" content=\"1 minute\" \/>\n<script type=\"application\/ld+json\" class=\"yoast-schema-graph\">{\"@context\":\"https:\/\/schema.org\",\"@graph\":[{\"@type\":\"WebPage\",\"@id\":\"https:\/\/www.pravo.unizg.hr\/fakultet\/rodna-ravnopravnost-i-nediskriminacija\/nadlezna-tijela\/\",\"url\":\"https:\/\/www.pravo.unizg.hr\/fakultet\/rodna-ravnopravnost-i-nediskriminacija\/nadlezna-tijela\/\",\"name\":\"Nadle\u017ena tijela - Faculty of law\",\"isPartOf\":{\"@id\":\"https:\/\/www.pravo.unizg.hr\/#website\"},\"datePublished\":\"2023-10-23T12:16:09+00:00\",\"dateModified\":\"2025-06-16T09:16:44+00:00\",\"breadcrumb\":{\"@id\":\"https:\/\/www.pravo.unizg.hr\/fakultet\/rodna-ravnopravnost-i-nediskriminacija\/nadlezna-tijela\/#breadcrumb\"},\"inLanguage\":\"en-US\",\"potentialAction\":[{\"@type\":\"ReadAction\",\"target\":[\"https:\/\/www.pravo.unizg.hr\/fakultet\/rodna-ravnopravnost-i-nediskriminacija\/nadlezna-tijela\/\"]}]},{\"@type\":\"BreadcrumbList\",\"@id\":\"https:\/\/www.pravo.unizg.hr\/fakultet\/rodna-ravnopravnost-i-nediskriminacija\/nadlezna-tijela\/#breadcrumb\",\"itemListElement\":[{\"@type\":\"ListItem\",\"position\":1,\"name\":\"Homepage\",\"item\":\"https:\/\/www.pravo.unizg.hr\/en\/\"},{\"@type\":\"ListItem\",\"position\":2,\"name\":\"Fakultet\",\"item\":\"https:\/\/www.pravo.unizg.hr\/fakultet\/\"},{\"@type\":\"ListItem\",\"position\":3,\"name\":\"Rodna ravnopravnost i nediskriminacija\",\"item\":\"https:\/\/www.pravo.unizg.hr\/fakultet\/rodna-ravnopravnost-i-nediskriminacija\/\"},{\"@type\":\"ListItem\",\"position\":4,\"name\":\"Nadle\u017ena tijela\"}]},{\"@type\":\"WebSite\",\"@id\":\"https:\/\/www.pravo.unizg.hr\/#website\",\"url\":\"https:\/\/www.pravo.unizg.hr\/\",\"name\":\"Faculty of law\",\"description\":\"\",\"potentialAction\":[{\"@type\":\"SearchAction\",\"target\":{\"@type\":\"EntryPoint\",\"urlTemplate\":\"https:\/\/www.pravo.unizg.hr\/?s={search_term_string}\"},\"query-input\":\"required name=search_term_string\"}],\"inLanguage\":\"en-US\"}]}<\/script>\n<!-- \/ Yoast SEO plugin. -->","yoast_head_json":{"title":"Nadle\u017ena tijela - Faculty of law","robots":{"index":"index","follow":"follow","max-snippet":"max-snippet:-1","max-image-preview":"max-image-preview:large","max-video-preview":"max-video-preview:-1"},"canonical":"https:\/\/www.pravo.unizg.hr\/fakultet\/rodna-ravnopravnost-i-nediskriminacija\/nadlezna-tijela\/","og_locale":"en_US","og_type":"article","og_title":"Nadle\u017ena tijela - Faculty of law","og_description":"&nbsp; Odbor za spre\u010davanje diskriminacije i ravnopravnost spolova Prof. dr....","og_url":"https:\/\/www.pravo.unizg.hr\/fakultet\/rodna-ravnopravnost-i-nediskriminacija\/nadlezna-tijela\/","og_site_name":"Faculty of law","article_modified_time":"2025-06-16T09:16:44+00:00","twitter_card":"summary_large_image","twitter_misc":{"Est. reading time":"1 minute"},"schema":{"@context":"https:\/\/schema.org","@graph":[{"@type":"WebPage","@id":"https:\/\/www.pravo.unizg.hr\/fakultet\/rodna-ravnopravnost-i-nediskriminacija\/nadlezna-tijela\/","url":"https:\/\/www.pravo.unizg.hr\/fakultet\/rodna-ravnopravnost-i-nediskriminacija\/nadlezna-tijela\/","name":"Nadle\u017ena tijela - Faculty of law","isPartOf":{"@id":"https:\/\/www.pravo.unizg.hr\/#website"},"datePublished":"2023-10-23T12:16:09+00:00","dateModified":"2025-06-16T09:16:44+00:00","breadcrumb":{"@id":"https:\/\/www.pravo.unizg.hr\/fakultet\/rodna-ravnopravnost-i-nediskriminacija\/nadlezna-tijela\/#breadcrumb"},"inLanguage":"en-US","potentialAction":[{"@type":"ReadAction","target":["https:\/\/www.pravo.unizg.hr\/fakultet\/rodna-ravnopravnost-i-nediskriminacija\/nadlezna-tijela\/"]}]},{"@type":"BreadcrumbList","@id":"https:\/\/www.pravo.unizg.hr\/fakultet\/rodna-ravnopravnost-i-nediskriminacija\/nadlezna-tijela\/#breadcrumb","itemListElement":[{"@type":"ListItem","position":1,"name":"Homepage","item":"https:\/\/www.pravo.unizg.hr\/en\/"},{"@type":"ListItem","position":2,"name":"Fakultet","item":"https:\/\/www.pravo.unizg.hr\/fakultet\/"},{"@type":"ListItem","position":3,"name":"Rodna ravnopravnost i nediskriminacija","item":"https:\/\/www.pravo.unizg.hr\/fakultet\/rodna-ravnopravnost-i-nediskriminacija\/"},{"@type":"ListItem","position":4,"name":"Nadle\u017ena tijela"}]},{"@type":"WebSite","@id":"https:\/\/www.pravo.unizg.hr\/#website","url":"https:\/\/www.pravo.unizg.hr\/","name":"Faculty of law","description":"","potentialAction":[{"@type":"SearchAction","target":{"@type":"EntryPoint","urlTemplate":"https:\/\/www.pravo.unizg.hr\/?s={search_term_string}"},"query-input":"required name=search_term_string"}],"inLanguage":"en-US"}]}},"_links":{"self":[{"href":"https:\/\/www.pravo.unizg.hr\/en\/wp-json\/wp\/v2\/pages\/13503","targetHints":{"allow":["GET"]}}],"collection":[{"href":"https:\/\/www.pravo.unizg.hr\/en\/wp-json\/wp\/v2\/pages"}],"about":[{"href":"https:\/\/www.pravo.unizg.hr\/en\/wp-json\/wp\/v2\/types\/page"}],"author":[{"embeddable":true,"href":"https:\/\/www.pravo.unizg.hr\/en\/wp-json\/wp\/v2\/users\/511"}],"replies":[{"embeddable":true,"href":"https:\/\/www.pravo.unizg.hr\/en\/wp-json\/wp\/v2\/comments?post=13503"}],"version-history":[{"count":7,"href":"https:\/\/www.pravo.unizg.hr\/en\/wp-json\/wp\/v2\/pages\/13503\/revisions"}],"predecessor-version":[{"id":26857,"href":"https:\/\/www.pravo.unizg.hr\/en\/wp-json\/wp\/v2\/pages\/13503\/revisions\/26857"}],"up":[{"embeddable":true,"href":"https:\/\/www.pravo.unizg.hr\/en\/wp-json\/wp\/v2\/pages\/13354"}],"wp:attachment":[{"href":"https:\/\/www.pravo.unizg.hr\/en\/wp-json\/wp\/v2\/media?parent=13503"}],"curies":[{"name":"wp","href":"https:\/\/api.w.org\/{rel}","templated":true}]}}