{"id":13499,"date":"2023-10-23T14:15:23","date_gmt":"2023-10-23T12:15:23","guid":{"rendered":"https:\/\/www.pravo.unizg.hr\/?page_id=13499"},"modified":"2025-12-02T10:25:53","modified_gmt":"2025-12-02T09:25:53","slug":"dogadanja","status":"publish","type":"page","link":"https:\/\/www.pravo.unizg.hr\/en\/fakultet\/rodna-ravnopravnost-i-nediskriminacija\/dogadanja\/","title":{"rendered":"Doga\u0111anja"},"content":{"rendered":"<p style=\"padding-left: 40px;\"><img loading=\"lazy\" decoding=\"async\" class=\"aligncenter size-full wp-image-12885\" src=\"https:\/\/www.pravo.unizg.hr\/wp-content\/uploads\/2023\/09\/UNIGEM-logo-1.png\" alt=\"\" width=\"686\" height=\"445\" srcset=\"https:\/\/www.pravo.unizg.hr\/wp-content\/uploads\/2023\/09\/UNIGEM-logo-1.png 686w, https:\/\/www.pravo.unizg.hr\/wp-content\/uploads\/2023\/09\/UNIGEM-logo-1-300x195.png 300w\" sizes=\"auto, (max-width: 686px) 100vw, 686px\" \/><\/p>\n<p>Projekt<strong>\u00a0\u201eUvo\u0111enje rodno osvije\u0161tenih politika u visoko obrazovanje\u201c (UNIGEM)<\/strong>\u00a0predstavlja strate\u0161ku opredijeljenost sveu\u010dili\u0161ta\u00a0da uvo\u0111enjem rodne perspektive osiguraju rodnu ravnopravnost i sigurno okru\u017eenje\u00a0za nastavnice i nastavnike,\u00a0studentice i studente na sveu\u010dili\u0161tima u Hrvatskoj i regiji.\u00a0 \u00a0Projekt financijski podupire\u00a0Vlada Ujedinjenog Kraljevstva i Sjeverne Irske, a njegovu implementaciju vr\u0161i TPO fondacija u suradnji sa 18 sveu\u010dili\u0161ta iz Bosne i Hercegovine, Hrvatske, Srbije i Crne Gore s ciljem prevencije i borbe protiv rodno utemeljenog\u00a0nasilja, diskriminacije i seksualnog uznemiravanja te osiguranja integriteta i kvaliteta u visokom obrazovanju.<\/p>\n<p>Realizacija projektnih ciljeva u trajanju od \u010detri godine predvi\u0111a i sveobuhvatno istra\u017eivanje o stanju rodne ravnopravnosti na sveu\u010dili\u0161tima\u00a0prije i nakon implementacije ovog projekta. U okviru projekta UNIGEM je predvi\u0111eno i uspostavljanje posebnog tijela za borbu protiv rodno utemeljene\u00a0diskriminacije na svim sveu\u010dili\u0161tima\/fakultetima\u00a0koja\u00a0su pristupila\u00a0potpisivanju Memoranduma o suradnji u okviru projekta \u201eUvo\u0111enje rodno osvije\u0161tenih politika u visoko obrazovanje\u201c.<\/p>\n<p>Pravni fakultet u Zagrebu partner je na ovome regionalnom projektu, a koordinatorica projekta je prof.dr.sc. Snje\u017eana Vasiljevi\u0107 koja je ujedno i predsjednica <strong>Odbora za spre\u010davanje diskriminacije i ravnopravnost spolova<\/strong>\u00a0od akademske godine 2021.\/2022.<\/p>\n<p>Odbor\u00a0je izradio i\u00a0<strong>Plan rodne ravnopravnosti Pravnog fakulteta u Zagrebu za razdoblje od 2022. do 2026. godine dostupan na mre\u017enim stranicama fakulteta.\u00a0<\/strong><\/p>\n","protected":false},"excerpt":{"rendered":"<p>Projekt\u00a0\u201eUvo\u0111enje rodno osvije\u0161tenih politika u visoko obrazovanje\u201c (UNIGEM)\u00a0predstavlja strate\u0161ku opredijeljenost&#8230;<\/p>\n","protected":false},"author":511,"featured_media":0,"parent":13354,"menu_order":3,"comment_status":"closed","ping_status":"closed","template":"","meta":{"footnotes":""},"class_list":["post-13499","page","type-page","status-publish","hentry"],"pp_force_visibility":null,"pp_subpost_visibility":null,"pp_inherited_force_visibility":null,"pp_inherited_subpost_visibility":null,"acf":[],"yoast_head":"<!-- This site is optimized with the Yoast SEO plugin v20.1 - https:\/\/yoast.com\/wordpress\/plugins\/seo\/ -->\n<title>Doga\u0111anja - Faculty of law<\/title>\n<meta name=\"robots\" content=\"index, follow, max-snippet:-1, max-image-preview:large, max-video-preview:-1\" \/>\n<link rel=\"canonical\" href=\"https:\/\/www.pravo.unizg.hr\/fakultet\/rodna-ravnopravnost-i-nediskriminacija\/dogadanja\/\" \/>\n<meta property=\"og:locale\" content=\"en_US\" \/>\n<meta property=\"og:type\" content=\"article\" \/>\n<meta property=\"og:title\" content=\"Doga\u0111anja - Faculty of law\" \/>\n<meta property=\"og:description\" content=\"Projekt\u00a0\u201eUvo\u0111enje rodno osvije\u0161tenih politika u visoko obrazovanje\u201c (UNIGEM)\u00a0predstavlja strate\u0161ku opredijeljenost...\" \/>\n<meta property=\"og:url\" content=\"https:\/\/www.pravo.unizg.hr\/fakultet\/rodna-ravnopravnost-i-nediskriminacija\/dogadanja\/\" \/>\n<meta property=\"og:site_name\" content=\"Faculty of law\" \/>\n<meta property=\"article:modified_time\" content=\"2025-12-02T09:25:53+00:00\" \/>\n<meta property=\"og:image\" content=\"https:\/\/www.pravo.unizg.hr\/wp-content\/uploads\/2023\/09\/UNIGEM-logo-1.png\" \/>\n<meta name=\"twitter:card\" content=\"summary_large_image\" \/>\n<meta name=\"twitter:label1\" content=\"Est. reading time\" \/>\n\t<meta name=\"twitter:data1\" content=\"1 minute\" \/>\n<script type=\"application\/ld+json\" class=\"yoast-schema-graph\">{\"@context\":\"https:\/\/schema.org\",\"@graph\":[{\"@type\":\"WebPage\",\"@id\":\"https:\/\/www.pravo.unizg.hr\/fakultet\/rodna-ravnopravnost-i-nediskriminacija\/dogadanja\/\",\"url\":\"https:\/\/www.pravo.unizg.hr\/fakultet\/rodna-ravnopravnost-i-nediskriminacija\/dogadanja\/\",\"name\":\"Doga\u0111anja - Faculty of law\",\"isPartOf\":{\"@id\":\"https:\/\/www.pravo.unizg.hr\/#website\"},\"datePublished\":\"2023-10-23T12:15:23+00:00\",\"dateModified\":\"2025-12-02T09:25:53+00:00\",\"breadcrumb\":{\"@id\":\"https:\/\/www.pravo.unizg.hr\/fakultet\/rodna-ravnopravnost-i-nediskriminacija\/dogadanja\/#breadcrumb\"},\"inLanguage\":\"en-US\",\"potentialAction\":[{\"@type\":\"ReadAction\",\"target\":[\"https:\/\/www.pravo.unizg.hr\/fakultet\/rodna-ravnopravnost-i-nediskriminacija\/dogadanja\/\"]}]},{\"@type\":\"BreadcrumbList\",\"@id\":\"https:\/\/www.pravo.unizg.hr\/fakultet\/rodna-ravnopravnost-i-nediskriminacija\/dogadanja\/#breadcrumb\",\"itemListElement\":[{\"@type\":\"ListItem\",\"position\":1,\"name\":\"Homepage\",\"item\":\"https:\/\/www.pravo.unizg.hr\/en\/\"},{\"@type\":\"ListItem\",\"position\":2,\"name\":\"Fakultet\",\"item\":\"https:\/\/www.pravo.unizg.hr\/fakultet\/\"},{\"@type\":\"ListItem\",\"position\":3,\"name\":\"Rodna ravnopravnost i nediskriminacija\",\"item\":\"https:\/\/www.pravo.unizg.hr\/fakultet\/rodna-ravnopravnost-i-nediskriminacija\/\"},{\"@type\":\"ListItem\",\"position\":4,\"name\":\"Doga\u0111anja\"}]},{\"@type\":\"WebSite\",\"@id\":\"https:\/\/www.pravo.unizg.hr\/#website\",\"url\":\"https:\/\/www.pravo.unizg.hr\/\",\"name\":\"Faculty of law\",\"description\":\"\",\"potentialAction\":[{\"@type\":\"SearchAction\",\"target\":{\"@type\":\"EntryPoint\",\"urlTemplate\":\"https:\/\/www.pravo.unizg.hr\/?s={search_term_string}\"},\"query-input\":\"required name=search_term_string\"}],\"inLanguage\":\"en-US\"}]}<\/script>\n<!-- \/ Yoast SEO plugin. -->","yoast_head_json":{"title":"Doga\u0111anja - Faculty of law","robots":{"index":"index","follow":"follow","max-snippet":"max-snippet:-1","max-image-preview":"max-image-preview:large","max-video-preview":"max-video-preview:-1"},"canonical":"https:\/\/www.pravo.unizg.hr\/fakultet\/rodna-ravnopravnost-i-nediskriminacija\/dogadanja\/","og_locale":"en_US","og_type":"article","og_title":"Doga\u0111anja - Faculty of law","og_description":"Projekt\u00a0\u201eUvo\u0111enje rodno osvije\u0161tenih politika u visoko obrazovanje\u201c (UNIGEM)\u00a0predstavlja strate\u0161ku opredijeljenost...","og_url":"https:\/\/www.pravo.unizg.hr\/fakultet\/rodna-ravnopravnost-i-nediskriminacija\/dogadanja\/","og_site_name":"Faculty of law","article_modified_time":"2025-12-02T09:25:53+00:00","og_image":[{"url":"https:\/\/www.pravo.unizg.hr\/wp-content\/uploads\/2023\/09\/UNIGEM-logo-1.png"}],"twitter_card":"summary_large_image","twitter_misc":{"Est. reading time":"1 minute"},"schema":{"@context":"https:\/\/schema.org","@graph":[{"@type":"WebPage","@id":"https:\/\/www.pravo.unizg.hr\/fakultet\/rodna-ravnopravnost-i-nediskriminacija\/dogadanja\/","url":"https:\/\/www.pravo.unizg.hr\/fakultet\/rodna-ravnopravnost-i-nediskriminacija\/dogadanja\/","name":"Doga\u0111anja - Faculty of law","isPartOf":{"@id":"https:\/\/www.pravo.unizg.hr\/#website"},"datePublished":"2023-10-23T12:15:23+00:00","dateModified":"2025-12-02T09:25:53+00:00","breadcrumb":{"@id":"https:\/\/www.pravo.unizg.hr\/fakultet\/rodna-ravnopravnost-i-nediskriminacija\/dogadanja\/#breadcrumb"},"inLanguage":"en-US","potentialAction":[{"@type":"ReadAction","target":["https:\/\/www.pravo.unizg.hr\/fakultet\/rodna-ravnopravnost-i-nediskriminacija\/dogadanja\/"]}]},{"@type":"BreadcrumbList","@id":"https:\/\/www.pravo.unizg.hr\/fakultet\/rodna-ravnopravnost-i-nediskriminacija\/dogadanja\/#breadcrumb","itemListElement":[{"@type":"ListItem","position":1,"name":"Homepage","item":"https:\/\/www.pravo.unizg.hr\/en\/"},{"@type":"ListItem","position":2,"name":"Fakultet","item":"https:\/\/www.pravo.unizg.hr\/fakultet\/"},{"@type":"ListItem","position":3,"name":"Rodna ravnopravnost i nediskriminacija","item":"https:\/\/www.pravo.unizg.hr\/fakultet\/rodna-ravnopravnost-i-nediskriminacija\/"},{"@type":"ListItem","position":4,"name":"Doga\u0111anja"}]},{"@type":"WebSite","@id":"https:\/\/www.pravo.unizg.hr\/#website","url":"https:\/\/www.pravo.unizg.hr\/","name":"Faculty of law","description":"","potentialAction":[{"@type":"SearchAction","target":{"@type":"EntryPoint","urlTemplate":"https:\/\/www.pravo.unizg.hr\/?s={search_term_string}"},"query-input":"required name=search_term_string"}],"inLanguage":"en-US"}]}},"_links":{"self":[{"href":"https:\/\/www.pravo.unizg.hr\/en\/wp-json\/wp\/v2\/pages\/13499","targetHints":{"allow":["GET"]}}],"collection":[{"href":"https:\/\/www.pravo.unizg.hr\/en\/wp-json\/wp\/v2\/pages"}],"about":[{"href":"https:\/\/www.pravo.unizg.hr\/en\/wp-json\/wp\/v2\/types\/page"}],"author":[{"embeddable":true,"href":"https:\/\/www.pravo.unizg.hr\/en\/wp-json\/wp\/v2\/users\/511"}],"replies":[{"embeddable":true,"href":"https:\/\/www.pravo.unizg.hr\/en\/wp-json\/wp\/v2\/comments?post=13499"}],"version-history":[{"count":34,"href":"https:\/\/www.pravo.unizg.hr\/en\/wp-json\/wp\/v2\/pages\/13499\/revisions"}],"predecessor-version":[{"id":29808,"href":"https:\/\/www.pravo.unizg.hr\/en\/wp-json\/wp\/v2\/pages\/13499\/revisions\/29808"}],"up":[{"embeddable":true,"href":"https:\/\/www.pravo.unizg.hr\/en\/wp-json\/wp\/v2\/pages\/13354"}],"wp:attachment":[{"href":"https:\/\/www.pravo.unizg.hr\/en\/wp-json\/wp\/v2\/media?parent=13499"}],"curies":[{"name":"wp","href":"https:\/\/api.w.org\/{rel}","templated":true}]}}