{"id":13497,"date":"2023-10-23T14:15:00","date_gmt":"2023-10-23T12:15:00","guid":{"rendered":"https:\/\/www.pravo.unizg.hr\/?page_id=13497"},"modified":"2024-06-07T11:06:02","modified_gmt":"2024-06-07T10:06:02","slug":"projekti","status":"publish","type":"page","link":"https:\/\/www.pravo.unizg.hr\/en\/fakultet\/rodna-ravnopravnost-i-nediskriminacija\/projekti\/","title":{"rendered":"Projekti"},"content":{"rendered":"<p style=\"text-align: justify;\">Pravni fakultet u Zagrebu partner je u regionalnom projektu pod nazivom \u201eUvo\u0111enje rodno osvije\u0161tenih politika u visoko obrazovanje\u201c (UNIGEM). Koordinatorica projekta je prof. dr. sc. Snje\u017eana Vasiljevi\u0107 koja je ujedno i predsjednica Odbora za spre\u010davanje diskriminacije i ravnopravnost spolova od akademske godine 2021.\/2022. Projekt predstavlja strate\u0161ku opredijeljenost sveu\u010dili\u0161ta da uvo\u0111enjem rodne perspektive osiguraju rodnu ravnopravnost i sigurno okru\u017eenje za nastavnice i nastavnike, studentice i studente na sveu\u010dili\u0161tima u Hrvatskoj i regiji. Projekt financijski podupire Vlada Ujedinjenog Kraljevstva i Sjeverne Irske, a njegovu implementaciju vr\u0161i TPO fondacija u suradnji sa 18 sveu\u010dili\u0161ta iz Bosne i Hercegovine, Hrvatske, Srbije i Crne Gore s ciljem prevencije i borbe protiv rodno utemeljenog nasilja, diskriminacije i seksualnog uznemiravanja te osiguranja integriteta i kvaliteta u visokom obrazovanju.<\/p>\n<p><img loading=\"lazy\" decoding=\"async\" class=\"aligncenter size-full wp-image-14056\" src=\"https:\/\/www.pravo.unizg.hr\/wp-content\/uploads\/2023\/11\/UNIGEM-logo.png\" alt=\"\" width=\"686\" height=\"445\" srcset=\"https:\/\/www.pravo.unizg.hr\/wp-content\/uploads\/2023\/11\/UNIGEM-logo.png 686w, https:\/\/www.pravo.unizg.hr\/wp-content\/uploads\/2023\/11\/UNIGEM-logo-300x195.png 300w\" sizes=\"auto, (max-width: 686px) 100vw, 686px\" \/><\/p>\n","protected":false},"excerpt":{"rendered":"<p>Pravni fakultet u Zagrebu partner je u regionalnom projektu pod&#8230;<\/p>\n","protected":false},"author":511,"featured_media":0,"parent":13354,"menu_order":2,"comment_status":"closed","ping_status":"closed","template":"","meta":{"footnotes":""},"class_list":["post-13497","page","type-page","status-publish","hentry"],"pp_force_visibility":null,"pp_subpost_visibility":null,"pp_inherited_force_visibility":null,"pp_inherited_subpost_visibility":null,"acf":[],"yoast_head":"<!-- This site is optimized with the Yoast SEO plugin v20.1 - https:\/\/yoast.com\/wordpress\/plugins\/seo\/ -->\n<title>Projekti - Faculty of law<\/title>\n<meta name=\"robots\" content=\"index, follow, max-snippet:-1, max-image-preview:large, max-video-preview:-1\" \/>\n<link rel=\"canonical\" href=\"https:\/\/www.pravo.unizg.hr\/fakultet\/rodna-ravnopravnost-i-nediskriminacija\/projekti\/\" \/>\n<meta property=\"og:locale\" content=\"en_US\" \/>\n<meta property=\"og:type\" content=\"article\" \/>\n<meta property=\"og:title\" content=\"Projekti - Faculty of law\" \/>\n<meta property=\"og:description\" content=\"Pravni fakultet u Zagrebu partner je u regionalnom projektu pod...\" \/>\n<meta property=\"og:url\" content=\"https:\/\/www.pravo.unizg.hr\/fakultet\/rodna-ravnopravnost-i-nediskriminacija\/projekti\/\" \/>\n<meta property=\"og:site_name\" content=\"Faculty of law\" \/>\n<meta property=\"article:modified_time\" content=\"2024-06-07T10:06:02+00:00\" \/>\n<meta property=\"og:image\" content=\"https:\/\/www.pravo.unizg.hr\/wp-content\/uploads\/2023\/11\/UNIGEM-logo.png\" \/>\n<meta name=\"twitter:card\" content=\"summary_large_image\" \/>\n<meta name=\"twitter:label1\" content=\"Est. reading time\" \/>\n\t<meta name=\"twitter:data1\" content=\"1 minute\" \/>\n<script type=\"application\/ld+json\" class=\"yoast-schema-graph\">{\"@context\":\"https:\/\/schema.org\",\"@graph\":[{\"@type\":\"WebPage\",\"@id\":\"https:\/\/www.pravo.unizg.hr\/fakultet\/rodna-ravnopravnost-i-nediskriminacija\/projekti\/\",\"url\":\"https:\/\/www.pravo.unizg.hr\/fakultet\/rodna-ravnopravnost-i-nediskriminacija\/projekti\/\",\"name\":\"Projekti - Faculty of law\",\"isPartOf\":{\"@id\":\"https:\/\/www.pravo.unizg.hr\/#website\"},\"datePublished\":\"2023-10-23T12:15:00+00:00\",\"dateModified\":\"2024-06-07T10:06:02+00:00\",\"breadcrumb\":{\"@id\":\"https:\/\/www.pravo.unizg.hr\/fakultet\/rodna-ravnopravnost-i-nediskriminacija\/projekti\/#breadcrumb\"},\"inLanguage\":\"en-US\",\"potentialAction\":[{\"@type\":\"ReadAction\",\"target\":[\"https:\/\/www.pravo.unizg.hr\/fakultet\/rodna-ravnopravnost-i-nediskriminacija\/projekti\/\"]}]},{\"@type\":\"BreadcrumbList\",\"@id\":\"https:\/\/www.pravo.unizg.hr\/fakultet\/rodna-ravnopravnost-i-nediskriminacija\/projekti\/#breadcrumb\",\"itemListElement\":[{\"@type\":\"ListItem\",\"position\":1,\"name\":\"Homepage\",\"item\":\"https:\/\/www.pravo.unizg.hr\/en\/\"},{\"@type\":\"ListItem\",\"position\":2,\"name\":\"Fakultet\",\"item\":\"https:\/\/www.pravo.unizg.hr\/fakultet\/\"},{\"@type\":\"ListItem\",\"position\":3,\"name\":\"Rodna ravnopravnost i nediskriminacija\",\"item\":\"https:\/\/www.pravo.unizg.hr\/fakultet\/rodna-ravnopravnost-i-nediskriminacija\/\"},{\"@type\":\"ListItem\",\"position\":4,\"name\":\"Projekti\"}]},{\"@type\":\"WebSite\",\"@id\":\"https:\/\/www.pravo.unizg.hr\/#website\",\"url\":\"https:\/\/www.pravo.unizg.hr\/\",\"name\":\"Faculty of law\",\"description\":\"\",\"potentialAction\":[{\"@type\":\"SearchAction\",\"target\":{\"@type\":\"EntryPoint\",\"urlTemplate\":\"https:\/\/www.pravo.unizg.hr\/?s={search_term_string}\"},\"query-input\":\"required name=search_term_string\"}],\"inLanguage\":\"en-US\"}]}<\/script>\n<!-- \/ Yoast SEO plugin. -->","yoast_head_json":{"title":"Projekti - Faculty of law","robots":{"index":"index","follow":"follow","max-snippet":"max-snippet:-1","max-image-preview":"max-image-preview:large","max-video-preview":"max-video-preview:-1"},"canonical":"https:\/\/www.pravo.unizg.hr\/fakultet\/rodna-ravnopravnost-i-nediskriminacija\/projekti\/","og_locale":"en_US","og_type":"article","og_title":"Projekti - Faculty of law","og_description":"Pravni fakultet u Zagrebu partner je u regionalnom projektu pod...","og_url":"https:\/\/www.pravo.unizg.hr\/fakultet\/rodna-ravnopravnost-i-nediskriminacija\/projekti\/","og_site_name":"Faculty of law","article_modified_time":"2024-06-07T10:06:02+00:00","og_image":[{"url":"https:\/\/www.pravo.unizg.hr\/wp-content\/uploads\/2023\/11\/UNIGEM-logo.png"}],"twitter_card":"summary_large_image","twitter_misc":{"Est. reading time":"1 minute"},"schema":{"@context":"https:\/\/schema.org","@graph":[{"@type":"WebPage","@id":"https:\/\/www.pravo.unizg.hr\/fakultet\/rodna-ravnopravnost-i-nediskriminacija\/projekti\/","url":"https:\/\/www.pravo.unizg.hr\/fakultet\/rodna-ravnopravnost-i-nediskriminacija\/projekti\/","name":"Projekti - Faculty of law","isPartOf":{"@id":"https:\/\/www.pravo.unizg.hr\/#website"},"datePublished":"2023-10-23T12:15:00+00:00","dateModified":"2024-06-07T10:06:02+00:00","breadcrumb":{"@id":"https:\/\/www.pravo.unizg.hr\/fakultet\/rodna-ravnopravnost-i-nediskriminacija\/projekti\/#breadcrumb"},"inLanguage":"en-US","potentialAction":[{"@type":"ReadAction","target":["https:\/\/www.pravo.unizg.hr\/fakultet\/rodna-ravnopravnost-i-nediskriminacija\/projekti\/"]}]},{"@type":"BreadcrumbList","@id":"https:\/\/www.pravo.unizg.hr\/fakultet\/rodna-ravnopravnost-i-nediskriminacija\/projekti\/#breadcrumb","itemListElement":[{"@type":"ListItem","position":1,"name":"Homepage","item":"https:\/\/www.pravo.unizg.hr\/en\/"},{"@type":"ListItem","position":2,"name":"Fakultet","item":"https:\/\/www.pravo.unizg.hr\/fakultet\/"},{"@type":"ListItem","position":3,"name":"Rodna ravnopravnost i nediskriminacija","item":"https:\/\/www.pravo.unizg.hr\/fakultet\/rodna-ravnopravnost-i-nediskriminacija\/"},{"@type":"ListItem","position":4,"name":"Projekti"}]},{"@type":"WebSite","@id":"https:\/\/www.pravo.unizg.hr\/#website","url":"https:\/\/www.pravo.unizg.hr\/","name":"Faculty of law","description":"","potentialAction":[{"@type":"SearchAction","target":{"@type":"EntryPoint","urlTemplate":"https:\/\/www.pravo.unizg.hr\/?s={search_term_string}"},"query-input":"required name=search_term_string"}],"inLanguage":"en-US"}]}},"_links":{"self":[{"href":"https:\/\/www.pravo.unizg.hr\/en\/wp-json\/wp\/v2\/pages\/13497","targetHints":{"allow":["GET"]}}],"collection":[{"href":"https:\/\/www.pravo.unizg.hr\/en\/wp-json\/wp\/v2\/pages"}],"about":[{"href":"https:\/\/www.pravo.unizg.hr\/en\/wp-json\/wp\/v2\/types\/page"}],"author":[{"embeddable":true,"href":"https:\/\/www.pravo.unizg.hr\/en\/wp-json\/wp\/v2\/users\/511"}],"replies":[{"embeddable":true,"href":"https:\/\/www.pravo.unizg.hr\/en\/wp-json\/wp\/v2\/comments?post=13497"}],"version-history":[{"count":6,"href":"https:\/\/www.pravo.unizg.hr\/en\/wp-json\/wp\/v2\/pages\/13497\/revisions"}],"predecessor-version":[{"id":19162,"href":"https:\/\/www.pravo.unizg.hr\/en\/wp-json\/wp\/v2\/pages\/13497\/revisions\/19162"}],"up":[{"embeddable":true,"href":"https:\/\/www.pravo.unizg.hr\/en\/wp-json\/wp\/v2\/pages\/13354"}],"wp:attachment":[{"href":"https:\/\/www.pravo.unizg.hr\/en\/wp-json\/wp\/v2\/media?parent=13497"}],"curies":[{"name":"wp","href":"https:\/\/api.w.org\/{rel}","templated":true}]}}