{"id":13495,"date":"2023-10-23T14:14:30","date_gmt":"2023-10-23T12:14:30","guid":{"rendered":"https:\/\/www.pravo.unizg.hr\/?page_id=13495"},"modified":"2024-06-07T11:10:53","modified_gmt":"2024-06-07T10:10:53","slug":"dokumenti","status":"publish","type":"page","link":"https:\/\/www.pravo.unizg.hr\/en\/fakultet\/rodna-ravnopravnost-i-nediskriminacija\/dokumenti\/","title":{"rendered":"Dokumenti"},"content":{"rendered":"<p style=\"text-align: justify;\"><a href=\"https:\/\/www.zakon.hr\/z\/490\/Zakon-o-suzbijanju-diskriminacije\" target=\"_blank\" rel=\"noopener\">Zakon o suzbijanju diskriminacije<\/a>\u00a0(Narodne novine broj\u00a085\/08, 112\/12) i\u00a0<a href=\"https:\/\/www.zakon.hr\/z\/388\/Zakon-o-ravnopravnosti-spolova\" target=\"_blank\" rel=\"noopener\">Zakon o ravnopravnosti spolova<\/a>\u00a0(Narodne novine broj\u00a082\/08, 69\/17) temeljni su propisi koji ure\u0111uju za\u0161titu i promicanje jednakosti i ravnopravnosti spolova kao temeljnih vrednota ustavnog poretka Republike Hrvatske.<\/p>\n<p style=\"text-align: justify;\">Za\u0161tita od bilo kojeg oblika diskriminacije, nepo\u0161tenog postupanja, povrede dostojanstva i drugih bitnih povreda prava i vrijednosti zajam\u010dena je\u00a0<a href=\"https:\/\/www.pravo.unizg.hr\/wp-content\/uploads\/2023\/06\/Eticki-kodeks-Pravnog-fakulteta-Sveucilista-u-Zagrebu.pdf\" target=\"_blank\" rel=\"noopener\">Eti\u010dkim kodeksom<\/a>.<\/p>\n<p style=\"text-align: justify;\">U podru\u010dju radnih odnosa, za\u0161tita od nejednakog postupanja osigurana je i odredbama\u00a0<a href=\"https:\/\/www.zakon.hr\/z\/307\/Zakon-o-radu\" target=\"_blank\" rel=\"noopener\">Zakona o radu<\/a>\u00a0(Narodne novine broj\u00a093\/14, 127\/17, 98\/19, 151\/22, 46\/23, 64\/23). Za\u0161tita dostojanstva i za\u0161tita od diskriminacije zajam\u010dena je i na temelju\u00a0<a href=\"https:\/\/www.pravo.unizg.hr\/wp-content\/uploads\/2023\/07\/Pravilnik-o-radu.pdf\" target=\"_blank\" rel=\"noopener\">Pravilnika o radu<\/a>.<\/p>\n<p style=\"text-align: justify;\">Za\u0161tita studentica i studenata od seksualnog uznemiravanja i drugih oblika rodne diskriminacije propisana je odredbama\u00a0<a href=\"https:\/\/www.pravo.unizg.hr\/wp-content\/uploads\/2023\/02\/Pravilnik_o_zastiti_studentica_i_studenata_od_seksualnog_uznemiravanja_i_drugih_oblika_rodne_diskriminacije-1.pdf\" target=\"_blank\" rel=\"noopener\">Pravilnika o za\u0161titi studentica i studenata od seksualnog uznemiravanja i drugih oblika rodne diskriminacije<\/a>.<\/p>\n<p style=\"text-align: justify;\">U svrhu za\u0161tite i promicanja rodne ravnopravnosti i suzbijanja diskriminacije, Odbor za spre\u010davanje diskriminacije i ravnopravnost spolova Pravnog fakulteta u Zagrebu izradio je\u00a0<a href=\"https:\/\/www.pravo.unizg.hr\/wp-content\/uploads\/2023\/02\/3_PLAN_RODNE_RAVNOPRAVNOSTI1.pdf\" target=\"_blank\" rel=\"noopener\">Plan rodne ravnopravnosti<\/a> i <a href=\"https:\/\/www.pravo.unizg.hr\/wp-content\/uploads\/2023\/02\/Plan_sprjecavanja_diskriminacije_na_Pravnom_fakultetu_Sveucilista_u_Zagrebu.pdf\" target=\"_blank\" rel=\"noopener\">Plan sprje\u010davanja diskriminacije<\/a>\u00a0za razdoblje od 2022. do 2026. godine.<\/p>\n","protected":false},"excerpt":{"rendered":"<p>Zakon o suzbijanju diskriminacije\u00a0(Narodne novine broj\u00a085\/08, 112\/12) i\u00a0Zakon o ravnopravnosti&#8230;<\/p>\n","protected":false},"author":511,"featured_media":0,"parent":13354,"menu_order":1,"comment_status":"closed","ping_status":"closed","template":"","meta":{"footnotes":""},"class_list":["post-13495","page","type-page","status-publish","hentry"],"pp_force_visibility":null,"pp_subpost_visibility":null,"pp_inherited_force_visibility":null,"pp_inherited_subpost_visibility":null,"acf":[],"yoast_head":"<!-- This site is optimized with the Yoast SEO plugin v20.1 - https:\/\/yoast.com\/wordpress\/plugins\/seo\/ -->\n<title>Dokumenti - Faculty of law<\/title>\n<meta name=\"robots\" content=\"index, follow, max-snippet:-1, max-image-preview:large, max-video-preview:-1\" \/>\n<link rel=\"canonical\" href=\"https:\/\/www.pravo.unizg.hr\/fakultet\/rodna-ravnopravnost-i-nediskriminacija\/dokumenti\/\" \/>\n<meta property=\"og:locale\" content=\"en_US\" \/>\n<meta property=\"og:type\" content=\"article\" \/>\n<meta property=\"og:title\" content=\"Dokumenti - Faculty of law\" \/>\n<meta property=\"og:description\" content=\"Zakon o suzbijanju diskriminacije\u00a0(Narodne novine broj\u00a085\/08, 112\/12) i\u00a0Zakon o ravnopravnosti...\" \/>\n<meta property=\"og:url\" content=\"https:\/\/www.pravo.unizg.hr\/fakultet\/rodna-ravnopravnost-i-nediskriminacija\/dokumenti\/\" \/>\n<meta property=\"og:site_name\" content=\"Faculty of law\" \/>\n<meta property=\"article:modified_time\" content=\"2024-06-07T10:10:53+00:00\" \/>\n<meta name=\"twitter:card\" content=\"summary_large_image\" \/>\n<meta name=\"twitter:label1\" content=\"Est. reading time\" \/>\n\t<meta name=\"twitter:data1\" content=\"1 minute\" \/>\n<script type=\"application\/ld+json\" class=\"yoast-schema-graph\">{\"@context\":\"https:\/\/schema.org\",\"@graph\":[{\"@type\":\"WebPage\",\"@id\":\"https:\/\/www.pravo.unizg.hr\/fakultet\/rodna-ravnopravnost-i-nediskriminacija\/dokumenti\/\",\"url\":\"https:\/\/www.pravo.unizg.hr\/fakultet\/rodna-ravnopravnost-i-nediskriminacija\/dokumenti\/\",\"name\":\"Dokumenti - Faculty of law\",\"isPartOf\":{\"@id\":\"https:\/\/www.pravo.unizg.hr\/#website\"},\"datePublished\":\"2023-10-23T12:14:30+00:00\",\"dateModified\":\"2024-06-07T10:10:53+00:00\",\"breadcrumb\":{\"@id\":\"https:\/\/www.pravo.unizg.hr\/fakultet\/rodna-ravnopravnost-i-nediskriminacija\/dokumenti\/#breadcrumb\"},\"inLanguage\":\"en-US\",\"potentialAction\":[{\"@type\":\"ReadAction\",\"target\":[\"https:\/\/www.pravo.unizg.hr\/fakultet\/rodna-ravnopravnost-i-nediskriminacija\/dokumenti\/\"]}]},{\"@type\":\"BreadcrumbList\",\"@id\":\"https:\/\/www.pravo.unizg.hr\/fakultet\/rodna-ravnopravnost-i-nediskriminacija\/dokumenti\/#breadcrumb\",\"itemListElement\":[{\"@type\":\"ListItem\",\"position\":1,\"name\":\"Homepage\",\"item\":\"https:\/\/www.pravo.unizg.hr\/en\/\"},{\"@type\":\"ListItem\",\"position\":2,\"name\":\"Fakultet\",\"item\":\"https:\/\/www.pravo.unizg.hr\/fakultet\/\"},{\"@type\":\"ListItem\",\"position\":3,\"name\":\"Rodna ravnopravnost i nediskriminacija\",\"item\":\"https:\/\/www.pravo.unizg.hr\/fakultet\/rodna-ravnopravnost-i-nediskriminacija\/\"},{\"@type\":\"ListItem\",\"position\":4,\"name\":\"Dokumenti\"}]},{\"@type\":\"WebSite\",\"@id\":\"https:\/\/www.pravo.unizg.hr\/#website\",\"url\":\"https:\/\/www.pravo.unizg.hr\/\",\"name\":\"Faculty of law\",\"description\":\"\",\"potentialAction\":[{\"@type\":\"SearchAction\",\"target\":{\"@type\":\"EntryPoint\",\"urlTemplate\":\"https:\/\/www.pravo.unizg.hr\/?s={search_term_string}\"},\"query-input\":\"required name=search_term_string\"}],\"inLanguage\":\"en-US\"}]}<\/script>\n<!-- \/ Yoast SEO plugin. -->","yoast_head_json":{"title":"Dokumenti - Faculty of law","robots":{"index":"index","follow":"follow","max-snippet":"max-snippet:-1","max-image-preview":"max-image-preview:large","max-video-preview":"max-video-preview:-1"},"canonical":"https:\/\/www.pravo.unizg.hr\/fakultet\/rodna-ravnopravnost-i-nediskriminacija\/dokumenti\/","og_locale":"en_US","og_type":"article","og_title":"Dokumenti - Faculty of law","og_description":"Zakon o suzbijanju diskriminacije\u00a0(Narodne novine broj\u00a085\/08, 112\/12) i\u00a0Zakon o ravnopravnosti...","og_url":"https:\/\/www.pravo.unizg.hr\/fakultet\/rodna-ravnopravnost-i-nediskriminacija\/dokumenti\/","og_site_name":"Faculty of law","article_modified_time":"2024-06-07T10:10:53+00:00","twitter_card":"summary_large_image","twitter_misc":{"Est. reading time":"1 minute"},"schema":{"@context":"https:\/\/schema.org","@graph":[{"@type":"WebPage","@id":"https:\/\/www.pravo.unizg.hr\/fakultet\/rodna-ravnopravnost-i-nediskriminacija\/dokumenti\/","url":"https:\/\/www.pravo.unizg.hr\/fakultet\/rodna-ravnopravnost-i-nediskriminacija\/dokumenti\/","name":"Dokumenti - Faculty of law","isPartOf":{"@id":"https:\/\/www.pravo.unizg.hr\/#website"},"datePublished":"2023-10-23T12:14:30+00:00","dateModified":"2024-06-07T10:10:53+00:00","breadcrumb":{"@id":"https:\/\/www.pravo.unizg.hr\/fakultet\/rodna-ravnopravnost-i-nediskriminacija\/dokumenti\/#breadcrumb"},"inLanguage":"en-US","potentialAction":[{"@type":"ReadAction","target":["https:\/\/www.pravo.unizg.hr\/fakultet\/rodna-ravnopravnost-i-nediskriminacija\/dokumenti\/"]}]},{"@type":"BreadcrumbList","@id":"https:\/\/www.pravo.unizg.hr\/fakultet\/rodna-ravnopravnost-i-nediskriminacija\/dokumenti\/#breadcrumb","itemListElement":[{"@type":"ListItem","position":1,"name":"Homepage","item":"https:\/\/www.pravo.unizg.hr\/en\/"},{"@type":"ListItem","position":2,"name":"Fakultet","item":"https:\/\/www.pravo.unizg.hr\/fakultet\/"},{"@type":"ListItem","position":3,"name":"Rodna ravnopravnost i nediskriminacija","item":"https:\/\/www.pravo.unizg.hr\/fakultet\/rodna-ravnopravnost-i-nediskriminacija\/"},{"@type":"ListItem","position":4,"name":"Dokumenti"}]},{"@type":"WebSite","@id":"https:\/\/www.pravo.unizg.hr\/#website","url":"https:\/\/www.pravo.unizg.hr\/","name":"Faculty of law","description":"","potentialAction":[{"@type":"SearchAction","target":{"@type":"EntryPoint","urlTemplate":"https:\/\/www.pravo.unizg.hr\/?s={search_term_string}"},"query-input":"required name=search_term_string"}],"inLanguage":"en-US"}]}},"_links":{"self":[{"href":"https:\/\/www.pravo.unizg.hr\/en\/wp-json\/wp\/v2\/pages\/13495","targetHints":{"allow":["GET"]}}],"collection":[{"href":"https:\/\/www.pravo.unizg.hr\/en\/wp-json\/wp\/v2\/pages"}],"about":[{"href":"https:\/\/www.pravo.unizg.hr\/en\/wp-json\/wp\/v2\/types\/page"}],"author":[{"embeddable":true,"href":"https:\/\/www.pravo.unizg.hr\/en\/wp-json\/wp\/v2\/users\/511"}],"replies":[{"embeddable":true,"href":"https:\/\/www.pravo.unizg.hr\/en\/wp-json\/wp\/v2\/comments?post=13495"}],"version-history":[{"count":6,"href":"https:\/\/www.pravo.unizg.hr\/en\/wp-json\/wp\/v2\/pages\/13495\/revisions"}],"predecessor-version":[{"id":19165,"href":"https:\/\/www.pravo.unizg.hr\/en\/wp-json\/wp\/v2\/pages\/13495\/revisions\/19165"}],"up":[{"embeddable":true,"href":"https:\/\/www.pravo.unizg.hr\/en\/wp-json\/wp\/v2\/pages\/13354"}],"wp:attachment":[{"href":"https:\/\/www.pravo.unizg.hr\/en\/wp-json\/wp\/v2\/media?parent=13495"}],"curies":[{"name":"wp","href":"https:\/\/api.w.org\/{rel}","templated":true}]}}