{"id":11991,"date":"2023-10-10T21:36:07","date_gmt":"2023-10-10T19:36:07","guid":{"rendered":"https:\/\/www.pravo.unizg.hr\/?page_id=11991"},"modified":"2025-10-21T17:32:55","modified_gmt":"2025-10-21T16:32:55","slug":"prava-djece","status":"publish","type":"page","link":"https:\/\/www.pravo.unizg.hr\/en\/studiji\/sveucilisni-specijalisticki-studiji\/sveucilisni-interdisciplinarni-specijalisticki-studiji\/prava-djece\/","title":{"rendered":"Prava djece"},"content":{"rendered":"<p style=\"text-align: center;\">SVEU\u010cILI\u0160TE U ZAGREBU<br \/>\nCENTAR ZA POSLIJEDIPLOMSKE STUDIJE<\/p>\n<p style=\"text-align: center;\">raspisuje<\/p>\n<p style=\"text-align: center;\"><strong>N A T J E \u010c A J<\/strong><\/p>\n<p style=\"text-align: center;\">za upis VIII. generacije polaznika na<\/p>\n<p style=\"text-align: center;\"><strong>SVEU\u010cILI\u0160NI INTERDISCIPLINARNI SPECIJALISTI\u010cKI STUDIJ<br \/>\nPRAVA DJECE<\/strong><\/p>\n<p style=\"text-align: center;\"><strong>u akademskoj godini 2025.\/2026.<\/strong><\/p>\n<p>Studij u partnerstvu izvode Pravni fakultet, Edukacijsko-rehabilitacijski fakultet te Fakultet hrvatskih studija Sveu\u010dili\u0161ta u Zagrebu. Studij traje tri semestra (dva semestra predavanja i jedan semestar zavr\u0161ni rad) i otpo\u010dinje u listopadu 2025. godine.<\/p>\n<p>&nbsp;<\/p>\n<p><strong>1. Uvjeti za upis<\/strong><\/p>\n<p>Pravo upisa ima osoba koja je zavr\u0161ila sveu\u010dili\u0161ni dodiplomski ili integrirani prijediplomski i diplomski studij prava, socijalnog rada, novinarstva, pedagogije, politologije, psihologije, sociologije, teologije, socijalne pedagogije, medicine ili drugi studij s 300 ECTS bodova, te osoba koja je zavr\u0161ila drugi diplomski studij iz podru\u010dja dru\u0161tvenih, humanisti\u010dkih ili drugih znanosti uz obvezu polaganja odgovaraju\u0107eg razlikovnog sadr\u017eaja.<\/p>\n<p>Polaznik mora poznavati najmanje jedan strani jezik.<\/p>\n<p>U prijavi na natje\u010daj za upis na studij, uz op\u0107e podatke, treba navesti i obrazlo\u017eiti prijedlog podru\u010dja specijalisti\u010dkog rada.<\/p>\n<p>Odabir polaznika uklju\u010duje razgovor (intervju) u kojem se preliminarno utvr\u0111uje podru\u010dje specijalisti\u010dkog rada.<\/p>\n<p>Nastava se odr\u017eava u ciklusima jednom mjese\u010dno (petkom od 14 sati i subotom cijeli dan).<\/p>\n<p>Zavr\u0161etkom studija stje\u010de se naziv: sveu\u010dili\u0161ni specijalist prava djece.<\/p>\n<p>&nbsp;<\/p>\n<p><strong>2. Broj upisnih mjesta<\/strong><\/p>\n<p>Broj upisnih mjesta je 50. Sveu\u010dili\u0161te u Zagrebu pridr\u017eava pravo neupisivanja nove generacije ako se prijavi nedovoljan broj kandidata.<\/p>\n<p>&nbsp;<\/p>\n<p><strong>3. \u0160kolarina<\/strong><\/p>\n<p>\u0160kolarina po semestru iznosi 1.128,14 EUR (8.500,00 HRK), uz mogu\u0107nost obro\u010dnog pla\u0107anja.<\/p>\n<p>&nbsp;<\/p>\n<p><strong>4. Rokovi za prijavu na natje\u010daj<\/strong><\/p>\n<p>Prijava za upis podnosi se najkasnije do 15. rujna 2025. na adresu, Sveu\u010dili\u0161te u Zagrebu, Trg Republike Hrvatske 14, 10 000 Zagreb (natje\u010daj Prava djece)<\/p>\n<p>Uz prijavu obvezno prilo\u017eiti:<\/p>\n<ol>\n<li>Izvornik ili ovjerenu presliku diplome ili uvjerenja o zavr\u0161enom studiju,<\/li>\n<li>Ispis kolegija i ocjena postignutih tijekom studija,<\/li>\n<li>Potvrdu o zaposlenju (ako je kandidat zaposlen).<\/li>\n<li>\u017divotopis<\/li>\n<\/ol>\n<p>&nbsp;<\/p>\n<p><strong>5. Upis<\/strong><\/p>\n<p>Svi podnositelji prijava bit \u0107e obavije\u0161teni o rezultatima natje\u010daja u roku 15 dana nakon njegova zaklju\u010denja.<\/p>\n<p>&nbsp;<\/p>\n<p><strong>6. Informacije o studiju<\/strong><\/p>\n<p>Informacije o studiju mogu se dobiti na mre\u017enoj stranici: <a href=\"https:\/\/www.pravo.unizg.hr\/studiji\/sveucilisni-specijalisticki-studiji\/sveucilisni-interdisciplinarni-specijalisticki-studiji\/prava-djece\/\">https:\/\/www.pravo.unizg.hr\/studiji\/sveucilisni-specijalisticki-studiji\/sveucilisni-interdisciplinarni-specijalisticki-studiji\/prava-djece\/<\/a> ili putem e-po\u0161te:\u00a0<a href=\"mailto:pravadjece@pravo.hr\">pravadjece@pravo.hr<\/a>.<\/p>\n<p>&nbsp;<\/p>\n","protected":false},"excerpt":{"rendered":"<p>SVEU\u010cILI\u0160TE U ZAGREBU CENTAR ZA POSLIJEDIPLOMSKE STUDIJE raspisuje N A&#8230;<\/p>\n","protected":false},"author":511,"featured_media":0,"parent":11989,"menu_order":0,"comment_status":"closed","ping_status":"closed","template":"","meta":{"footnotes":""},"class_list":["post-11991","page","type-page","status-publish","hentry"],"pp_force_visibility":null,"pp_subpost_visibility":null,"pp_inherited_force_visibility":null,"pp_inherited_subpost_visibility":null,"acf":[],"yoast_head":"<!-- This site is optimized with the Yoast SEO plugin v20.1 - https:\/\/yoast.com\/wordpress\/plugins\/seo\/ -->\n<title>Prava djece - Faculty of law<\/title>\n<meta name=\"robots\" content=\"index, follow, max-snippet:-1, max-image-preview:large, max-video-preview:-1\" \/>\n<link rel=\"canonical\" href=\"https:\/\/www.pravo.unizg.hr\/studiji\/sveucilisni-specijalisticki-studiji\/sveucilisni-interdisciplinarni-specijalisticki-studiji\/prava-djece\/\" \/>\n<meta property=\"og:locale\" content=\"en_US\" \/>\n<meta property=\"og:type\" content=\"article\" \/>\n<meta property=\"og:title\" content=\"Prava djece - Faculty of law\" \/>\n<meta property=\"og:description\" content=\"SVEU\u010cILI\u0160TE U ZAGREBU CENTAR ZA POSLIJEDIPLOMSKE STUDIJE raspisuje N A...\" \/>\n<meta property=\"og:url\" content=\"https:\/\/www.pravo.unizg.hr\/studiji\/sveucilisni-specijalisticki-studiji\/sveucilisni-interdisciplinarni-specijalisticki-studiji\/prava-djece\/\" \/>\n<meta property=\"og:site_name\" content=\"Faculty of law\" \/>\n<meta property=\"article:modified_time\" content=\"2025-10-21T16:32:55+00:00\" \/>\n<meta name=\"twitter:card\" content=\"summary_large_image\" \/>\n<meta name=\"twitter:label1\" content=\"Est. reading time\" \/>\n\t<meta name=\"twitter:data1\" content=\"2 minutes\" \/>\n<script type=\"application\/ld+json\" class=\"yoast-schema-graph\">{\"@context\":\"https:\/\/schema.org\",\"@graph\":[{\"@type\":\"WebPage\",\"@id\":\"https:\/\/www.pravo.unizg.hr\/studiji\/sveucilisni-specijalisticki-studiji\/sveucilisni-interdisciplinarni-specijalisticki-studiji\/prava-djece\/\",\"url\":\"https:\/\/www.pravo.unizg.hr\/studiji\/sveucilisni-specijalisticki-studiji\/sveucilisni-interdisciplinarni-specijalisticki-studiji\/prava-djece\/\",\"name\":\"Prava djece - Faculty of law\",\"isPartOf\":{\"@id\":\"https:\/\/www.pravo.unizg.hr\/#website\"},\"datePublished\":\"2023-10-10T19:36:07+00:00\",\"dateModified\":\"2025-10-21T16:32:55+00:00\",\"breadcrumb\":{\"@id\":\"https:\/\/www.pravo.unizg.hr\/studiji\/sveucilisni-specijalisticki-studiji\/sveucilisni-interdisciplinarni-specijalisticki-studiji\/prava-djece\/#breadcrumb\"},\"inLanguage\":\"en-US\",\"potentialAction\":[{\"@type\":\"ReadAction\",\"target\":[\"https:\/\/www.pravo.unizg.hr\/studiji\/sveucilisni-specijalisticki-studiji\/sveucilisni-interdisciplinarni-specijalisticki-studiji\/prava-djece\/\"]}]},{\"@type\":\"BreadcrumbList\",\"@id\":\"https:\/\/www.pravo.unizg.hr\/studiji\/sveucilisni-specijalisticki-studiji\/sveucilisni-interdisciplinarni-specijalisticki-studiji\/prava-djece\/#breadcrumb\",\"itemListElement\":[{\"@type\":\"ListItem\",\"position\":1,\"name\":\"Homepage\",\"item\":\"https:\/\/www.pravo.unizg.hr\/en\/\"},{\"@type\":\"ListItem\",\"position\":2,\"name\":\"Studiji\",\"item\":\"https:\/\/www.pravo.unizg.hr\/studiji\/\"},{\"@type\":\"ListItem\",\"position\":3,\"name\":\"Sveu\u010dili\u0161ni specijalisti\u010dki studiji\",\"item\":\"https:\/\/www.pravo.unizg.hr\/studiji\/sveucilisni-specijalisticki-studiji\/\"},{\"@type\":\"ListItem\",\"position\":4,\"name\":\"Sveu\u010dili\u0161ni interdisciplinarni specijalisti\u010dki studiji\",\"item\":\"https:\/\/www.pravo.unizg.hr\/studiji\/sveucilisni-specijalisticki-studiji\/sveucilisni-interdisciplinarni-specijalisticki-studiji\/\"},{\"@type\":\"ListItem\",\"position\":5,\"name\":\"Prava djece\"}]},{\"@type\":\"WebSite\",\"@id\":\"https:\/\/www.pravo.unizg.hr\/#website\",\"url\":\"https:\/\/www.pravo.unizg.hr\/\",\"name\":\"Faculty of law\",\"description\":\"\",\"potentialAction\":[{\"@type\":\"SearchAction\",\"target\":{\"@type\":\"EntryPoint\",\"urlTemplate\":\"https:\/\/www.pravo.unizg.hr\/?s={search_term_string}\"},\"query-input\":\"required name=search_term_string\"}],\"inLanguage\":\"en-US\"}]}<\/script>\n<!-- \/ Yoast SEO plugin. -->","yoast_head_json":{"title":"Prava djece - Faculty of law","robots":{"index":"index","follow":"follow","max-snippet":"max-snippet:-1","max-image-preview":"max-image-preview:large","max-video-preview":"max-video-preview:-1"},"canonical":"https:\/\/www.pravo.unizg.hr\/studiji\/sveucilisni-specijalisticki-studiji\/sveucilisni-interdisciplinarni-specijalisticki-studiji\/prava-djece\/","og_locale":"en_US","og_type":"article","og_title":"Prava djece - Faculty of law","og_description":"SVEU\u010cILI\u0160TE U ZAGREBU CENTAR ZA POSLIJEDIPLOMSKE STUDIJE raspisuje N A...","og_url":"https:\/\/www.pravo.unizg.hr\/studiji\/sveucilisni-specijalisticki-studiji\/sveucilisni-interdisciplinarni-specijalisticki-studiji\/prava-djece\/","og_site_name":"Faculty of law","article_modified_time":"2025-10-21T16:32:55+00:00","twitter_card":"summary_large_image","twitter_misc":{"Est. reading time":"2 minutes"},"schema":{"@context":"https:\/\/schema.org","@graph":[{"@type":"WebPage","@id":"https:\/\/www.pravo.unizg.hr\/studiji\/sveucilisni-specijalisticki-studiji\/sveucilisni-interdisciplinarni-specijalisticki-studiji\/prava-djece\/","url":"https:\/\/www.pravo.unizg.hr\/studiji\/sveucilisni-specijalisticki-studiji\/sveucilisni-interdisciplinarni-specijalisticki-studiji\/prava-djece\/","name":"Prava djece - Faculty of law","isPartOf":{"@id":"https:\/\/www.pravo.unizg.hr\/#website"},"datePublished":"2023-10-10T19:36:07+00:00","dateModified":"2025-10-21T16:32:55+00:00","breadcrumb":{"@id":"https:\/\/www.pravo.unizg.hr\/studiji\/sveucilisni-specijalisticki-studiji\/sveucilisni-interdisciplinarni-specijalisticki-studiji\/prava-djece\/#breadcrumb"},"inLanguage":"en-US","potentialAction":[{"@type":"ReadAction","target":["https:\/\/www.pravo.unizg.hr\/studiji\/sveucilisni-specijalisticki-studiji\/sveucilisni-interdisciplinarni-specijalisticki-studiji\/prava-djece\/"]}]},{"@type":"BreadcrumbList","@id":"https:\/\/www.pravo.unizg.hr\/studiji\/sveucilisni-specijalisticki-studiji\/sveucilisni-interdisciplinarni-specijalisticki-studiji\/prava-djece\/#breadcrumb","itemListElement":[{"@type":"ListItem","position":1,"name":"Homepage","item":"https:\/\/www.pravo.unizg.hr\/en\/"},{"@type":"ListItem","position":2,"name":"Studiji","item":"https:\/\/www.pravo.unizg.hr\/studiji\/"},{"@type":"ListItem","position":3,"name":"Sveu\u010dili\u0161ni specijalisti\u010dki studiji","item":"https:\/\/www.pravo.unizg.hr\/studiji\/sveucilisni-specijalisticki-studiji\/"},{"@type":"ListItem","position":4,"name":"Sveu\u010dili\u0161ni interdisciplinarni specijalisti\u010dki studiji","item":"https:\/\/www.pravo.unizg.hr\/studiji\/sveucilisni-specijalisticki-studiji\/sveucilisni-interdisciplinarni-specijalisticki-studiji\/"},{"@type":"ListItem","position":5,"name":"Prava djece"}]},{"@type":"WebSite","@id":"https:\/\/www.pravo.unizg.hr\/#website","url":"https:\/\/www.pravo.unizg.hr\/","name":"Faculty of law","description":"","potentialAction":[{"@type":"SearchAction","target":{"@type":"EntryPoint","urlTemplate":"https:\/\/www.pravo.unizg.hr\/?s={search_term_string}"},"query-input":"required name=search_term_string"}],"inLanguage":"en-US"}]}},"_links":{"self":[{"href":"https:\/\/www.pravo.unizg.hr\/en\/wp-json\/wp\/v2\/pages\/11991","targetHints":{"allow":["GET"]}}],"collection":[{"href":"https:\/\/www.pravo.unizg.hr\/en\/wp-json\/wp\/v2\/pages"}],"about":[{"href":"https:\/\/www.pravo.unizg.hr\/en\/wp-json\/wp\/v2\/types\/page"}],"author":[{"embeddable":true,"href":"https:\/\/www.pravo.unizg.hr\/en\/wp-json\/wp\/v2\/users\/511"}],"replies":[{"embeddable":true,"href":"https:\/\/www.pravo.unizg.hr\/en\/wp-json\/wp\/v2\/comments?post=11991"}],"version-history":[{"count":6,"href":"https:\/\/www.pravo.unizg.hr\/en\/wp-json\/wp\/v2\/pages\/11991\/revisions"}],"predecessor-version":[{"id":29088,"href":"https:\/\/www.pravo.unizg.hr\/en\/wp-json\/wp\/v2\/pages\/11991\/revisions\/29088"}],"up":[{"embeddable":true,"href":"https:\/\/www.pravo.unizg.hr\/en\/wp-json\/wp\/v2\/pages\/11989"}],"wp:attachment":[{"href":"https:\/\/www.pravo.unizg.hr\/en\/wp-json\/wp\/v2\/media?parent=11991"}],"curies":[{"name":"wp","href":"https:\/\/api.w.org\/{rel}","templated":true}]}}